{"id":6144,"date":"2026-01-14T14:14:11","date_gmt":"2026-01-14T14:14:11","guid":{"rendered":"https:\/\/turkishtrade.co\/product\/mens-leather-boat-shoes\/"},"modified":"2026-04-09T19:11:34","modified_gmt":"2026-04-09T19:11:34","slug":"mens-leather-boat-shoes","status":"publish","type":"product","link":"https:\/\/turkishtrade.co\/de\/shop\/mens-leather-boat-shoes\/","title":{"rendered":"Premium-Bootsschuhe f\u00fcr Herren aus Leder mit Thermosohle"},"content":{"rendered":"<p><strong>Bootsschuhe aus Leder f\u00fcr M\u00e4nner<\/strong><\/p>\n<p>Erweitern Sie Ihre Schuhkollektion mit unserer exquisiten Kollektion von <strong>Bootsschuhe aus Leder f\u00fcr M\u00e4nner<\/strong>. Diese Premium-Schuhe wurden f\u00fcr den modernen Gentleman entworfen, der sowohl Stil als auch Komfort sch\u00e4tzt, und sind ein Beweis f\u00fcr \u00fcberlegene Handwerkskunst. Jedes Paar unserer <strong>Bootsschuhe aus Leder f\u00fcr M\u00e4nner<\/strong> wird sorgf\u00e4ltig aus den besten Materialien hergestellt, um ein Produkt zu gew\u00e4hrleisten, das nicht nur optisch ansprechend ist, sondern auch eine lange Lebensdauer hat.<\/p>\n<p>Das \u00c4u\u00dfere dieser anspruchsvollen <strong>Bootsschuhe aus Leder f\u00fcr M\u00e4nner<\/strong> ist aus hochwertigem echtem Kalbsleder gefertigt, das f\u00fcr seine glatte Textur, seine Widerstandsf\u00e4higkeit und sein elegantes Finish bekannt ist. Diese Materialwahl garantiert, dass Ihre Bootsschuhe anmutig altern und mit der Zeit eine einzigartige Patina entwickeln. Als Erg\u00e4nzung zum robusten \u00c4u\u00dferen ist das Innere mit weichem und geschmeidigem Ziegenleder gef\u00fcttert, das einen unvergleichlichen Komfort bietet.<\/p>\n<p>Dieses Innenfutter sorgt f\u00fcr Atmungsaktivit\u00e4t, damit sich Ihre F\u00fc\u00dfe den ganzen Tag \u00fcber wohlf\u00fchlen, egal ob Sie an Deck stehen oder durch die Stadt schlendern.<\/p>\n<h3>Un\u00fcbertroffener Komfort und Stil<\/h3>\n<p>Erleben Sie den ultimativen Laufkomfort mit der innovativen Thermo Sole. Diese fortschrittliche Sohlentechnologie bietet hervorragende Flexibilit\u00e4t, \u00fcberragende Sto\u00dfd\u00e4mpfung und zuverl\u00e4ssigen Halt auf verschiedenen Untergr\u00fcnden. Die niedrige Absatzh\u00f6he von 1-3 cm tr\u00e4gt zum ergonomischen Design bei und macht diese <strong>Bootsschuhe aus Leder f\u00fcr M\u00e4nner<\/strong> geeignet f\u00fcr langes Tragen ohne Erm\u00fcdung.<\/p>\n<p>Die klassische Bootsschuh-Silhouette mit aufw\u00e4ndigen N\u00e4hten und auff\u00e4lligen Schn\u00fcrdetails macht diese Schuhe zu einer vielseitigen Erg\u00e4nzung f\u00fcr jede Garderobe.<\/p>\n<h3>Perfekt f\u00fcr jede Gelegenheit<\/h3>\n<p>Unser <strong>Bootsschuhe aus Leder f\u00fcr M\u00e4nner<\/strong> sind perfekt f\u00fcr eine Vielzahl von Anl\u00e4ssen. Ihr zeitloses Design macht sie ideal f\u00fcr l\u00e4ssige Ausfl\u00fcge, Wochenendausfl\u00fcge oder sogar halb-formelle Veranstaltungen. Kombinieren Sie sie mit Chinos f\u00fcr einen entspannten, aber dennoch raffinierten Look oder mit Shorts f\u00fcr den ultimativen Sommerstil.<\/p>\n<p>Erh\u00e4ltlich in den Gr\u00f6\u00dfen 39 bis 45 und in verschiedenen ansprechenden Farben wie dem warmen Taupe, dem leuchtenden Blau und dem klassischen Braun auf unseren Bildern, gibt es ein Paar von <strong>Bootsschuhe aus Leder f\u00fcr M\u00e4nner<\/strong> die zu jedem pers\u00f6nlichen Stil passen.<\/p>\n<p>Investieren Sie in Qualit\u00e4t und gehen Sie selbstbewusst in diesen au\u00dfergew\u00f6hnlich komfortablen und stilvollen <strong>Bootsschuhe aus Leder f\u00fcr M\u00e4nner<\/strong>.<\/p>\n<h3>Verf\u00fcgbarkeit im Gro\u00dfhandel<\/h3>\n<p>F\u00fcr Einzelh\u00e4ndler und Unternehmen sind diese Premium <strong>Bootsschuhe aus Leder f\u00fcr M\u00e4nner<\/strong> sind im Gro\u00dfhandel ab einer Mindestbestellmenge von nur 8 Paar erh\u00e4ltlich. Wir sind stolz auf unseren effizienten Service mit einer Lieferzeit von 12 Tagen plus Versand, damit Sie sich umgehend mit diesen begehrten Artikeln eindecken k\u00f6nnen. Entdecken Sie die Mischung aus Luxus, Komfort und Haltbarkeit, die unsere <strong>Bootsschuhe aus Leder f\u00fcr M\u00e4nner<\/strong> anbieten und Ihren Kunden ein wirklich au\u00dfergew\u00f6hnliches Produkt liefern.<\/p>","protected":false},"excerpt":{"rendered":"<ul>\n<li>Fachm\u00e4nnisch gefertigt aus echtem Kalbsleder f\u00fcr Haltbarkeit und Stil.<\/li>\n<li>Die Innenausstattung aus luxuri\u00f6sem Ziegenleder garantiert au\u00dfergew\u00f6hnlichen Komfort und Atmungsaktivit\u00e4t.<\/li>\n<li>Ausgestattet mit einer flexiblen und leichten Thermo-Sohle f\u00fcr hervorragenden Halt und Komfort.<\/li>\n<li>Mit einer dezenten Absatzh\u00f6he von 1-3 cm f\u00fcr optimalen Halt.<\/li>\n<li>Erh\u00e4ltlich in einer umfangreichen Gr\u00f6\u00dfenpalette: 39, 40, 41, 42, 43, 44, 45.<\/li>\n<li>Mindestbestellmenge: 8 Paar, ideal f\u00fcr den Gro\u00dfhandel und Gro\u00dfeink\u00e4ufe.<\/li>\n<li>Effiziente Lieferzeit: 12 Tage plus Versand.<\/li>\n<\/ul>","protected":false},"featured_media":4109,"template":"","meta":{"_acf_changed":false,"_uag_custom_page_level_css":"","site-sidebar-layout":"default","site-content-layout":"","ast-site-content-layout":"default","site-content-style":"default","site-sidebar-style":"default","ast-global-header-display":"","ast-banner-title-visibility":"","ast-main-header-display":"","ast-hfb-above-header-display":"","ast-hfb-below-header-display":"","ast-hfb-mobile-header-display":"","site-post-title":"","ast-breadcrumbs-content":"","ast-featured-img":"","footer-sml-layout":"","ast-disable-related-posts":"","theme-transparent-header-meta":"default","adv-header-id-meta":"","stick-header-meta":"","header-above-stick-meta":"","header-main-stick-meta":"","header-below-stick-meta":"","astra-migrate-meta-layouts":"set","ast-page-background-enabled":"default","ast-page-background-meta":{"desktop":{"background-color":"var(--ast-global-color-4)","background-image":"","background-repeat":"repeat","background-position":"center center","background-size":"auto","background-attachment":"scroll","background-type":"","background-media":"","overlay-type":"","overlay-color":"","overlay-opacity":"","overlay-gradient":""},"tablet":{"background-color":"","background-image":"","background-repeat":"repeat","background-position":"center center","background-size":"auto","background-attachment":"scroll","background-type":"","background-media":"","overlay-type":"","overlay-color":"","overlay-opacity":"","overlay-gradient":""},"mobile":{"background-color":"","background-image":"","background-repeat":"repeat","background-position":"center center","background-size":"auto","background-attachment":"scroll","background-type":"","background-media":"","overlay-type":"","overlay-color":"","overlay-opacity":"","overlay-gradient":""}},"ast-content-background-meta":{"desktop":{"background-color":"var(--ast-global-color-5)","background-image":"","background-repeat":"repeat","background-position":"center center","background-size":"auto","background-attachment":"scroll","background-type":"","background-media":"","overlay-type":"","overlay-color":"","overlay-opacity":"","overlay-gradient":""},"tablet":{"background-color":"var(--ast-global-color-5)","background-image":"","background-repeat":"repeat","background-position":"center center","background-size":"auto","background-attachment":"scroll","background-type":"","background-media":"","overlay-type":"","overlay-color":"","overlay-opacity":"","overlay-gradient":""},"mobile":{"background-color":"var(--ast-global-color-5)","background-image":"","background-repeat":"repeat","background-position":"center center","background-size":"auto","background-attachment":"scroll","background-type":"","background-media":"","overlay-type":"","overlay-color":"","overlay-opacity":"","overlay-gradient":""}}},"product_brand":[],"product_cat":[48,47,49,430,40],"product_tag":[1126,451,449,222,271,437,450,227,1169,198,1170,209,281],"class_list":{"0":"post-6144","1":"product","2":"type-product","3":"status-publish","4":"has-post-thumbnail","6":"product_cat-casual","7":"product_cat-classic","8":"product_cat-loafer","9":"product_cat-men","10":"product_cat-mens-shoes","11":"product_tag-boat-shoes","12":"product_tag-calfskin-leather","13":"product_tag-casual-shoes","14":"product_tag-comfortable-shoes","15":"product_tag-deck-shoes","16":"product_tag-goat-leather","17":"product_tag-handcrafted-shoes","18":"product_tag-leather-shoes","19":"product_tag-low-heel","20":"product_tag-mens-fashion","21":"product_tag-moccasins","22":"product_tag-thermo-sole","23":"product_tag-wholesale-shoes","24":"desktop-align-center","25":"tablet-align-center","26":"mobile-align-center","28":"first","29":"instock","30":"shipping-taxable","31":"purchasable","32":"product-type-variable","33":"has-default-attributes"},"acf":[],"uagb_featured_image_src":{"full":["https:\/\/turkishtrade.co\/wp-content\/uploads\/2026\/01\/2400EJOMN00386-CAMEL-X_132.png",453,250,false],"thumbnail":["https:\/\/turkishtrade.co\/wp-content\/uploads\/2026\/01\/2400EJOMN00386-CAMEL-X_132-150x150.png",150,150,true],"medium":["https:\/\/turkishtrade.co\/wp-content\/uploads\/2026\/01\/2400EJOMN00386-CAMEL-X_132-300x166.png",300,166,true],"medium_large":["https:\/\/turkishtrade.co\/wp-content\/uploads\/2026\/01\/2400EJOMN00386-CAMEL-X_132.png",453,250,false],"large":["https:\/\/turkishtrade.co\/wp-content\/uploads\/2026\/01\/2400EJOMN00386-CAMEL-X_132.png",453,250,false],"1536x1536":["https:\/\/turkishtrade.co\/wp-content\/uploads\/2026\/01\/2400EJOMN00386-CAMEL-X_132.png",453,250,false],"2048x2048":["https:\/\/turkishtrade.co\/wp-content\/uploads\/2026\/01\/2400EJOMN00386-CAMEL-X_132.png",453,250,false],"trp-custom-language-flag":["https:\/\/turkishtrade.co\/wp-content\/uploads\/2026\/01\/2400EJOMN00386-CAMEL-X_132-18x10.png",18,10,true],"woocommerce_thumbnail":["https:\/\/turkishtrade.co\/wp-content\/uploads\/2026\/01\/2400EJOMN00386-CAMEL-X_132-400x250.png",400,250,true],"woocommerce_single":["https:\/\/turkishtrade.co\/wp-content\/uploads\/2026\/01\/2400EJOMN00386-CAMEL-X_132.png",453,250,false],"woocommerce_gallery_thumbnail":["https:\/\/turkishtrade.co\/wp-content\/uploads\/2026\/01\/2400EJOMN00386-CAMEL-X_132-100x100.png",100,100,true]},"uagb_author_info":{"display_name":"yaser olabi","author_link":"https:\/\/turkishtrade.co\/de\/author\/"},"uagb_comment_info":0,"uagb_excerpt":"Expertly crafted from genuine Calfskin Leather exterior for durability and style. Luxurious Goat Leather interior ensures exceptional comfort and breathability. Equipped with a flexible and lightweight Thermo Sole for superior grip and comfort. Features a subtle heel height of 1-3 cm for optimal support. Available in a comprehensive size range: 39, 40, 41, 42, 43,&hellip;","_links":{"self":[{"href":"https:\/\/turkishtrade.co\/de\/wp-json\/wp\/v2\/product\/6144","targetHints":{"allow":["GET"]}}],"collection":[{"href":"https:\/\/turkishtrade.co\/de\/wp-json\/wp\/v2\/product"}],"about":[{"href":"https:\/\/turkishtrade.co\/de\/wp-json\/wp\/v2\/types\/product"}],"wp:featuredmedia":[{"embeddable":true,"href":"https:\/\/turkishtrade.co\/de\/wp-json\/wp\/v2\/media\/4109"}],"wp:attachment":[{"href":"https:\/\/turkishtrade.co\/de\/wp-json\/wp\/v2\/media?parent=6144"}],"wp:term":[{"taxonomy":"product_brand","embeddable":true,"href":"https:\/\/turkishtrade.co\/de\/wp-json\/wp\/v2\/product_brand?post=6144"},{"taxonomy":"product_cat","embeddable":true,"href":"https:\/\/turkishtrade.co\/de\/wp-json\/wp\/v2\/product_cat?post=6144"},{"taxonomy":"product_tag","embeddable":true,"href":"https:\/\/turkishtrade.co\/de\/wp-json\/wp\/v2\/product_tag?post=6144"}],"curies":[{"name":"wp","href":"https:\/\/api.w.org\/{rel}","templated":true}]}}