{"id":6134,"date":"2026-01-14T14:12:53","date_gmt":"2026-01-14T14:12:53","guid":{"rendered":"https:\/\/turkishtrade.co\/product\/mens-brown-leather-sneakers-2\/"},"modified":"2026-04-09T19:11:59","modified_gmt":"2026-04-09T19:11:59","slug":"mens-brown-leather-sneakers-2","status":"publish","type":"product","link":"https:\/\/turkishtrade.co\/de\/shop\/mens-brown-leather-sneakers-2\/","title":{"rendered":"Herren Premium Dunkelbraunes Kalbsleder Freizeitschuhe"},"content":{"rendered":"<p><strong>Braune Leder-Sneakers f\u00fcr M\u00e4nner<\/strong><\/p>\n<p>Erleben Sie unvergleichlichen Stil und Komfort mit unserem exquisiten <strong>Braune Leder-Sneakers f\u00fcr M\u00e4nner<\/strong>. Entworfen f\u00fcr den modernen Mann, der sowohl Eleganz als auch Alltagstauglichkeit sch\u00e4tzt, sind diese <strong>Braune Leder-Sneakers f\u00fcr M\u00e4nner<\/strong> sind eine perfekte Mischung aus traditioneller Handwerkskunst und modernem Design. Aus den besten Materialien gefertigt, ist unsere Kollektion von <strong>Braune Leder-Sneakers f\u00fcr M\u00e4nner<\/strong> verleiht jedem Casual- oder Smart-Casual-Ensemble eine raffinierte Note.<\/p>\n<p><h3>Hochwertige Handwerkskunst und Materialien<\/h3>\n<\/p>\n<p>Jedes Paar unserer <strong>Braune Leder-Sneakers f\u00fcr M\u00e4nner<\/strong> ist sorgf\u00e4ltig konstruiert, um dauerhafte Qualit\u00e4t und h\u00f6chsten Komfort zu gew\u00e4hrleisten. Das Obermaterial besteht aus echtem Kalbsleder, das f\u00fcr seine geschmeidige Textur, Haltbarkeit und seinen satten dunkelbraunen Farbton bekannt ist. <strong>Braune Leder-Sneakers f\u00fcr M\u00e4nner<\/strong> unglaublich widerstandsf\u00e4hig und stilvoll. Innen erleben Ihre F\u00fc\u00dfe die luxuri\u00f6se Weichheit des Ziegenlederfutters, das den ganzen Tag \u00fcber au\u00dfergew\u00f6hnliche Atmungsaktivit\u00e4t und Komfort bietet.<\/p>\n<p>Die robuste Thermosohle bietet nicht nur exzellenten Grip und Sto\u00dfd\u00e4mpfung, sondern sorgt auch f\u00fcr eine dezente Absatzh\u00f6he von 1-3 cm, die bei jedem Schritt f\u00fcr komfortablen Halt sorgt. Diese Materialien wurden sorgf\u00e4ltig ausgew\u00e4hlt, um Ihnen das Beste zu bieten <strong>Braune Leder-Sneakers f\u00fcr M\u00e4nner<\/strong> auf dem Markt.<\/p>\n<p><h3>Entwickelt f\u00fcr Komfort und Vielseitigkeit<\/h3>\n<\/p>\n<p>Unser <strong>Braune Leder-Sneakers f\u00fcr M\u00e4nner<\/strong> sehen nicht nur gut aus, sie sind auch f\u00fcr ein hervorragendes Tragegef\u00fchl konzipiert. Das geschmeidige Leder passt sich mit der Zeit Ihren F\u00fc\u00dfen an und bietet eine individuelle Passform. Die perforierten Details auf dem Obermaterial tragen nicht nur zur anspruchsvollen \u00c4sthetik bei, sondern verbessern auch die Bel\u00fcftung und halten Ihre F\u00fc\u00dfe k\u00fchl und trocken.<\/p>\n<p>Erh\u00e4ltlich in einer breiten Palette von Gr\u00f6\u00dfen von EU 39 bis 45, diese <strong>Braune Leder-Sneakers f\u00fcr M\u00e4nner<\/strong> erf\u00fcllen die unterschiedlichsten Bed\u00fcrfnisse. Ob im Alltag, bei Wochenendausfl\u00fcgen oder in legeren Gesch\u00e4ftsumgebungen, diese vielseitigen <strong>Braune Leder-Sneakers f\u00fcr M\u00e4nner<\/strong> wird Ihren Stil m\u00fchelos aufwerten.<\/p>\n<p><h3>Gro\u00dfhandelsvorteil: Qualit\u00e4tsschuhe f\u00fcr Ihr Unternehmen<\/h3>\n<\/p>\n<p>Wir kennen die Bed\u00fcrfnisse von Unternehmen, die auf der Suche nach hochwertigen Schuhen sind. Unser <strong>Braune Leder-Sneakers f\u00fcr M\u00e4nner<\/strong> sind f\u00fcr Gro\u00dfhandelsbestellungen verf\u00fcgbar, mit einer Mindestbestellmenge von nur 100 Paaren. Profitieren Sie von wettbewerbsf\u00e4higen Preisen auf unserer Preisliste und einer zuverl\u00e4ssigen Produktionszeit von ca. 12 Tagen, zuz\u00fcglich Versand.<\/p>\n<p>Arbeiten Sie mit uns zusammen, um Ihren Kunden erstklassiges Schuhwerk anzubieten, das Luxus, Komfort und Langlebigkeit vereint. Diese <strong>Braune Leder-Sneakers f\u00fcr M\u00e4nner<\/strong> sind eine hervorragende Investition f\u00fcr Einzelh\u00e4ndler, die hochwertige Produkte anbieten wollen.<\/p>","protected":false},"excerpt":{"rendered":"<ul>\n<li>\u00c4u\u00dfere Oberfl\u00e4che: Hochwertiges Kalbsleder<\/li>\n<li>Innenfutter: Weiches Ziegenleder<\/li>\n<li>Sohle: Strapazierf\u00e4hige Thermo-Sohle (1-3 cm Absatzh\u00f6he)<\/li>\n<li>Verf\u00fcgbare Gr\u00f6\u00dfen: EU 39-45<\/li>\n<li>Mindestbestellung: 100 Paare<\/li>\n<li>Gro\u00dfhandel bereit: 12 Tage Produktion + Versand<\/li>\n<\/ul>","protected":false},"featured_media":4099,"template":"","meta":{"_acf_changed":false,"_uag_custom_page_level_css":"","site-sidebar-layout":"default","site-content-layout":"","ast-site-content-layout":"default","site-content-style":"default","site-sidebar-style":"default","ast-global-header-display":"","ast-banner-title-visibility":"","ast-main-header-display":"","ast-hfb-above-header-display":"","ast-hfb-below-header-display":"","ast-hfb-mobile-header-display":"","site-post-title":"","ast-breadcrumbs-content":"","ast-featured-img":"","footer-sml-layout":"","ast-disable-related-posts":"","theme-transparent-header-meta":"","adv-header-id-meta":"","stick-header-meta":"","header-above-stick-meta":"","header-main-stick-meta":"","header-below-stick-meta":"","astra-migrate-meta-layouts":"default","ast-page-background-enabled":"default","ast-page-background-meta":{"desktop":{"background-color":"var(--ast-global-color-4)","background-image":"","background-repeat":"repeat","background-position":"center center","background-size":"auto","background-attachment":"scroll","background-type":"","background-media":"","overlay-type":"","overlay-color":"","overlay-opacity":"","overlay-gradient":""},"tablet":{"background-color":"","background-image":"","background-repeat":"repeat","background-position":"center center","background-size":"auto","background-attachment":"scroll","background-type":"","background-media":"","overlay-type":"","overlay-color":"","overlay-opacity":"","overlay-gradient":""},"mobile":{"background-color":"","background-image":"","background-repeat":"repeat","background-position":"center center","background-size":"auto","background-attachment":"scroll","background-type":"","background-media":"","overlay-type":"","overlay-color":"","overlay-opacity":"","overlay-gradient":""}},"ast-content-background-meta":{"desktop":{"background-color":"var(--ast-global-color-5)","background-image":"","background-repeat":"repeat","background-position":"center center","background-size":"auto","background-attachment":"scroll","background-type":"","background-media":"","overlay-type":"","overlay-color":"","overlay-opacity":"","overlay-gradient":""},"tablet":{"background-color":"var(--ast-global-color-5)","background-image":"","background-repeat":"repeat","background-position":"center center","background-size":"auto","background-attachment":"scroll","background-type":"","background-media":"","overlay-type":"","overlay-color":"","overlay-opacity":"","overlay-gradient":""},"mobile":{"background-color":"var(--ast-global-color-5)","background-image":"","background-repeat":"repeat","background-position":"center center","background-size":"auto","background-attachment":"scroll","background-type":"","background-media":"","overlay-type":"","overlay-color":"","overlay-opacity":"","overlay-gradient":""}}},"product_brand":[],"product_cat":[48,430,40,50],"product_tag":[375,629,185,449,189,227,1163,214,546,209,254],"class_list":{"0":"post-6134","1":"product","2":"type-product","3":"status-publish","4":"has-post-thumbnail","6":"product_cat-casual","7":"product_cat-men","8":"product_cat-mens-shoes","9":"product_cat-sneakers","10":"product_tag-brown-leather-sneakers","11":"product_tag-bulk-order-shoes","12":"product_tag-calf-leather-shoes","13":"product_tag-casual-shoes","14":"product_tag-goat-leather-lining","15":"product_tag-leather-shoes","16":"product_tag-mens-casual-sneakers","17":"product_tag-mens-sneakers","18":"product_tag-stylish-mens-shoes","19":"product_tag-thermo-sole","20":"product_tag-wholesale-footwear","21":"desktop-align-center","22":"tablet-align-center","23":"mobile-align-center","25":"first","26":"instock","27":"shipping-taxable","28":"purchasable","29":"product-type-variable","30":"has-default-attributes"},"acf":[],"uagb_featured_image_src":{"full":["https:\/\/turkishtrade.co\/wp-content\/uploads\/2026\/01\/2400EJOMN00380-BROWN-Y_1003-3-USD.png",453,250,false],"thumbnail":["https:\/\/turkishtrade.co\/wp-content\/uploads\/2026\/01\/2400EJOMN00380-BROWN-Y_1003-3-USD-150x150.png",150,150,true],"medium":["https:\/\/turkishtrade.co\/wp-content\/uploads\/2026\/01\/2400EJOMN00380-BROWN-Y_1003-3-USD-300x166.png",300,166,true],"medium_large":["https:\/\/turkishtrade.co\/wp-content\/uploads\/2026\/01\/2400EJOMN00380-BROWN-Y_1003-3-USD.png",453,250,false],"large":["https:\/\/turkishtrade.co\/wp-content\/uploads\/2026\/01\/2400EJOMN00380-BROWN-Y_1003-3-USD.png",453,250,false],"1536x1536":["https:\/\/turkishtrade.co\/wp-content\/uploads\/2026\/01\/2400EJOMN00380-BROWN-Y_1003-3-USD.png",453,250,false],"2048x2048":["https:\/\/turkishtrade.co\/wp-content\/uploads\/2026\/01\/2400EJOMN00380-BROWN-Y_1003-3-USD.png",453,250,false],"trp-custom-language-flag":["https:\/\/turkishtrade.co\/wp-content\/uploads\/2026\/01\/2400EJOMN00380-BROWN-Y_1003-3-USD-18x10.png",18,10,true],"woocommerce_thumbnail":["https:\/\/turkishtrade.co\/wp-content\/uploads\/2026\/01\/2400EJOMN00380-BROWN-Y_1003-3-USD-400x250.png",400,250,true],"woocommerce_single":["https:\/\/turkishtrade.co\/wp-content\/uploads\/2026\/01\/2400EJOMN00380-BROWN-Y_1003-3-USD.png",453,250,false],"woocommerce_gallery_thumbnail":["https:\/\/turkishtrade.co\/wp-content\/uploads\/2026\/01\/2400EJOMN00380-BROWN-Y_1003-3-USD-100x100.png",100,100,true]},"uagb_author_info":{"display_name":"yaser olabi","author_link":"https:\/\/turkishtrade.co\/de\/author\/"},"uagb_comment_info":0,"uagb_excerpt":"Outer Surface: Premium Calf Leather Inner Lining: Soft Goat Leather Sole: Durable Thermo Sole (1-3 cm heel height) Available Sizes: EU 39-45 Minimum Order: 100 Pairs Wholesale Ready: 12-day production + shipping","_links":{"self":[{"href":"https:\/\/turkishtrade.co\/de\/wp-json\/wp\/v2\/product\/6134","targetHints":{"allow":["GET"]}}],"collection":[{"href":"https:\/\/turkishtrade.co\/de\/wp-json\/wp\/v2\/product"}],"about":[{"href":"https:\/\/turkishtrade.co\/de\/wp-json\/wp\/v2\/types\/product"}],"wp:featuredmedia":[{"embeddable":true,"href":"https:\/\/turkishtrade.co\/de\/wp-json\/wp\/v2\/media\/4099"}],"wp:attachment":[{"href":"https:\/\/turkishtrade.co\/de\/wp-json\/wp\/v2\/media?parent=6134"}],"wp:term":[{"taxonomy":"product_brand","embeddable":true,"href":"https:\/\/turkishtrade.co\/de\/wp-json\/wp\/v2\/product_brand?post=6134"},{"taxonomy":"product_cat","embeddable":true,"href":"https:\/\/turkishtrade.co\/de\/wp-json\/wp\/v2\/product_cat?post=6134"},{"taxonomy":"product_tag","embeddable":true,"href":"https:\/\/turkishtrade.co\/de\/wp-json\/wp\/v2\/product_tag?post=6134"}],"curies":[{"name":"wp","href":"https:\/\/api.w.org\/{rel}","templated":true}]}}