{"id":6129,"date":"2026-01-14T14:12:15","date_gmt":"2026-01-14T14:12:15","guid":{"rendered":"https:\/\/turkishtrade.co\/product\/men-s-brown-suede-derby-shoes\/"},"modified":"2026-04-09T19:12:12","modified_gmt":"2026-04-09T19:12:12","slug":"mens-brown-suede-derby-shoes-2","status":"publish","type":"product","link":"https:\/\/turkishtrade.co\/de\/shop\/mens-brown-suede-derby-shoes-2\/","title":{"rendered":"Braune Premium-Derby-Schuhe aus Wildleder mit Obermaterial aus Kalbsleder f\u00fcr Herren"},"content":{"rendered":"<p><strong>Herren Derby-Schuhe aus braunem Wildleder<\/strong><\/p>\n<p>Erh\u00f6hen Sie Ihren Alltagsstil mit unseren exquisiten <strong>Herren Derby-Schuhe aus braunem Wildleder<\/strong>. Entworfen f\u00fcr den modernen Mann, der sowohl Raffinesse als auch Komfort sch\u00e4tzt, sind diese <strong>Herren Derby-Schuhe aus braunem Wildleder<\/strong> sind eine perfekte Mischung aus klassischer Eleganz und modernem Design. Egal, ob Sie sich f\u00fcr eine halbformelle Veranstaltung herausputzen oder raffinierte Freizeitschuhe suchen, diese Schuhe versprechen, eine vielseitige Erg\u00e4nzung Ihrer Garderobe zu sein, die m\u00fchelos jedes Outfit aufwertet.<\/p>\n<p><h3>Un\u00fcbertroffener Komfort und hochwertige Materialien<\/h3>\n<\/p>\n<p>Jedes Paar dieser aus hochwertigen Materialien gefertigten <strong>Herren Derby-Schuhe aus braunem Wildleder<\/strong> verf\u00fcgt \u00fcber ein Obermaterial aus geschmeidigem Kalbsleder, das f\u00fcr seine Langlebigkeit und luxuri\u00f6se Haptik bekannt ist. Das reiche braune Wildleder-Finish bietet eine unverwechselbare Textur und zeitlose Attraktivit\u00e4t, die hervorsticht. Innen bietet das weiche Ziegenlederfutter unvergleichlichen Komfort und sorgt f\u00fcr Atmungsaktivit\u00e4t und ein angenehmes Tragegef\u00fchl bei jedem Schritt.<\/p>\n<p>Die leichte und dennoch robuste EVA-Sohle bietet eine hervorragende Sto\u00dfd\u00e4mpfung und Flexibilit\u00e4t, so dass diese <strong>Herren Derby-Schuhe aus braunem Wildleder<\/strong> ideal f\u00fcr den ganzen Tag. Die klassische Absatzh\u00f6he von 1 bis 3 cm sorgt f\u00fcr ein komfortables Profil und f\u00fcgt sich nahtlos in die raffinierte Loafer- und Casual-\u00c4sthetik des Schuhs ein.<\/p>\n<p><h3>Vielseitiger Stil f\u00fcr jede Gelegenheit<\/h3>\n<\/p>\n<p>Die Gestaltung dieser <strong>Herren Derby-Schuhe aus braunem Wildleder<\/strong> kombiniert meisterhaft Elemente eines traditionellen Derby-Schuhs mit dem l\u00e4ssigen Charme eines Loafer und schafft so eine einzigartige Mischung, die sich f\u00fcr eine Vielzahl von Anl\u00e4ssen eignet.<\/p>\n<p>Die dezenten N\u00e4hte und die kontrastierenden Lederakzente auf dem Obermaterial verleihen dem Schuh Charakter, ohne seine schlichte Eleganz zu \u00fcbert\u00f6nen. Kombiniere diese <strong>Herren Derby-Schuhe aus braunem Wildleder<\/strong> mit Chinos f\u00fcr einen l\u00e4ssigen Look oder mit Jeans in dunkler Waschung f\u00fcr ein raffiniertes Wochenend-Ensemble. Sie eignen sich gleicherma\u00dfen f\u00fcr ein legeres Gesch\u00e4ftsleben wie f\u00fcr gesellschaftliche Anl\u00e4sse.<\/p>\n<p>Erh\u00e4ltlich in den Gr\u00f6\u00dfen 39 bis 45 ist es ein Leichtes, die perfekte Passform zu finden.<\/p>\n<p><h3>Au\u00dfergew\u00f6hnliche Handwerkskunst und Gro\u00dfhandelsm\u00f6glichkeiten<\/h3>\n<\/p>\n<p>Unser Engagement f\u00fcr Qualit\u00e4t zeigt sich in jeder dieser N\u00e4hte <strong>Herren Derby-Schuhe aus braunem Wildleder<\/strong>. Jedes Paar wird von geschickten Handwerkern sorgf\u00e4ltig hergestellt, um Langlebigkeit und eine makellose Verarbeitung zu gew\u00e4hrleisten, die von h\u00f6chster Handwerkskunst zeugt. Das erstklassige Kalbs- und Ziegenleder wird aufgrund seiner au\u00dfergew\u00f6hnlichen Qualit\u00e4t und ethischen Herkunft sorgf\u00e4ltig ausgew\u00e4hlt.<\/p>\n<p>Die Investition in diese <strong>Herren Derby-Schuhe aus braunem Wildleder<\/strong> bedeutet, in Schuhe zu investieren, die nicht nur gut aussehen, sondern auch langlebig sind und ihren Charme und Komfort \u00fcber die ganze Saison hinweg beibehalten.<\/p>\n<p>F\u00fcr Einzelh\u00e4ndler und Unternehmen, die Premium-Schuhe anbieten m\u00f6chten, ist unser <strong>Herren Derby-Schuhe aus braunem Wildleder<\/strong> sind f\u00fcr den Gro\u00dfhandel erh\u00e4ltlich. Mit einer Mindestbestellmenge von nur 8 Paar ist es einfach, diese gefragten und modischen Schuhe auf Lager zu haben. Wir garantieren eine schnelle Bearbeitungs- und Lieferzeit von ca. 12 Tagen plus Versand, damit Sie die W\u00fcnsche Ihrer Kunden schnell erf\u00fcllen k\u00f6nnen.<\/p>\n<p>Setzen Sie sich mit uns in Verbindung, um detaillierte Preisinformationen zu erhalten und um Ihren Bedarf an Gro\u00dfbestellungen f\u00fcr diese au\u00dfergew\u00f6hnlichen Produkte zu besprechen. <strong>Herren Derby-Schuhe aus braunem Wildleder<\/strong>.<\/p>","protected":false},"excerpt":{"rendered":"<ul>\n<li>Obermaterial aus hochwertigem Kalbsveloursleder f\u00fcr luxuri\u00f6se Textur und Haltbarkeit.<\/li>\n<li>Weiches und atmungsaktives Ziegenlederfutter f\u00fcr h\u00f6chsten Komfort.<\/li>\n<li>Leichte und flexible EVA-Sohle f\u00fcr ganzt\u00e4gigen Tragekomfort.<\/li>\n<li>Klassischer Slipper im Freizeitstil mit einem bequemen 1-3 cm hohen Absatz.<\/li>\n<li>Erh\u00e4ltlich in einer breiten Palette von Gr\u00f6\u00dfen: 39, 40, 41, 42, 43, 44, 45.<\/li>\n<li>Mindestbestellmenge: 8 Paar (ideal f\u00fcr den Gro\u00dfhandel).<\/li>\n<li>Lieferfrist: Ungef\u00e4hr 12 Tage + Versand.<\/li>\n<\/ul>","protected":false},"featured_media":4015,"template":"","meta":{"_acf_changed":false,"_uag_custom_page_level_css":"","site-sidebar-layout":"default","site-content-layout":"","ast-site-content-layout":"default","site-content-style":"default","site-sidebar-style":"default","ast-global-header-display":"","ast-banner-title-visibility":"","ast-main-header-display":"","ast-hfb-above-header-display":"","ast-hfb-below-header-display":"","ast-hfb-mobile-header-display":"","site-post-title":"","ast-breadcrumbs-content":"","ast-featured-img":"","footer-sml-layout":"","ast-disable-related-posts":"","theme-transparent-header-meta":"","adv-header-id-meta":"","stick-header-meta":"","header-above-stick-meta":"","header-main-stick-meta":"","header-below-stick-meta":"","astra-migrate-meta-layouts":"default","ast-page-background-enabled":"default","ast-page-background-meta":{"desktop":{"background-color":"var(--ast-global-color-4)","background-image":"","background-repeat":"repeat","background-position":"center center","background-size":"auto","background-attachment":"scroll","background-type":"","background-media":"","overlay-type":"","overlay-color":"","overlay-opacity":"","overlay-gradient":""},"tablet":{"background-color":"","background-image":"","background-repeat":"repeat","background-position":"center center","background-size":"auto","background-attachment":"scroll","background-type":"","background-media":"","overlay-type":"","overlay-color":"","overlay-opacity":"","overlay-gradient":""},"mobile":{"background-color":"","background-image":"","background-repeat":"repeat","background-position":"center center","background-size":"auto","background-attachment":"scroll","background-type":"","background-media":"","overlay-type":"","overlay-color":"","overlay-opacity":"","overlay-gradient":""}},"ast-content-background-meta":{"desktop":{"background-color":"var(--ast-global-color-5)","background-image":"","background-repeat":"repeat","background-position":"center center","background-size":"auto","background-attachment":"scroll","background-type":"","background-media":"","overlay-type":"","overlay-color":"","overlay-opacity":"","overlay-gradient":""},"tablet":{"background-color":"var(--ast-global-color-5)","background-image":"","background-repeat":"repeat","background-position":"center center","background-size":"auto","background-attachment":"scroll","background-type":"","background-media":"","overlay-type":"","overlay-color":"","overlay-opacity":"","overlay-gradient":""},"mobile":{"background-color":"var(--ast-global-color-5)","background-image":"","background-repeat":"repeat","background-position":"center center","background-size":"auto","background-attachment":"scroll","background-type":"","background-media":"","overlay-type":"","overlay-color":"","overlay-opacity":"","overlay-gradient":""}}},"product_brand":[],"product_cat":[48,49,430,40],"product_tag":[348,1160,290,212,609,438,189,1162,1161,406,280,281],"class_list":{"0":"post-6129","1":"product","2":"type-product","3":"status-publish","4":"has-post-thumbnail","6":"product_cat-casual","7":"product_cat-loafer","8":"product_cat-men","9":"product_cat-mens-shoes","10":"product_tag-brown-suede-shoes","11":"product_tag-calfskin-leather-shoes","12":"product_tag-comfortable-mens-shoes","13":"product_tag-derby-shoes","14":"product_tag-elegant-mens-shoes","15":"product_tag-eva-sole","16":"product_tag-goat-leather-lining","17":"product_tag-leather-shoes-for-men","18":"product_tag-loafer-style-shoes","19":"product_tag-premium-shoes","20":"product_tag-smart-casual-shoes","21":"product_tag-wholesale-shoes","22":"desktop-align-center","23":"tablet-align-center","24":"mobile-align-center","26":"first","27":"instock","28":"shipping-taxable","29":"purchasable","30":"product-type-variable","31":"has-default-attributes"},"acf":[],"uagb_featured_image_src":{"full":["https:\/\/turkishtrade.co\/wp-content\/uploads\/2026\/01\/2400EJOMN00475-CAMEL-X_7805-3-USD.png",453,250,false],"thumbnail":["https:\/\/turkishtrade.co\/wp-content\/uploads\/2026\/01\/2400EJOMN00475-CAMEL-X_7805-3-USD-150x150.png",150,150,true],"medium":["https:\/\/turkishtrade.co\/wp-content\/uploads\/2026\/01\/2400EJOMN00475-CAMEL-X_7805-3-USD-300x166.png",300,166,true],"medium_large":["https:\/\/turkishtrade.co\/wp-content\/uploads\/2026\/01\/2400EJOMN00475-CAMEL-X_7805-3-USD.png",453,250,false],"large":["https:\/\/turkishtrade.co\/wp-content\/uploads\/2026\/01\/2400EJOMN00475-CAMEL-X_7805-3-USD.png",453,250,false],"1536x1536":["https:\/\/turkishtrade.co\/wp-content\/uploads\/2026\/01\/2400EJOMN00475-CAMEL-X_7805-3-USD.png",453,250,false],"2048x2048":["https:\/\/turkishtrade.co\/wp-content\/uploads\/2026\/01\/2400EJOMN00475-CAMEL-X_7805-3-USD.png",453,250,false],"trp-custom-language-flag":["https:\/\/turkishtrade.co\/wp-content\/uploads\/2026\/01\/2400EJOMN00475-CAMEL-X_7805-3-USD-18x10.png",18,10,true],"woocommerce_thumbnail":["https:\/\/turkishtrade.co\/wp-content\/uploads\/2026\/01\/2400EJOMN00475-CAMEL-X_7805-3-USD-400x250.png",400,250,true],"woocommerce_single":["https:\/\/turkishtrade.co\/wp-content\/uploads\/2026\/01\/2400EJOMN00475-CAMEL-X_7805-3-USD.png",453,250,false],"woocommerce_gallery_thumbnail":["https:\/\/turkishtrade.co\/wp-content\/uploads\/2026\/01\/2400EJOMN00475-CAMEL-X_7805-3-USD-100x100.png",100,100,true]},"uagb_author_info":{"display_name":"yaser olabi","author_link":"https:\/\/turkishtrade.co\/de\/author\/"},"uagb_comment_info":0,"uagb_excerpt":"Premium calfskin suede upper for luxurious texture and durability. Soft and breathable goat leather lining for superior comfort. Lightweight and flexible EVA sole for all-day wear. Classic loafer-casual style with a comfortable 1-3cm heel. Available in a wide range of sizes: 39, 40, 41, 42, 43, 44, 45. Minimum order quantity: 8 pairs (ideal for&hellip;","_links":{"self":[{"href":"https:\/\/turkishtrade.co\/de\/wp-json\/wp\/v2\/product\/6129","targetHints":{"allow":["GET"]}}],"collection":[{"href":"https:\/\/turkishtrade.co\/de\/wp-json\/wp\/v2\/product"}],"about":[{"href":"https:\/\/turkishtrade.co\/de\/wp-json\/wp\/v2\/types\/product"}],"wp:featuredmedia":[{"embeddable":true,"href":"https:\/\/turkishtrade.co\/de\/wp-json\/wp\/v2\/media\/4015"}],"wp:attachment":[{"href":"https:\/\/turkishtrade.co\/de\/wp-json\/wp\/v2\/media?parent=6129"}],"wp:term":[{"taxonomy":"product_brand","embeddable":true,"href":"https:\/\/turkishtrade.co\/de\/wp-json\/wp\/v2\/product_brand?post=6129"},{"taxonomy":"product_cat","embeddable":true,"href":"https:\/\/turkishtrade.co\/de\/wp-json\/wp\/v2\/product_cat?post=6129"},{"taxonomy":"product_tag","embeddable":true,"href":"https:\/\/turkishtrade.co\/de\/wp-json\/wp\/v2\/product_tag?post=6129"}],"curies":[{"name":"wp","href":"https:\/\/api.w.org\/{rel}","templated":true}]}}