{"id":6127,"date":"2026-01-14T14:11:57","date_gmt":"2026-01-14T14:11:57","guid":{"rendered":"https:\/\/turkishtrade.co\/product\/mens-black-suede-casual-shoes\/"},"modified":"2026-04-09T19:12:17","modified_gmt":"2026-04-09T19:12:17","slug":"mens-black-suede-casual-shoes","status":"publish","type":"product","link":"https:\/\/turkishtrade.co\/de\/shop\/mens-black-suede-casual-shoes\/","title":{"rendered":"Schwarze Wildleder-Schn\u00fcrschuhe f\u00fcr Herren mit EVA-Sohle"},"content":{"rendered":"<p><strong>M\u00e4nner Schwarz Wildleder Freizeitschuhe<\/strong><\/p>\n<p>Erleben Sie unvergleichlichen Komfort und raffinierten Freizeitstil mit unseren exquisiten <b>M\u00e4nner Schwarz Wildleder Freizeitschuhe<\/b>. Diese Schuhe wurden f\u00fcr den modernen Mann entworfen, der sowohl \u00c4sthetik als auch Tragbarkeit sch\u00e4tzt. Sie sind eine perfekte Mischung aus klassischer Eleganz und moderner Funktionalit\u00e4t. Von einem gem\u00fctlichen Wochenendspaziergang bis hin zu einer l\u00e4ssigen B\u00fcroumgebung, diese <b>M\u00e4nner Schwarz Wildleder Freizeitschuhe<\/b> sind Ihre erste Wahl f\u00fcr vielseitiges Schuhwerk, das in Sachen Komfort und Stil keine Kompromisse eingeht.<\/p>\n<p><h3>Un\u00fcbertroffener Komfort und Qualit\u00e4t<\/h3>\n<\/p>\n<p>Erleben Sie Luxus von innen nach au\u00dfen. Das Obermaterial dieser bemerkenswerten <b>M\u00e4nner Schwarz Wildleder Freizeitschuhe<\/b> ist sorgf\u00e4ltig aus hochwertigem Kalbsveloursleder gefertigt und bietet eine weiche, samtige Textur und einen satten, tiefschwarzen Farbton, der Raffinesse ausstrahlt.<\/p>\n<p>Kalbsveloursleder ist bekannt f\u00fcr seine Strapazierf\u00e4higkeit und Geschmeidigkeit, so dass diese Schuhe nicht nur fantastisch aussehen, sondern auch den Test der Zeit bestehen. Innen werden Ihre F\u00fc\u00dfe von echtem Ziegenleder gef\u00fcttert und verw\u00f6hnt. Ziegenleder ist au\u00dfergew\u00f6hnlich weich, atmungsaktiv und passt sich wunderbar an Ihren Fu\u00df an. Es bietet ein unvergleichliches Ma\u00df an Komfort und beugt selbst nach l\u00e4ngerem Tragen Beschwerden vor.<\/p>\n<p>Diese Aufmerksamkeit f\u00fcr hochwertige Materialien zeichnet diese <b>M\u00e4nner Schwarz Wildleder Freizeitschuhe<\/b> auseinander.<\/p>\n<p><h3>F\u00fcr den allt\u00e4glichen Stil gemacht<\/h3>\n<\/p>\n<p>Die Gestaltung dieser <b>M\u00e4nner Schwarz Wildleder Freizeitschuhe<\/b> schafft ein perfektes Gleichgewicht zwischen einer traditionellen Loafer-\u00c4sthetik und einem sicheren Schn\u00fcrverschluss. Das vom Loafer inspirierte Design sorgt in Kombination mit den robusten Schn\u00fcrsenkeln f\u00fcr eine bequeme und verstellbare Passform und ist somit ideal f\u00fcr verschiedene Fu\u00dfformen. Die leichte EVA-Sohle in einem kontrastierenden hellgrauen Farbton ist nicht nur ein unverwechselbares optisches Element, sondern bietet auch hervorragende D\u00e4mpfung und Flexibilit\u00e4t.<\/p>\n<p>Mit einem bequemen niedrigen Absatz, ca. 1-3 cm, sind diese <b>M\u00e4nner Schwarz Wildleder Freizeitschuhe<\/b> bieten hervorragende Unterst\u00fctzung und Sto\u00dfd\u00e4mpfung, so dass jeder Schritt ein Vergn\u00fcgen ist. Diese innovative Sohlentechnologie sorgt daf\u00fcr, dass diese <b>M\u00e4nner Schwarz Wildleder Freizeitschuhe<\/b> sind nicht nur stilvoll, sondern auch unglaublich praktisch f\u00fcr den t\u00e4glichen Gebrauch.<\/p>\n<p><h3>Nachhaltige und intelligente Entscheidungen<\/h3>\n<\/p>\n<p>Erh\u00e4ltlich in einer breiten Palette von Gr\u00f6\u00dfen von 39 bis 45, finden Sie Ihre perfekte Passform f\u00fcr diese wesentlichen <b>M\u00e4nner Schwarz Wildleder Freizeitschuhe<\/b> ist m\u00fchelos. Egal, ob Sie ein Paar Jeans aufpeppen oder eine Chinohose erg\u00e4nzen, diese Schuhe f\u00fcgen sich nahtlos in Ihre Garderobe ein. F\u00fcr Einzelh\u00e4ndler oder diejenigen, die sich eindecken m\u00f6chten, sind diese au\u00dfergew\u00f6hnlichen <b>M\u00e4nner Schwarz Wildleder Freizeitschuhe<\/b> sind f\u00fcr Gro\u00dfbestellungen erh\u00e4ltlich, mit einer Mindestmenge von nur 8 Paaren, so dass Sie die Nachfrage problemlos decken k\u00f6nnen.<\/p>\n<p>Mit einer gesch\u00e4tzten Lieferzeit von 12 Tagen plus Versand m\u00fcssen Sie nicht lange warten, um diese Premium-Schuhe zu genie\u00dfen. Werten Sie Ihre Schuhkollektion mit einem Paar auf, das dauerhaften Stil, au\u00dfergew\u00f6hnlichen Komfort und erstklassige Handwerkskunst verspricht.<\/p>","protected":false},"excerpt":{"rendered":"<ul>\n<li>Obermaterial aus hochwertigem Kalbsveloursleder f\u00fcr ein anspruchsvolles Aussehen und Gef\u00fchl<\/li>\n<li>Luxuri\u00f6ses Ziegenleder-Innenfutter sorgt f\u00fcr au\u00dfergew\u00f6hnlichen Komfort und Atmungsaktivit\u00e4t<\/li>\n<li>Leichte und flexible EVA-Sohle bietet hervorragende D\u00e4mpfung f\u00fcr ganzt\u00e4gigen Tragekomfort<\/li>\n<li>Klassisches, vom Loafer inspiriertes Design mit sicherem Schn\u00fcrverschluss f\u00fcr eine perfekte Passform<\/li>\n<li>Bequemer niedriger Absatz (ca. 1-3 cm) f\u00fcr stabilen Halt<\/li>\n<li>Erh\u00e4ltlich in einer umfassenden Auswahl an Gr\u00f6\u00dfen: 39, 40, 41, 42, 43, 44, 45<\/li>\n<li>Verf\u00fcgbarkeit im Gro\u00dfhandel: Mindestbestellmenge von 8 Paaren<\/li>\n<\/ul>","protected":false},"featured_media":4095,"template":"","meta":{"_acf_changed":false,"_uag_custom_page_level_css":"","site-sidebar-layout":"default","site-content-layout":"","ast-site-content-layout":"default","site-content-style":"default","site-sidebar-style":"default","ast-global-header-display":"","ast-banner-title-visibility":"","ast-main-header-display":"","ast-hfb-above-header-display":"","ast-hfb-below-header-display":"","ast-hfb-mobile-header-display":"","site-post-title":"","ast-breadcrumbs-content":"","ast-featured-img":"","footer-sml-layout":"","ast-disable-related-posts":"","theme-transparent-header-meta":"","adv-header-id-meta":"","stick-header-meta":"","header-above-stick-meta":"","header-main-stick-meta":"","header-below-stick-meta":"","astra-migrate-meta-layouts":"default","ast-page-background-enabled":"default","ast-page-background-meta":{"desktop":{"background-color":"var(--ast-global-color-4)","background-image":"","background-repeat":"repeat","background-position":"center center","background-size":"auto","background-attachment":"scroll","background-type":"","background-media":"","overlay-type":"","overlay-color":"","overlay-opacity":"","overlay-gradient":""},"tablet":{"background-color":"","background-image":"","background-repeat":"repeat","background-position":"center center","background-size":"auto","background-attachment":"scroll","background-type":"","background-media":"","overlay-type":"","overlay-color":"","overlay-opacity":"","overlay-gradient":""},"mobile":{"background-color":"","background-image":"","background-repeat":"repeat","background-position":"center center","background-size":"auto","background-attachment":"scroll","background-type":"","background-media":"","overlay-type":"","overlay-color":"","overlay-opacity":"","overlay-gradient":""}},"ast-content-background-meta":{"desktop":{"background-color":"var(--ast-global-color-5)","background-image":"","background-repeat":"repeat","background-position":"center center","background-size":"auto","background-attachment":"scroll","background-type":"","background-media":"","overlay-type":"","overlay-color":"","overlay-opacity":"","overlay-gradient":""},"tablet":{"background-color":"var(--ast-global-color-5)","background-image":"","background-repeat":"repeat","background-position":"center center","background-size":"auto","background-attachment":"scroll","background-type":"","background-media":"","overlay-type":"","overlay-color":"","overlay-opacity":"","overlay-gradient":""},"mobile":{"background-color":"var(--ast-global-color-5)","background-image":"","background-repeat":"repeat","background-position":"center center","background-size":"auto","background-attachment":"scroll","background-type":"","background-media":"","overlay-type":"","overlay-color":"","overlay-opacity":"","overlay-gradient":""}}},"product_brand":[],"product_cat":[48,49,430,40],"product_tag":[1158,202,222,438,1159,189,991,198,917,283,281],"class_list":{"0":"post-6127","1":"product","2":"type-product","3":"status-publish","4":"has-post-thumbnail","6":"product_cat-casual","7":"product_cat-loafer","8":"product_cat-men","9":"product_cat-mens-shoes","10":"product_tag-black-suede","11":"product_tag-calf-leather","12":"product_tag-comfortable-shoes","13":"product_tag-eva-sole","14":"product_tag-everyday-footwear","15":"product_tag-goat-leather-lining","16":"product_tag-loafer-style","17":"product_tag-mens-fashion","18":"product_tag-premium-quality","19":"product_tag-suede-shoes","20":"product_tag-wholesale-shoes","21":"desktop-align-center","22":"tablet-align-center","23":"mobile-align-center","25":"first","26":"instock","27":"shipping-taxable","28":"purchasable","29":"product-type-variable","30":"has-default-attributes"},"acf":[],"uagb_featured_image_src":{"full":["https:\/\/turkishtrade.co\/wp-content\/uploads\/2026\/01\/2400EJOMN00473-BLACK-X_620-4-USD.png",453,250,false],"thumbnail":["https:\/\/turkishtrade.co\/wp-content\/uploads\/2026\/01\/2400EJOMN00473-BLACK-X_620-4-USD-150x150.png",150,150,true],"medium":["https:\/\/turkishtrade.co\/wp-content\/uploads\/2026\/01\/2400EJOMN00473-BLACK-X_620-4-USD-300x166.png",300,166,true],"medium_large":["https:\/\/turkishtrade.co\/wp-content\/uploads\/2026\/01\/2400EJOMN00473-BLACK-X_620-4-USD.png",453,250,false],"large":["https:\/\/turkishtrade.co\/wp-content\/uploads\/2026\/01\/2400EJOMN00473-BLACK-X_620-4-USD.png",453,250,false],"1536x1536":["https:\/\/turkishtrade.co\/wp-content\/uploads\/2026\/01\/2400EJOMN00473-BLACK-X_620-4-USD.png",453,250,false],"2048x2048":["https:\/\/turkishtrade.co\/wp-content\/uploads\/2026\/01\/2400EJOMN00473-BLACK-X_620-4-USD.png",453,250,false],"trp-custom-language-flag":["https:\/\/turkishtrade.co\/wp-content\/uploads\/2026\/01\/2400EJOMN00473-BLACK-X_620-4-USD-18x10.png",18,10,true],"woocommerce_thumbnail":["https:\/\/turkishtrade.co\/wp-content\/uploads\/2026\/01\/2400EJOMN00473-BLACK-X_620-4-USD-400x250.png",400,250,true],"woocommerce_single":["https:\/\/turkishtrade.co\/wp-content\/uploads\/2026\/01\/2400EJOMN00473-BLACK-X_620-4-USD.png",453,250,false],"woocommerce_gallery_thumbnail":["https:\/\/turkishtrade.co\/wp-content\/uploads\/2026\/01\/2400EJOMN00473-BLACK-X_620-4-USD-100x100.png",100,100,true]},"uagb_author_info":{"display_name":"yaser olabi","author_link":"https:\/\/turkishtrade.co\/de\/author\/"},"uagb_comment_info":0,"uagb_excerpt":"Premium Calf Suede Leather Upper for a sophisticated look and feel Luxurious Goat Leather Inner Lining ensures exceptional comfort and breathability Lightweight and Flexible EVA Sole provides superior cushioning for all-day wear Classic Loafer-Inspired Design with a secure lace-up closure for a perfect fit Comfortable Low Heel (approximately 1-3 cm) for stable support Available in&hellip;","_links":{"self":[{"href":"https:\/\/turkishtrade.co\/de\/wp-json\/wp\/v2\/product\/6127","targetHints":{"allow":["GET"]}}],"collection":[{"href":"https:\/\/turkishtrade.co\/de\/wp-json\/wp\/v2\/product"}],"about":[{"href":"https:\/\/turkishtrade.co\/de\/wp-json\/wp\/v2\/types\/product"}],"wp:featuredmedia":[{"embeddable":true,"href":"https:\/\/turkishtrade.co\/de\/wp-json\/wp\/v2\/media\/4095"}],"wp:attachment":[{"href":"https:\/\/turkishtrade.co\/de\/wp-json\/wp\/v2\/media?parent=6127"}],"wp:term":[{"taxonomy":"product_brand","embeddable":true,"href":"https:\/\/turkishtrade.co\/de\/wp-json\/wp\/v2\/product_brand?post=6127"},{"taxonomy":"product_cat","embeddable":true,"href":"https:\/\/turkishtrade.co\/de\/wp-json\/wp\/v2\/product_cat?post=6127"},{"taxonomy":"product_tag","embeddable":true,"href":"https:\/\/turkishtrade.co\/de\/wp-json\/wp\/v2\/product_tag?post=6127"}],"curies":[{"name":"wp","href":"https:\/\/api.w.org\/{rel}","templated":true}]}}