{"id":6125,"date":"2026-01-14T14:11:39","date_gmt":"2026-01-14T14:11:39","guid":{"rendered":"https:\/\/turkishtrade.co\/product\/mens-suede-casual-loafers-3\/"},"modified":"2026-04-09T19:12:21","modified_gmt":"2026-04-09T19:12:21","slug":"mens-suede-casual-loafers-3","status":"publish","type":"product","link":"https:\/\/turkishtrade.co\/de\/shop\/mens-suede-casual-loafers-3\/","title":{"rendered":"Premium Herren Wildleder Casual Loafers mit EVA-Sohle"},"content":{"rendered":"<p><strong>Herren Wildleder Casual Loafers<\/strong><\/p>\n<p>Erleben Sie unvergleichlichen Stil und Komfort mit unseren hochwertigen <b>Herren Wildleder Casual Loafers<\/b>. Diese au\u00dfergew\u00f6hnlichen Loafer wurden sorgf\u00e4ltig gefertigt, um sowohl Raffinesse als auch Leichtigkeit zu bieten und sind eine wesentliche Erg\u00e4nzung f\u00fcr die Garderobe jedes anspruchsvollen Herren. Perfekt f\u00fcr eine Reihe von Anl\u00e4ssen, von entspannten Wochenenden bis hin zu l\u00e4ssig-eleganten B\u00fcrosituationen, sind diese <b>Herren Wildleder Casual Loafers<\/b> definieren allt\u00e4gliche Eleganz und luxuri\u00f6sen Komfort neu.<\/p>\n<p>Das Obermaterial dieser exquisiten Schuhe besteht aus hochwertigem echtem Kalbsleder, das fachm\u00e4nnisch zu einem weichen, satten Wildleder verarbeitet wurde. Diese Materialwahl sorgt nicht nur f\u00fcr ein luxuri\u00f6ses Aussehen und Gef\u00fchl, sondern auch f\u00fcr Strapazierf\u00e4higkeit und Atmungsaktivit\u00e4t, damit Ihre F\u00fc\u00dfe den ganzen Tag \u00fcber bequem bleiben. Das elegante \u00c4u\u00dfere wird durch ein ebenso beeindruckendes Inneres erg\u00e4nzt, das vollst\u00e4ndig mit unglaublich weichem Ziegenleder gef\u00fcttert ist.<\/p>\n<p>Dieses hochwertige Futter umh\u00fcllt Ihre F\u00fc\u00dfe mit Weichheit, transportiert Feuchtigkeit ab und verhindert Irritationen. <b>Herren Wildleder Casual Loafers<\/b> ein wahres Vergn\u00fcgen, \u00fcber l\u00e4ngere Zeit zu tragen.<\/p>\n<p><h3>Un\u00fcbertroffener Komfort und handwerkliches K\u00f6nnen<\/h3>\n<\/p>\n<p>Diese klassischen Loafer sind mit einer leichten und flexiblen EVA-Sohle ausgestattet und bieten ultimativen Komfort. Die EVA-Sohle bietet eine hervorragende Sto\u00dfabsorption und D\u00e4mpfung, wodurch die Erm\u00fcdung der F\u00fc\u00dfe deutlich reduziert wird. Egal, ob Sie durch die Stra\u00dfen der Stadt laufen oder stundenlang auf den Beinen sind, die reaktionsfreudige Sohlentechnologie sorgt f\u00fcr einen federnden Schritt.<\/p>\n<p>Der niedrige, klassische Loafer-Absatz von ca. 1-3 cm verleiht dem Schuh einen dezenten Auftrieb, ohne die Stabilit\u00e4t zu beeintr\u00e4chtigen, und sorgt so f\u00fcr einen zeitlosen Look. Diese <b>Herren Wildleder Casual Loafers<\/b> sind langlebig und bieten dauerhaften Komfort, was sie zu einer klugen Investition f\u00fcr Ihre Schuhsammlung macht.<\/p>\n<p>Diese vielseitigen <b>Herren Wildleder Casual Loafers<\/b> sind in einer breiten Palette von Gr\u00f6\u00dfen von 39 bis 45 erh\u00e4ltlich, so dass sie f\u00fcr viele eine perfekte Passform bieten. Ihr bequemes Slip-on-Design macht sie unglaublich praktisch f\u00fcr schnelle Wechsel, w\u00e4hrend die durchdachte Konstruktion einen sicheren und bequemen Sitz garantiert. Genie\u00dfen Sie die perfekte Mischung aus traditioneller Handwerkskunst und modernem Komfort mit diesen au\u00dfergew\u00f6hnlichen <b>Herren Wildleder Casual Loafers<\/b>.<\/p>\n<p>Sie werten jedes Ensemble auf und sind sowohl stilvoll als auch praktisch f\u00fcr den modernen Mann.<\/p>\n<p><h3>Gro\u00dfbestellungen &amp; rechtzeitige Lieferung<\/h3>\n<\/p>\n<p>F\u00fcr Unternehmen, die hochwertiges Schuhwerk anbieten m\u00f6chten, sind diese Premium <b>Herren Wildleder Casual Loafers<\/b> sind bei einer Mindestbestellmenge von 8 Paaren als Gro\u00dfbestellung erh\u00e4ltlich. Wir sind stolz auf unsere p\u00fcnktliche Lieferung. Bestellungen werden in der Regel innerhalb von 12 Tagen zuz\u00fcglich der \u00fcblichen Versandzeit ausgeliefert. Investieren Sie in Qualit\u00e4t, Komfort und dauerhaften Stil, den Ihre Kunden sch\u00e4tzen werden, mit unserer Premium-Kollektion von <b>Herren Wildleder Casual Loafers<\/b>.<\/p>\n<p>Verbessern Sie Ihren Bestand mit diesen begehrten <b>Herren Wildleder Casual Loafers<\/b> und bieten Sie Ihrer Kundschaft ein unvergleichliches Schuherlebnis.<\/p>","protected":false},"excerpt":{"rendered":"<ul>\n<li>Obermaterial aus echtem Kalbsleder und Wildleder f\u00fcr ein luxuri\u00f6ses Gef\u00fchl<\/li>\n<li>Luxuri\u00f6ses Ziegenleder-Innenfutter f\u00fcr au\u00dfergew\u00f6hnlichen Komfort und Atmungsaktivit\u00e4t<\/li>\n<li>Leichte und flexible EVA-Sohle bietet hervorragende D\u00e4mpfung und Unterst\u00fctzung<\/li>\n<li>Niedriger, klassischer Loafer-Absatz (ca. 1-3 cm) f\u00fcr zeitlosen Stil<\/li>\n<li>Erh\u00e4ltlich in einer breiten Palette von Gr\u00f6\u00dfen: EU 39, 40, 41, 42, 43, 44, 45<\/li>\n<li>Mindestbestellmenge: 8 Paare (bei Gro\u00dfeinkauf erh\u00e4ltlich)<\/li>\n<li>Lieferzeit: 12 Tage + Versand f\u00fcr eine effiziente Auftragsabwicklung<\/li>\n<\/ul>","protected":false},"featured_media":4094,"template":"","meta":{"_acf_changed":false,"_uag_custom_page_level_css":"","site-sidebar-layout":"default","site-content-layout":"","ast-site-content-layout":"default","site-content-style":"default","site-sidebar-style":"default","ast-global-header-display":"","ast-banner-title-visibility":"","ast-main-header-display":"","ast-hfb-above-header-display":"","ast-hfb-below-header-display":"","ast-hfb-mobile-header-display":"","site-post-title":"","ast-breadcrumbs-content":"","ast-featured-img":"","footer-sml-layout":"","ast-disable-related-posts":"","theme-transparent-header-meta":"","adv-header-id-meta":"","stick-header-meta":"","header-above-stick-meta":"","header-main-stick-meta":"","header-below-stick-meta":"","astra-migrate-meta-layouts":"default","ast-page-background-enabled":"default","ast-page-background-meta":{"desktop":{"background-color":"var(--ast-global-color-4)","background-image":"","background-repeat":"repeat","background-position":"center center","background-size":"auto","background-attachment":"scroll","background-type":"","background-media":"","overlay-type":"","overlay-color":"","overlay-opacity":"","overlay-gradient":""},"tablet":{"background-color":"","background-image":"","background-repeat":"repeat","background-position":"center center","background-size":"auto","background-attachment":"scroll","background-type":"","background-media":"","overlay-type":"","overlay-color":"","overlay-opacity":"","overlay-gradient":""},"mobile":{"background-color":"","background-image":"","background-repeat":"repeat","background-position":"center center","background-size":"auto","background-attachment":"scroll","background-type":"","background-media":"","overlay-type":"","overlay-color":"","overlay-opacity":"","overlay-gradient":""}},"ast-content-background-meta":{"desktop":{"background-color":"var(--ast-global-color-5)","background-image":"","background-repeat":"repeat","background-position":"center center","background-size":"auto","background-attachment":"scroll","background-type":"","background-media":"","overlay-type":"","overlay-color":"","overlay-opacity":"","overlay-gradient":""},"tablet":{"background-color":"var(--ast-global-color-5)","background-image":"","background-repeat":"repeat","background-position":"center center","background-size":"auto","background-attachment":"scroll","background-type":"","background-media":"","overlay-type":"","overlay-color":"","overlay-opacity":"","overlay-gradient":""},"mobile":{"background-color":"var(--ast-global-color-5)","background-image":"","background-repeat":"repeat","background-position":"center center","background-size":"auto","background-attachment":"scroll","background-type":"","background-media":"","overlay-type":"","overlay-color":"","overlay-opacity":"","overlay-gradient":""}}},"product_brand":[],"product_cat":[48,49,430,40],"product_tag":[147,449,220,438,221,215,384,186,184,149],"class_list":{"0":"post-6125","1":"product","2":"type-product","3":"status-publish","4":"has-post-thumbnail","6":"product_cat-casual","7":"product_cat-loafer","8":"product_cat-men","9":"product_cat-mens-shoes","10":"product_tag-brown-loafers","11":"product_tag-casual-shoes","12":"product_tag-comfortable-loafers","13":"product_tag-eva-sole","14":"product_tag-genuine-leather","15":"product_tag-leather-loafers","16":"product_tag-luxury-loafers","17":"product_tag-mens-loafers","18":"product_tag-slip-on-shoes","19":"product_tag-suede-loafers","20":"desktop-align-center","21":"tablet-align-center","22":"mobile-align-center","24":"first","25":"instock","26":"shipping-taxable","27":"purchasable","28":"product-type-variable","29":"has-default-attributes"},"acf":[],"uagb_featured_image_src":{"full":["https:\/\/turkishtrade.co\/wp-content\/uploads\/2026\/01\/2400EJOMN00472-BROWN-X_7800-3-USD.png",453,250,false],"thumbnail":["https:\/\/turkishtrade.co\/wp-content\/uploads\/2026\/01\/2400EJOMN00472-BROWN-X_7800-3-USD-150x150.png",150,150,true],"medium":["https:\/\/turkishtrade.co\/wp-content\/uploads\/2026\/01\/2400EJOMN00472-BROWN-X_7800-3-USD-300x166.png",300,166,true],"medium_large":["https:\/\/turkishtrade.co\/wp-content\/uploads\/2026\/01\/2400EJOMN00472-BROWN-X_7800-3-USD.png",453,250,false],"large":["https:\/\/turkishtrade.co\/wp-content\/uploads\/2026\/01\/2400EJOMN00472-BROWN-X_7800-3-USD.png",453,250,false],"1536x1536":["https:\/\/turkishtrade.co\/wp-content\/uploads\/2026\/01\/2400EJOMN00472-BROWN-X_7800-3-USD.png",453,250,false],"2048x2048":["https:\/\/turkishtrade.co\/wp-content\/uploads\/2026\/01\/2400EJOMN00472-BROWN-X_7800-3-USD.png",453,250,false],"trp-custom-language-flag":["https:\/\/turkishtrade.co\/wp-content\/uploads\/2026\/01\/2400EJOMN00472-BROWN-X_7800-3-USD-18x10.png",18,10,true],"woocommerce_thumbnail":["https:\/\/turkishtrade.co\/wp-content\/uploads\/2026\/01\/2400EJOMN00472-BROWN-X_7800-3-USD-400x250.png",400,250,true],"woocommerce_single":["https:\/\/turkishtrade.co\/wp-content\/uploads\/2026\/01\/2400EJOMN00472-BROWN-X_7800-3-USD.png",453,250,false],"woocommerce_gallery_thumbnail":["https:\/\/turkishtrade.co\/wp-content\/uploads\/2026\/01\/2400EJOMN00472-BROWN-X_7800-3-USD-100x100.png",100,100,true]},"uagb_author_info":{"display_name":"yaser olabi","author_link":"https:\/\/turkishtrade.co\/de\/author\/"},"uagb_comment_info":0,"uagb_excerpt":"Crafted from genuine calf leather suede upper for a luxurious feel Luxurious goat leather inner lining ensures exceptional comfort and breathability Lightweight and flexible EVA sole provides superior cushioning and support Features a low, classic loafer heel (approximately 1-3 cm) for timeless style Available in a wide range of sizes: EU 39, 40, 41, 42,&hellip;","_links":{"self":[{"href":"https:\/\/turkishtrade.co\/de\/wp-json\/wp\/v2\/product\/6125","targetHints":{"allow":["GET"]}}],"collection":[{"href":"https:\/\/turkishtrade.co\/de\/wp-json\/wp\/v2\/product"}],"about":[{"href":"https:\/\/turkishtrade.co\/de\/wp-json\/wp\/v2\/types\/product"}],"wp:featuredmedia":[{"embeddable":true,"href":"https:\/\/turkishtrade.co\/de\/wp-json\/wp\/v2\/media\/4094"}],"wp:attachment":[{"href":"https:\/\/turkishtrade.co\/de\/wp-json\/wp\/v2\/media?parent=6125"}],"wp:term":[{"taxonomy":"product_brand","embeddable":true,"href":"https:\/\/turkishtrade.co\/de\/wp-json\/wp\/v2\/product_brand?post=6125"},{"taxonomy":"product_cat","embeddable":true,"href":"https:\/\/turkishtrade.co\/de\/wp-json\/wp\/v2\/product_cat?post=6125"},{"taxonomy":"product_tag","embeddable":true,"href":"https:\/\/turkishtrade.co\/de\/wp-json\/wp\/v2\/product_tag?post=6125"}],"curies":[{"name":"wp","href":"https:\/\/api.w.org\/{rel}","templated":true}]}}