{"id":6072,"date":"2026-01-14T14:05:31","date_gmt":"2026-01-14T14:05:31","guid":{"rendered":"https:\/\/turkishtrade.co\/product\/men-s-suede-loafers-4\/"},"modified":"2026-04-09T19:14:31","modified_gmt":"2026-04-09T19:14:31","slug":"mens-suede-loafers-4","status":"publish","type":"product","link":"https:\/\/turkishtrade.co\/de\/shop\/mens-suede-loafers-4\/","title":{"rendered":"Hochwertige Herren-Loafer aus Wildleder mit EVA-Sohle"},"content":{"rendered":"<p><strong>Herren Wildleder Loafers<\/strong><\/p>\n<p>Erleben Sie unvergleichlichen Komfort und klassischen Stil mit unserer exquisiten Kollektion von <strong>Herren-Slipper aus Wildleder<\/strong>. Diese Loafer wurden f\u00fcr anspruchsvolle Menschen entworfen und verbinden nahtlos traditionelle Handwerkskunst mit moderner Tragbarkeit. Perfekt f\u00fcr eine breite Palette von legeren und halb-formellen Anl\u00e4ssen, unsere Premium <strong>Herren-Slipper aus Wildleder<\/strong> sind eine unverzichtbare Erg\u00e4nzung f\u00fcr jedes Angebot an hochwertigen Schuhen, insbesondere f\u00fcr Gro\u00dfabnehmer, die au\u00dfergew\u00f6hnliche Produkte suchen.<\/p>\n<h3>Un\u00fcbertroffene Handwerkskunst und luxuri\u00f6se Materialien<\/h3>\n<p>Jedes Paar dieser eleganten <strong>Herren-Slipper aus Wildleder<\/strong> ist sorgf\u00e4ltig aus den besten Materialien gefertigt. Das \u00c4u\u00dfere besteht aus reichhaltigem, geschmeidigem Kalbsveloursleder, das eine luxuri\u00f6se Textur und ein anspruchsvolles Aussehen bietet, das sowohl langlebig als auch stilvoll ist. Erg\u00e4nzend zu dieser hochwertigen Au\u00dfenh\u00fclle ist das Innere mit weichem Ziegenleder gef\u00fcttert und bietet eine unglaublich weiche und atmungsaktive Umgebung f\u00fcr Ihre F\u00fc\u00dfe.<\/p>\n<p>Diese Materialkombination sorgt nicht nur f\u00fcr dauerhafte Qualit\u00e4t, sondern auch f\u00fcr \u00fcberragenden Komfort bei jedem Schritt, so dass diese <strong>Herren-Slipper aus Wildleder<\/strong> eine echte Investition in Stil und Luxus.<\/p>\n<h3>H\u00f6chster Komfort mit EVA-Sohle<\/h3>\n<p>Erleben Sie ganzt\u00e4gigen Komfort dank des innovativen Designs unserer <strong>Herren-Slipper aus Wildleder<\/strong>. Die elastische EVA-Sohle bietet au\u00dfergew\u00f6hnliche D\u00e4mpfung und leichte Flexibilit\u00e4t und erm\u00f6glicht m\u00fchelose Bewegungen. Mit einer klassischen Absatzh\u00f6he von 1 bis 3 cm bieten diese Loafer eine subtile Erh\u00f6hung, ohne dabei an Stabilit\u00e4t oder Komfort einzub\u00fc\u00dfen.<\/p>\n<p>Ob Sie durch die Stra\u00dfen der Stadt fahren oder ein entspanntes Wochenende genie\u00dfen, diese vielseitigen <strong>Herren-Slipper aus Wildleder<\/strong> bieten eine bequeme und st\u00fctzende Passform. Die vom Mokassin inspirierten N\u00e4hte und die elegante Schn\u00fcrung unterstreichen die zeitlose Anziehungskraft des Schuhs, der in einer breiten Gr\u00f6\u00dfenpalette von 39 bis 45 erh\u00e4ltlich ist, um einer Vielzahl von Kunden gerecht zu werden.<\/p>\n<h3>Gro\u00dfhandelsexzellenz &amp; p\u00fcnktliche Lieferung<\/h3>\n<p>F\u00fcr Unternehmen, die qualitativ hochwertiges Schuhwerk anbieten m\u00f6chten, ist unser ausgezeichnetes <strong>Herren-Slipper aus Wildleder<\/strong> sind eine ideale Wahl. Wir bieten diese Premium-Schuhe f\u00fcr den Gro\u00dfhandel mit einer Mindestbestellmenge von 8 Paar an, so dass Sie Ihren Kundenstamm bequem bedienen k\u00f6nnen. Erh\u00e4ltlich in einer vielseitigen Farbpalette, darunter auff\u00e4lliges Blau, sattes Braun und warmes Hellbraun, sind diese stilvollen Loafer f\u00fcr unterschiedliche Geschm\u00e4cker geeignet.<\/p>\n<p>Wir garantieren eine zuverl\u00e4ssige Lieferzeit von 12 Tagen plus Versand, so dass Sie Ihren Bestand sicher planen k\u00f6nnen. Erh\u00f6hen Sie Ihre Sammlung mit diesen au\u00dfergew\u00f6hnlichen <strong>Herren-Slipper aus Wildleder<\/strong> und versorgen Sie Ihre Kunden mit Schuhen, die Luxus, Komfort und dauerhaften Stil vereinen.<\/p>","protected":false},"excerpt":{"rendered":"<ul>\n<li><b>Exquisite Materialien:<\/b> Gefertigt aus luxuri\u00f6sem Kalbsveloursleder au\u00dfen und weichem Ziegenleder innen f\u00fcr ultimativen Komfort.<\/li>\n<li><b>Leichte EVA-Sohle:<\/b> Die strapazierf\u00e4hige und gepolsterte EVA-Sohle sorgt f\u00fcr ganzt\u00e4gigen Tragekomfort und hat einen dezenten 1-3 cm hohen Absatz.<\/li>\n<li><b>Klassischer Loafer-Stil:<\/b> Zeitloses Design, erh\u00e4ltlich in den Gr\u00f6\u00dfen 39-45, perfekt f\u00fcr einen raffinierten Freizeitlook.<\/li>\n<li><b>Gelegenheit f\u00fcr den Gro\u00dfhandel:<\/b> Erh\u00e4ltlich f\u00fcr den Gro\u00dfeinkauf mit einer Mindestbestellmenge von 8 Paaren.<\/li>\n<\/ul>","protected":false},"featured_media":4058,"template":"","meta":{"_acf_changed":false,"_uag_custom_page_level_css":"","site-sidebar-layout":"default","site-content-layout":"","ast-site-content-layout":"default","site-content-style":"default","site-sidebar-style":"default","ast-global-header-display":"","ast-banner-title-visibility":"","ast-main-header-display":"","ast-hfb-above-header-display":"","ast-hfb-below-header-display":"","ast-hfb-mobile-header-display":"","site-post-title":"","ast-breadcrumbs-content":"","ast-featured-img":"","footer-sml-layout":"","ast-disable-related-posts":"","theme-transparent-header-meta":"default","adv-header-id-meta":"","stick-header-meta":"","header-above-stick-meta":"","header-main-stick-meta":"","header-below-stick-meta":"","astra-migrate-meta-layouts":"set","ast-page-background-enabled":"default","ast-page-background-meta":{"desktop":{"background-color":"var(--ast-global-color-4)","background-image":"","background-repeat":"repeat","background-position":"center center","background-size":"auto","background-attachment":"scroll","background-type":"","background-media":"","overlay-type":"","overlay-color":"","overlay-opacity":"","overlay-gradient":""},"tablet":{"background-color":"","background-image":"","background-repeat":"repeat","background-position":"center center","background-size":"auto","background-attachment":"scroll","background-type":"","background-media":"","overlay-type":"","overlay-color":"","overlay-opacity":"","overlay-gradient":""},"mobile":{"background-color":"","background-image":"","background-repeat":"repeat","background-position":"center center","background-size":"auto","background-attachment":"scroll","background-type":"","background-media":"","overlay-type":"","overlay-color":"","overlay-opacity":"","overlay-gradient":""}},"ast-content-background-meta":{"desktop":{"background-color":"var(--ast-global-color-5)","background-image":"","background-repeat":"repeat","background-position":"center center","background-size":"auto","background-attachment":"scroll","background-type":"","background-media":"","overlay-type":"","overlay-color":"","overlay-opacity":"","overlay-gradient":""},"tablet":{"background-color":"var(--ast-global-color-5)","background-image":"","background-repeat":"repeat","background-position":"center center","background-size":"auto","background-attachment":"scroll","background-type":"","background-media":"","overlay-type":"","overlay-color":"","overlay-opacity":"","overlay-gradient":""},"mobile":{"background-color":"var(--ast-global-color-5)","background-image":"","background-repeat":"repeat","background-position":"center center","background-size":"auto","background-attachment":"scroll","background-type":"","background-media":"","overlay-type":"","overlay-color":"","overlay-opacity":"","overlay-gradient":""}}},"product_brand":[],"product_cat":[48,49,430,40],"product_tag":[317,348,1028,512,271,287,189,215,198,921,1091,184,283,1146,254],"class_list":{"0":"post-6072","1":"product","2":"type-product","3":"status-publish","4":"has-post-thumbnail","6":"product_cat-casual","7":"product_cat-loafer","8":"product_cat-men","9":"product_cat-mens-shoes","10":"product_tag-blue-suede-shoes","11":"product_tag-brown-suede-shoes","12":"product_tag-calf-suede","13":"product_tag-casual-loafers","14":"product_tag-deck-shoes","15":"product_tag-eva-sole-shoes","16":"product_tag-goat-leather-lining","17":"product_tag-leather-loafers","18":"product_tag-mens-fashion","19":"product_tag-mens-suede-loafers","20":"product_tag-moccasin-shoes","21":"product_tag-slip-on-shoes","22":"product_tag-suede-shoes","23":"product_tag-tan-suede-shoes","24":"product_tag-wholesale-footwear","25":"desktop-align-center","26":"tablet-align-center","27":"mobile-align-center","29":"first","30":"instock","31":"sale","32":"shipping-taxable","33":"purchasable","34":"product-type-variable","35":"has-default-attributes"},"acf":[],"uagb_featured_image_src":{"full":["https:\/\/turkishtrade.co\/wp-content\/uploads\/2026\/01\/2400EJOMN00227-SMOKED-X_620-4-USD.png",453,250,false],"thumbnail":["https:\/\/turkishtrade.co\/wp-content\/uploads\/2026\/01\/2400EJOMN00227-SMOKED-X_620-4-USD-150x150.png",150,150,true],"medium":["https:\/\/turkishtrade.co\/wp-content\/uploads\/2026\/01\/2400EJOMN00227-SMOKED-X_620-4-USD-300x166.png",300,166,true],"medium_large":["https:\/\/turkishtrade.co\/wp-content\/uploads\/2026\/01\/2400EJOMN00227-SMOKED-X_620-4-USD.png",453,250,false],"large":["https:\/\/turkishtrade.co\/wp-content\/uploads\/2026\/01\/2400EJOMN00227-SMOKED-X_620-4-USD.png",453,250,false],"1536x1536":["https:\/\/turkishtrade.co\/wp-content\/uploads\/2026\/01\/2400EJOMN00227-SMOKED-X_620-4-USD.png",453,250,false],"2048x2048":["https:\/\/turkishtrade.co\/wp-content\/uploads\/2026\/01\/2400EJOMN00227-SMOKED-X_620-4-USD.png",453,250,false],"trp-custom-language-flag":["https:\/\/turkishtrade.co\/wp-content\/uploads\/2026\/01\/2400EJOMN00227-SMOKED-X_620-4-USD-18x10.png",18,10,true],"woocommerce_thumbnail":["https:\/\/turkishtrade.co\/wp-content\/uploads\/2026\/01\/2400EJOMN00227-SMOKED-X_620-4-USD-400x250.png",400,250,true],"woocommerce_single":["https:\/\/turkishtrade.co\/wp-content\/uploads\/2026\/01\/2400EJOMN00227-SMOKED-X_620-4-USD.png",453,250,false],"woocommerce_gallery_thumbnail":["https:\/\/turkishtrade.co\/wp-content\/uploads\/2026\/01\/2400EJOMN00227-SMOKED-X_620-4-USD-100x100.png",100,100,true]},"uagb_author_info":{"display_name":"yaser olabi","author_link":"https:\/\/turkishtrade.co\/de\/author\/"},"uagb_comment_info":0,"uagb_excerpt":"Exquisite Materials: Crafted from luxurious calf suede leather exterior and soft goat leather interior for ultimate comfort. Lightweight EVA Sole: Features a durable and cushioned EVA sole, ensuring all-day wearability with a subtle 1-3 cm heel. Classic Loafer Style: Timeless design available in sizes 39-45, perfect for a refined casual look. Wholesale Opportunity: Available for&hellip;","_links":{"self":[{"href":"https:\/\/turkishtrade.co\/de\/wp-json\/wp\/v2\/product\/6072","targetHints":{"allow":["GET"]}}],"collection":[{"href":"https:\/\/turkishtrade.co\/de\/wp-json\/wp\/v2\/product"}],"about":[{"href":"https:\/\/turkishtrade.co\/de\/wp-json\/wp\/v2\/types\/product"}],"wp:featuredmedia":[{"embeddable":true,"href":"https:\/\/turkishtrade.co\/de\/wp-json\/wp\/v2\/media\/4058"}],"wp:attachment":[{"href":"https:\/\/turkishtrade.co\/de\/wp-json\/wp\/v2\/media?parent=6072"}],"wp:term":[{"taxonomy":"product_brand","embeddable":true,"href":"https:\/\/turkishtrade.co\/de\/wp-json\/wp\/v2\/product_brand?post=6072"},{"taxonomy":"product_cat","embeddable":true,"href":"https:\/\/turkishtrade.co\/de\/wp-json\/wp\/v2\/product_cat?post=6072"},{"taxonomy":"product_tag","embeddable":true,"href":"https:\/\/turkishtrade.co\/de\/wp-json\/wp\/v2\/product_tag?post=6072"}],"curies":[{"name":"wp","href":"https:\/\/api.w.org\/{rel}","templated":true}]}}