{"id":6066,"date":"2026-01-14T14:04:47","date_gmt":"2026-01-14T14:04:47","guid":{"rendered":"https:\/\/turkishtrade.co\/product\/men-s-suede-casual-loafers-4\/"},"modified":"2026-04-09T19:14:40","modified_gmt":"2026-04-09T19:14:40","slug":"mens-suede-casual-loafers-4","status":"publish","type":"product","link":"https:\/\/turkishtrade.co\/de\/shop\/mens-suede-casual-loafers-4\/","title":{"rendered":"Premium Herren Wildleder Casual Loafers"},"content":{"rendered":"<p><strong>Herren Wildleder Casual Loafers<\/strong><\/p>\n<p>Erleben Sie unvergleichlichen Stil und Komfort mit unserem exquisiten <b>Premium Herren Wildleder Casual Loafers<\/b>. Diese Loafer wurden f\u00fcr den modernen Gentleman entworfen, der sowohl Raffinesse als auch Leichtigkeit sch\u00e4tzt. Sie sind ein Beweis f\u00fcr hervorragende Handwerkskunst und durchdachtes Design. Perfekt f\u00fcr eine breite Palette von Casual- und Smart-Casual-Anl\u00e4ssen, verbinden sie m\u00fchelos zeitlose Eleganz mit modernem Komfort.<\/p>\n<p><h3>Un\u00fcbertroffener Komfort und hochwertige Materialien<\/h3>\n<\/p>\n<p>Jedes Paar unserer <b>Herren Wildleder Casual Loafers<\/b> ist sorgf\u00e4ltig mit einem Premium-Kalbsveloursleder-Obermaterial gefertigt. Dieses hochwertige Material bietet eine weiche, luxuri\u00f6se Textur, die sowohl optisch ansprechend als auch unglaublich langlebig ist. Das reiche Wildleder entwickelt im Laufe der Zeit eine sch\u00f6ne Patina, die daf\u00fcr sorgt, dass Ihre Loafer anmutig altern und ihren besonderen Reiz behalten. Erleben Sie den Unterschied, den echtes, hochwertiges Kalbsleder sowohl im Aussehen als auch in der Haptik ausmacht.<\/p>\n<p>Innen werden Ihre F\u00fc\u00dfe von einem butterweichen Futter aus Ziegenleder umschmeichelt. Dieses nat\u00fcrliche Material bietet au\u00dfergew\u00f6hnliche Atmungsaktivit\u00e4t und feuchtigkeitsableitende Eigenschaften, damit Ihre F\u00fc\u00dfe den ganzen Tag \u00fcber bequem und trocken bleiben. Die sanfte Umarmung des Ziegenleders macht diese Schuhe zu den idealen <b>Herren Wildleder Casual Loafers<\/b> f\u00fcr langes Tragen, egal ob Sie sich in der Stadt bewegen oder ein entspanntes Wochenende genie\u00dfen.<\/p>\n<p><h3>Innovatives Design und vielseitiger Stil<\/h3>\n<\/p>\n<p>Die Grundlage dieser bemerkenswerten Schuhe ist eine robuste und dennoch unglaublich leichte EVA-Sohle. Dieses innovative Material bietet eine hervorragende D\u00e4mpfung und \u00fcberragende Sto\u00dfabsorption und sorgt f\u00fcr ein bemerkenswert komfortables Lauferlebnis, das den ganzen Tag anh\u00e4lt. Der klassisch niedrige Absatz (1-3 cm) sorgt f\u00fcr zus\u00e4tzliche Stabilit\u00e4t und gew\u00e4hrleistet, dass diese <b>Herren Wildleder Casual Loafers<\/b> eignen sich f\u00fcr ein breites Spektrum an zwanglosen und halbformellen Anl\u00e4ssen.<\/p>\n<p>Die klobige, strukturierte Sohle verleiht der traditionellen Loafer-Silhouette einen modernen, modischen Touch, der sie wirklich einzigartig macht.<\/p>\n<p>Erh\u00e4ltlich in einer vielseitigen Palette anspruchsvoller Farben, darunter kr\u00e4ftiges Braun, tiefes Marineblau und elegantes Grau, erg\u00e4nzen diese Slipper m\u00fchelos jede Garderobe. Egal, ob Sie zu einem legeren Gesch\u00e4ftstreffen, einem Brunch am Wochenende oder einfach zu einem gem\u00fctlichen Ausflug aufbrechen, diese <b>Herren Wildleder Casual Loafers<\/b> sind Ihr perfekter Begleiter. Ihre zeitlose Loafer-Silhouette kombiniert mit der modernen EVA-Sohle schafft eine einzigartige \u00c4sthetik, die sowohl klassisch als auch trendig ist.<\/p>\n<p><h3>Gro\u00dfhandelschance und Qualit\u00e4tssicherung<\/h3>\n<\/p>\n<p>Wir kennen die Anforderungen unserer Gesch\u00e4ftspartner an Qualit\u00e4t und rechtzeitige Lieferung. Diese Premium <b>Herren Wildleder Casual Loafers<\/b> sind ab einer Mindestbestellmenge von 8 Paaren f\u00fcr den Gro\u00dfhandel erh\u00e4ltlich. Unser effizienter Produktionsprozess sorgt daf\u00fcr, dass Ihre Bestellung innerhalb von 12 Tagen versandfertig ist, gefolgt von der Lieferung per Standardfracht. Wir sind stolz darauf, au\u00dfergew\u00f6hnliche Qualit\u00e4tsschuhe zu liefern, die den h\u00f6chsten internationalen Standards entsprechen.<\/p>\n<p>Mit einem umfassenden Angebot an Gr\u00f6\u00dfen von EU 39 bis 45 gew\u00e4hrleisten wir eine perfekte Passform f\u00fcr einen vielf\u00e4ltigen Kundenkreis. Jede Naht und jedes Detail spiegelt das Engagement f\u00fcr Exzellenz und traditionelle Schuhmacherkunst wider und macht diese Schuhe zu mehr als nur einem Schuh - sie sind eine Investition in Stil und dauerhaften Komfort. Werten Sie Ihre Kollektion auf und versorgen Sie Ihre Kunden mit diesen unverzichtbaren <b>Herren Wildleder Casual Loafers<\/b>, f\u00fcr den anspruchsvollen Geschmack und unvergleichlichen Luxus im Alltag.<\/p>","protected":false},"excerpt":{"rendered":"<ul>\n<li><b>Obermaterial:<\/b> Hochwertiges Kalbsveloursleder f\u00fcr eine luxuri\u00f6se Textur und einen anspruchsvollen Look.<\/li>\n<li><b>Innenfutter:<\/b> Weiches Ziegenleder sorgt f\u00fcr h\u00f6chsten Komfort und Atmungsaktivit\u00e4t.<\/li>\n<li><b>Seezunge:<\/b> Leichte und strapazierf\u00e4hige EVA-Sohle f\u00fcr hervorragende D\u00e4mpfung und ganzt\u00e4gigen Komfort.<\/li>\n<li><b>Absatzh\u00f6he:<\/b> Klassisch niedriger Absatz (1-3 cm) f\u00fcr einen bequemen und stabilen Gang.<\/li>\n<li><b>Verf\u00fcgbare Gr\u00f6\u00dfen:<\/b> EU 39, 40, 41, 42, 43, 44, 45 f\u00fcr eine breite Palette von F\u00fc\u00dfen.<\/li>\n<li><b>Verf\u00fcgbarkeit im Gro\u00dfhandel:<\/b> Mindestbestellmenge von 8 Paaren.<\/li>\n<li><b>Lieferzeiten:<\/b> Produktion und Versand erfolgen in der Regel innerhalb von 12 Tagen, zuz\u00fcglich Versandzeit.<\/li>\n<\/ul>","protected":false},"featured_media":4052,"template":"","meta":{"_acf_changed":false,"_uag_custom_page_level_css":"","site-sidebar-layout":"default","site-content-layout":"","ast-site-content-layout":"default","site-content-style":"default","site-sidebar-style":"default","ast-global-header-display":"","ast-banner-title-visibility":"","ast-main-header-display":"","ast-hfb-above-header-display":"","ast-hfb-below-header-display":"","ast-hfb-mobile-header-display":"","site-post-title":"","ast-breadcrumbs-content":"","ast-featured-img":"","footer-sml-layout":"","ast-disable-related-posts":"","theme-transparent-header-meta":"","adv-header-id-meta":"","stick-header-meta":"","header-above-stick-meta":"","header-main-stick-meta":"","header-below-stick-meta":"","astra-migrate-meta-layouts":"default","ast-page-background-enabled":"default","ast-page-background-meta":{"desktop":{"background-color":"var(--ast-global-color-4)","background-image":"","background-repeat":"repeat","background-position":"center center","background-size":"auto","background-attachment":"scroll","background-type":"","background-media":"","overlay-type":"","overlay-color":"","overlay-opacity":"","overlay-gradient":""},"tablet":{"background-color":"","background-image":"","background-repeat":"repeat","background-position":"center center","background-size":"auto","background-attachment":"scroll","background-type":"","background-media":"","overlay-type":"","overlay-color":"","overlay-opacity":"","overlay-gradient":""},"mobile":{"background-color":"","background-image":"","background-repeat":"repeat","background-position":"center center","background-size":"auto","background-attachment":"scroll","background-type":"","background-media":"","overlay-type":"","overlay-color":"","overlay-opacity":"","overlay-gradient":""}},"ast-content-background-meta":{"desktop":{"background-color":"var(--ast-global-color-5)","background-image":"","background-repeat":"repeat","background-position":"center center","background-size":"auto","background-attachment":"scroll","background-type":"","background-media":"","overlay-type":"","overlay-color":"","overlay-opacity":"","overlay-gradient":""},"tablet":{"background-color":"var(--ast-global-color-5)","background-image":"","background-repeat":"repeat","background-position":"center center","background-size":"auto","background-attachment":"scroll","background-type":"","background-media":"","overlay-type":"","overlay-color":"","overlay-opacity":"","overlay-gradient":""},"mobile":{"background-color":"var(--ast-global-color-5)","background-image":"","background-repeat":"repeat","background-position":"center center","background-size":"auto","background-attachment":"scroll","background-type":"","background-media":"","overlay-type":"","overlay-color":"","overlay-opacity":"","overlay-gradient":""}}},"product_brand":[],"product_cat":[48,49,430,40],"product_tag":[147,202,449,220,1145,438,437,1096,217,198,186,557,279,362,184,149,281],"class_list":{"0":"post-6066","1":"product","2":"type-product","3":"status-publish","4":"has-post-thumbnail","6":"product_cat-casual","7":"product_cat-loafer","8":"product_cat-men","9":"product_cat-mens-shoes","10":"product_tag-brown-loafers","11":"product_tag-calf-leather","12":"product_tag-casual-shoes","13":"product_tag-comfortable-loafers","14":"product_tag-durable-sole","15":"product_tag-eva-sole","16":"product_tag-goat-leather","17":"product_tag-grey-loafers","18":"product_tag-luxury-footwear","19":"product_tag-mens-fashion","20":"product_tag-mens-loafers","21":"product_tag-navy-loafers","22":"product_tag-penny-loafers","23":"product_tag-premium-footwear","24":"product_tag-slip-on-shoes","25":"product_tag-suede-loafers","26":"product_tag-wholesale-shoes","27":"desktop-align-center","28":"tablet-align-center","29":"mobile-align-center","31":"first","32":"instock","33":"shipping-taxable","34":"purchasable","35":"product-type-variable","36":"has-default-attributes"},"acf":[],"uagb_featured_image_src":{"full":["https:\/\/turkishtrade.co\/wp-content\/uploads\/2026\/01\/2400EJOMN00225-STONE-X_083-4-USD.png",453,250,false],"thumbnail":["https:\/\/turkishtrade.co\/wp-content\/uploads\/2026\/01\/2400EJOMN00225-STONE-X_083-4-USD-150x150.png",150,150,true],"medium":["https:\/\/turkishtrade.co\/wp-content\/uploads\/2026\/01\/2400EJOMN00225-STONE-X_083-4-USD-300x166.png",300,166,true],"medium_large":["https:\/\/turkishtrade.co\/wp-content\/uploads\/2026\/01\/2400EJOMN00225-STONE-X_083-4-USD.png",453,250,false],"large":["https:\/\/turkishtrade.co\/wp-content\/uploads\/2026\/01\/2400EJOMN00225-STONE-X_083-4-USD.png",453,250,false],"1536x1536":["https:\/\/turkishtrade.co\/wp-content\/uploads\/2026\/01\/2400EJOMN00225-STONE-X_083-4-USD.png",453,250,false],"2048x2048":["https:\/\/turkishtrade.co\/wp-content\/uploads\/2026\/01\/2400EJOMN00225-STONE-X_083-4-USD.png",453,250,false],"trp-custom-language-flag":["https:\/\/turkishtrade.co\/wp-content\/uploads\/2026\/01\/2400EJOMN00225-STONE-X_083-4-USD-18x10.png",18,10,true],"woocommerce_thumbnail":["https:\/\/turkishtrade.co\/wp-content\/uploads\/2026\/01\/2400EJOMN00225-STONE-X_083-4-USD-400x250.png",400,250,true],"woocommerce_single":["https:\/\/turkishtrade.co\/wp-content\/uploads\/2026\/01\/2400EJOMN00225-STONE-X_083-4-USD.png",453,250,false],"woocommerce_gallery_thumbnail":["https:\/\/turkishtrade.co\/wp-content\/uploads\/2026\/01\/2400EJOMN00225-STONE-X_083-4-USD-100x100.png",100,100,true]},"uagb_author_info":{"display_name":"yaser olabi","author_link":"https:\/\/turkishtrade.co\/de\/author\/"},"uagb_comment_info":0,"uagb_excerpt":"Upper Material: Premium Calf Suede for a luxurious texture and sophisticated look. Inner Lining: Soft Goat Leather ensuring superior comfort and breathability. Sole: Lightweight and durable EVA sole for excellent cushioning and all-day comfort. Heel Height: Classic low heel (1-3 cm) providing a comfortable and stable stride. Available Sizes: EU 39, 40, 41, 42, 43,&hellip;","_links":{"self":[{"href":"https:\/\/turkishtrade.co\/de\/wp-json\/wp\/v2\/product\/6066","targetHints":{"allow":["GET"]}}],"collection":[{"href":"https:\/\/turkishtrade.co\/de\/wp-json\/wp\/v2\/product"}],"about":[{"href":"https:\/\/turkishtrade.co\/de\/wp-json\/wp\/v2\/types\/product"}],"wp:featuredmedia":[{"embeddable":true,"href":"https:\/\/turkishtrade.co\/de\/wp-json\/wp\/v2\/media\/4052"}],"wp:attachment":[{"href":"https:\/\/turkishtrade.co\/de\/wp-json\/wp\/v2\/media?parent=6066"}],"wp:term":[{"taxonomy":"product_brand","embeddable":true,"href":"https:\/\/turkishtrade.co\/de\/wp-json\/wp\/v2\/product_brand?post=6066"},{"taxonomy":"product_cat","embeddable":true,"href":"https:\/\/turkishtrade.co\/de\/wp-json\/wp\/v2\/product_cat?post=6066"},{"taxonomy":"product_tag","embeddable":true,"href":"https:\/\/turkishtrade.co\/de\/wp-json\/wp\/v2\/product_tag?post=6066"}],"curies":[{"name":"wp","href":"https:\/\/api.w.org\/{rel}","templated":true}]}}