{"id":6061,"date":"2026-01-14T14:04:06","date_gmt":"2026-01-14T14:04:06","guid":{"rendered":"https:\/\/turkishtrade.co\/product\/men-s-suede-penny-loafers\/"},"modified":"2026-04-09T19:14:50","modified_gmt":"2026-04-09T19:14:50","slug":"mens-suede-penny-loafers-2","status":"publish","type":"product","link":"https:\/\/turkishtrade.co\/de\/shop\/mens-suede-penny-loafers-2\/","title":{"rendered":"Herren Casual Wildleder Penny Loafers"},"content":{"rendered":"<p><strong>Herren Penny Loafers aus Wildleder<\/strong><\/p>\n<p>Entdecken Sie die perfekte Mischung aus anspruchsvollem Stil und unvergleichlichem Komfort mit unserer exklusiven Kollektion von <b>Herren Penny Loafers aus Wildleder<\/b>. Diese sorgf\u00e4ltig f\u00fcr den anspruchsvollen Gentleman entworfenen Loafer definieren l\u00e4ssige Eleganz neu und bieten eine vielseitige Schuhoption, die nahtlos von entspannten Wochenenden zu l\u00e4ssig-eleganten B\u00fcroumgebungen \u00fcbergeht. Jedes Paar <b>Herren Penny Loafers aus Wildleder<\/b> ist ein Beweis f\u00fcr \u00fcberlegene Handwerkskunst und kombiniert hochwertige Materialien mit einem zeitlosen Design, das nie aus der Mode kommt.<\/p>\n<p><h3>Unerreichter Komfort und erstklassige Handwerkskunst<\/h3>\n<\/p>\n<p>Erleben Sie h\u00f6chsten Komfort bei jedem Schritt, dank der durchdachten Konstruktion dieser au\u00dfergew\u00f6hnlichen Loafer. Das \u00c4u\u00dfere unserer <b>Herren Penny Loafers aus Wildleder<\/b> ist aus feinstem, echtem Kalbsveloursleder gefertigt, das f\u00fcr seine luxuri\u00f6se Textur, seine Langlebigkeit und seine ansprechende Optik bekannt ist. Erg\u00e4nzt wird dieses exquisite \u00c4u\u00dfere durch ein butterweiches Futter aus Ziegenleder, das den ganzen Tag \u00fcber f\u00fcr Atmungsaktivit\u00e4t und ein angenehmes Gef\u00fchl auf der Haut sorgt.<\/p>\n<p>Die Innenausstattung ist so konzipiert, dass sie sich Ihrem Fu\u00df anpasst und eine individuelle Passform bietet, die ein lang anhaltendes Tragen erm\u00f6glicht. Was diese Schuhe wirklich auszeichnet <b>Herren Penny Loafers aus Wildleder<\/b> ist ihre innovative EVA-Sohle. Im Gegensatz zu herk\u00f6mmlichen schweren Sohlen bietet das leichte EVA-Material au\u00dfergew\u00f6hnliche Flexibilit\u00e4t, hervorragende Sto\u00dfd\u00e4mpfung und zuverl\u00e4ssige Traktion, was sie auch bei l\u00e4ngerem Tragen unglaublich bequem macht.<\/p>\n<p>Diese moderne Sohlenwahl verwandelt den klassischen Penny Loafer in ein zeitgem\u00e4\u00dfes Essential f\u00fcr den aktiven, stilbewussten Mann.<\/p>\n<p><h3>Vielseitiger Stil f\u00fcr jede Gelegenheit<\/h3>\n<\/p>\n<p>Die zeitlose Silhouette des Penny Loafer wurde f\u00fcr die moderne Garderobe fachm\u00e4nnisch aktualisiert. Unser <b>Herren Penny Loafers aus Wildleder<\/b> sind mit dem kultigen Sattelriemen \u00fcber dem Vorderblatt ausgestattet, der ihnen einen Hauch von klassischer Raffinesse verleiht. Die klaren Linien und raffinierten N\u00e4hte sprechen B\u00e4nde \u00fcber die Liebe zum Detail, die in jedes Paar investiert wird.<\/p>\n<p>Egal, ob Sie sich f\u00fcr das leuchtende Blau entscheiden, um einen Akzent zu setzen, oder f\u00fcr das erdige Braun, wenn Sie dezente Eleganz bevorzugen - diese Loafer sind so konzipiert, dass sie eine breite Palette von Outfits erg\u00e4nzen. Kombinieren Sie sie mit Chinos und einem Hemd mit Knopfleiste f\u00fcr einen eleganten Freizeitlook oder mit ma\u00dfgeschneiderten Shorts f\u00fcr ein elegantes Sommerensemble. Von legeren Gesch\u00e4ftstreffen bis hin zu gesellschaftlichen Anl\u00e4ssen, diese <b>Herren Penny Loafers aus Wildleder<\/b> sorgen daf\u00fcr, dass Sie tadellos gestylt aussehen und gleichzeitig h\u00f6chsten Komfort genie\u00dfen.<\/p>\n<p>Unsere Sammlung von <b>Herren Penny Loafers aus Wildleder<\/b> ist in einer breiten Palette europ\u00e4ischer Gr\u00f6\u00dfen von 39 bis 45 erh\u00e4ltlich, so dass f\u00fcr jeden Herrn die richtige Gr\u00f6\u00dfe dabei ist. Unser Angebot richtet sich sowohl an stilbewusste Einzelpersonen als auch an Unternehmen, die auf der Suche nach hochwertigen Schuhen in gro\u00dfen Mengen sind. Mit einer Mindestbestellmenge von nur 8 Paar und einer Lieferzeit von ca. 12 Tagen plus Versand ist der Erwerb dieser hochwertigen Loafer unkompliziert und effizient.<\/p>\n<p>Werten Sie Ihre Schuhkollektion auf oder erweitern Sie Ihr Einzelhandelsangebot mit diesen Must-Haves <b>Herren Penny Loafers aus Wildleder<\/b>.<\/p>","protected":false},"excerpt":{"rendered":"<ul>\n<li>Gefertigt aus hochwertigem Kalbsveloursleder f\u00fcr ein luxuri\u00f6ses Finish.<\/li>\n<li>Luxuri\u00f6ses, weiches Ziegenlederfutter sorgt f\u00fcr h\u00f6chsten Komfort und Atmungsaktivit\u00e4t.<\/li>\n<li>Die leichte, flexible und sto\u00dfd\u00e4mpfende EVA-Sohle sorgt f\u00fcr ganzt\u00e4gigen Tragekomfort.<\/li>\n<li>Klassischer Penny Loafer, aktualisiert f\u00fcr vielseitigen, modernen Freizeitlook.<\/li>\n<li>Erh\u00e4ltlich in einer breiten Palette von europ\u00e4ischen Gr\u00f6\u00dfen von 39 bis 45.<\/li>\n<li>Ideal f\u00fcr Gro\u00dfbestellungen mit einer Mindestmenge von 8 Paaren.<\/li>\n<\/ul>","protected":false},"featured_media":4047,"template":"","meta":{"_acf_changed":false,"_uag_custom_page_level_css":"","site-sidebar-layout":"default","site-content-layout":"","ast-site-content-layout":"default","site-content-style":"default","site-sidebar-style":"default","ast-global-header-display":"","ast-banner-title-visibility":"","ast-main-header-display":"","ast-hfb-above-header-display":"","ast-hfb-below-header-display":"","ast-hfb-mobile-header-display":"","site-post-title":"","ast-breadcrumbs-content":"","ast-featured-img":"","footer-sml-layout":"","ast-disable-related-posts":"","theme-transparent-header-meta":"","adv-header-id-meta":"","stick-header-meta":"","header-above-stick-meta":"","header-main-stick-meta":"","header-below-stick-meta":"","astra-migrate-meta-layouts":"default","ast-page-background-enabled":"default","ast-page-background-meta":{"desktop":{"background-color":"var(--ast-global-color-4)","background-image":"","background-repeat":"repeat","background-position":"center center","background-size":"auto","background-attachment":"scroll","background-type":"","background-media":"","overlay-type":"","overlay-color":"","overlay-opacity":"","overlay-gradient":""},"tablet":{"background-color":"","background-image":"","background-repeat":"repeat","background-position":"center center","background-size":"auto","background-attachment":"scroll","background-type":"","background-media":"","overlay-type":"","overlay-color":"","overlay-opacity":"","overlay-gradient":""},"mobile":{"background-color":"","background-image":"","background-repeat":"repeat","background-position":"center center","background-size":"auto","background-attachment":"scroll","background-type":"","background-media":"","overlay-type":"","overlay-color":"","overlay-opacity":"","overlay-gradient":""}},"ast-content-background-meta":{"desktop":{"background-color":"var(--ast-global-color-5)","background-image":"","background-repeat":"repeat","background-position":"center center","background-size":"auto","background-attachment":"scroll","background-type":"","background-media":"","overlay-type":"","overlay-color":"","overlay-opacity":"","overlay-gradient":""},"tablet":{"background-color":"var(--ast-global-color-5)","background-image":"","background-repeat":"repeat","background-position":"center center","background-size":"auto","background-attachment":"scroll","background-type":"","background-media":"","overlay-type":"","overlay-color":"","overlay-opacity":"","overlay-gradient":""},"mobile":{"background-color":"var(--ast-global-color-5)","background-image":"","background-repeat":"repeat","background-position":"center center","background-size":"auto","background-attachment":"scroll","background-type":"","background-media":"","overlay-type":"","overlay-color":"","overlay-opacity":"","overlay-gradient":""}}},"product_brand":[],"product_cat":[48,49,430,40],"product_tag":[635,147,202,512,222,438,487,437,215,384,186,279,184,210,149],"class_list":{"0":"post-6061","1":"product","2":"type-product","3":"status-publish","4":"has-post-thumbnail","6":"product_cat-casual","7":"product_cat-loafer","8":"product_cat-men","9":"product_cat-mens-shoes","10":"product_tag-blue-loafers","11":"product_tag-brown-loafers","12":"product_tag-calf-leather","13":"product_tag-casual-loafers","14":"product_tag-comfortable-shoes","15":"product_tag-eva-sole","16":"product_tag-footwear","17":"product_tag-goat-leather","18":"product_tag-leather-loafers","19":"product_tag-luxury-loafers","20":"product_tag-mens-loafers","21":"product_tag-penny-loafers","22":"product_tag-slip-on-shoes","23":"product_tag-smart-casual","24":"product_tag-suede-loafers","25":"desktop-align-center","26":"tablet-align-center","27":"mobile-align-center","29":"first","30":"instock","31":"shipping-taxable","32":"purchasable","33":"product-type-variable","34":"has-default-attributes"},"acf":[],"uagb_featured_image_src":{"full":["https:\/\/turkishtrade.co\/wp-content\/uploads\/2026\/01\/2400EJOMN00222-BROWN-X_1342-Fusped-1-usd.png",453,250,false],"thumbnail":["https:\/\/turkishtrade.co\/wp-content\/uploads\/2026\/01\/2400EJOMN00222-BROWN-X_1342-Fusped-1-usd-150x150.png",150,150,true],"medium":["https:\/\/turkishtrade.co\/wp-content\/uploads\/2026\/01\/2400EJOMN00222-BROWN-X_1342-Fusped-1-usd-300x166.png",300,166,true],"medium_large":["https:\/\/turkishtrade.co\/wp-content\/uploads\/2026\/01\/2400EJOMN00222-BROWN-X_1342-Fusped-1-usd.png",453,250,false],"large":["https:\/\/turkishtrade.co\/wp-content\/uploads\/2026\/01\/2400EJOMN00222-BROWN-X_1342-Fusped-1-usd.png",453,250,false],"1536x1536":["https:\/\/turkishtrade.co\/wp-content\/uploads\/2026\/01\/2400EJOMN00222-BROWN-X_1342-Fusped-1-usd.png",453,250,false],"2048x2048":["https:\/\/turkishtrade.co\/wp-content\/uploads\/2026\/01\/2400EJOMN00222-BROWN-X_1342-Fusped-1-usd.png",453,250,false],"trp-custom-language-flag":["https:\/\/turkishtrade.co\/wp-content\/uploads\/2026\/01\/2400EJOMN00222-BROWN-X_1342-Fusped-1-usd-18x10.png",18,10,true],"woocommerce_thumbnail":["https:\/\/turkishtrade.co\/wp-content\/uploads\/2026\/01\/2400EJOMN00222-BROWN-X_1342-Fusped-1-usd-400x250.png",400,250,true],"woocommerce_single":["https:\/\/turkishtrade.co\/wp-content\/uploads\/2026\/01\/2400EJOMN00222-BROWN-X_1342-Fusped-1-usd.png",453,250,false],"woocommerce_gallery_thumbnail":["https:\/\/turkishtrade.co\/wp-content\/uploads\/2026\/01\/2400EJOMN00222-BROWN-X_1342-Fusped-1-usd-100x100.png",100,100,true]},"uagb_author_info":{"display_name":"yaser olabi","author_link":"https:\/\/turkishtrade.co\/de\/author\/"},"uagb_comment_info":0,"uagb_excerpt":"Crafted from premium calf leather suede for a luxurious finish. Luxuriously soft goat leather lining ensures superior comfort and breathability. Features a lightweight, flexible, and shock-absorbing EVA sole for all-day wear. Classic penny loafer design, updated for versatile modern casual styling. Available in a comprehensive range of European sizes, from 39 to 45. Ideal for&hellip;","_links":{"self":[{"href":"https:\/\/turkishtrade.co\/de\/wp-json\/wp\/v2\/product\/6061","targetHints":{"allow":["GET"]}}],"collection":[{"href":"https:\/\/turkishtrade.co\/de\/wp-json\/wp\/v2\/product"}],"about":[{"href":"https:\/\/turkishtrade.co\/de\/wp-json\/wp\/v2\/types\/product"}],"wp:featuredmedia":[{"embeddable":true,"href":"https:\/\/turkishtrade.co\/de\/wp-json\/wp\/v2\/media\/4047"}],"wp:attachment":[{"href":"https:\/\/turkishtrade.co\/de\/wp-json\/wp\/v2\/media?parent=6061"}],"wp:term":[{"taxonomy":"product_brand","embeddable":true,"href":"https:\/\/turkishtrade.co\/de\/wp-json\/wp\/v2\/product_brand?post=6061"},{"taxonomy":"product_cat","embeddable":true,"href":"https:\/\/turkishtrade.co\/de\/wp-json\/wp\/v2\/product_cat?post=6061"},{"taxonomy":"product_tag","embeddable":true,"href":"https:\/\/turkishtrade.co\/de\/wp-json\/wp\/v2\/product_tag?post=6061"}],"curies":[{"name":"wp","href":"https:\/\/api.w.org\/{rel}","templated":true}]}}