{"id":6053,"date":"2026-01-14T14:03:06","date_gmt":"2026-01-14T14:03:06","guid":{"rendered":"https:\/\/turkishtrade.co\/product\/men-comfort-suede-loafers\/"},"modified":"2026-04-09T19:15:15","modified_gmt":"2026-04-09T19:15:15","slug":"mens-comfort-suede-loafers","status":"publish","type":"product","link":"https:\/\/turkishtrade.co\/de\/shop\/mens-comfort-suede-loafers\/","title":{"rendered":"Herren-Premium-Komfort-Loafers aus Wildleder mit EVA-Sohle"},"content":{"rendered":"<p><strong>Herren Komfort Wildleder Loafers<\/strong><\/p>\n<p>Entdecken Sie die perfekte Mischung aus Stil, Komfort und Qualit\u00e4t mit unseren exquisiten <b>Herren Komfort Wildleder Loafers<\/b>. Diese fachm\u00e4nnisch f\u00fcr den modernen Mann gefertigten Loafer definieren das Freizeitschuhwerk neu und bieten ein unvergleichliches Trageerlebnis. Entworfen f\u00fcr diejenigen, die raffinierte \u00c4sthetik zu sch\u00e4tzen wissen, ohne Kompromisse beim Komfort einzugehen, sind diese <b>Herren Komfort Wildleder Loafers<\/b> sind ein unverzichtbarer Bestandteil der Garderobe.<\/p>\n<p><h3>Un\u00fcbertroffene Materialien f\u00fcr h\u00f6chsten Komfort<\/h3>\n<\/p>\n<p>Jedes Paar unserer Premium-Slipper hat ein luxuri\u00f6ses Obermaterial aus Kalbsveloursleder. Diese Materialwahl verleiht nicht nur eine raffinierte Textur und ein reiches Aussehen, sondern sorgt auch f\u00fcr Langlebigkeit und einen weichen Griff vom ersten Tragen an. Die sorgf\u00e4ltige Handwerkskunst erstreckt sich auch auf das Innere, wo ein pl\u00fcschiges Ziegenlederfutter Ihre F\u00fc\u00dfe in absolutem Komfort wiegt.<\/p>\n<p>Das f\u00fcr seine au\u00dfergew\u00f6hnliche Weichheit und Atmungsaktivit\u00e4t bekannte Ziegenleder sorgt f\u00fcr ein optimales inneres Klima und macht diese <b>Herren Komfort Wildleder Loafers<\/b> ideal f\u00fcr langes Tragen unter verschiedenen Bedingungen. Die Kombination dieser Premium-Leder garantiert einen Schuh, der so gut aussieht, wie er sich anf\u00fchlt.<\/p>\n<p><h3>Leichtes Design mit EVA-Sohlentechnologie<\/h3>\n<\/p>\n<p>Was unsere Loafer wirklich auszeichnet, ist die innovative EVA-Sohle. Die EVA-Sohle wurde f\u00fcr ultimative Leichtigkeit und Flexibilit\u00e4t entwickelt und bietet eine hervorragende Sto\u00dfd\u00e4mpfung und D\u00e4mpfung, die die Erm\u00fcdung des Fu\u00dfes reduziert und den ganzen Tag \u00fcber f\u00fcr Komfort sorgt. Ob Sie durch die Stra\u00dfen der Stadt fahren, einen Wochenendausflug genie\u00dfen oder einfach nur entspannen, die reaktionsfreudige EVA-Sohle bewegt sich mit Ihrem Fu\u00df und bietet einen nat\u00fcrlichen und uneingeschr\u00e4nkten Schritt.<\/p>\n<p>Die flache Sohle erg\u00e4nzt die klassische Loafer-Silhouette perfekt und verleiht ihr einen modernen Touch, ohne auf zeitlose Attraktivit\u00e4t zu verzichten.<\/p>\n<p><h3>Vielseitiger Stil f\u00fcr jede Gelegenheit<\/h3>\n<\/p>\n<p>Diese Premium Comfort Loafers aus Wildleder f\u00fcr Herren sind unglaublich vielseitig. Ihr klassischer Slip-on-Stil, gepaart mit einer sauberen und eleganten Moc-Toe-Naht, macht sie f\u00fcr eine Vielzahl von Outfits geeignet. Kombinieren Sie sie mit Chinos und einem Button-Down-Hemd f\u00fcr einen l\u00e4ssigen Look, oder kombinieren Sie sie mit Shorts f\u00fcr ein entspanntes, aber poliertes Sommerensemble.<\/p>\n<p>Erh\u00e4ltlich in zeitlosem Schwarz, elegantem Blau und erdigem Braun, k\u00f6nnen Sie den perfekten Farbton w\u00e4hlen, um Ihren pers\u00f6nlichen Stil zu erg\u00e4nzen. Mit Gr\u00f6\u00dfen von EU 39 bis 45 finden Sie m\u00fchelos Ihre ideale Passform. Erleben Sie den Luxus von ma\u00dfgeschneidertem Komfort und tadellosem Stil, den nur echtes Leder und durchdachtes Design bieten k\u00f6nnen.<\/p>","protected":false},"excerpt":{"rendered":"<ul>\n<li>Obermaterial aus hochwertigem Kalbsveloursleder f\u00fcr einen anspruchsvollen Look und ein weiches Tragegef\u00fchl.<\/li>\n<li>Das Innenfutter aus luxuri\u00f6sem Ziegenleder sorgt f\u00fcr au\u00dfergew\u00f6hnliche Atmungsaktivit\u00e4t und Komfort.<\/li>\n<li>Die ultraleichte und flexible EVA-Sohle sorgt f\u00fcr hervorragende D\u00e4mpfung und ganzt\u00e4gigen Tragekomfort.<\/li>\n<li>Klassischer Slipper, perfekt f\u00fcr m\u00fchelose, legere Eleganz.<\/li>\n<li>Erh\u00e4ltlich in vielseitigen Farbt\u00f6nen: Schwarz, Blau und Braun.<\/li>\n<li>Gro\u00dfe Auswahl an EU-Gr\u00f6\u00dfen: 39, 40, 41, 42, 43, 44, 45.<\/li>\n<li>Mindestbestellmenge f\u00fcr den Gro\u00dfhandel: 8 Paar.<\/li>\n<li>Vorlaufzeit der Lieferung: Ungef\u00e4hr 12 Tage plus Versand.<\/li>\n<\/ul>","protected":false},"featured_media":4043,"template":"","meta":{"_acf_changed":false,"_uag_custom_page_level_css":"","site-sidebar-layout":"default","site-content-layout":"","ast-site-content-layout":"default","site-content-style":"default","site-sidebar-style":"default","ast-global-header-display":"","ast-banner-title-visibility":"","ast-main-header-display":"","ast-hfb-above-header-display":"","ast-hfb-below-header-display":"","ast-hfb-mobile-header-display":"","site-post-title":"","ast-breadcrumbs-content":"","ast-featured-img":"","footer-sml-layout":"","ast-disable-related-posts":"","theme-transparent-header-meta":"","adv-header-id-meta":"","stick-header-meta":"","header-above-stick-meta":"","header-main-stick-meta":"","header-below-stick-meta":"","astra-migrate-meta-layouts":"default","ast-page-background-enabled":"default","ast-page-background-meta":{"desktop":{"background-color":"var(--ast-global-color-4)","background-image":"","background-repeat":"repeat","background-position":"center center","background-size":"auto","background-attachment":"scroll","background-type":"","background-media":"","overlay-type":"","overlay-color":"","overlay-opacity":"","overlay-gradient":""},"tablet":{"background-color":"","background-image":"","background-repeat":"repeat","background-position":"center center","background-size":"auto","background-attachment":"scroll","background-type":"","background-media":"","overlay-type":"","overlay-color":"","overlay-opacity":"","overlay-gradient":""},"mobile":{"background-color":"","background-image":"","background-repeat":"repeat","background-position":"center center","background-size":"auto","background-attachment":"scroll","background-type":"","background-media":"","overlay-type":"","overlay-color":"","overlay-opacity":"","overlay-gradient":""}},"ast-content-background-meta":{"desktop":{"background-color":"var(--ast-global-color-5)","background-image":"","background-repeat":"repeat","background-position":"center center","background-size":"auto","background-attachment":"scroll","background-type":"","background-media":"","overlay-type":"","overlay-color":"","overlay-opacity":"","overlay-gradient":""},"tablet":{"background-color":"var(--ast-global-color-5)","background-image":"","background-repeat":"repeat","background-position":"center center","background-size":"auto","background-attachment":"scroll","background-type":"","background-media":"","overlay-type":"","overlay-color":"","overlay-opacity":"","overlay-gradient":""},"mobile":{"background-color":"var(--ast-global-color-5)","background-image":"","background-repeat":"repeat","background-position":"center center","background-size":"auto","background-attachment":"scroll","background-type":"","background-media":"","overlay-type":"","overlay-color":"","overlay-opacity":"","overlay-gradient":""}}},"product_brand":[],"product_cat":[48,49,430,40],"product_tag":[370,635,147,555,449,272,438,556,186,184,1139,149,456],"class_list":{"0":"post-6053","1":"product","2":"type-product","3":"status-publish","4":"has-post-thumbnail","6":"product_cat-casual","7":"product_cat-loafer","8":"product_cat-men","9":"product_cat-mens-shoes","10":"product_tag-black-loafers","11":"product_tag-blue-loafers","12":"product_tag-brown-loafers","13":"product_tag-calfskin-loafers","14":"product_tag-casual-shoes","15":"product_tag-comfort-shoes","16":"product_tag-eva-sole","17":"product_tag-goatskin-lining","18":"product_tag-mens-loafers","19":"product_tag-slip-on-shoes","20":"product_tag-soft-leather-shoes","21":"product_tag-suede-loafers","22":"product_tag-wholesale-loafers","23":"desktop-align-center","24":"tablet-align-center","25":"mobile-align-center","27":"first","28":"instock","29":"shipping-taxable","30":"purchasable","31":"product-type-variable","32":"has-default-attributes"},"acf":[],"uagb_featured_image_src":{"full":["https:\/\/turkishtrade.co\/wp-content\/uploads\/2026\/01\/2400EJOMN00220-CAMEL-X_7801-7-USD.png",453,250,false],"thumbnail":["https:\/\/turkishtrade.co\/wp-content\/uploads\/2026\/01\/2400EJOMN00220-CAMEL-X_7801-7-USD-150x150.png",150,150,true],"medium":["https:\/\/turkishtrade.co\/wp-content\/uploads\/2026\/01\/2400EJOMN00220-CAMEL-X_7801-7-USD-300x166.png",300,166,true],"medium_large":["https:\/\/turkishtrade.co\/wp-content\/uploads\/2026\/01\/2400EJOMN00220-CAMEL-X_7801-7-USD.png",453,250,false],"large":["https:\/\/turkishtrade.co\/wp-content\/uploads\/2026\/01\/2400EJOMN00220-CAMEL-X_7801-7-USD.png",453,250,false],"1536x1536":["https:\/\/turkishtrade.co\/wp-content\/uploads\/2026\/01\/2400EJOMN00220-CAMEL-X_7801-7-USD.png",453,250,false],"2048x2048":["https:\/\/turkishtrade.co\/wp-content\/uploads\/2026\/01\/2400EJOMN00220-CAMEL-X_7801-7-USD.png",453,250,false],"trp-custom-language-flag":["https:\/\/turkishtrade.co\/wp-content\/uploads\/2026\/01\/2400EJOMN00220-CAMEL-X_7801-7-USD-18x10.png",18,10,true],"woocommerce_thumbnail":["https:\/\/turkishtrade.co\/wp-content\/uploads\/2026\/01\/2400EJOMN00220-CAMEL-X_7801-7-USD-400x250.png",400,250,true],"woocommerce_single":["https:\/\/turkishtrade.co\/wp-content\/uploads\/2026\/01\/2400EJOMN00220-CAMEL-X_7801-7-USD.png",453,250,false],"woocommerce_gallery_thumbnail":["https:\/\/turkishtrade.co\/wp-content\/uploads\/2026\/01\/2400EJOMN00220-CAMEL-X_7801-7-USD-100x100.png",100,100,true]},"uagb_author_info":{"display_name":"yaser olabi","author_link":"https:\/\/turkishtrade.co\/de\/author\/"},"uagb_comment_info":0,"uagb_excerpt":"Premium calfskin suede upper for a sophisticated look and soft feel. Luxurious goatskin leather interior lining ensures exceptional breathability and comfort. Ultra-lightweight and flexible EVA sole provides superior cushioning and all-day wearability. Classic slip-on loafer design, perfect for effortless casual elegance. Available in versatile shades: Black, Blue, and Brown. Wide range of EU sizes: 39,&hellip;","_links":{"self":[{"href":"https:\/\/turkishtrade.co\/de\/wp-json\/wp\/v2\/product\/6053","targetHints":{"allow":["GET"]}}],"collection":[{"href":"https:\/\/turkishtrade.co\/de\/wp-json\/wp\/v2\/product"}],"about":[{"href":"https:\/\/turkishtrade.co\/de\/wp-json\/wp\/v2\/types\/product"}],"wp:featuredmedia":[{"embeddable":true,"href":"https:\/\/turkishtrade.co\/de\/wp-json\/wp\/v2\/media\/4043"}],"wp:attachment":[{"href":"https:\/\/turkishtrade.co\/de\/wp-json\/wp\/v2\/media?parent=6053"}],"wp:term":[{"taxonomy":"product_brand","embeddable":true,"href":"https:\/\/turkishtrade.co\/de\/wp-json\/wp\/v2\/product_brand?post=6053"},{"taxonomy":"product_cat","embeddable":true,"href":"https:\/\/turkishtrade.co\/de\/wp-json\/wp\/v2\/product_cat?post=6053"},{"taxonomy":"product_tag","embeddable":true,"href":"https:\/\/turkishtrade.co\/de\/wp-json\/wp\/v2\/product_tag?post=6053"}],"curies":[{"name":"wp","href":"https:\/\/api.w.org\/{rel}","templated":true}]}}