{"id":6048,"date":"2026-01-14T14:02:23","date_gmt":"2026-01-14T14:02:23","guid":{"rendered":"https:\/\/turkishtrade.co\/product\/men-s-suede-loafers-3\/"},"modified":"2026-04-09T19:15:25","modified_gmt":"2026-04-09T19:15:25","slug":"mens-suede-loafers-5","status":"publish","type":"product","link":"https:\/\/turkishtrade.co\/de\/shop\/mens-suede-loafers-5\/","title":{"rendered":"Herren Premium Wildleder Casual Loafers"},"content":{"rendered":"<p><strong>Herren Wildleder Loafers<\/strong><\/p>\n<p>Entdecken Sie den Inbegriff von l\u00e4ssiger Eleganz mit unserer exquisiten Kollektion von <strong>Herren Wildleder Loafers<\/strong>. Entworfen f\u00fcr den modernen Mann, der sowohl Stil als auch Komfort sch\u00e4tzt, sind diese <strong>Herren Wildleder Loafers<\/strong> sind ein Beweis f\u00fcr hervorragende Handwerkskunst und hochwertige Materialien. Jedes Paar ist sorgf\u00e4ltig konstruiert, um ein unvergleichliches Trageerlebnis zu bieten, was sie zu einer unverzichtbaren Erg\u00e4nzung f\u00fcr jede anspruchsvolle Garderobe macht. Von leuchtendem Blau bis zu erdigem Olivgr\u00fcn bieten diese Loafer vielseitige Stiloptionen.<\/p>\n<p><h3>Un\u00fcbertroffener Komfort und Qualit\u00e4t<\/h3>\n<\/p>\n<p>Unser <strong>Herren Wildleder Loafers<\/strong> haben eine Au\u00dfenfl\u00e4che aus luxuri\u00f6sem Kalbsveloursleder, das eine reiche Textur und ein unverwechselbares Aussehen bietet, das auff\u00e4llt. Dieses erstklassige Kalbsleder sorgt f\u00fcr Langlebigkeit und entwickelt mit der Zeit eine sch\u00f6ne Patina, so dass Ihre <strong>Herren Wildleder Loafers<\/strong> wirklich einzigartig. Der Innenraum ist mit weichem, atmungsaktivem Ziegenleder gef\u00fcttert, das au\u00dfergew\u00f6hnlichen Komfort bietet und eine gesunde Fu\u00dfbel\u00fcftung f\u00f6rdert, auch bei l\u00e4ngerem Tragen.<\/p>\n<p>Verabschieden Sie sich von Unannehmlichkeiten und begr\u00fc\u00dfen Sie die ganzt\u00e4gige Bequemlichkeit mit diesen sorgf\u00e4ltig entworfenen <strong>Herren Wildleder Loafers<\/strong>.<\/p>\n<p><h3>Leichtes Design f\u00fcr das t\u00e4gliche Tragen<\/h3>\n<\/p>\n<p>Die Grundlage f\u00fcr diese bemerkenswerten <strong>Herren Wildleder Loafers<\/strong> ist eine leichte und dennoch unglaublich haltbare EVA-Sohle. Diese fortschrittliche Sohlentechnologie bietet eine hervorragende D\u00e4mpfung und Sto\u00dfabsorption und sorgt bei jedem Schritt f\u00fcr ein angenehmes Laufgef\u00fchl. Egal, ob Sie durch die Stra\u00dfen der Stadt fahren, an einem l\u00e4ssigen Gesch\u00e4ftstreffen teilnehmen oder einen Wochenendausflug genie\u00dfen, diese <strong>Herren Wildleder Loafers<\/strong> bieten die perfekte Mischung aus Halt und Flexibilit\u00e4t.<\/p>\n<p>Die klassische Loafer-Silhouette, kombiniert mit subtilen N\u00e4hten, verleiht diesen vielseitigen Schuhen einen Hauch von zeitlosem Charme. <strong>Herren Wildleder Loafers<\/strong>.<\/p>\n<p><h3>Vielseitigkeit und Stil<\/h3>\n<\/p>\n<p>Erh\u00e4ltlich in einer Reihe von raffinierten Farben, darunter leuchtendes Blau und erdiges Oliv, sind unsere <strong>Herren Wildleder Loafers<\/strong> sind so konzipiert, dass sie eine breite Palette von Outfits erg\u00e4nzen. Kombinieren Sie sie mit Chinos f\u00fcr einen l\u00e4ssigen Look, mit Jeans f\u00fcr eine entspannte Atmosph\u00e4re oder mit ma\u00dfgeschneiderten Shorts f\u00fcr ein elegantes Sommerensemble. Die unaufdringliche Eleganz dieser <strong>Herren Wildleder Loafers<\/strong> macht sie unglaublich vielseitig und eignet sich f\u00fcr verschiedene Anl\u00e4sse, vom Tagesausflug bis zur Abendveranstaltung.<\/p>\n<p>Erh\u00e4ltlich in den Gr\u00f6\u00dfen 39 bis 45. So finden Sie Ihre perfekte Passform f\u00fcr diese unverzichtbaren <strong>Herren Wildleder Loafers<\/strong> ist einfach.<\/p>\n<p><h3>Gro\u00dfhandelschance<\/h3>\n<\/p>\n<p>Wir verstehen die Bed\u00fcrfnisse von Unternehmen und bieten diese au\u00dfergew\u00f6hnlichen <strong>Herren Wildleder Loafers<\/strong> zum Gro\u00dfhandelspreis. Mit einer Mindestbestellmenge von nur 8 Paaren k\u00f6nnen Sie sich problemlos mit diesen begehrten <strong>Herren Wildleder Loafers<\/strong> um die Kundennachfrage zu erf\u00fcllen. Erleben Sie eine zuverl\u00e4ssige Lieferung innerhalb von 12 Tagen plus Versand und stellen Sie sicher, dass Ihr Bestand effizient aufgef\u00fcllt wird.<\/p>\n<p>Investieren Sie in Qualit\u00e4t, Komfort und Stil, die Ihre Kunden lieben werden, mit unserer Premium-Kollektion von <strong>Herren Wildleder Loafers<\/strong>.<\/p>","protected":false},"excerpt":{"rendered":"<ul>\n<li>Gefertigt aus luxuri\u00f6sem Kalbsveloursleder f\u00fcr einen raffinierten Look.<\/li>\n<li>Ein weiches, atmungsaktives Innenfutter aus Ziegenleder sorgt f\u00fcr ultimativen Komfort.<\/li>\n<li>Ausgestattet mit einer leichten und langlebigen EVA-Sohle f\u00fcr hervorragende D\u00e4mpfung und Flexibilit\u00e4t.<\/li>\n<li>Erh\u00e4ltlich in einer umfassenden Gr\u00f6\u00dfenauswahl von 39 bis 45.<\/li>\n<li>Mindestbestellmenge: 8 Paar, ideal f\u00fcr den Gro\u00dfhandel und Gro\u00dfeink\u00e4ufe.<\/li>\n<li>Lieferung innerhalb von 12 Tagen + Versand.<\/li>\n<\/ul>","protected":false},"featured_media":4038,"template":"","meta":{"_acf_changed":false,"_uag_custom_page_level_css":"","site-sidebar-layout":"default","site-content-layout":"","ast-site-content-layout":"default","site-content-style":"default","site-sidebar-style":"default","ast-global-header-display":"","ast-banner-title-visibility":"","ast-main-header-display":"","ast-hfb-above-header-display":"","ast-hfb-below-header-display":"","ast-hfb-mobile-header-display":"","site-post-title":"","ast-breadcrumbs-content":"","ast-featured-img":"","footer-sml-layout":"","ast-disable-related-posts":"","theme-transparent-header-meta":"","adv-header-id-meta":"","stick-header-meta":"","header-above-stick-meta":"","header-main-stick-meta":"","header-below-stick-meta":"","astra-migrate-meta-layouts":"default","ast-page-background-enabled":"default","ast-page-background-meta":{"desktop":{"background-color":"var(--ast-global-color-4)","background-image":"","background-repeat":"repeat","background-position":"center center","background-size":"auto","background-attachment":"scroll","background-type":"","background-media":"","overlay-type":"","overlay-color":"","overlay-opacity":"","overlay-gradient":""},"tablet":{"background-color":"","background-image":"","background-repeat":"repeat","background-position":"center center","background-size":"auto","background-attachment":"scroll","background-type":"","background-media":"","overlay-type":"","overlay-color":"","overlay-opacity":"","overlay-gradient":""},"mobile":{"background-color":"","background-image":"","background-repeat":"repeat","background-position":"center center","background-size":"auto","background-attachment":"scroll","background-type":"","background-media":"","overlay-type":"","overlay-color":"","overlay-opacity":"","overlay-gradient":""}},"ast-content-background-meta":{"desktop":{"background-color":"var(--ast-global-color-5)","background-image":"","background-repeat":"repeat","background-position":"center center","background-size":"auto","background-attachment":"scroll","background-type":"","background-media":"","overlay-type":"","overlay-color":"","overlay-opacity":"","overlay-gradient":""},"tablet":{"background-color":"var(--ast-global-color-5)","background-image":"","background-repeat":"repeat","background-position":"center center","background-size":"auto","background-attachment":"scroll","background-type":"","background-media":"","overlay-type":"","overlay-color":"","overlay-opacity":"","overlay-gradient":""},"mobile":{"background-color":"var(--ast-global-color-5)","background-image":"","background-repeat":"repeat","background-position":"center center","background-size":"auto","background-attachment":"scroll","background-type":"","background-media":"","overlay-type":"","overlay-color":"","overlay-opacity":"","overlay-gradient":""}}},"product_brand":[],"product_cat":[48,49,430,40],"product_tag":[317,453,185,512,220,438,189,762,384,1137,921,1138,184,280,1136,281],"class_list":{"0":"post-6048","1":"product","2":"type-product","3":"status-publish","4":"has-post-thumbnail","6":"product_cat-casual","7":"product_cat-loafer","8":"product_cat-men","9":"product_cat-mens-shoes","10":"product_tag-blue-suede-shoes","11":"product_tag-bulk-footwear","12":"product_tag-calf-leather-shoes","13":"product_tag-casual-loafers","14":"product_tag-comfortable-loafers","15":"product_tag-eva-sole","16":"product_tag-goat-leather-lining","17":"product_tag-loafer-shoes","18":"product_tag-luxury-loafers","19":"product_tag-mens-driving-shoes","20":"product_tag-mens-suede-loafers","21":"product_tag-olive-suede-shoes","22":"product_tag-slip-on-shoes","23":"product_tag-smart-casual-shoes","24":"product_tag-suede-leather-shoes","25":"product_tag-wholesale-shoes","26":"desktop-align-center","27":"tablet-align-center","28":"mobile-align-center","30":"first","31":"instock","32":"shipping-taxable","33":"purchasable","34":"product-type-variable","35":"has-default-attributes"},"acf":[],"uagb_featured_image_src":{"full":["https:\/\/turkishtrade.co\/wp-content\/uploads\/2026\/01\/2400EJOMN00218-GREEN-X_7802-7-USD.png",453,250,false],"thumbnail":["https:\/\/turkishtrade.co\/wp-content\/uploads\/2026\/01\/2400EJOMN00218-GREEN-X_7802-7-USD-150x150.png",150,150,true],"medium":["https:\/\/turkishtrade.co\/wp-content\/uploads\/2026\/01\/2400EJOMN00218-GREEN-X_7802-7-USD-300x166.png",300,166,true],"medium_large":["https:\/\/turkishtrade.co\/wp-content\/uploads\/2026\/01\/2400EJOMN00218-GREEN-X_7802-7-USD.png",453,250,false],"large":["https:\/\/turkishtrade.co\/wp-content\/uploads\/2026\/01\/2400EJOMN00218-GREEN-X_7802-7-USD.png",453,250,false],"1536x1536":["https:\/\/turkishtrade.co\/wp-content\/uploads\/2026\/01\/2400EJOMN00218-GREEN-X_7802-7-USD.png",453,250,false],"2048x2048":["https:\/\/turkishtrade.co\/wp-content\/uploads\/2026\/01\/2400EJOMN00218-GREEN-X_7802-7-USD.png",453,250,false],"trp-custom-language-flag":["https:\/\/turkishtrade.co\/wp-content\/uploads\/2026\/01\/2400EJOMN00218-GREEN-X_7802-7-USD-18x10.png",18,10,true],"woocommerce_thumbnail":["https:\/\/turkishtrade.co\/wp-content\/uploads\/2026\/01\/2400EJOMN00218-GREEN-X_7802-7-USD-400x250.png",400,250,true],"woocommerce_single":["https:\/\/turkishtrade.co\/wp-content\/uploads\/2026\/01\/2400EJOMN00218-GREEN-X_7802-7-USD.png",453,250,false],"woocommerce_gallery_thumbnail":["https:\/\/turkishtrade.co\/wp-content\/uploads\/2026\/01\/2400EJOMN00218-GREEN-X_7802-7-USD-100x100.png",100,100,true]},"uagb_author_info":{"display_name":"yaser olabi","author_link":"https:\/\/turkishtrade.co\/de\/author\/"},"uagb_comment_info":0,"uagb_excerpt":"Crafted from luxurious Suede Calf Leather exterior for a refined look. Features a soft, breathable Goat Leather interior lining for ultimate comfort. Equipped with a lightweight and durable EVA sole for superior cushioning and flexibility. Available in a comprehensive size range from 39 to 45. Minimum order quantity: 8 pairs, ideal for wholesale and bulk&hellip;","_links":{"self":[{"href":"https:\/\/turkishtrade.co\/de\/wp-json\/wp\/v2\/product\/6048","targetHints":{"allow":["GET"]}}],"collection":[{"href":"https:\/\/turkishtrade.co\/de\/wp-json\/wp\/v2\/product"}],"about":[{"href":"https:\/\/turkishtrade.co\/de\/wp-json\/wp\/v2\/types\/product"}],"wp:featuredmedia":[{"embeddable":true,"href":"https:\/\/turkishtrade.co\/de\/wp-json\/wp\/v2\/media\/4038"}],"wp:attachment":[{"href":"https:\/\/turkishtrade.co\/de\/wp-json\/wp\/v2\/media?parent=6048"}],"wp:term":[{"taxonomy":"product_brand","embeddable":true,"href":"https:\/\/turkishtrade.co\/de\/wp-json\/wp\/v2\/product_brand?post=6048"},{"taxonomy":"product_cat","embeddable":true,"href":"https:\/\/turkishtrade.co\/de\/wp-json\/wp\/v2\/product_cat?post=6048"},{"taxonomy":"product_tag","embeddable":true,"href":"https:\/\/turkishtrade.co\/de\/wp-json\/wp\/v2\/product_tag?post=6048"}],"curies":[{"name":"wp","href":"https:\/\/api.w.org\/{rel}","templated":true}]}}