{"id":6043,"date":"2026-01-14T14:01:42","date_gmt":"2026-01-14T14:01:42","guid":{"rendered":"https:\/\/turkishtrade.co\/product\/mens-suede-loafer-shoes-2\/"},"modified":"2026-04-09T19:15:37","modified_gmt":"2026-04-09T19:15:37","slug":"mens-suede-loafer-shoes-2","status":"publish","type":"product","link":"https:\/\/turkishtrade.co\/de\/shop\/mens-suede-loafer-shoes-2\/","title":{"rendered":"Premium Herren Wildleder Loafer Schuhe mit leichter EVA-Sohle"},"content":{"rendered":"<p><strong>Herren Wildleder Loafer Schuhe<\/strong><\/p>\n<p>Erleben Sie unvergleichlichen Komfort und zeitlosen Stil mit unserer exquisiten Kollektion von <b>Herren-Wildleder-Loafer-Schuhe<\/b>. Diese Loafer wurden f\u00fcr den anspruchsvollen Gentleman entworfen und verbinden perfekt anspruchsvolle \u00c4sthetik mit Alltagstauglichkeit, was sie zu einer unverzichtbaren Erg\u00e4nzung f\u00fcr jede moderne Garderobe macht. Egal, ob Sie zu einem legeren Brunch oder einer halb-formellen Veranstaltung gehen, diese vielseitigen Schuhe werden Ihren Look mit m\u00fchelosem Charme aufwerten.<\/p>\n<p><h3>Un\u00fcbertroffene Handwerkskunst und hochwertige Materialien<\/h3>\n<\/p>\n<p>Jedes Paar unserer <b>Herren-Wildleder-Loafer-Schuhe<\/b> wird sorgf\u00e4ltig aus den besten Materialien hergestellt. Das \u00c4u\u00dfere besteht aus echtem Kalbsveloursleder, das eine reiche Textur und ein luxuri\u00f6ses Gef\u00fchl bietet, das wunderbar altert. Diese hochwertige Au\u00dfenschicht sorgt f\u00fcr au\u00dfergew\u00f6hnliche Strapazierf\u00e4higkeit bei gleichzeitiger Beibehaltung eines weichen, eleganten Aussehens.<\/p>\n<p>Innen werden Ihre F\u00fc\u00dfe von geschmeidigem Ziegenleder umh\u00fcllt, das f\u00fcr seine unglaubliche Weichheit und Atmungsaktivit\u00e4t bekannt ist. Dieses nat\u00fcrliche Futter leitet Feuchtigkeit ab und sorgt so f\u00fcr maximalen Komfort und ein frisches Gef\u00fchl auch bei l\u00e4ngerem Tragen - ein entscheidendes Merkmal f\u00fcr hochwertiges Schuhwerk.<\/p>\n<p><h3>Leichter Komfort mit EVA-Sohlentechnologie<\/h3>\n<\/p>\n<p>Erg\u00e4nzt wird die hochwertige Lederkonstruktion durch eine leichte und hochflexible EVA-Sohle. Im Gegensatz zu herk\u00f6mmlichen schweren Sohlen bietet das fortschrittliche EVA-Material eine hervorragende Sto\u00dfd\u00e4mpfung, die Erm\u00fcdungserscheinungen deutlich reduziert und einen federnden, komfortablen Schritt w\u00e4hrend des ganzen Tages erm\u00f6glicht. Egal, ob Sie sich durch die belebten Stra\u00dfen der Stadt bewegen oder einen entspannten Wochenendspaziergang genie\u00dfen, die robuste und dennoch wendige Sohle dieser <b>Herren-Wildleder-Loafer-Schuhe<\/b> garantiert Komfort und Stabilit\u00e4t, so dass Sie sich mit Vertrauen und Leichtigkeit bewegen k\u00f6nnen.<\/p>\n<p><h3>Vielseitiger Stil f\u00fcr jede Gelegenheit<\/h3>\n<\/p>\n<p>Die klassische Loafer-Silhouette ist m\u00fchelos vielseitig und macht diese Schuhe f\u00fcr eine Vielzahl von Anl\u00e4ssen geeignet. Kombinieren Sie sie mit Chinos und einem eleganten Hemd f\u00fcr ein raffiniertes, halb-formelles Treffen oder mit Ihrer Lieblingsjeans und einem Polohemd f\u00fcr einen l\u00e4ssigen, aber polierten Freizeitlook.<\/p>\n<p>Erh\u00e4ltlich in raffinierten Farbt\u00f6nen, darunter kr\u00e4ftiges Braun und elegantes Marineblau, sind diese <b>Wildleder Slipper Schuhe f\u00fcr M\u00e4nner<\/b> bieten Anpassungsf\u00e4higkeit, um jedes Outfit zu erg\u00e4nzen. Mit Gr\u00f6\u00dfen von 39 bis 45 ist es einfach, die perfekte Passform zu finden, damit jeder Mann den Luxus und den Komfort erleben kann.<\/p>\n<p><h3>Gro\u00dfhandelschance und Qualit\u00e4tssicherung<\/h3>\n<\/p>\n<p>Wir sind stolz auf unsere au\u00dfergew\u00f6hnliche Handwerkskunst und unsere unerm\u00fcdliche Liebe zum Detail, die daf\u00fcr sorgt, dass jedes Paar <b>Herren-Wildleder-Loafer-Schuhe<\/b> erf\u00fcllt die h\u00f6chsten Anforderungen an Qualit\u00e4t und Haltbarkeit. F\u00fcr Unternehmen und Einzelh\u00e4ndler, die Premium-Schuhe auf Lager haben m\u00f6chten, sind diese exquisiten Loafer f\u00fcr Gro\u00dfhandelsbestellungen mit einer praktischen Mindestmenge von 8 Paar erh\u00e4ltlich. Wir garantieren eine effiziente Lieferung innerhalb von 12 Tagen plus Versand, so dass Sie Ihre gesch\u00e4tzte Kundschaft rechtzeitig beliefern k\u00f6nnen.<\/p>\n<p>Investieren Sie in Schuhe, die dauerhaften Stil, unvergleichlichen Komfort und das Versprechen von Spitzenqualit\u00e4t bieten.<\/p>","protected":false},"excerpt":{"rendered":"<ul>\n<li>Handgefertigt aus echtem Kalbsveloursleder f\u00fcr ein luxuri\u00f6ses \u00c4u\u00dferes.<\/li>\n<li>Weiches, atmungsaktives Ziegenlederfutter f\u00fcr ultimativen Komfort.<\/li>\n<li>Leichte und flexible EVA-Sohle f\u00fcr ganzt\u00e4gigen Tragekomfort.<\/li>\n<li>Klassisches Loafer-Design, perfekt f\u00fcr legere und halb-formale Anl\u00e4sse.<\/li>\n<li>Erh\u00e4ltlich in den Gr\u00f6\u00dfen 39-45, um die perfekte Passform f\u00fcr diese Herren-Loafer aus Wildleder zu gew\u00e4hrleisten.<\/li>\n<li>Gro\u00dfhandelsauftr\u00e4ge willkommen: Minimum 8 Paare. Lieferung in 12 Tagen + Versand.<\/li>\n<\/ul>","protected":false},"featured_media":4034,"template":"","meta":{"_acf_changed":false,"_uag_custom_page_level_css":"","site-sidebar-layout":"default","site-content-layout":"","ast-site-content-layout":"default","site-content-style":"default","site-sidebar-style":"default","ast-global-header-display":"","ast-banner-title-visibility":"","ast-main-header-display":"","ast-hfb-above-header-display":"","ast-hfb-below-header-display":"","ast-hfb-mobile-header-display":"","site-post-title":"","ast-breadcrumbs-content":"","ast-featured-img":"","footer-sml-layout":"","ast-disable-related-posts":"","theme-transparent-header-meta":"","adv-header-id-meta":"","stick-header-meta":"","header-above-stick-meta":"","header-main-stick-meta":"","header-below-stick-meta":"","astra-migrate-meta-layouts":"default","ast-page-background-enabled":"default","ast-page-background-meta":{"desktop":{"background-color":"var(--ast-global-color-4)","background-image":"","background-repeat":"repeat","background-position":"center center","background-size":"auto","background-attachment":"scroll","background-type":"","background-media":"","overlay-type":"","overlay-color":"","overlay-opacity":"","overlay-gradient":""},"tablet":{"background-color":"","background-image":"","background-repeat":"repeat","background-position":"center center","background-size":"auto","background-attachment":"scroll","background-type":"","background-media":"","overlay-type":"","overlay-color":"","overlay-opacity":"","overlay-gradient":""},"mobile":{"background-color":"","background-image":"","background-repeat":"repeat","background-position":"center center","background-size":"auto","background-attachment":"scroll","background-type":"","background-media":"","overlay-type":"","overlay-color":"","overlay-opacity":"","overlay-gradient":""}},"ast-content-background-meta":{"desktop":{"background-color":"var(--ast-global-color-5)","background-image":"","background-repeat":"repeat","background-position":"center center","background-size":"auto","background-attachment":"scroll","background-type":"","background-media":"","overlay-type":"","overlay-color":"","overlay-opacity":"","overlay-gradient":""},"tablet":{"background-color":"var(--ast-global-color-5)","background-image":"","background-repeat":"repeat","background-position":"center center","background-size":"auto","background-attachment":"scroll","background-type":"","background-media":"","overlay-type":"","overlay-color":"","overlay-opacity":"","overlay-gradient":""},"mobile":{"background-color":"var(--ast-global-color-5)","background-image":"","background-repeat":"repeat","background-position":"center center","background-size":"auto","background-attachment":"scroll","background-type":"","background-media":"","overlay-type":"","overlay-color":"","overlay-opacity":"","overlay-gradient":""}}},"product_brand":[],"product_cat":[48,49,430,40],"product_tag":[147,566,449,220,438,556,215,148,198,557,184,380,149],"class_list":{"0":"post-6043","1":"product","2":"type-product","3":"status-publish","4":"has-post-thumbnail","6":"product_cat-casual","7":"product_cat-loafer","8":"product_cat-men","9":"product_cat-mens-shoes","10":"product_tag-brown-loafers","11":"product_tag-calfskin-shoes","12":"product_tag-casual-shoes","13":"product_tag-comfortable-loafers","14":"product_tag-eva-sole","15":"product_tag-goatskin-lining","16":"product_tag-leather-loafers","17":"product_tag-loafers","18":"product_tag-mens-fashion","19":"product_tag-navy-loafers","20":"product_tag-slip-on-shoes","21":"product_tag-smart-casual-footwear","22":"product_tag-suede-loafers","23":"desktop-align-center","24":"tablet-align-center","25":"mobile-align-center","27":"first","28":"instock","29":"shipping-taxable","30":"purchasable","31":"product-type-variable","32":"has-default-attributes"},"acf":[],"uagb_featured_image_src":{"full":["https:\/\/turkishtrade.co\/wp-content\/uploads\/2026\/01\/2400EJOMN00215-DARK-BLUE-X_1343-Fusped-1-usd.png",453,250,false],"thumbnail":["https:\/\/turkishtrade.co\/wp-content\/uploads\/2026\/01\/2400EJOMN00215-DARK-BLUE-X_1343-Fusped-1-usd-150x150.png",150,150,true],"medium":["https:\/\/turkishtrade.co\/wp-content\/uploads\/2026\/01\/2400EJOMN00215-DARK-BLUE-X_1343-Fusped-1-usd-300x166.png",300,166,true],"medium_large":["https:\/\/turkishtrade.co\/wp-content\/uploads\/2026\/01\/2400EJOMN00215-DARK-BLUE-X_1343-Fusped-1-usd.png",453,250,false],"large":["https:\/\/turkishtrade.co\/wp-content\/uploads\/2026\/01\/2400EJOMN00215-DARK-BLUE-X_1343-Fusped-1-usd.png",453,250,false],"1536x1536":["https:\/\/turkishtrade.co\/wp-content\/uploads\/2026\/01\/2400EJOMN00215-DARK-BLUE-X_1343-Fusped-1-usd.png",453,250,false],"2048x2048":["https:\/\/turkishtrade.co\/wp-content\/uploads\/2026\/01\/2400EJOMN00215-DARK-BLUE-X_1343-Fusped-1-usd.png",453,250,false],"trp-custom-language-flag":["https:\/\/turkishtrade.co\/wp-content\/uploads\/2026\/01\/2400EJOMN00215-DARK-BLUE-X_1343-Fusped-1-usd-18x10.png",18,10,true],"woocommerce_thumbnail":["https:\/\/turkishtrade.co\/wp-content\/uploads\/2026\/01\/2400EJOMN00215-DARK-BLUE-X_1343-Fusped-1-usd-400x250.png",400,250,true],"woocommerce_single":["https:\/\/turkishtrade.co\/wp-content\/uploads\/2026\/01\/2400EJOMN00215-DARK-BLUE-X_1343-Fusped-1-usd.png",453,250,false],"woocommerce_gallery_thumbnail":["https:\/\/turkishtrade.co\/wp-content\/uploads\/2026\/01\/2400EJOMN00215-DARK-BLUE-X_1343-Fusped-1-usd-100x100.png",100,100,true]},"uagb_author_info":{"display_name":"yaser olabi","author_link":"https:\/\/turkishtrade.co\/de\/author\/"},"uagb_comment_info":0,"uagb_excerpt":"Handcrafted from genuine calfskin suede for a luxurious exterior. Soft, breathable goatskin leather lining for ultimate comfort. Lightweight and flexible EVA sole for all-day wear. Classic loafer design perfect for casual and semi-formal occasions. Available in sizes 39-45 to ensure the perfect fit for these men's suede loafer shoes. Wholesale orders welcome: Minimum 8 pairs.&hellip;","_links":{"self":[{"href":"https:\/\/turkishtrade.co\/de\/wp-json\/wp\/v2\/product\/6043","targetHints":{"allow":["GET"]}}],"collection":[{"href":"https:\/\/turkishtrade.co\/de\/wp-json\/wp\/v2\/product"}],"about":[{"href":"https:\/\/turkishtrade.co\/de\/wp-json\/wp\/v2\/types\/product"}],"wp:featuredmedia":[{"embeddable":true,"href":"https:\/\/turkishtrade.co\/de\/wp-json\/wp\/v2\/media\/4034"}],"wp:attachment":[{"href":"https:\/\/turkishtrade.co\/de\/wp-json\/wp\/v2\/media?parent=6043"}],"wp:term":[{"taxonomy":"product_brand","embeddable":true,"href":"https:\/\/turkishtrade.co\/de\/wp-json\/wp\/v2\/product_brand?post=6043"},{"taxonomy":"product_cat","embeddable":true,"href":"https:\/\/turkishtrade.co\/de\/wp-json\/wp\/v2\/product_cat?post=6043"},{"taxonomy":"product_tag","embeddable":true,"href":"https:\/\/turkishtrade.co\/de\/wp-json\/wp\/v2\/product_tag?post=6043"}],"curies":[{"name":"wp","href":"https:\/\/api.w.org\/{rel}","templated":true}]}}