{"id":6002,"date":"2026-01-14T13:56:44","date_gmt":"2026-01-14T13:56:44","guid":{"rendered":"https:\/\/turkishtrade.co\/product\/men-s-leather-casual-loafers\/"},"modified":"2026-04-09T19:17:18","modified_gmt":"2026-04-09T19:17:18","slug":"mens-leather-casual-loafers-7","status":"publish","type":"product","link":"https:\/\/turkishtrade.co\/de\/shop\/mens-leather-casual-loafers-7\/","title":{"rendered":"Herren Premium Leder Casual Loafers mit EVA-Sohle"},"content":{"rendered":"<p><strong>Herren Leder Casual Loafers<\/strong><\/p>\n<p>Erleben Sie unvergleichlichen Stil und Komfort mit unserem exquisiten <strong>Herren Leder Casual Loafers<\/strong>. Diese Loafer wurden f\u00fcr den modernen Mann entworfen, der sowohl Eleganz als auch Leichtigkeit sch\u00e4tzt, und sind ein Beweis f\u00fcr hervorragende Handwerkskunst und hochwertige Materialien. Ob Sie zu einem l\u00e4ssigen Meeting gehen, einen Wochenendausflug genie\u00dfen oder einfach nur anspruchsvolle Alltagsschuhe suchen, unsere <strong>Herren Leder Casual Loafers<\/strong> sind die perfekte Wahl.<\/p>\n<p><h3>Unerreichte Qualit\u00e4t und Handwerkskunst<\/h3>\n<\/p>\n<p>Jedes Paar dieser au\u00dfergew\u00f6hnlichen <strong>Herren Leder Casual Loafers<\/strong> ist sorgf\u00e4ltig aus den besten Materialien gefertigt. Das Obermaterial besteht aus luxuri\u00f6sem Kalbsleder, das f\u00fcr seine Strapazierf\u00e4higkeit, seine geschmeidige Textur und sein elegantes Finish bekannt ist. Dieses hochwertige Leder sorgt f\u00fcr einen raffinierten Look, der sch\u00f6n altert und daf\u00fcr sorgt, dass Ihre Loafer jahrelang ein fester Bestandteil Ihrer Garderobe bleiben.<\/p>\n<p>Im Inneren werden Ihre F\u00fc\u00dfe von echtem Ziegenleder umarmt, das atmungsaktiven Komfort und ein reibungsloses, reibungsloses Erlebnis bietet, sobald Sie in die Schuhe schl\u00fcpfen.<\/p>\n<p><h3>Modernes Design mit allt\u00e4glichem Komfort<\/h3>\n<\/p>\n<p>Neben ihrer hochwertigen Lederkonstruktion sind diese <strong>Herren Leder Casual Loafers<\/strong> zeichnen sich durch ein modernes Design aus, das durch eine leichte und flexible EVA-Sohle unterst\u00fctzt wird. Die EVA-Sohle bietet nicht nur eine hervorragende D\u00e4mpfung und Sto\u00dfabsorption, sondern verleiht dem Schuh auch eine unverwechselbare, moderne \u00c4sthetik mit seinem knackigen wei\u00dfen Finish. Der niedrige, l\u00e4ssige Loafer-Absatz (ca. 1-3 cm) gew\u00e4hrleistet Stabilit\u00e4t und Komfort f\u00fcr den ganzen Tag und macht diese Schuhe ideal f\u00fcr l\u00e4ngere Zeit auf den Beinen.<\/p>\n<p>Erh\u00e4ltlich in den Gr\u00f6\u00dfen 39 bis 45 ist es ein Leichtes, die perfekte Passform zu finden.<\/p>\n<p><h3>Vielseitiger Stil f\u00fcr jede Gelegenheit<\/h3>\n<\/p>\n<p>Unser <strong>Herren Leder Casual Loafers<\/strong> bieten eine unglaubliche Vielseitigkeit, um verschiedene Outfits und Anl\u00e4sse zu erg\u00e4nzen. W\u00e4hlen Sie zwischen zeitlosem schwarzem Leder f\u00fcr einen eleganten, raffinierten Look, dunklem marineblauem Leder f\u00fcr einen subtilen, aber unverwechselbaren Touch oder sattem braunem Wildleder f\u00fcr einen entspannten, strukturierten Look. Diese Loafer lassen sich nahtlos von l\u00e4ssig-eleganten Ensembles mit Chinos oder ma\u00dfgeschneiderten Shorts bis hin zu l\u00e4ssigeren Looks mit Jeans kombinieren.<\/p>\n<p>Sie sind wirklich die ultimative, vielseitige Erg\u00e4nzung f\u00fcr die Schuhkollektion jedes anspruchsvollen Mannes.<\/p>\n<p><h3>Gro\u00dfhandelsm\u00f6glichkeiten und zuverl\u00e4ssige Lieferung<\/h3>\n<\/p>\n<p>F\u00fcr Unternehmen, die ihren Kunden hochwertige Schuhe anbieten m\u00f6chten, ist unser <strong>Herren Leder Casual Loafers<\/strong> sind f\u00fcr den Gro\u00dfeinkauf verf\u00fcgbar. Wir ben\u00f6tigen eine Mindestbestellmenge von 8 Paaren, damit Sie sich effizient eindecken k\u00f6nnen. Mit einer Lieferzeit von ca. 12 Tagen plus Versand k\u00f6nnen Sie Ihren Bestand sicher planen.<\/p>\n<p>Arbeiten Sie mit uns zusammen und bieten Sie Ihren Kunden erstklassige <strong>Herren Leder Casual Loafers<\/strong> die Stil, Komfort und au\u00dfergew\u00f6hnliche Qualit\u00e4t vereinen.<\/p>","protected":false},"excerpt":{"rendered":"<ul>\n<li>Erleben Sie ultimativen Komfort und Stil mit unserem <strong>Herren Leder Casual Loafers<\/strong>.<\/li>\n<li>Au\u00dfen aus luxuri\u00f6sem Kalbsleder und innen aus weichem Ziegenleder gefertigt.<\/li>\n<li>Die leichte und flexible EVA-Sohle sorgt f\u00fcr ganzt\u00e4gigen Tragekomfort.<\/li>\n<li>Erh\u00e4ltlich in einer Reihe von Gr\u00f6\u00dfen: 39-45.<\/li>\n<li>Mindestbestellmenge: 8 Paare.<\/li>\n<li>Lieferzeit: 12 Tage + Versand.<\/li>\n<li>Perfekt f\u00fcr den Gro\u00dfhandel und Gro\u00dfeink\u00e4ufe.<\/li>\n<\/ul>","protected":false},"featured_media":4006,"template":"","meta":{"_acf_changed":false,"_uag_custom_page_level_css":"","site-sidebar-layout":"default","site-content-layout":"","ast-site-content-layout":"default","site-content-style":"default","site-sidebar-style":"default","ast-global-header-display":"","ast-banner-title-visibility":"","ast-main-header-display":"","ast-hfb-above-header-display":"","ast-hfb-below-header-display":"","ast-hfb-mobile-header-display":"","site-post-title":"","ast-breadcrumbs-content":"","ast-featured-img":"","footer-sml-layout":"","ast-disable-related-posts":"","theme-transparent-header-meta":"","adv-header-id-meta":"","stick-header-meta":"","header-above-stick-meta":"","header-main-stick-meta":"","header-below-stick-meta":"","astra-migrate-meta-layouts":"default","ast-page-background-enabled":"default","ast-page-background-meta":{"desktop":{"background-color":"var(--ast-global-color-4)","background-image":"","background-repeat":"repeat","background-position":"center center","background-size":"auto","background-attachment":"scroll","background-type":"","background-media":"","overlay-type":"","overlay-color":"","overlay-opacity":"","overlay-gradient":""},"tablet":{"background-color":"","background-image":"","background-repeat":"repeat","background-position":"center center","background-size":"auto","background-attachment":"scroll","background-type":"","background-media":"","overlay-type":"","overlay-color":"","overlay-opacity":"","overlay-gradient":""},"mobile":{"background-color":"","background-image":"","background-repeat":"repeat","background-position":"center center","background-size":"auto","background-attachment":"scroll","background-type":"","background-media":"","overlay-type":"","overlay-color":"","overlay-opacity":"","overlay-gradient":""}},"ast-content-background-meta":{"desktop":{"background-color":"var(--ast-global-color-5)","background-image":"","background-repeat":"repeat","background-position":"center center","background-size":"auto","background-attachment":"scroll","background-type":"","background-media":"","overlay-type":"","overlay-color":"","overlay-opacity":"","overlay-gradient":""},"tablet":{"background-color":"var(--ast-global-color-5)","background-image":"","background-repeat":"repeat","background-position":"center center","background-size":"auto","background-attachment":"scroll","background-type":"","background-media":"","overlay-type":"","overlay-color":"","overlay-opacity":"","overlay-gradient":""},"mobile":{"background-color":"var(--ast-global-color-5)","background-image":"","background-repeat":"repeat","background-position":"center center","background-size":"auto","background-attachment":"scroll","background-type":"","background-media":"","overlay-type":"","overlay-color":"","overlay-opacity":"","overlay-gradient":""}}},"product_brand":[],"product_cat":[48,49,430,40,50],"product_tag":[370,1126,1127,674,185,512,272,271,438,189,215,966,186,1022,557,374,280,456],"class_list":{"0":"post-6002","1":"product","2":"type-product","3":"status-publish","4":"has-post-thumbnail","6":"product_cat-casual","7":"product_cat-loafer","8":"product_cat-men","9":"product_cat-mens-shoes","10":"product_cat-sneakers","11":"product_tag-black-loafers","12":"product_tag-boat-shoes","13":"product_tag-brown-suede-loafers","14":"product_tag-bulk-shoes","15":"product_tag-calf-leather-shoes","16":"product_tag-casual-loafers","17":"product_tag-comfort-shoes","18":"product_tag-deck-shoes","19":"product_tag-eva-sole","20":"product_tag-goat-leather-lining","21":"product_tag-leather-loafers","22":"product_tag-mens-leather-casual-loafers","23":"product_tag-mens-loafers","24":"product_tag-mens-style","25":"product_tag-navy-loafers","26":"product_tag-premium-loafers","27":"product_tag-smart-casual-shoes","28":"product_tag-wholesale-loafers","29":"desktop-align-center","30":"tablet-align-center","31":"mobile-align-center","33":"first","34":"instock","35":"shipping-taxable","36":"purchasable","37":"product-type-variable","38":"has-default-attributes"},"acf":[],"uagb_featured_image_src":{"full":["https:\/\/turkishtrade.co\/wp-content\/uploads\/2026\/01\/2400EJOMN00202-DARK-BLUE-X_1322-4-USD.png",453,250,false],"thumbnail":["https:\/\/turkishtrade.co\/wp-content\/uploads\/2026\/01\/2400EJOMN00202-DARK-BLUE-X_1322-4-USD-150x150.png",150,150,true],"medium":["https:\/\/turkishtrade.co\/wp-content\/uploads\/2026\/01\/2400EJOMN00202-DARK-BLUE-X_1322-4-USD-300x166.png",300,166,true],"medium_large":["https:\/\/turkishtrade.co\/wp-content\/uploads\/2026\/01\/2400EJOMN00202-DARK-BLUE-X_1322-4-USD.png",453,250,false],"large":["https:\/\/turkishtrade.co\/wp-content\/uploads\/2026\/01\/2400EJOMN00202-DARK-BLUE-X_1322-4-USD.png",453,250,false],"1536x1536":["https:\/\/turkishtrade.co\/wp-content\/uploads\/2026\/01\/2400EJOMN00202-DARK-BLUE-X_1322-4-USD.png",453,250,false],"2048x2048":["https:\/\/turkishtrade.co\/wp-content\/uploads\/2026\/01\/2400EJOMN00202-DARK-BLUE-X_1322-4-USD.png",453,250,false],"trp-custom-language-flag":["https:\/\/turkishtrade.co\/wp-content\/uploads\/2026\/01\/2400EJOMN00202-DARK-BLUE-X_1322-4-USD-18x10.png",18,10,true],"woocommerce_thumbnail":["https:\/\/turkishtrade.co\/wp-content\/uploads\/2026\/01\/2400EJOMN00202-DARK-BLUE-X_1322-4-USD-400x250.png",400,250,true],"woocommerce_single":["https:\/\/turkishtrade.co\/wp-content\/uploads\/2026\/01\/2400EJOMN00202-DARK-BLUE-X_1322-4-USD.png",453,250,false],"woocommerce_gallery_thumbnail":["https:\/\/turkishtrade.co\/wp-content\/uploads\/2026\/01\/2400EJOMN00202-DARK-BLUE-X_1322-4-USD-100x100.png",100,100,true]},"uagb_author_info":{"display_name":"yaser olabi","author_link":"https:\/\/turkishtrade.co\/de\/author\/"},"uagb_comment_info":0,"uagb_excerpt":"Experience ultimate comfort and style with our Men's Leather Casual Loafers. Crafted with a luxurious calf leather exterior and soft goat leather interior. Features a lightweight and flexible EVA sole for all-day wear. Available in a range of sizes: 39-45. Minimum order quantity: 8 pairs. Delivery Time: 12 days + shipping. Perfect for wholesale and&hellip;","_links":{"self":[{"href":"https:\/\/turkishtrade.co\/de\/wp-json\/wp\/v2\/product\/6002","targetHints":{"allow":["GET"]}}],"collection":[{"href":"https:\/\/turkishtrade.co\/de\/wp-json\/wp\/v2\/product"}],"about":[{"href":"https:\/\/turkishtrade.co\/de\/wp-json\/wp\/v2\/types\/product"}],"wp:featuredmedia":[{"embeddable":true,"href":"https:\/\/turkishtrade.co\/de\/wp-json\/wp\/v2\/media\/4006"}],"wp:attachment":[{"href":"https:\/\/turkishtrade.co\/de\/wp-json\/wp\/v2\/media?parent=6002"}],"wp:term":[{"taxonomy":"product_brand","embeddable":true,"href":"https:\/\/turkishtrade.co\/de\/wp-json\/wp\/v2\/product_brand?post=6002"},{"taxonomy":"product_cat","embeddable":true,"href":"https:\/\/turkishtrade.co\/de\/wp-json\/wp\/v2\/product_cat?post=6002"},{"taxonomy":"product_tag","embeddable":true,"href":"https:\/\/turkishtrade.co\/de\/wp-json\/wp\/v2\/product_tag?post=6002"}],"curies":[{"name":"wp","href":"https:\/\/api.w.org\/{rel}","templated":true}]}}