{"id":5988,"date":"2026-01-14T13:54:52","date_gmt":"2026-01-14T13:54:52","guid":{"rendered":"https:\/\/turkishtrade.co\/product\/mens-leather-casual-sneakers\/"},"modified":"2026-04-09T19:17:48","modified_gmt":"2026-04-09T19:17:48","slug":"mens-leather-casual-sneakers","status":"publish","type":"product","link":"https:\/\/turkishtrade.co\/de\/shop\/mens-leather-casual-sneakers\/","title":{"rendered":"Herren Premium Leder Freizeitschuhe mit EVA-Sohle"},"content":{"rendered":"<p><strong>Herren Leder Freizeitschuhe<\/strong><\/p>\n<p>Erleben Sie unvergleichlichen Komfort und anspruchsvollen Stil mit unserer exklusiven Kollektion von <strong>Herren Leder l\u00e4ssige Turnschuhe<\/strong>. Entworfen f\u00fcr den modernen Mann, der sowohl \u00c4sthetik als auch Funktionalit\u00e4t sch\u00e4tzt, sind diese hochwertigen <strong>Herren Leder l\u00e4ssige Turnschuhe<\/strong> verbinden nahtlos erstklassige Materialien mit fachm\u00e4nnischer Handwerkskunst. Ob Sie durch urbane Landschaften navigieren oder ein entspanntes Wochenende genie\u00dfen, unsere au\u00dfergew\u00f6hnlichen <strong>Herren Leder l\u00e4ssige Turnschuhe<\/strong> bieten die perfekte Grundlage f\u00fcr jedes Outfit und sorgen daf\u00fcr, dass Sie den ganzen Tag \u00fcber gut aussehen und sich wohl f\u00fchlen.<\/p>\n<p><h3>Hervorragende Handwerkskunst und hochwertige Materialien f\u00fcr Ihre F\u00fc\u00dfe<\/h3>\n<\/p>\n<p>Jedes Paar unserer Premium <strong>Herren Leder l\u00e4ssige Turnschuhe<\/strong> ist sorgf\u00e4ltig aus den besten Materialien gefertigt. Das \u00c4u\u00dfere besteht aus echtem Rindsleder, das f\u00fcr seine au\u00dfergew\u00f6hnliche Haltbarkeit, seine luxuri\u00f6se Textur und seine F\u00e4higkeit, mit der Zeit zu altern, bekannt ist. Diese robuste Au\u00dfenh\u00fclle sorgt nicht nur f\u00fcr eine lange Lebensdauer, sondern bietet auch einen eleganten, raffinierten Look, der in vielseitigen Farben wie klassischem Schwarz, raffiniertem Marineblau mit satten braunen Akzenten und klarem Wei\u00df erh\u00e4ltlich ist.<\/p>\n<p>Diese sind wirklich das Nonplusultra <strong>Herren Leder l\u00e4ssige Turnschuhe<\/strong> f\u00fcr gehobene Anspr\u00fcche.<\/p>\n<p>Im Inneren werden Ihre F\u00fc\u00dfe von der weichen Umarmung des Ziegenlederfutters umschmeichelt. Dieses nat\u00fcrliche Material ist bekannt f\u00fcr seine hervorragende Atmungsaktivit\u00e4t, seine exzellenten feuchtigkeitsableitenden Eigenschaften und seine unglaubliche Geschmeidigkeit, die auch nach l\u00e4ngerem Tragen f\u00fcr maximalen Komfort sorgt. Die exquisite Kombination aus strapazierf\u00e4higem Rindsleder und weichem Ziegenleder ist ein wahrer Genuss und macht diese Schuhe zu mehr als nur einem Schuh - sie sind eine Investition in Ihren Komfort und zeitlosen Stil.<\/p>\n<p><h3>Leichter Komfort mit fortschrittlicher EVA-Sohlentechnologie<\/h3>\n<\/p>\n<p>Erleben Sie m\u00fcheloses Gehen mit der fortschrittlichen EVA-Sohle (Ethylen-Vinyl-Acetat), die in jedem Paar unserer <strong>Herren Leder l\u00e4ssige Turnschuhe<\/strong>. Dieses leichte und doch unglaublich elastische Material bietet eine hervorragende D\u00e4mpfung und Sto\u00dfabsorption, reduziert die Erm\u00fcdung der F\u00fc\u00dfe und bietet au\u00dfergew\u00f6hnliche Unterst\u00fctzung f\u00fcr Ihre F\u00fc\u00dfe den ganzen Tag. Der niedrige Absatz, der dezent zwischen 1-3 cm misst, sorgt f\u00fcr einen sanften Auftrieb, w\u00e4hrend er die l\u00e4ssige Eleganz dieser au\u00dfergew\u00f6hnlichen Sneaker perfekt aufrechterh\u00e4lt.<\/p>\n<p>Unser unerm\u00fcdliches Engagement f\u00fcr Komfort erstreckt sich auch auf die perfekte Passform. Wir bieten eine umfassende Auswahl an Gr\u00f6\u00dfen von EU 39 bis 45 an, so dass jeder Kunde in unserer Kollektion das ideale Modell finden kann. <strong>Herren Leder l\u00e4ssige Turnschuhe<\/strong>. Das klassische Schn\u00fcrdesign erm\u00f6glicht eine sichere und leicht verstellbare Passform, die sich perfekt an die einzigartigen Konturen Ihres Fu\u00dfes anpasst und so f\u00fcr individuellen Komfort sorgt.<\/p>\n<p><h3>Vielseitigkeit f\u00fcr jede Gelegenheit und bequeme Verf\u00fcgbarkeit in gro\u00dfen Mengen<\/h3>\n<\/p>\n<p>Diese vielseitigen <strong>Herren Leder l\u00e4ssige Turnschuhe<\/strong> sind der Inbegriff von l\u00e4ssigem Schuhwerk und eignen sich f\u00fcr eine Vielzahl von Anl\u00e4ssen. Kombinieren Sie sie m\u00fchelos mit ma\u00dfgeschneiderten Hosen f\u00fcr einen modernen B\u00fcro-Look, oder tragen Sie sie zu Ihrer Lieblingsjeans oder Chinohose f\u00fcr ein entspanntes, aber poliertes Wochenend-Ensemble. Ihr zeitloses Design sorgt daf\u00fcr, dass sie auch in den kommenden Saisons ein begehrter Bestandteil Ihrer Garderobe bleiben.<\/p>\n<p>F\u00fcr Unternehmen und Einzelh\u00e4ndler bieten wir attraktive Gro\u00dfhandelsoptionen an, die es einfach machen, diese stark nachgefragten Premiumprodukte auf Lager zu haben. <strong>Herren Leder l\u00e4ssige Turnschuhe<\/strong>. Eine Mindestbestellmenge von nur 8 Paar sorgt f\u00fcr Flexibilit\u00e4t und Komfort. Genie\u00dfen Sie eine effiziente Logistik mit einer typischen Lieferzeit von ca. 12 Tagen plus Standardversand, damit Ihre Gro\u00dfbestellung schnell und effizient ankommt.<\/p>\n<p>Erweitern Sie Ihre Schuhkollektion mit unseren hochwertigen <strong>Herren Leder l\u00e4ssige Turnschuhe<\/strong> - wo Luxus auf Alltagstauglichkeit und Stil trifft.<\/p>","protected":false},"excerpt":{"rendered":"<ul>\n<li><b>Hochwertige Materialien:<\/b> Au\u00dfen aus strapazierf\u00e4higem Rindsleder und innen aus weichem Ziegenleder f\u00fcr h\u00f6chsten Komfort.<\/li>\n<li><b>Leichter Komfort:<\/b> Die sto\u00dfd\u00e4mpfende EVA-Sohle sorgt den ganzen Tag f\u00fcr Komfort und Halt.<\/li>\n<li><b>Stilvoll und vielseitig:<\/b> Klassischer Schn\u00fcrer, der sich f\u00fcr verschiedene Casual- und Smart-Casual-Anl\u00e4sse eignet.<\/li>\n<li><b>Verf\u00fcgbare Gr\u00f6\u00dfen:<\/b> Gro\u00dfe Auswahl von EU 39 bis 45.<\/li>\n<li><b>Verf\u00fcgbarkeit im Gro\u00dfhandel:<\/b> Mindestbestellmenge von 8 Paaren.<\/li>\n<li><b>Effiziente Lieferung:<\/b> Erwarten Sie die Lieferung innerhalb von 12 Tagen plus Versandzeit.<\/li>\n<\/ul>","protected":false},"featured_media":3993,"template":"","meta":{"_acf_changed":false,"_uag_custom_page_level_css":"","site-sidebar-layout":"default","site-content-layout":"","ast-site-content-layout":"default","site-content-style":"default","site-sidebar-style":"default","ast-global-header-display":"","ast-banner-title-visibility":"","ast-main-header-display":"","ast-hfb-above-header-display":"","ast-hfb-below-header-display":"","ast-hfb-mobile-header-display":"","site-post-title":"","ast-breadcrumbs-content":"","ast-featured-img":"","footer-sml-layout":"","ast-disable-related-posts":"","theme-transparent-header-meta":"","adv-header-id-meta":"","stick-header-meta":"","header-above-stick-meta":"","header-main-stick-meta":"","header-below-stick-meta":"","astra-migrate-meta-layouts":"default","ast-page-background-enabled":"default","ast-page-background-meta":{"desktop":{"background-color":"var(--ast-global-color-4)","background-image":"","background-repeat":"repeat","background-position":"center center","background-size":"auto","background-attachment":"scroll","background-type":"","background-media":"","overlay-type":"","overlay-color":"","overlay-opacity":"","overlay-gradient":""},"tablet":{"background-color":"","background-image":"","background-repeat":"repeat","background-position":"center center","background-size":"auto","background-attachment":"scroll","background-type":"","background-media":"","overlay-type":"","overlay-color":"","overlay-opacity":"","overlay-gradient":""},"mobile":{"background-color":"","background-image":"","background-repeat":"repeat","background-position":"center center","background-size":"auto","background-attachment":"scroll","background-type":"","background-media":"","overlay-type":"","overlay-color":"","overlay-opacity":"","overlay-gradient":""}},"ast-content-background-meta":{"desktop":{"background-color":"var(--ast-global-color-5)","background-image":"","background-repeat":"repeat","background-position":"center center","background-size":"auto","background-attachment":"scroll","background-type":"","background-media":"","overlay-type":"","overlay-color":"","overlay-opacity":"","overlay-gradient":""},"tablet":{"background-color":"var(--ast-global-color-5)","background-image":"","background-repeat":"repeat","background-position":"center center","background-size":"auto","background-attachment":"scroll","background-type":"","background-media":"","overlay-type":"","overlay-color":"","overlay-opacity":"","overlay-gradient":""},"mobile":{"background-color":"var(--ast-global-color-5)","background-image":"","background-repeat":"repeat","background-position":"center center","background-size":"auto","background-attachment":"scroll","background-type":"","background-media":"","overlay-type":"","overlay-color":"","overlay-opacity":"","overlay-gradient":""}}},"product_brand":[],"product_cat":[48,49,430,40,50],"product_tag":[238,449,1117,781,438,556,224,365,969,214,1116,546,386,254],"class_list":{"0":"post-5988","1":"product","2":"type-product","3":"status-publish","4":"has-post-thumbnail","6":"product_cat-casual","7":"product_cat-loafer","8":"product_cat-men","9":"product_cat-mens-shoes","10":"product_cat-sneakers","11":"product_tag-black-leather-sneakers","12":"product_tag-casual-shoes","13":"product_tag-comfortable-sneakers","14":"product_tag-cowhide-shoes","15":"product_tag-eva-sole","16":"product_tag-goatskin-lining","17":"product_tag-leather-sneakers","18":"product_tag-luxury-sneakers","19":"product_tag-mens-fashion-shoes","20":"product_tag-mens-sneakers","21":"product_tag-premium-sneakers","22":"product_tag-stylish-mens-shoes","23":"product_tag-white-sole-sneakers","24":"product_tag-wholesale-footwear","25":"desktop-align-center","26":"tablet-align-center","27":"mobile-align-center","29":"first","30":"instock","31":"shipping-taxable","32":"purchasable","33":"product-type-variable","34":"has-default-attributes"},"acf":[],"uagb_featured_image_src":{"full":["https:\/\/turkishtrade.co\/wp-content\/uploads\/2026\/01\/2400EJOMN00198-WHITE-X_1323-4-USD.png",453,250,false],"thumbnail":["https:\/\/turkishtrade.co\/wp-content\/uploads\/2026\/01\/2400EJOMN00198-WHITE-X_1323-4-USD-150x150.png",150,150,true],"medium":["https:\/\/turkishtrade.co\/wp-content\/uploads\/2026\/01\/2400EJOMN00198-WHITE-X_1323-4-USD-300x166.png",300,166,true],"medium_large":["https:\/\/turkishtrade.co\/wp-content\/uploads\/2026\/01\/2400EJOMN00198-WHITE-X_1323-4-USD.png",453,250,false],"large":["https:\/\/turkishtrade.co\/wp-content\/uploads\/2026\/01\/2400EJOMN00198-WHITE-X_1323-4-USD.png",453,250,false],"1536x1536":["https:\/\/turkishtrade.co\/wp-content\/uploads\/2026\/01\/2400EJOMN00198-WHITE-X_1323-4-USD.png",453,250,false],"2048x2048":["https:\/\/turkishtrade.co\/wp-content\/uploads\/2026\/01\/2400EJOMN00198-WHITE-X_1323-4-USD.png",453,250,false],"trp-custom-language-flag":["https:\/\/turkishtrade.co\/wp-content\/uploads\/2026\/01\/2400EJOMN00198-WHITE-X_1323-4-USD-18x10.png",18,10,true],"woocommerce_thumbnail":["https:\/\/turkishtrade.co\/wp-content\/uploads\/2026\/01\/2400EJOMN00198-WHITE-X_1323-4-USD-400x250.png",400,250,true],"woocommerce_single":["https:\/\/turkishtrade.co\/wp-content\/uploads\/2026\/01\/2400EJOMN00198-WHITE-X_1323-4-USD.png",453,250,false],"woocommerce_gallery_thumbnail":["https:\/\/turkishtrade.co\/wp-content\/uploads\/2026\/01\/2400EJOMN00198-WHITE-X_1323-4-USD-100x100.png",100,100,true]},"uagb_author_info":{"display_name":"yaser olabi","author_link":"https:\/\/turkishtrade.co\/de\/author\/"},"uagb_comment_info":0,"uagb_excerpt":"Premium Materials: Crafted with a durable cowhide leather exterior and a soft goatskin leather interior for superior comfort. Lightweight Comfort: Features a shock-absorbing EVA sole for all-day ease and support. Stylish &amp; Versatile: Classic lace-up design suitable for various casual and smart-casual occasions. Available Sizes: Wide range from EU 39 to 45. Wholesale Availability: Minimum&hellip;","_links":{"self":[{"href":"https:\/\/turkishtrade.co\/de\/wp-json\/wp\/v2\/product\/5988","targetHints":{"allow":["GET"]}}],"collection":[{"href":"https:\/\/turkishtrade.co\/de\/wp-json\/wp\/v2\/product"}],"about":[{"href":"https:\/\/turkishtrade.co\/de\/wp-json\/wp\/v2\/types\/product"}],"wp:featuredmedia":[{"embeddable":true,"href":"https:\/\/turkishtrade.co\/de\/wp-json\/wp\/v2\/media\/3993"}],"wp:attachment":[{"href":"https:\/\/turkishtrade.co\/de\/wp-json\/wp\/v2\/media?parent=5988"}],"wp:term":[{"taxonomy":"product_brand","embeddable":true,"href":"https:\/\/turkishtrade.co\/de\/wp-json\/wp\/v2\/product_brand?post=5988"},{"taxonomy":"product_cat","embeddable":true,"href":"https:\/\/turkishtrade.co\/de\/wp-json\/wp\/v2\/product_cat?post=5988"},{"taxonomy":"product_tag","embeddable":true,"href":"https:\/\/turkishtrade.co\/de\/wp-json\/wp\/v2\/product_tag?post=5988"}],"curies":[{"name":"wp","href":"https:\/\/api.w.org\/{rel}","templated":true}]}}