{"id":5986,"date":"2026-01-14T13:54:26","date_gmt":"2026-01-14T13:54:26","guid":{"rendered":"https:\/\/turkishtrade.co\/product\/men-s-chunky-sole-loafers\/"},"modified":"2026-04-09T19:17:50","modified_gmt":"2026-04-09T19:17:50","slug":"mens-chunky-sole-loafers-2","status":"publish","type":"product","link":"https:\/\/turkishtrade.co\/de\/shop\/mens-chunky-sole-loafers-2\/","title":{"rendered":"Premium Herren Leder Braun Chunky Sohle Loafers"},"content":{"rendered":"<p><strong>Herren Loafers mit klobiger Sohle<\/strong><\/p>\n<p>Erleben Sie raffinierten Komfort und unverwechselbaren Stil mit unseren hochwertigen <strong>Herren Loafers mit klobiger Sohle<\/strong>. Diese exquisiten braunen Lederslipper wurden sorgf\u00e4ltig f\u00fcr den anspruchsvollen Gentleman gefertigt und vereinen klassische Eleganz mit einem modernen Touch. Entworfen, um eine Aussage zu machen, unsere <strong>Herren Loafer mit klobiger Sohle<\/strong> sind eine unverzichtbare Erg\u00e4nzung f\u00fcr jede moderne Garderobe, da sie sowohl langlebig sind als auch eine anspruchsvolle \u00c4sthetik aufweisen.<\/p>\n<p>Ob f\u00fcr legere Ausfl\u00fcge oder elegantere Anl\u00e4sse, diese Loafers bieten die perfekte Grundlage f\u00fcr einen selbstbewussten Look. F\u00fcr die ultimative Mischung aus Komfort und Stil, w\u00e4hlen Sie unsere hochwertigen <strong>Herren Loafer mit klobiger Sohle<\/strong>.<\/p>\n<h3>Un\u00fcbertroffener Komfort &amp; Handwerkskunst<\/h3>\n<p>Erleben Sie die hervorragende Qualit\u00e4t, die unsere Schuhe auszeichnet. Jedes Paar dieser au\u00dfergew\u00f6hnlichen <strong>Herren Loafers mit klobiger Sohle<\/strong> besteht aus luxuri\u00f6sem Kalbsleder, das f\u00fcr seine geschmeidige Textur und dauerhafte Widerstandsf\u00e4higkeit bekannt ist. Das Innere ist mit weichem Ziegenleder gef\u00fcttert, das f\u00fcr atmungsaktiven Komfort und eine perfekte Passform sorgt, die sich mit der Zeit an Ihren Fu\u00df anpasst.<\/p>\n<p>Darunter sorgt eine robuste und dennoch leichte EVA-Sohle f\u00fcr hervorragende D\u00e4mpfung und Unterst\u00fctzung, so dass diese <strong>Herren Loafer mit klobiger Sohle<\/strong> ideal f\u00fcr l\u00e4ngeres Tragen. Der dezente 1-3 cm hohe Absatz sorgt f\u00fcr einen klassischen Auftrieb und verbessert die K\u00f6rperhaltung, ohne die Gehf\u00e4higkeit zu beeintr\u00e4chtigen. Erh\u00e4ltlich in einer breiten Palette von Gr\u00f6\u00dfen von EU 39 bis 45, gew\u00e4hrleisten wir eine perfekte Passform f\u00fcr eine breite Palette von Kunden.<\/p>\n<p>Werten Sie Ihre Schuhsammlung mit diesen beeindruckenden <strong>Herren Loafer mit klobiger Sohle<\/strong>.<\/p>\n<h3>Unverwechselbarer Stil f\u00fcr den modernen Mann<\/h3>\n<p>Unser Braun <strong>Herren Loafers mit klobiger Sohle<\/strong> sind mit einem scharfen Blick f\u00fcr Tradition und aktuelle Trends entworfen. Die klassische Penny-Loafer-Silhouette wird durch eine stilvolle, klobige Sohle aufgewertet, wodurch ein modernes Profil entsteht, das auff\u00e4llt. Der satte Braunton sorgt f\u00fcr Vielseitigkeit, so dass diese Loafer m\u00fchelos mit allem kombiniert werden k\u00f6nnen, von ma\u00dfgeschneiderten Hosen und Blazern bis hin zu eleganten Denims oder Chinos.<\/p>\n<p>Sie sind der Inbegriff von Smart-Casual-Schuhen und \u00fcberbr\u00fccken die Kluft zwischen formeller und entspannter Kleidung mit m\u00fcheloser Anmut. Investieren Sie in ein Paar <strong>Herren Loafer mit klobiger Sohle<\/strong> die ein Outfit nicht nur vervollst\u00e4ndigen, sondern es definieren.<\/p>\n<h3>Exzellenz im Gro\u00dfhandel &amp; zuverl\u00e4ssige Lieferung<\/h3>\n<p>F\u00fcr Einzelh\u00e4ndler und Unternehmen, die Premium-Schuhe anbieten m\u00f6chten, ist unser <strong>Herren Loafers mit klobiger Sohle<\/strong> sind f\u00fcr Gro\u00dfauftr\u00e4ge verf\u00fcgbar. Wir sind stolz auf unseren effizienten Service und die schnelle Lieferung. Mit einer Mindestbestellmenge von nur 8 Paar ist es einfach, Ihr Inventar mit hochwertigen, gefragten Schuhen zu best\u00fccken.<\/p>\n<p>Unser spezieller Produktionsprozess stellt sicher, dass Ihre Bestellung innerhalb von 12 Tagen versandfertig ist, gefolgt von einem zuverl\u00e4ssigen Versand, der diese au\u00dfergew\u00f6hnlichen <strong>Herren Loafer mit klobiger Sohle<\/strong> direkt an Ihre Haust\u00fcr. Arbeiten Sie mit uns zusammen, um Ihren Kunden Schuhe zu bieten, die Qualit\u00e4t, Komfort und raffinierten Stil ausstrahlen. Erkunden Sie das Potenzial unserer <strong>Herren Loafer mit klobiger Sohle<\/strong> f\u00fcr Ihr Unternehmen.<\/p>","protected":false},"excerpt":{"rendered":"<ul>\n<li>Au\u00dfen hochwertiges Kalbsleder und innen Ziegenleder<\/li>\n<li>Bequeme EVA-Sohle mit 1-3cm Absatzh\u00f6he<\/li>\n<li>Stilvolle braune Loafer mit klobiger Sohle<\/li>\n<li>Verf\u00fcgbare Gr\u00f6\u00dfen: EU 39, 40, 41, 42, 43, 44, 45<\/li>\n<li>Mindestbestellmenge: 8 Paare<\/li>\n<li>Lieferzeit: 12 Tage + Versand<\/li>\n<\/ul>","protected":false},"featured_media":3961,"template":"","meta":{"_acf_changed":false,"_uag_custom_page_level_css":"","site-sidebar-layout":"default","site-content-layout":"","ast-site-content-layout":"default","site-content-style":"default","site-sidebar-style":"default","ast-global-header-display":"","ast-banner-title-visibility":"","ast-main-header-display":"","ast-hfb-above-header-display":"","ast-hfb-below-header-display":"","ast-hfb-mobile-header-display":"","site-post-title":"","ast-breadcrumbs-content":"","ast-featured-img":"","footer-sml-layout":"","ast-disable-related-posts":"","theme-transparent-header-meta":"default","adv-header-id-meta":"","stick-header-meta":"","header-above-stick-meta":"","header-main-stick-meta":"","header-below-stick-meta":"","astra-migrate-meta-layouts":"set","ast-page-background-enabled":"default","ast-page-background-meta":{"desktop":{"background-color":"var(--ast-global-color-4)","background-image":"","background-repeat":"repeat","background-position":"center center","background-size":"auto","background-attachment":"scroll","background-type":"","background-media":"","overlay-type":"","overlay-color":"","overlay-opacity":"","overlay-gradient":""},"tablet":{"background-color":"","background-image":"","background-repeat":"repeat","background-position":"center center","background-size":"auto","background-attachment":"scroll","background-type":"","background-media":"","overlay-type":"","overlay-color":"","overlay-opacity":"","overlay-gradient":""},"mobile":{"background-color":"","background-image":"","background-repeat":"repeat","background-position":"center center","background-size":"auto","background-attachment":"scroll","background-type":"","background-media":"","overlay-type":"","overlay-color":"","overlay-opacity":"","overlay-gradient":""}},"ast-content-background-meta":{"desktop":{"background-color":"var(--ast-global-color-5)","background-image":"","background-repeat":"repeat","background-position":"center center","background-size":"auto","background-attachment":"scroll","background-type":"","background-media":"","overlay-type":"","overlay-color":"","overlay-opacity":"","overlay-gradient":""},"tablet":{"background-color":"var(--ast-global-color-5)","background-image":"","background-repeat":"repeat","background-position":"center center","background-size":"auto","background-attachment":"scroll","background-type":"","background-media":"","overlay-type":"","overlay-color":"","overlay-opacity":"","overlay-gradient":""},"mobile":{"background-color":"var(--ast-global-color-5)","background-image":"","background-repeat":"repeat","background-position":"center center","background-size":"auto","background-attachment":"scroll","background-type":"","background-media":"","overlay-type":"","overlay-color":"","overlay-opacity":"","overlay-gradient":""}}},"product_brand":[],"product_cat":[430,40,15],"product_tag":[147,566,512,304,220,978,438,556,215,198,186,279,280,254],"class_list":{"0":"post-5986","1":"product","2":"type-product","3":"status-publish","4":"has-post-thumbnail","6":"product_cat-men","7":"product_cat-mens-shoes","8":"product_cat-uncategorized","9":"product_tag-brown-loafers","10":"product_tag-calfskin-shoes","11":"product_tag-casual-loafers","12":"product_tag-chunky-sole-loafers","13":"product_tag-comfortable-loafers","14":"product_tag-dress-casual-shoes","15":"product_tag-eva-sole","16":"product_tag-goatskin-lining","17":"product_tag-leather-loafers","18":"product_tag-mens-fashion","19":"product_tag-mens-loafers","20":"product_tag-penny-loafers","21":"product_tag-smart-casual-shoes","22":"product_tag-wholesale-footwear","23":"desktop-align-center","24":"tablet-align-center","25":"mobile-align-center","27":"first","28":"instock","29":"shipping-taxable","30":"purchasable","31":"product-type-variable","32":"has-default-attributes"},"acf":[],"uagb_featured_image_src":{"full":["https:\/\/turkishtrade.co\/wp-content\/uploads\/2026\/01\/2400EJOMN00491-DARK-BROWN-KDS_74-6-USD.png",453,250,false],"thumbnail":["https:\/\/turkishtrade.co\/wp-content\/uploads\/2026\/01\/2400EJOMN00491-DARK-BROWN-KDS_74-6-USD-150x150.png",150,150,true],"medium":["https:\/\/turkishtrade.co\/wp-content\/uploads\/2026\/01\/2400EJOMN00491-DARK-BROWN-KDS_74-6-USD-300x166.png",300,166,true],"medium_large":["https:\/\/turkishtrade.co\/wp-content\/uploads\/2026\/01\/2400EJOMN00491-DARK-BROWN-KDS_74-6-USD.png",453,250,false],"large":["https:\/\/turkishtrade.co\/wp-content\/uploads\/2026\/01\/2400EJOMN00491-DARK-BROWN-KDS_74-6-USD.png",453,250,false],"1536x1536":["https:\/\/turkishtrade.co\/wp-content\/uploads\/2026\/01\/2400EJOMN00491-DARK-BROWN-KDS_74-6-USD.png",453,250,false],"2048x2048":["https:\/\/turkishtrade.co\/wp-content\/uploads\/2026\/01\/2400EJOMN00491-DARK-BROWN-KDS_74-6-USD.png",453,250,false],"trp-custom-language-flag":["https:\/\/turkishtrade.co\/wp-content\/uploads\/2026\/01\/2400EJOMN00491-DARK-BROWN-KDS_74-6-USD-18x10.png",18,10,true],"woocommerce_thumbnail":["https:\/\/turkishtrade.co\/wp-content\/uploads\/2026\/01\/2400EJOMN00491-DARK-BROWN-KDS_74-6-USD-400x250.png",400,250,true],"woocommerce_single":["https:\/\/turkishtrade.co\/wp-content\/uploads\/2026\/01\/2400EJOMN00491-DARK-BROWN-KDS_74-6-USD.png",453,250,false],"woocommerce_gallery_thumbnail":["https:\/\/turkishtrade.co\/wp-content\/uploads\/2026\/01\/2400EJOMN00491-DARK-BROWN-KDS_74-6-USD-100x100.png",100,100,true]},"uagb_author_info":{"display_name":"yaser olabi","author_link":"https:\/\/turkishtrade.co\/de\/author\/"},"uagb_comment_info":0,"uagb_excerpt":"Premium Calfskin Exterior &amp; Goatskin Interior Comfortable EVA Sole with 1-3cm Heel Height Stylish Brown Chunky Sole Loafer Design Available Sizes: EU 39, 40, 41, 42, 43, 44, 45 Minimum Order Quantity: 8 Pairs Delivery Time: 12 Days + Shipping","_links":{"self":[{"href":"https:\/\/turkishtrade.co\/de\/wp-json\/wp\/v2\/product\/5986","targetHints":{"allow":["GET"]}}],"collection":[{"href":"https:\/\/turkishtrade.co\/de\/wp-json\/wp\/v2\/product"}],"about":[{"href":"https:\/\/turkishtrade.co\/de\/wp-json\/wp\/v2\/types\/product"}],"wp:featuredmedia":[{"embeddable":true,"href":"https:\/\/turkishtrade.co\/de\/wp-json\/wp\/v2\/media\/3961"}],"wp:attachment":[{"href":"https:\/\/turkishtrade.co\/de\/wp-json\/wp\/v2\/media?parent=5986"}],"wp:term":[{"taxonomy":"product_brand","embeddable":true,"href":"https:\/\/turkishtrade.co\/de\/wp-json\/wp\/v2\/product_brand?post=5986"},{"taxonomy":"product_cat","embeddable":true,"href":"https:\/\/turkishtrade.co\/de\/wp-json\/wp\/v2\/product_cat?post=5986"},{"taxonomy":"product_tag","embeddable":true,"href":"https:\/\/turkishtrade.co\/de\/wp-json\/wp\/v2\/product_tag?post=5986"}],"curies":[{"name":"wp","href":"https:\/\/api.w.org\/{rel}","templated":true}]}}