{"id":5978,"date":"2026-01-14T13:53:11","date_gmt":"2026-01-14T13:53:11","guid":{"rendered":"https:\/\/turkishtrade.co\/product\/men-s-crocodile-embossed-derbies\/"},"modified":"2026-04-09T19:18:03","modified_gmt":"2026-04-09T19:18:03","slug":"mens-crocodile-embossed-derbies","status":"publish","type":"product","link":"https:\/\/turkishtrade.co\/de\/shop\/mens-crocodile-embossed-derbies\/","title":{"rendered":"Herren Luxus Braun Krokodil gepr\u00e4gte Leder Plattform Derby Schuhe"},"content":{"rendered":"<p><strong>Herren Derbies mit Krokodilpr\u00e4gung<\/strong><\/p>\n<p>Erweitern Sie Ihre Schuhkollektion mit unseren gro\u00dfartigen <strong>Herren Derbies mit Krokodilpr\u00e4gung<\/strong>, ein wahres Zeugnis f\u00fcr luxuri\u00f6ses Design und \u00fcberlegene Handwerkskunst. Das sind nicht einfach nur Schuhe; sie sind ein Statement. Diese in sorgf\u00e4ltiger Handarbeit gefertigten Derbys sind in einem satten Braun mit Farbverlauf und einem auff\u00e4lligen Krokodilpr\u00e4gemuster gehalten, das Raffinesse und einzigartigen Stil ausstrahlt. Diese f\u00fcr den anspruchsvollen Gentleman entworfenen Schuhe vereinen nahtlos klassische Eleganz mit einem modernen Touch.<\/p>\n<p>Das \u00c4u\u00dfere dieser au\u00dfergew\u00f6hnlichen Schuhe ist aus hochwertigem Kalbsleder gefertigt, das f\u00fcr seine Strapazierf\u00e4higkeit, seine geschmeidige Textur und seine F\u00e4higkeit, komplizierte Muster zu halten, bekannt ist. Die Krokodilpr\u00e4gung ist nicht nur ein Design, sondern ein Kunstwerk, das mit seiner ausgepr\u00e4gten Textur und visuellen Tiefe f\u00fcr Aufsehen sorgt. Erg\u00e4nzt wird diese luxuri\u00f6se \u00e4u\u00dfere H\u00fclle durch ein Innenfutter aus weichem, atmungsaktivem Ziegenleder, das bei jedem Schritt f\u00fcr unvergleichlichen Komfort sorgt.<\/p>\n<p>Das Ziegenleder schmiegt sich an den Fu\u00df an, bietet ein individuelles Tragegef\u00fchl und transportiert Feuchtigkeit ab, so dass diese Derbys auch f\u00fcr l\u00e4ngere Zeit getragen werden k\u00f6nnen.<\/p>\n<h3>Un\u00fcbertroffener Komfort trifft auf k\u00fchnen Stil<\/h3>\n<p>Eines der markantesten Merkmale dieser <strong>Herren Derbies mit Krokodilpr\u00e4gung<\/strong> ist ihre robuste und dennoch leichte EVA-Plateausohle. Diese klobige Sohle bietet nicht nur eine hervorragende Sto\u00dfd\u00e4mpfung und ganzt\u00e4gigen Komfort, sondern ist auch ein wichtiges Stilelement. Mit einer ungef\u00e4hren Absatzh\u00f6he von 4-9 cm tr\u00e4gt die Sohle zu einem modisch angehobenen Profil bei, ohne die Stabilit\u00e4t zu beeintr\u00e4chtigen.<\/p>\n<p>Das einzigartige Lagenmuster an der Seite der Sohle unterstreicht die moderne Ausstrahlung und macht diese Derbys zu einer herausragenden Wahl f\u00fcr legere und semi-formale Anl\u00e4sse.<\/p>\n<p>Egal, ob Sie bei einer gesellschaftlichen Veranstaltung ein gewagtes Statement abgeben wollen oder anspruchsvolle Schuhe f\u00fcr Ihre t\u00e4gliche Business-Casual-Kleidung suchen, diese <strong>Herren Derbies mit Krokodilpr\u00e4gung<\/strong> bieten au\u00dfergew\u00f6hnliche Vielseitigkeit. Sie passen perfekt zu ma\u00dfgeschneiderten Hosen, eleganten Jeans oder sogar modernen Anz\u00fcgen und verleihen jedem Ensemble einen Hauch von exotischem Luxus. Erh\u00e4ltlich in einer breiten Palette von Gr\u00f6\u00dfen von 39 bis 45, um eine perfekte Passform f\u00fcr ein breites Spektrum von F\u00fc\u00dfen zu gew\u00e4hrleisten.<\/p>\n<h3>Bestellen Sie Ihre Premium-Derbys noch heute<\/h3>\n<p>F\u00fcr Einzelh\u00e4ndler und Unternehmen sind diese hochwertigen Derbys f\u00fcr Gro\u00dfbestellungen mit einer Mindestmenge von 8 Paar erh\u00e4ltlich. Wir sind stolz auf unsere p\u00fcnktliche Lieferung, mit Bestellungen, die innerhalb von 12 Tagen plus Versandzeit versendet werden. Investieren Sie in Qualit\u00e4t, Komfort und unbestreitbaren Stil mit diesen exquisiten Herrenschuhen, die eine wertvolle Erg\u00e4nzung f\u00fcr jede Garderobe sein werden.<\/p>","protected":false},"excerpt":{"rendered":"<ul>\n<li><strong>Exquisite Handwerkskunst:<\/strong> Handgefertigt aus hochwertigem Kalbsleder mit einem unverwechselbaren braunen Krokodilpr\u00e4gemuster.<\/li>\n<li><strong>\u00dcberlegener Komfort:<\/strong> Gef\u00fcttert mit weichem Ziegenleder f\u00fcr au\u00dfergew\u00f6hnlichen Innenraumkomfort und Atmungsaktivit\u00e4t.<\/li>\n<li><strong>Klobige EVA-Plateausohle:<\/strong> Die strapazierf\u00e4hige und leichte EVA-Sohle mit dem einzigartigen geschichteten, klobigen Plateau-Design (ca. 4-9 cm Absatzh\u00f6he) sorgt f\u00fcr eine moderne \u00c4sthetik und verbesserte D\u00e4mpfung.<\/li>\n<li><strong>Vielseitige Gr\u00f6\u00dfenbestimmung:<\/strong> Erh\u00e4ltlich in einer breiten Palette von europ\u00e4ischen Gr\u00f6\u00dfen von 39 bis 45.<\/li>\n<li><strong>Verf\u00fcgbarkeit bei Gro\u00dfbestellungen:<\/strong> Mindestbestellmenge 8 Paare. Lieferung innerhalb von 12 Tagen plus Versand.<\/li>\n<\/ul>","protected":false},"featured_media":3987,"template":"","meta":{"_acf_changed":false,"_uag_custom_page_level_css":"","site-sidebar-layout":"default","site-content-layout":"","ast-site-content-layout":"default","site-content-style":"default","site-sidebar-style":"default","ast-global-header-display":"","ast-banner-title-visibility":"","ast-main-header-display":"","ast-hfb-above-header-display":"","ast-hfb-below-header-display":"","ast-hfb-mobile-header-display":"","site-post-title":"","ast-breadcrumbs-content":"","ast-featured-img":"","footer-sml-layout":"","ast-disable-related-posts":"","theme-transparent-header-meta":"default","adv-header-id-meta":"","stick-header-meta":"","header-above-stick-meta":"","header-main-stick-meta":"","header-below-stick-meta":"","astra-migrate-meta-layouts":"set","ast-page-background-enabled":"default","ast-page-background-meta":{"desktop":{"background-color":"var(--ast-global-color-4)","background-image":"","background-repeat":"repeat","background-position":"center center","background-size":"auto","background-attachment":"scroll","background-type":"","background-media":"","overlay-type":"","overlay-color":"","overlay-opacity":"","overlay-gradient":""},"tablet":{"background-color":"","background-image":"","background-repeat":"repeat","background-position":"center center","background-size":"auto","background-attachment":"scroll","background-type":"","background-media":"","overlay-type":"","overlay-color":"","overlay-opacity":"","overlay-gradient":""},"mobile":{"background-color":"","background-image":"","background-repeat":"repeat","background-position":"center center","background-size":"auto","background-attachment":"scroll","background-type":"","background-media":"","overlay-type":"","overlay-color":"","overlay-opacity":"","overlay-gradient":""}},"ast-content-background-meta":{"desktop":{"background-color":"var(--ast-global-color-5)","background-image":"","background-repeat":"repeat","background-position":"center center","background-size":"auto","background-attachment":"scroll","background-type":"","background-media":"","overlay-type":"","overlay-color":"","overlay-opacity":"","overlay-gradient":""},"tablet":{"background-color":"var(--ast-global-color-5)","background-image":"","background-repeat":"repeat","background-position":"center center","background-size":"auto","background-attachment":"scroll","background-type":"","background-media":"","overlay-type":"","overlay-color":"","overlay-opacity":"","overlay-gradient":""},"mobile":{"background-color":"var(--ast-global-color-5)","background-image":"","background-repeat":"repeat","background-position":"center center","background-size":"auto","background-attachment":"scroll","background-type":"","background-media":"","overlay-type":"","overlay-color":"","overlay-opacity":"","overlay-gradient":""}}},"product_brand":[],"product_cat":[48,49,430,40,15],"product_tag":[292,202,1112,212,438,697,732,959,437,450,1110,1111,406],"class_list":{"0":"post-5978","1":"product","2":"type-product","3":"status-publish","4":"has-post-thumbnail","6":"product_cat-casual","7":"product_cat-loafer","8":"product_cat-men","9":"product_cat-mens-shoes","10":"product_cat-uncategorized","11":"product_tag-brown-leather-shoes","12":"product_tag-calf-leather","13":"product_tag-chunky-sole-derbies","14":"product_tag-derby-shoes","15":"product_tag-eva-sole","16":"product_tag-exotic-leather-shoes","17":"product_tag-fashion-shoes","18":"product_tag-formal-casual-shoes","19":"product_tag-goat-leather","20":"product_tag-handcrafted-shoes","21":"product_tag-mens-crocodile-embossed-derbies","22":"product_tag-mens-platform-shoes","23":"product_tag-premium-shoes","24":"desktop-align-center","25":"tablet-align-center","26":"mobile-align-center","28":"first","29":"instock","30":"shipping-taxable","31":"purchasable","32":"product-type-variable","33":"has-default-attributes"},"acf":[],"uagb_featured_image_src":{"full":["https:\/\/turkishtrade.co\/wp-content\/uploads\/2026\/01\/2400EJOMN00488-BROWN-Y_12582-6-USD.png",453,250,false],"thumbnail":["https:\/\/turkishtrade.co\/wp-content\/uploads\/2026\/01\/2400EJOMN00488-BROWN-Y_12582-6-USD-150x150.png",150,150,true],"medium":["https:\/\/turkishtrade.co\/wp-content\/uploads\/2026\/01\/2400EJOMN00488-BROWN-Y_12582-6-USD-300x166.png",300,166,true],"medium_large":["https:\/\/turkishtrade.co\/wp-content\/uploads\/2026\/01\/2400EJOMN00488-BROWN-Y_12582-6-USD.png",453,250,false],"large":["https:\/\/turkishtrade.co\/wp-content\/uploads\/2026\/01\/2400EJOMN00488-BROWN-Y_12582-6-USD.png",453,250,false],"1536x1536":["https:\/\/turkishtrade.co\/wp-content\/uploads\/2026\/01\/2400EJOMN00488-BROWN-Y_12582-6-USD.png",453,250,false],"2048x2048":["https:\/\/turkishtrade.co\/wp-content\/uploads\/2026\/01\/2400EJOMN00488-BROWN-Y_12582-6-USD.png",453,250,false],"trp-custom-language-flag":["https:\/\/turkishtrade.co\/wp-content\/uploads\/2026\/01\/2400EJOMN00488-BROWN-Y_12582-6-USD-18x10.png",18,10,true],"woocommerce_thumbnail":["https:\/\/turkishtrade.co\/wp-content\/uploads\/2026\/01\/2400EJOMN00488-BROWN-Y_12582-6-USD-400x250.png",400,250,true],"woocommerce_single":["https:\/\/turkishtrade.co\/wp-content\/uploads\/2026\/01\/2400EJOMN00488-BROWN-Y_12582-6-USD.png",453,250,false],"woocommerce_gallery_thumbnail":["https:\/\/turkishtrade.co\/wp-content\/uploads\/2026\/01\/2400EJOMN00488-BROWN-Y_12582-6-USD-100x100.png",100,100,true]},"uagb_author_info":{"display_name":"yaser olabi","author_link":"https:\/\/turkishtrade.co\/de\/author\/"},"uagb_comment_info":0,"uagb_excerpt":"Exquisite Craftsmanship: Handcrafted with premium calf leather exterior, featuring a distinctive brown crocodile embossed pattern. Superior Comfort: Lined with soft goat leather for exceptional interior comfort and breathability. Chunky EVA Platform Sole: Features a durable and lightweight EVA sole with a unique layered, chunky platform design (approx. 4-9cm heel height) for a modern aesthetic and&hellip;","_links":{"self":[{"href":"https:\/\/turkishtrade.co\/de\/wp-json\/wp\/v2\/product\/5978","targetHints":{"allow":["GET"]}}],"collection":[{"href":"https:\/\/turkishtrade.co\/de\/wp-json\/wp\/v2\/product"}],"about":[{"href":"https:\/\/turkishtrade.co\/de\/wp-json\/wp\/v2\/types\/product"}],"wp:featuredmedia":[{"embeddable":true,"href":"https:\/\/turkishtrade.co\/de\/wp-json\/wp\/v2\/media\/3987"}],"wp:attachment":[{"href":"https:\/\/turkishtrade.co\/de\/wp-json\/wp\/v2\/media?parent=5978"}],"wp:term":[{"taxonomy":"product_brand","embeddable":true,"href":"https:\/\/turkishtrade.co\/de\/wp-json\/wp\/v2\/product_brand?post=5978"},{"taxonomy":"product_cat","embeddable":true,"href":"https:\/\/turkishtrade.co\/de\/wp-json\/wp\/v2\/product_cat?post=5978"},{"taxonomy":"product_tag","embeddable":true,"href":"https:\/\/turkishtrade.co\/de\/wp-json\/wp\/v2\/product_tag?post=5978"}],"curies":[{"name":"wp","href":"https:\/\/api.w.org\/{rel}","templated":true}]}}