{"id":5974,"date":"2026-01-14T13:52:30","date_gmt":"2026-01-14T13:52:30","guid":{"rendered":"https:\/\/turkishtrade.co\/product\/men-chunky-suede-loafers\/"},"modified":"2026-04-09T19:18:09","modified_gmt":"2026-04-09T19:18:09","slug":"mens-chunky-suede-loafers-2","status":"publish","type":"product","link":"https:\/\/turkishtrade.co\/de\/shop\/mens-chunky-suede-loafers-2\/","title":{"rendered":"Herren Loafers aus Wildleder mit Metalldetails | Taupe"},"content":{"rendered":"<p><strong>Chunky Wildleder Loafers f\u00fcr M\u00e4nner<\/strong><\/p>\n<p>Erleben Sie unvergleichlichen Stil und Komfort mit unserem exquisiten <b>Chunky Wildleder Loafers f\u00fcr M\u00e4nner<\/b>. Diese Loafer wurden f\u00fcr den modernen Mann entworfen, der sowohl \u00c4sthetik als auch Tragbarkeit sch\u00e4tzt, und sind ein Zeugnis f\u00fcr hervorragende Handwerkskunst. Der auff\u00e4llige Taupe-Farbton, kombiniert mit einer modernen, klobigen Sohle, stellt sicher, dass Sie ein klares Modestatement abgeben, wohin Sie auch gehen. Diese Premium <b>Chunky Wildleder Loafers f\u00fcr M\u00e4nner<\/b> sind die ideale Wahl, um Ihr Alltagsoutfit aufzuwerten.<\/p>\n<h3>Un\u00fcbertroffene Qualit\u00e4t und Materialien<\/h3>\n<p>Jedes Paar dieser <b>Chunky Wildleder Loafers f\u00fcr M\u00e4nner<\/b> ist sorgf\u00e4ltig aus hochwertigen Materialien gefertigt. Die Au\u00dfenseite besteht aus luxuri\u00f6sem Kalbsveloursleder, das f\u00fcr seine weiche Textur und sein edles Aussehen bekannt ist und Ihrem Alltagsoutfit einen raffinierten Touch verleiht. Das Innenfutter aus echtem Ziegenleder umh\u00fcllt Ihre F\u00fc\u00dfe mit weichem Komfort, bietet au\u00dfergew\u00f6hnliche Atmungsaktivit\u00e4t und ein angenehmes Tragegef\u00fchl, das den ganzen Tag anh\u00e4lt.<\/p>\n<p>Diese durchdachte Materialkombination gew\u00e4hrleistet sowohl Langlebigkeit als auch h\u00f6chsten Komfort und macht diese <b>Chunky Wildleder Loafers f\u00fcr M\u00e4nner<\/b> eine lohnende Investition f\u00fcr Ihre Schuhsammlung. Erleben Sie die unvergleichliche Mischung aus Stil, Komfort und Haltbarkeit, die nur diese Premium-Schuhe bieten. <b>Chunky Wildleder Loafers f\u00fcr M\u00e4nner<\/b> bieten kann. Die akribische Liebe zum Detail sorgt daf\u00fcr, dass jedes Paar <b>Chunky Wildleder Loafers f\u00fcr M\u00e4nner<\/b> den h\u00f6chsten Qualit\u00e4tsstandards entspricht.<\/p>\n<h3>Modernes Design trifft auf allt\u00e4glichen Komfort<\/h3>\n<p>Das entscheidende Merkmal dieser <b>Chunky Wildleder Loafers f\u00fcr M\u00e4nner<\/b> ist ihre robuste und modische EVA-Klumpensohle. Diese leichte und dennoch haltbare Sohle bietet eine ausgezeichnete Sto\u00dfd\u00e4mpfung und hervorragenden Grip und sorgt f\u00fcr Stabilit\u00e4t und Komfort bei jedem Schritt. Der niedrige Blockabsatz erg\u00e4nzt die l\u00e4ssige und doch raffinierte \u00c4sthetik.<\/p>\n<p>Eine unverwechselbare silberfarbene Metallkettenverzierung ziert das Vorderblatt und verleiht diesen Slippern einen Hauch von moderner Eleganz, der sie aus der Masse heraushebt. Egal, ob Sie zu einem l\u00e4ssigen Brunch oder einer entspannten B\u00fcroumgebung gehen, diese <b>Chunky Wildleder Loafers f\u00fcr M\u00e4nner<\/b> bieten die perfekte Mischung aus Stil und Zweckm\u00e4\u00dfigkeit.<\/p>\n<h3>Vielseitigkeit f\u00fcr jede Gelegenheit<\/h3>\n<p>Unser <b>Chunky Wildleder Loafers f\u00fcr M\u00e4nner<\/b> sind unglaublich vielseitig und lassen sich nahtlos von Freizeitausfl\u00fcgen bis hin zu legeren Anl\u00e4ssen kombinieren. Kombinieren Sie sie mit ma\u00dfgeschneiderten Hosen f\u00fcr einen polierten Look oder tragen Sie sie zu Jeans oder Chinos f\u00fcr einen m\u00fchelos coolen Vibe. Die Farbe Taupe macht es einfach, sie in verschiedene Garderoben zu integrieren und bietet eine raffinierte Alternative zu traditionellen Freizeitschuhen.<\/p>\n<p>Erleben Sie die perfekte Verschmelzung von klassischem Loafer-Charme und modernem, klobigem Sohlen-Appeal mit diesem Must-Have <b>Chunky Wildleder Loafers f\u00fcr M\u00e4nner<\/b>.<\/p>\n<h3>Gro\u00dfhandelschance<\/h3>\n<p>F\u00fcr Einzelh\u00e4ndler und Unternehmen sind diese au\u00dfergew\u00f6hnlichen <b>Chunky Wildleder Loafers f\u00fcr M\u00e4nner<\/b> sind f\u00fcr den Gro\u00dfhandel erh\u00e4ltlich. Mit einer Mindestbestellmenge von nur 8 Paaren k\u00f6nnen Sie sich problemlos mit diesem beliebten Stil eindecken. Wir bem\u00fchen uns um einen effizienten Service und garantieren eine Lieferzeit von ca. 12 Tagen, zuz\u00fcglich Versandkosten.<\/p>\n<p>Werten Sie Ihren Bestand mit Schuhen auf, die Qualit\u00e4t, Stil und Kundenzufriedenheit versprechen. F\u00fcgen Sie diese vielseitigen <b>Chunky Wildleder Loafers f\u00fcr M\u00e4nner<\/b> noch heute in Ihre Sammlung aufnehmen.<\/p>\n<p>Investieren Sie in Komfort, Qualit\u00e4t und unbestreitbaren Stil mit unseren hochwertigen <b>Chunky Wildleder Loafers f\u00fcr M\u00e4nner<\/b>. Bestellen Sie Ihr Paar noch heute und erleben Sie den Unterschied.<\/p>","protected":false},"excerpt":{"rendered":"<ul>\n<li><b>Obermaterial:<\/b> Hochwertiges Kalbswildleder<\/li>\n<li><b>Material des Futters:<\/b> Weiches Ziegenleder<\/li>\n<li><b>Seezunge:<\/b> Leichte und strapazierf\u00e4hige EVA-Sohle (Chunky Sole)<\/li>\n<li><b>Entwurf:<\/b> Elegante Metallkettenverzierung am Vorderblatt<\/li>\n<li><b>Verf\u00fcgbare Gr\u00f6\u00dfen:<\/b> EU 39-45<\/li>\n<li><b>Mindestbestellmenge:<\/b> 8 Paare<\/li>\n<li><b>Lieferzeiten:<\/b> 12 Tage + Versand<\/li>\n<\/ul>","protected":false},"featured_media":3985,"template":"","meta":{"_acf_changed":false,"_uag_custom_page_level_css":"","site-sidebar-layout":"default","site-content-layout":"","ast-site-content-layout":"default","site-content-style":"default","site-sidebar-style":"default","ast-global-header-display":"","ast-banner-title-visibility":"","ast-main-header-display":"","ast-hfb-above-header-display":"","ast-hfb-below-header-display":"","ast-hfb-mobile-header-display":"","site-post-title":"","ast-breadcrumbs-content":"","ast-featured-img":"","footer-sml-layout":"","ast-disable-related-posts":"","theme-transparent-header-meta":"default","adv-header-id-meta":"","stick-header-meta":"","header-above-stick-meta":"","header-main-stick-meta":"","header-below-stick-meta":"","astra-migrate-meta-layouts":"set","ast-page-background-enabled":"default","ast-page-background-meta":{"desktop":{"background-color":"var(--ast-global-color-4)","background-image":"","background-repeat":"repeat","background-position":"center center","background-size":"auto","background-attachment":"scroll","background-type":"","background-media":"","overlay-type":"","overlay-color":"","overlay-opacity":"","overlay-gradient":""},"tablet":{"background-color":"","background-image":"","background-repeat":"repeat","background-position":"center center","background-size":"auto","background-attachment":"scroll","background-type":"","background-media":"","overlay-type":"","overlay-color":"","overlay-opacity":"","overlay-gradient":""},"mobile":{"background-color":"","background-image":"","background-repeat":"repeat","background-position":"center center","background-size":"auto","background-attachment":"scroll","background-type":"","background-media":"","overlay-type":"","overlay-color":"","overlay-opacity":"","overlay-gradient":""}},"ast-content-background-meta":{"desktop":{"background-color":"var(--ast-global-color-5)","background-image":"","background-repeat":"repeat","background-position":"center center","background-size":"auto","background-attachment":"scroll","background-type":"","background-media":"","overlay-type":"","overlay-color":"","overlay-opacity":"","overlay-gradient":""},"tablet":{"background-color":"var(--ast-global-color-5)","background-image":"","background-repeat":"repeat","background-position":"center center","background-size":"auto","background-attachment":"scroll","background-type":"","background-media":"","overlay-type":"","overlay-color":"","overlay-opacity":"","overlay-gradient":""},"mobile":{"background-color":"var(--ast-global-color-5)","background-image":"","background-repeat":"repeat","background-position":"center center","background-size":"auto","background-attachment":"scroll","background-type":"","background-media":"","overlay-type":"","overlay-color":"","overlay-opacity":"","overlay-gradient":""}}},"product_brand":[],"product_cat":[48,49,430,40,15],"product_tag":[949,1028,512,436,220,530,438,437,215,198,186,184,670,149,923,456],"class_list":{"0":"post-5974","1":"product","2":"type-product","3":"status-publish","4":"has-post-thumbnail","6":"product_cat-casual","7":"product_cat-loafer","8":"product_cat-men","9":"product_cat-mens-shoes","10":"product_cat-uncategorized","11":"product_tag-b2b-footwear","12":"product_tag-calf-suede","13":"product_tag-casual-loafers","14":"product_tag-chunky-sole","15":"product_tag-comfortable-loafers","16":"product_tag-designer-loafers","17":"product_tag-eva-sole","18":"product_tag-goat-leather","19":"product_tag-leather-loafers","20":"product_tag-mens-fashion","21":"product_tag-mens-loafers","22":"product_tag-slip-on-shoes","23":"product_tag-stylish-loafers","24":"product_tag-suede-loafers","25":"product_tag-taupe-loafers","26":"product_tag-wholesale-loafers","27":"desktop-align-center","28":"tablet-align-center","29":"mobile-align-center","31":"first","32":"instock","33":"shipping-taxable","34":"purchasable","35":"product-type-variable","36":"has-default-attributes"},"acf":[],"uagb_featured_image_src":{"full":["https:\/\/turkishtrade.co\/wp-content\/uploads\/2026\/01\/2400EJOMN00485-BROWN-DKS_7654-fusped2-USD.png",453,250,false],"thumbnail":["https:\/\/turkishtrade.co\/wp-content\/uploads\/2026\/01\/2400EJOMN00485-BROWN-DKS_7654-fusped2-USD-150x150.png",150,150,true],"medium":["https:\/\/turkishtrade.co\/wp-content\/uploads\/2026\/01\/2400EJOMN00485-BROWN-DKS_7654-fusped2-USD-300x166.png",300,166,true],"medium_large":["https:\/\/turkishtrade.co\/wp-content\/uploads\/2026\/01\/2400EJOMN00485-BROWN-DKS_7654-fusped2-USD.png",453,250,false],"large":["https:\/\/turkishtrade.co\/wp-content\/uploads\/2026\/01\/2400EJOMN00485-BROWN-DKS_7654-fusped2-USD.png",453,250,false],"1536x1536":["https:\/\/turkishtrade.co\/wp-content\/uploads\/2026\/01\/2400EJOMN00485-BROWN-DKS_7654-fusped2-USD.png",453,250,false],"2048x2048":["https:\/\/turkishtrade.co\/wp-content\/uploads\/2026\/01\/2400EJOMN00485-BROWN-DKS_7654-fusped2-USD.png",453,250,false],"trp-custom-language-flag":["https:\/\/turkishtrade.co\/wp-content\/uploads\/2026\/01\/2400EJOMN00485-BROWN-DKS_7654-fusped2-USD-18x10.png",18,10,true],"woocommerce_thumbnail":["https:\/\/turkishtrade.co\/wp-content\/uploads\/2026\/01\/2400EJOMN00485-BROWN-DKS_7654-fusped2-USD-400x250.png",400,250,true],"woocommerce_single":["https:\/\/turkishtrade.co\/wp-content\/uploads\/2026\/01\/2400EJOMN00485-BROWN-DKS_7654-fusped2-USD.png",453,250,false],"woocommerce_gallery_thumbnail":["https:\/\/turkishtrade.co\/wp-content\/uploads\/2026\/01\/2400EJOMN00485-BROWN-DKS_7654-fusped2-USD-100x100.png",100,100,true]},"uagb_author_info":{"display_name":"yaser olabi","author_link":"https:\/\/turkishtrade.co\/de\/author\/"},"uagb_comment_info":0,"uagb_excerpt":"Upper Material: Premium Calf Suede Lining Material: Soft Goat Leather Sole: Lightweight and Durable EVA Chunky Sole Design: Stylish metal chain embellishment on vamp Available Sizes: EU 39-45 Minimum Order Quantity: 8 Pairs Delivery Time: 12 Days + Shipping","_links":{"self":[{"href":"https:\/\/turkishtrade.co\/de\/wp-json\/wp\/v2\/product\/5974","targetHints":{"allow":["GET"]}}],"collection":[{"href":"https:\/\/turkishtrade.co\/de\/wp-json\/wp\/v2\/product"}],"about":[{"href":"https:\/\/turkishtrade.co\/de\/wp-json\/wp\/v2\/types\/product"}],"wp:featuredmedia":[{"embeddable":true,"href":"https:\/\/turkishtrade.co\/de\/wp-json\/wp\/v2\/media\/3985"}],"wp:attachment":[{"href":"https:\/\/turkishtrade.co\/de\/wp-json\/wp\/v2\/media?parent=5974"}],"wp:term":[{"taxonomy":"product_brand","embeddable":true,"href":"https:\/\/turkishtrade.co\/de\/wp-json\/wp\/v2\/product_brand?post=5974"},{"taxonomy":"product_cat","embeddable":true,"href":"https:\/\/turkishtrade.co\/de\/wp-json\/wp\/v2\/product_cat?post=5974"},{"taxonomy":"product_tag","embeddable":true,"href":"https:\/\/turkishtrade.co\/de\/wp-json\/wp\/v2\/product_tag?post=5974"}],"curies":[{"name":"wp","href":"https:\/\/api.w.org\/{rel}","templated":true}]}}