{"id":5972,"date":"2026-01-14T13:52:06","date_gmt":"2026-01-14T13:52:06","guid":{"rendered":"https:\/\/turkishtrade.co\/product\/mens-brown-chunky-sole-shoes\/"},"modified":"2026-04-09T19:18:12","modified_gmt":"2026-04-09T19:18:12","slug":"mens-brown-chunky-sole-shoes","status":"publish","type":"product","link":"https:\/\/turkishtrade.co\/de\/shop\/mens-brown-chunky-sole-shoes\/","title":{"rendered":"Braunes Leder mit klobiger Sohle Derby-Schuhe f\u00fcr M\u00e4nner"},"content":{"rendered":"<p><strong>Braune Herrenschuhe mit klobiger Sohle<\/strong><\/p>\n<p>Entdecken Sie die perfekte Mischung aus robustem Stil und anspruchsvollem Komfort mit unserem au\u00dfergew\u00f6hnlichen <strong>Braune Herrenschuhe mit klobiger Sohle<\/strong>. Diese sorgf\u00e4ltig f\u00fcr den modernen Mann gefertigten Schuhe im Derby-Stil zeichnen sich durch ihr einzigartiges Distressed-Finish und ihr robustes Design aus. Mit diesen vielseitigen braunen Lederschuhen, die sowohl dauerhafte Qualit\u00e4t als auch eine auff\u00e4llige \u00c4sthetik versprechen, k\u00f6nnen Sie Ihren Alltagslook aufwerten oder Ihre l\u00e4ssige Kleidung aufpeppen.<\/p>\n<h3>Un\u00fcbertroffene Handwerkskunst und hochwertige Materialien<\/h3>\n<p>Jedes Paar dieser <strong>Braune Herrenschuhe mit klobiger Sohle<\/strong> ist ein Zeugnis h\u00f6chster Handwerkskunst. Das Obermaterial besteht aus echtem Kalbsleder 100%, das wegen seiner Strapazierf\u00e4higkeit, Geschmeidigkeit und der F\u00e4higkeit, mit der Zeit eine sch\u00f6ne Patina zu entwickeln, ausgew\u00e4hlt wurde. Der satte Braunton, gepaart mit einer dezent abgenutzten Textur, verleiht diesen Schuhen einen unverwechselbaren Charakter, der sie auszeichnet.<\/p>\n<p>Im Inneren werden Ihre F\u00fc\u00dfe dank des weichen, atmungsaktiven Ziegenlederfutters luxuri\u00f6s verw\u00f6hnt, das auch bei l\u00e4ngerem Tragen f\u00fcr maximalen Komfort sorgt. Diese Liebe zum Detail bei der Materialauswahl garantiert ein erstklassiges Erlebnis von dem Moment an, in dem Sie in diese Schuhe schl\u00fcpfen. <strong>Braune Herrenschuhe mit klobiger Sohle<\/strong>.<\/p>\n<h3>Entwickelt f\u00fcr Komfort und Langlebigkeit<\/h3>\n<p>Das entscheidende Merkmal unserer <strong>Braune Herrenschuhe mit klobiger Sohle<\/strong> ist ihre robuste und dennoch leichte EVA-Sohle. Dieses fortschrittliche Sohlenmaterial bietet eine hervorragende Sto\u00dfd\u00e4mpfung, \u00fcberragende Traktion und bemerkenswerte Flexibilit\u00e4t, die jeden Schritt zu einem komfortablen Erlebnis macht. Das klobige Design sorgt nicht nur f\u00fcr ein modernes, modisches Element, sondern bietet auch mehr Stabilit\u00e4t und Halt.<\/p>\n<p>Egal, ob Sie in der Stadt unterwegs sind oder einen Wochenendausflug machen, diese l\u00e4ssigen Lederschuhe halten den Anforderungen des Alltags stand und bieten Ihnen gleichzeitig Komfort und Stil.<\/p>\n<h3>Vielseitiger Stil f\u00fcr jede Gelegenheit<\/h3>\n<p>Diese <strong>Braune Herrenschuhe mit klobiger Sohle<\/strong> \u00fcberbr\u00fccken m\u00fchelos die Kluft zwischen legerer und halb-formeller Kleidung. Kombinieren Sie sie mit Denim f\u00fcr einen entspannten und doch polierten Look oder mit Chinos und einem Blazer f\u00fcr ein l\u00e4ssiges Ensemble, das Selbstvertrauen ausstrahlt. Die zeitlose Derby-Silhouette, aktualisiert mit einer modernen, klobigen Sohle, sorgt daf\u00fcr, dass diese <strong>Braune Herrenschuhe mit klobiger Sohle<\/strong> wird in den kommenden Saisons ein fester Bestandteil Ihrer Garderobe sein.<\/p>\n<p>In den Gr\u00f6\u00dfen 39 bis 45 erh\u00e4ltlich, ist es einfach, die perfekte Passform zu finden.<\/p>\n<h3>Verf\u00fcgbarkeit im Gro\u00dfhandel<\/h3>\n<p>F\u00fcr Einzelh\u00e4ndler und Unternehmen sind diese hochwertigen <strong>Braune Herrenschuhe mit klobiger Sohle<\/strong> sind f\u00fcr Gro\u00dfbestellungen erh\u00e4ltlich. Bei einer Mindestbestellmenge von 8 Paar k\u00f6nnen Sie sich mit diesen beliebten Schuhen eindecken, um die Kundennachfrage zu decken. Bitte beachten Sie, dass die Lieferzeit 12 Tage plus Versand betr\u00e4gt. Kontaktieren Sie uns f\u00fcr detaillierte Preisinformationen und um Ihre Gro\u00dfhandelsbestellung f\u00fcr diese exquisiten braunen Herrenschuhe mit klobiger Sohle noch heute aufzugeben.<\/p>","protected":false},"excerpt":{"rendered":"<ul>\n<li>Hochwertiges, gealtertes Kalbsleder f\u00fcr dauerhaften Stil und Haltbarkeit.<\/li>\n<li>Luxuri\u00f6ses Ziegenlederfutter sorgt f\u00fcr au\u00dfergew\u00f6hnlichen Komfort und Atmungsaktivit\u00e4t.<\/li>\n<li>Die moderne, leichte und robuste EVA-Sohle sorgt f\u00fcr hervorragende Traktion.<\/li>\n<li>Erh\u00e4ltlich in einer breiten Palette von Gr\u00f6\u00dfen von 39 bis 45.<\/li>\n<li>Mindestbestellmenge: 8 Paare.<\/li>\n<li>Lieferzeit: 12 Tage plus Versand.<\/li>\n<\/ul>","protected":false},"featured_media":3984,"template":"","meta":{"_acf_changed":false,"_uag_custom_page_level_css":"","site-sidebar-layout":"default","site-content-layout":"","ast-site-content-layout":"default","site-content-style":"default","site-sidebar-style":"default","ast-global-header-display":"","ast-banner-title-visibility":"","ast-main-header-display":"","ast-hfb-above-header-display":"","ast-hfb-below-header-display":"","ast-hfb-mobile-header-display":"","site-post-title":"","ast-breadcrumbs-content":"","ast-featured-img":"","footer-sml-layout":"","ast-disable-related-posts":"","theme-transparent-header-meta":"default","adv-header-id-meta":"","stick-header-meta":"","header-above-stick-meta":"","header-main-stick-meta":"","header-below-stick-meta":"","astra-migrate-meta-layouts":"set","ast-page-background-enabled":"default","ast-page-background-meta":{"desktop":{"background-color":"var(--ast-global-color-4)","background-image":"","background-repeat":"repeat","background-position":"center center","background-size":"auto","background-attachment":"scroll","background-type":"","background-media":"","overlay-type":"","overlay-color":"","overlay-opacity":"","overlay-gradient":""},"tablet":{"background-color":"","background-image":"","background-repeat":"repeat","background-position":"center center","background-size":"auto","background-attachment":"scroll","background-type":"","background-media":"","overlay-type":"","overlay-color":"","overlay-opacity":"","overlay-gradient":""},"mobile":{"background-color":"","background-image":"","background-repeat":"repeat","background-position":"center center","background-size":"auto","background-attachment":"scroll","background-type":"","background-media":"","overlay-type":"","overlay-color":"","overlay-opacity":"","overlay-gradient":""}},"ast-content-background-meta":{"desktop":{"background-color":"var(--ast-global-color-5)","background-image":"","background-repeat":"repeat","background-position":"center center","background-size":"auto","background-attachment":"scroll","background-type":"","background-media":"","overlay-type":"","overlay-color":"","overlay-opacity":"","overlay-gradient":""},"tablet":{"background-color":"var(--ast-global-color-5)","background-image":"","background-repeat":"repeat","background-position":"center center","background-size":"auto","background-attachment":"scroll","background-type":"","background-media":"","overlay-type":"","overlay-color":"","overlay-opacity":"","overlay-gradient":""},"mobile":{"background-color":"var(--ast-global-color-5)","background-image":"","background-repeat":"repeat","background-position":"center center","background-size":"auto","background-attachment":"scroll","background-type":"","background-media":"","overlay-type":"","overlay-color":"","overlay-opacity":"","overlay-gradient":""}}},"product_brand":[],"product_cat":[430,40,15],"product_tag":[218,202,449,436,222,212,918,438,437,227,198,680,281],"class_list":{"0":"post-5972","1":"product","2":"type-product","3":"status-publish","4":"has-post-thumbnail","6":"product_cat-men","7":"product_cat-mens-shoes","8":"product_cat-uncategorized","9":"product_tag-brown-shoes","10":"product_tag-calf-leather","11":"product_tag-casual-shoes","12":"product_tag-chunky-sole","13":"product_tag-comfortable-shoes","14":"product_tag-derby-shoes","15":"product_tag-distressed-leather","16":"product_tag-eva-sole","17":"product_tag-goat-leather","18":"product_tag-leather-shoes","19":"product_tag-mens-fashion","20":"product_tag-stylish-shoes","21":"product_tag-wholesale-shoes","22":"desktop-align-center","23":"tablet-align-center","24":"mobile-align-center","26":"first","27":"instock","28":"shipping-taxable","29":"purchasable","30":"product-type-variable","31":"has-default-attributes"},"acf":[],"uagb_featured_image_src":{"full":["https:\/\/turkishtrade.co\/wp-content\/uploads\/2026\/01\/2400EJOMN00458-BROWN-DKS_7650-5-USD.png",453,250,false],"thumbnail":["https:\/\/turkishtrade.co\/wp-content\/uploads\/2026\/01\/2400EJOMN00458-BROWN-DKS_7650-5-USD-150x150.png",150,150,true],"medium":["https:\/\/turkishtrade.co\/wp-content\/uploads\/2026\/01\/2400EJOMN00458-BROWN-DKS_7650-5-USD-300x166.png",300,166,true],"medium_large":["https:\/\/turkishtrade.co\/wp-content\/uploads\/2026\/01\/2400EJOMN00458-BROWN-DKS_7650-5-USD.png",453,250,false],"large":["https:\/\/turkishtrade.co\/wp-content\/uploads\/2026\/01\/2400EJOMN00458-BROWN-DKS_7650-5-USD.png",453,250,false],"1536x1536":["https:\/\/turkishtrade.co\/wp-content\/uploads\/2026\/01\/2400EJOMN00458-BROWN-DKS_7650-5-USD.png",453,250,false],"2048x2048":["https:\/\/turkishtrade.co\/wp-content\/uploads\/2026\/01\/2400EJOMN00458-BROWN-DKS_7650-5-USD.png",453,250,false],"trp-custom-language-flag":["https:\/\/turkishtrade.co\/wp-content\/uploads\/2026\/01\/2400EJOMN00458-BROWN-DKS_7650-5-USD-18x10.png",18,10,true],"woocommerce_thumbnail":["https:\/\/turkishtrade.co\/wp-content\/uploads\/2026\/01\/2400EJOMN00458-BROWN-DKS_7650-5-USD-400x250.png",400,250,true],"woocommerce_single":["https:\/\/turkishtrade.co\/wp-content\/uploads\/2026\/01\/2400EJOMN00458-BROWN-DKS_7650-5-USD.png",453,250,false],"woocommerce_gallery_thumbnail":["https:\/\/turkishtrade.co\/wp-content\/uploads\/2026\/01\/2400EJOMN00458-BROWN-DKS_7650-5-USD-100x100.png",100,100,true]},"uagb_author_info":{"display_name":"yaser olabi","author_link":"https:\/\/turkishtrade.co\/de\/author\/"},"uagb_comment_info":0,"uagb_excerpt":"Premium distressed calf leather upper for lasting style and durability. Luxurious goat leather lining ensures exceptional comfort and breathability. Features a modern, lightweight, and robust EVA sole for superior traction. Available in a comprehensive range of sizes from 39 to 45. Minimum order quantity: 8 pairs. Delivery time: 12 days plus shipping.","_links":{"self":[{"href":"https:\/\/turkishtrade.co\/de\/wp-json\/wp\/v2\/product\/5972","targetHints":{"allow":["GET"]}}],"collection":[{"href":"https:\/\/turkishtrade.co\/de\/wp-json\/wp\/v2\/product"}],"about":[{"href":"https:\/\/turkishtrade.co\/de\/wp-json\/wp\/v2\/types\/product"}],"wp:featuredmedia":[{"embeddable":true,"href":"https:\/\/turkishtrade.co\/de\/wp-json\/wp\/v2\/media\/3984"}],"wp:attachment":[{"href":"https:\/\/turkishtrade.co\/de\/wp-json\/wp\/v2\/media?parent=5972"}],"wp:term":[{"taxonomy":"product_brand","embeddable":true,"href":"https:\/\/turkishtrade.co\/de\/wp-json\/wp\/v2\/product_brand?post=5972"},{"taxonomy":"product_cat","embeddable":true,"href":"https:\/\/turkishtrade.co\/de\/wp-json\/wp\/v2\/product_cat?post=5972"},{"taxonomy":"product_tag","embeddable":true,"href":"https:\/\/turkishtrade.co\/de\/wp-json\/wp\/v2\/product_tag?post=5972"}],"curies":[{"name":"wp","href":"https:\/\/api.w.org\/{rel}","templated":true}]}}