{"id":5956,"date":"2026-01-14T13:49:25","date_gmt":"2026-01-14T13:49:25","guid":{"rendered":"https:\/\/turkishtrade.co\/product\/mens-chunky-leather-loafer\/"},"modified":"2026-04-09T19:18:34","modified_gmt":"2026-04-09T19:18:34","slug":"mens-chunky-leather-loafer","status":"publish","type":"product","link":"https:\/\/turkishtrade.co\/de\/shop\/mens-chunky-leather-loafer\/","title":{"rendered":"Herren Premium Navy Blau Chunky Leder Loafer"},"content":{"rendered":"<p><strong>Chunky Loafer aus Leder f\u00fcr M\u00e4nner<\/strong><\/p>\n<p>Entdecken Sie die ultimative Mischung aus klassischem Stil und modernem Komfort mit unseren exquisiten <strong>Chunky Loafer aus Leder f\u00fcr M\u00e4nner<\/strong>. F\u00fcr den modernen Mann, der sowohl Eleganz als auch praktischen Nutzen sch\u00e4tzt, definiert dieser Loafer l\u00e4ssige Raffinesse neu. Mit viel Liebe zum Detail gefertigt, verspricht jedes Paar, Ihre Alltagskleidung aufzuwerten und ein subtiles, aber wirkungsvolles Statement zu setzen.<\/p>\n<p>Dies ist nicht irgendein Schuh; es ist eine Investition in dauerhaften Stil und unvergleichlichen Komfort, der unsere <strong>Herren-Slipper aus grobem Leder<\/strong> ein Must-Have.<\/p>\n<h3>Un\u00fcbertroffene Qualit\u00e4t und Materialien<\/h3>\n<p>Erleben Sie das luxuri\u00f6se Gef\u00fchl von echten Materialien. Das \u00c4u\u00dfere dieses au\u00dfergew\u00f6hnlichen <strong>Chunky Loafer aus Leder f\u00fcr M\u00e4nner<\/strong> ist aus hochwertigem Kalbsleder gefertigt, das f\u00fcr seine geschmeidige Textur, Haltbarkeit und Alterungsbest\u00e4ndigkeit bekannt ist. Der satte marineblaue Farbton, der auf dem nebenstehenden Bild zu sehen ist, verleiht ihm einen vielseitigen Touch, der sich perfekt mit einer Vielzahl von Outfits kombinieren l\u00e4sst, von ma\u00dfgeschneiderten Hosen bis hin zu l\u00e4ssigen Jeans.<\/p>\n<p>Das weiche Futter aus echtem Ziegenleder umh\u00fcllt Ihre F\u00fc\u00dfe und sorgt f\u00fcr hervorragende Atmungsaktivit\u00e4t und einen au\u00dfergew\u00f6hnlichen Tragekomfort vom ersten Tragen an.<\/p>\n<h3>Moderner Komfort mit k\u00fchner Statement-Sohle<\/h3>\n<p>Was dieses Projekt wirklich auszeichnet <strong>Chunky Loafer aus Leder f\u00fcr M\u00e4nner<\/strong> ist seine unverwechselbare klobige EVA-Sohle. Diese leichte und dennoch robuste Sohle bietet eine hervorragende D\u00e4mpfung und eine ausgezeichnete Sto\u00dfabsorption, so dass Sie sich den ganzen Tag lang wohlf\u00fchlen, egal ob Sie sich durch die Stra\u00dfen der Stadt bewegen oder in einem Caf\u00e9 entspannen. Die robuste Sohle sorgt nicht nur f\u00fcr eine moderne \u00c4sthetik, sondern auch f\u00fcr mehr Grip und Stabilit\u00e4t, sodass Form und Funktion nahtlos ineinander \u00fcbergehen.<\/p>\n<p>Er ist eine k\u00fchne Aktualisierung des traditionellen Slippers und verleiht einem zeitlosen Design eine frische, modische Sensibilit\u00e4t.<\/p>\n<h3>Vielseitigkeit und Gro\u00dfhandelschancen<\/h3>\n<p>Ideal f\u00fcr verschiedene Anl\u00e4sse, von legeren Gesch\u00e4ftssituationen bis hin zu Wochenendausfl\u00fcgen, ist dieses <strong>Chunky Loafer aus Leder f\u00fcr M\u00e4nner<\/strong> ist bemerkenswert vielseitig. Das bequeme Slip-on-Design sorgt f\u00fcr einen hohen Tragekomfort, w\u00e4hrend die hochwertige Konstruktion eine lange Lebensdauer garantiert. Wir wissen, wie wichtig eine perfekte Passform ist, und deshalb ist unser <strong>Chunky Loafer aus Leder f\u00fcr M\u00e4nner<\/strong> ist in einem umfangreichen Gr\u00f6\u00dfensortiment von EU 39 bis 45 erh\u00e4ltlich.<\/p>\n<p>Unseren Gro\u00dfhandelspartnern bieten wir flexible Einkaufsm\u00f6glichkeiten mit einer Mindestbestellmenge von nur 8 Paar, so dass Sie sich problemlos mit diesem beliebten Modell eindecken k\u00f6nnen. Sie k\u00f6nnen davon ausgehen, dass Ihre Bestellung innerhalb von 12 Tagen plus Versand geliefert wird und Sie diese hochwertigen Schuhe direkt in Ihr Lager bekommen. W\u00e4hlen Sie unser <strong>Chunky Loafer aus Leder f\u00fcr M\u00e4nner<\/strong> und bieten Sie Ihren Kunden einen Schuh, der luxuri\u00f6se Materialien, innovatives Design und h\u00f6chsten Komfort vereint.<\/p>","protected":false},"excerpt":{"rendered":"<ul>\n<li>Hochwertiges Kalbsleder f\u00fcr Haltbarkeit und Stil<\/li>\n<li>Luxuri\u00f6ses Ziegenleder-Innenfutter f\u00fcr au\u00dfergew\u00f6hnlichen Komfort und Atmungsaktivit\u00e4t<\/li>\n<li>Stilvolle und bequeme klobige EVA-Sohle mit hervorragender D\u00e4mpfung und modernem Aussehen<\/li>\n<li>Eine zeitgem\u00e4\u00dfe Interpretation eines zeitlosen Loafer-Designs<\/li>\n<li>Erh\u00e4ltlich in einer breiten Palette von Gr\u00f6\u00dfen: EU 39, 40, 41, 42, 43, 44, 45<\/li>\n<li>Mindestbestellmenge: 8 Paare (f\u00fcr Gro\u00dfhandelspartner)<\/li>\n<li>Gesch\u00e4tzte Lieferzeit: 12 Tage + Versand<\/li>\n<\/ul>","protected":false},"featured_media":3977,"template":"","meta":{"_acf_changed":false,"_uag_custom_page_level_css":"","site-sidebar-layout":"default","site-content-layout":"","ast-site-content-layout":"default","site-content-style":"default","site-sidebar-style":"default","ast-global-header-display":"","ast-banner-title-visibility":"","ast-main-header-display":"","ast-hfb-above-header-display":"","ast-hfb-below-header-display":"","ast-hfb-mobile-header-display":"","site-post-title":"","ast-breadcrumbs-content":"","ast-featured-img":"","footer-sml-layout":"","ast-disable-related-posts":"","theme-transparent-header-meta":"default","adv-header-id-meta":"","stick-header-meta":"","header-above-stick-meta":"","header-main-stick-meta":"","header-below-stick-meta":"","astra-migrate-meta-layouts":"set","ast-page-background-enabled":"default","ast-page-background-meta":{"desktop":{"background-color":"var(--ast-global-color-4)","background-image":"","background-repeat":"repeat","background-position":"center center","background-size":"auto","background-attachment":"scroll","background-type":"","background-media":"","overlay-type":"","overlay-color":"","overlay-opacity":"","overlay-gradient":""},"tablet":{"background-color":"","background-image":"","background-repeat":"repeat","background-position":"center center","background-size":"auto","background-attachment":"scroll","background-type":"","background-media":"","overlay-type":"","overlay-color":"","overlay-opacity":"","overlay-gradient":""},"mobile":{"background-color":"","background-image":"","background-repeat":"repeat","background-position":"center center","background-size":"auto","background-attachment":"scroll","background-type":"","background-media":"","overlay-type":"","overlay-color":"","overlay-opacity":"","overlay-gradient":""}},"ast-content-background-meta":{"desktop":{"background-color":"var(--ast-global-color-5)","background-image":"","background-repeat":"repeat","background-position":"center center","background-size":"auto","background-attachment":"scroll","background-type":"","background-media":"","overlay-type":"","overlay-color":"","overlay-opacity":"","overlay-gradient":""},"tablet":{"background-color":"var(--ast-global-color-5)","background-image":"","background-repeat":"repeat","background-position":"center center","background-size":"auto","background-attachment":"scroll","background-type":"","background-media":"","overlay-type":"","overlay-color":"","overlay-opacity":"","overlay-gradient":""},"mobile":{"background-color":"var(--ast-global-color-5)","background-image":"","background-repeat":"repeat","background-position":"center center","background-size":"auto","background-attachment":"scroll","background-type":"","background-media":"","overlay-type":"","overlay-color":"","overlay-opacity":"","overlay-gradient":""}}},"product_brand":[],"product_cat":[430,40,15],"product_tag":[566,1100,1104,438,189,1101,1099,1103,1102,787],"class_list":{"0":"post-5956","1":"product","2":"type-product","3":"status-publish","4":"has-post-thumbnail","6":"product_cat-men","7":"product_cat-mens-shoes","8":"product_cat-uncategorized","9":"product_tag-calfskin-shoes","10":"product_tag-chunky-loafer","11":"product_tag-classic-modern-loafer","12":"product_tag-eva-sole","13":"product_tag-goat-leather-lining","14":"product_tag-leather-loafer","15":"product_tag-mens-loafer","16":"product_tag-navy-loafer","17":"product_tag-platform-loafer","18":"product_tag-premium-mens-shoes","19":"desktop-align-center","20":"tablet-align-center","21":"mobile-align-center","23":"first","24":"instock","25":"shipping-taxable","26":"purchasable","27":"product-type-variable","28":"has-default-attributes"},"acf":[],"uagb_featured_image_src":{"full":["https:\/\/turkishtrade.co\/wp-content\/uploads\/2026\/01\/2400EJOMN00374-DARK-BLUE-TOV_12-5-USD.png",453,250,false],"thumbnail":["https:\/\/turkishtrade.co\/wp-content\/uploads\/2026\/01\/2400EJOMN00374-DARK-BLUE-TOV_12-5-USD-150x150.png",150,150,true],"medium":["https:\/\/turkishtrade.co\/wp-content\/uploads\/2026\/01\/2400EJOMN00374-DARK-BLUE-TOV_12-5-USD-300x166.png",300,166,true],"medium_large":["https:\/\/turkishtrade.co\/wp-content\/uploads\/2026\/01\/2400EJOMN00374-DARK-BLUE-TOV_12-5-USD.png",453,250,false],"large":["https:\/\/turkishtrade.co\/wp-content\/uploads\/2026\/01\/2400EJOMN00374-DARK-BLUE-TOV_12-5-USD.png",453,250,false],"1536x1536":["https:\/\/turkishtrade.co\/wp-content\/uploads\/2026\/01\/2400EJOMN00374-DARK-BLUE-TOV_12-5-USD.png",453,250,false],"2048x2048":["https:\/\/turkishtrade.co\/wp-content\/uploads\/2026\/01\/2400EJOMN00374-DARK-BLUE-TOV_12-5-USD.png",453,250,false],"trp-custom-language-flag":["https:\/\/turkishtrade.co\/wp-content\/uploads\/2026\/01\/2400EJOMN00374-DARK-BLUE-TOV_12-5-USD-18x10.png",18,10,true],"woocommerce_thumbnail":["https:\/\/turkishtrade.co\/wp-content\/uploads\/2026\/01\/2400EJOMN00374-DARK-BLUE-TOV_12-5-USD-400x250.png",400,250,true],"woocommerce_single":["https:\/\/turkishtrade.co\/wp-content\/uploads\/2026\/01\/2400EJOMN00374-DARK-BLUE-TOV_12-5-USD.png",453,250,false],"woocommerce_gallery_thumbnail":["https:\/\/turkishtrade.co\/wp-content\/uploads\/2026\/01\/2400EJOMN00374-DARK-BLUE-TOV_12-5-USD-100x100.png",100,100,true]},"uagb_author_info":{"display_name":"yaser olabi","author_link":"https:\/\/turkishtrade.co\/de\/author\/"},"uagb_comment_info":0,"uagb_excerpt":"Premium Calfskin Leather Exterior for durability and style Luxurious Goat Leather Interior lining for exceptional comfort and breathability Stylish &amp; Comfortable Chunky EVA Sole offering excellent cushioning and modern appeal A contemporary take on a timeless loafer design Available in an extensive range of sizes: EU 39, 40, 41, 42, 43, 44, 45 Minimum Order&hellip;","_links":{"self":[{"href":"https:\/\/turkishtrade.co\/de\/wp-json\/wp\/v2\/product\/5956","targetHints":{"allow":["GET"]}}],"collection":[{"href":"https:\/\/turkishtrade.co\/de\/wp-json\/wp\/v2\/product"}],"about":[{"href":"https:\/\/turkishtrade.co\/de\/wp-json\/wp\/v2\/types\/product"}],"wp:featuredmedia":[{"embeddable":true,"href":"https:\/\/turkishtrade.co\/de\/wp-json\/wp\/v2\/media\/3977"}],"wp:attachment":[{"href":"https:\/\/turkishtrade.co\/de\/wp-json\/wp\/v2\/media?parent=5956"}],"wp:term":[{"taxonomy":"product_brand","embeddable":true,"href":"https:\/\/turkishtrade.co\/de\/wp-json\/wp\/v2\/product_brand?post=5956"},{"taxonomy":"product_cat","embeddable":true,"href":"https:\/\/turkishtrade.co\/de\/wp-json\/wp\/v2\/product_cat?post=5956"},{"taxonomy":"product_tag","embeddable":true,"href":"https:\/\/turkishtrade.co\/de\/wp-json\/wp\/v2\/product_tag?post=5956"}],"curies":[{"name":"wp","href":"https:\/\/api.w.org\/{rel}","templated":true}]}}