{"id":5954,"date":"2026-01-14T13:49:04","date_gmt":"2026-01-14T13:49:04","guid":{"rendered":"https:\/\/turkishtrade.co\/product\/mens-chunky-platform-loafers\/"},"modified":"2026-04-09T19:18:38","modified_gmt":"2026-04-09T19:18:38","slug":"mens-chunky-platform-loafers","status":"publish","type":"product","link":"https:\/\/turkishtrade.co\/de\/shop\/mens-chunky-platform-loafers\/","title":{"rendered":"Premium-Herrenschuhe mit klobigem Plateau aus Kalbs- und Ziegenleder"},"content":{"rendered":"<p><strong>Chunky Platform Loafers f\u00fcr M\u00e4nner<\/strong><\/p>\n<p>Entdecken Sie die ultimative Mischung aus modernem Stil und traditioneller Handwerkskunst mit unseren exquisiten <strong>Chunky Platform Loafers f\u00fcr M\u00e4nner<\/strong>. Diese Loafers sind mehr als nur ein Schuhwerk, sie sind ein Statement f\u00fcr anspruchsvolle Rebellion. Jedes Paar wird sorgf\u00e4ltig aus den besten Materialien hergestellt, um unvergleichlichen Komfort und dauerhafte Haltbarkeit zu gew\u00e4hrleisten.<\/p>\n<h3>Unerreichte Qualit\u00e4t und Design<\/h3>\n<p>Das \u00c4u\u00dfere dieser au\u00dfergew\u00f6hnlichen <strong>Chunky Platform Loafers f\u00fcr M\u00e4nner<\/strong> besteht aus hochwertigem Kalbsleder, das f\u00fcr seine glatte Textur, seine Elastizit\u00e4t und seinen eleganten Glanz bekannt ist. Dieses sorgf\u00e4ltig ausgew\u00e4hlte Leder passt sich mit der Zeit an Ihren Fu\u00df an und bietet eine individuelle Passform und dauerhafte Attraktivit\u00e4t. Das raffinierte schwarze Finish sorgt f\u00fcr Vielseitigkeit und macht diese Loafer f\u00fcr eine breite Palette von Anl\u00e4ssen geeignet, von eleganten Freizeitausfl\u00fcgen bis hin zu raffinierten gesellschaftlichen Anl\u00e4ssen.<\/p>\n<p>Ein markantes, gemustertes Textilpanel auf dem Vorderblatt setzt einen einzigartigen Akzent und hebt diese Loafer von herk\u00f6mmlichen Designs ab.<\/p>\n<p>Treten Sie ein, und Sie werden von der luxuri\u00f6sen Umarmung des Futters aus echtem Ziegenleder begr\u00fc\u00dft. Ziegenleder ist bekannt f\u00fcr seine unglaubliche Weichheit und hervorragende Atmungsaktivit\u00e4t und sorgt daf\u00fcr, dass Ihre F\u00fc\u00dfe den ganzen Tag \u00fcber bequem und frisch bleiben. Diese Liebe zum inneren Detail unterstreicht unser Engagement f\u00fcr h\u00f6chste Qualit\u00e4t und das ultimative Trageerlebnis f\u00fcr jedes Paar unserer Schuhe. <strong>Chunky Platform Loafers f\u00fcr M\u00e4nner<\/strong>.<\/p>\n<h3>Komfort trifft auf Moderne<\/h3>\n<p>Das entscheidende Merkmal dieser Slipper ist ihre robuste EVA-Sohle. Dieses leichte, aber unglaublich haltbare Material bietet eine hervorragende D\u00e4mpfung und Sto\u00dfabsorption, die jeden Schritt zu einem Vergn\u00fcgen macht. Das klobige Plateau-Design hebt nicht nur Ihre Statur, sondern verleiht auch eine moderne, kantige \u00c4sthetik, die in der modernen Mode sehr gefragt ist.<\/p>\n<p>Mit einer Absatzh\u00f6he von typischerweise 4-9 cm bieten diese Loafer einen betr\u00e4chtlichen Auftrieb, w\u00e4hrend sie gleichzeitig Stabilit\u00e4t und Komfort bieten. Die Stollensohle sorgt f\u00fcr besseren Halt und erg\u00e4nzt das modische Design um praktische Eigenschaften.<\/p>\n<p>Erh\u00e4ltlich in einer breiten Palette von Gr\u00f6\u00dfen von 39 bis 45, diese <strong>Chunky Platform Loafers f\u00fcr M\u00e4nner<\/strong> sind auf die unterschiedlichsten Kundenbed\u00fcrfnisse zugeschnitten. Egal, ob Sie ein Einzelh\u00e4ndler sind, der sich mit gefragter Herrenmode eindecken m\u00f6chte, oder ein Unternehmen, das Premium-Schuhe f\u00fcr seine Kunden sucht - unsere Mindestbestellmenge von 8 Paar macht den Einkauf im Gro\u00dfhandel bequem und effizient.<\/p>\n<p>Erwarten Sie eine Lieferung innerhalb von ca. 12 Tagen, zuz\u00fcglich der Versandzeit, um eine schnelle Bearbeitung Ihrer Bestellung zu gew\u00e4hrleisten. Investieren Sie in ein Produkt, das klassische Loafer-Eleganz mit einem k\u00fchnen, modernen Twist kombiniert - die perfekte Erg\u00e4nzung f\u00fcr jede moderne Garderobe.<\/p>","protected":false},"excerpt":{"rendered":"<ul>\n<li>Erleben Sie \u00fcberlegenen Komfort und Stil mit diesen hochwertigen <strong>Chunky Platform Loafers f\u00fcr M\u00e4nner<\/strong>.<\/li>\n<li>Das \u00c4u\u00dfere ist aus hochwertigem, echtem Kalbsleder gefertigt, das f\u00fcr Langlebigkeit und ein elegantes Finish sorgt.<\/li>\n<li>Das luxuri\u00f6se Innenfutter aus Ziegenleder bietet au\u00dfergew\u00f6hnliche Atmungsaktivit\u00e4t und Weichheit.<\/li>\n<li>Die moderne, klobige EVA-Sohle sorgt f\u00fcr robusten Halt, erh\u00f6hten Komfort und eine unverwechselbare \u00c4sthetik.<\/li>\n<li>Erh\u00e4ltlich in den Gr\u00f6\u00dfen 39, 40, 41, 42, 43, 44 und 45 f\u00fcr eine breite Palette von Kunden.<\/li>\n<li>Die Mindestbestellmenge von 8 Paaren macht sie ideal f\u00fcr den Gro\u00dfhandel und Gro\u00dfeink\u00e4ufe.<\/li>\n<li>Lieferung in ca. 12 Tagen plus Versand.<\/li>\n<\/ul>","protected":false},"featured_media":3976,"template":"","meta":{"_acf_changed":false,"_uag_custom_page_level_css":"","site-sidebar-layout":"default","site-content-layout":"","ast-site-content-layout":"default","site-content-style":"default","site-sidebar-style":"default","ast-global-header-display":"","ast-banner-title-visibility":"","ast-main-header-display":"","ast-hfb-above-header-display":"","ast-hfb-below-header-display":"","ast-hfb-mobile-header-display":"","site-post-title":"","ast-breadcrumbs-content":"","ast-featured-img":"","footer-sml-layout":"","ast-disable-related-posts":"","theme-transparent-header-meta":"default","adv-header-id-meta":"","stick-header-meta":"","header-above-stick-meta":"","header-main-stick-meta":"","header-below-stick-meta":"","astra-migrate-meta-layouts":"set","ast-page-background-enabled":"default","ast-page-background-meta":{"desktop":{"background-color":"var(--ast-global-color-4)","background-image":"","background-repeat":"repeat","background-position":"center center","background-size":"auto","background-attachment":"scroll","background-type":"","background-media":"","overlay-type":"","overlay-color":"","overlay-opacity":"","overlay-gradient":""},"tablet":{"background-color":"","background-image":"","background-repeat":"repeat","background-position":"center center","background-size":"auto","background-attachment":"scroll","background-type":"","background-media":"","overlay-type":"","overlay-color":"","overlay-opacity":"","overlay-gradient":""},"mobile":{"background-color":"","background-image":"","background-repeat":"repeat","background-position":"center center","background-size":"auto","background-attachment":"scroll","background-type":"","background-media":"","overlay-type":"","overlay-color":"","overlay-opacity":"","overlay-gradient":""}},"ast-content-background-meta":{"desktop":{"background-color":"var(--ast-global-color-5)","background-image":"","background-repeat":"repeat","background-position":"center center","background-size":"auto","background-attachment":"scroll","background-type":"","background-media":"","overlay-type":"","overlay-color":"","overlay-opacity":"","overlay-gradient":""},"tablet":{"background-color":"var(--ast-global-color-5)","background-image":"","background-repeat":"repeat","background-position":"center center","background-size":"auto","background-attachment":"scroll","background-type":"","background-media":"","overlay-type":"","overlay-color":"","overlay-opacity":"","overlay-gradient":""},"mobile":{"background-color":"var(--ast-global-color-5)","background-image":"","background-repeat":"repeat","background-position":"center center","background-size":"auto","background-attachment":"scroll","background-type":"","background-media":"","overlay-type":"","overlay-color":"","overlay-opacity":"","overlay-gradient":""}}},"product_brand":[],"product_cat":[430,40,15],"product_tag":[370,185,409,1097,737,438,414,189,384,186,1022,1098,1079,281],"class_list":{"0":"post-5954","1":"product","2":"type-product","3":"status-publish","4":"has-post-thumbnail","6":"product_cat-men","7":"product_cat-mens-shoes","8":"product_cat-uncategorized","9":"product_tag-black-loafers","10":"product_tag-calf-leather-shoes","11":"product_tag-chunky-loafers","12":"product_tag-designer-inspired","13":"product_tag-dress-loafers","14":"product_tag-eva-sole","15":"product_tag-fashion-footwear","16":"product_tag-goat-leather-lining","17":"product_tag-luxury-loafers","18":"product_tag-mens-loafers","19":"product_tag-mens-style","20":"product_tag-modern-footwear","21":"product_tag-platform-loafers","22":"product_tag-wholesale-shoes","23":"desktop-align-center","24":"tablet-align-center","25":"mobile-align-center","27":"first","28":"instock","29":"shipping-taxable","30":"purchasable","31":"product-type-variable","32":"has-default-attributes"},"acf":[],"uagb_featured_image_src":{"full":["https:\/\/turkishtrade.co\/wp-content\/uploads\/2026\/01\/2400EJOMN00370-BLACK-Z_7632-2-USD.png",453,250,false],"thumbnail":["https:\/\/turkishtrade.co\/wp-content\/uploads\/2026\/01\/2400EJOMN00370-BLACK-Z_7632-2-USD-150x150.png",150,150,true],"medium":["https:\/\/turkishtrade.co\/wp-content\/uploads\/2026\/01\/2400EJOMN00370-BLACK-Z_7632-2-USD-300x166.png",300,166,true],"medium_large":["https:\/\/turkishtrade.co\/wp-content\/uploads\/2026\/01\/2400EJOMN00370-BLACK-Z_7632-2-USD.png",453,250,false],"large":["https:\/\/turkishtrade.co\/wp-content\/uploads\/2026\/01\/2400EJOMN00370-BLACK-Z_7632-2-USD.png",453,250,false],"1536x1536":["https:\/\/turkishtrade.co\/wp-content\/uploads\/2026\/01\/2400EJOMN00370-BLACK-Z_7632-2-USD.png",453,250,false],"2048x2048":["https:\/\/turkishtrade.co\/wp-content\/uploads\/2026\/01\/2400EJOMN00370-BLACK-Z_7632-2-USD.png",453,250,false],"trp-custom-language-flag":["https:\/\/turkishtrade.co\/wp-content\/uploads\/2026\/01\/2400EJOMN00370-BLACK-Z_7632-2-USD-18x10.png",18,10,true],"woocommerce_thumbnail":["https:\/\/turkishtrade.co\/wp-content\/uploads\/2026\/01\/2400EJOMN00370-BLACK-Z_7632-2-USD-400x250.png",400,250,true],"woocommerce_single":["https:\/\/turkishtrade.co\/wp-content\/uploads\/2026\/01\/2400EJOMN00370-BLACK-Z_7632-2-USD.png",453,250,false],"woocommerce_gallery_thumbnail":["https:\/\/turkishtrade.co\/wp-content\/uploads\/2026\/01\/2400EJOMN00370-BLACK-Z_7632-2-USD-100x100.png",100,100,true]},"uagb_author_info":{"display_name":"yaser olabi","author_link":"https:\/\/turkishtrade.co\/de\/author\/"},"uagb_comment_info":0,"uagb_excerpt":"Experience superior comfort and style with these premium Men's Chunky Platform Loafers. Crafted from high-quality genuine calf leather for the exterior, ensuring durability and a sleek finish. Luxurious goat leather interior lining provides exceptional breathability and softness. Features a modern chunky EVA sole for robust support, enhanced comfort, and a distinctive aesthetic. Available in sizes&hellip;","_links":{"self":[{"href":"https:\/\/turkishtrade.co\/de\/wp-json\/wp\/v2\/product\/5954","targetHints":{"allow":["GET"]}}],"collection":[{"href":"https:\/\/turkishtrade.co\/de\/wp-json\/wp\/v2\/product"}],"about":[{"href":"https:\/\/turkishtrade.co\/de\/wp-json\/wp\/v2\/types\/product"}],"wp:featuredmedia":[{"embeddable":true,"href":"https:\/\/turkishtrade.co\/de\/wp-json\/wp\/v2\/media\/3976"}],"wp:attachment":[{"href":"https:\/\/turkishtrade.co\/de\/wp-json\/wp\/v2\/media?parent=5954"}],"wp:term":[{"taxonomy":"product_brand","embeddable":true,"href":"https:\/\/turkishtrade.co\/de\/wp-json\/wp\/v2\/product_brand?post=5954"},{"taxonomy":"product_cat","embeddable":true,"href":"https:\/\/turkishtrade.co\/de\/wp-json\/wp\/v2\/product_cat?post=5954"},{"taxonomy":"product_tag","embeddable":true,"href":"https:\/\/turkishtrade.co\/de\/wp-json\/wp\/v2\/product_tag?post=5954"}],"curies":[{"name":"wp","href":"https:\/\/api.w.org\/{rel}","templated":true}]}}