{"id":5948,"date":"2026-01-14T13:47:56","date_gmt":"2026-01-14T13:47:56","guid":{"rendered":"https:\/\/turkishtrade.co\/product\/men-s-chunky-platform-loafers\/"},"modified":"2026-04-09T19:18:48","modified_gmt":"2026-04-09T19:18:48","slug":"mens-chunky-platform-loafers-2","status":"publish","type":"product","link":"https:\/\/turkishtrade.co\/de\/shop\/mens-chunky-platform-loafers-2\/","title":{"rendered":"Schwarze Plateau-Loafer aus Leder f\u00fcr Herren"},"content":{"rendered":"<p><strong>Chunky Platform Loafers f\u00fcr M\u00e4nner<\/strong><\/p>\n<p>Erweitern Sie Ihre Schuhkollektion mit unseren exquisiten <strong>Chunky Platform Loafers f\u00fcr M\u00e4nner<\/strong>, f\u00fcr den modernen Mann, der sowohl Stil als auch Komfort sch\u00e4tzt. Sie sind keine gew\u00f6hnlichen Schuhe, sondern ein Statement aus hochwertigen Materialien, die f\u00fcr au\u00dfergew\u00f6hnliche Haltbarkeit und ein luxuri\u00f6ses Gef\u00fchl bei jedem Schritt sorgen. Diese Schuhe sind eine perfekte Mischung aus klassischer Loafer-\u00c4sthetik und zeitgen\u00f6ssischen Trends und sind ein Muss f\u00fcr jede modebewusste Garderobe.<\/p>\n<p>Unser <strong>Chunky Platform Loafers f\u00fcr M\u00e4nner<\/strong> sind mit einem anspruchsvollen Rindsleder ausgestattet, das eine glatte, polierte und robuste Oberfl\u00e4che bietet, die dem Test der Zeit standh\u00e4lt. Das unverwechselbare gemusterte Detail auf dem Obermaterial sorgt f\u00fcr einen einzigartigen Hauch von Designer-inspirierter Eleganz und Raffinesse, wodurch sich diese Schuhe von der Masse abheben und zu einem Blickfang in jedem Ensemble werden.<\/p>\n<p>Im Inneren werden Ihre F\u00fc\u00dfe von dem unvergleichlich weichen Futter aus echtem Ziegenleder umh\u00fcllt, das hervorragende Atmungsaktivit\u00e4t und ultimativen Komfort f\u00fcr ganzt\u00e4giges Tragen bietet, auch bei l\u00e4ngerem Tragen.<\/p>\n<p>Die robuste und dennoch leichte EVA-Sohle ist ein wichtiges Funktionsmerkmal dieser <strong>Chunky Platform Loafers f\u00fcr M\u00e4nner<\/strong>. Er bietet eine hervorragende Sto\u00dfd\u00e4mpfung, die Erm\u00fcdungserscheinungen reduziert, und sorgt f\u00fcr einen stabilen, zuverl\u00e4ssigen Halt, was ihn ideal f\u00fcr verschiedene st\u00e4dtische Umgebungen und t\u00e4gliche Aktivit\u00e4ten macht. Der moderne, 1 bis 3 cm hohe Plateauabsatz sorgt f\u00fcr einen zeitgem\u00e4\u00dfen Auftrieb, verbessert Ihre Haltung und verleiht Ihnen einen modischen Akzent, ohne die zeitlose Loafer-Silhouette zu beeintr\u00e4chtigen.<\/p>\n<p>Dieses durchdachte Design verbindet nahtlos Tradition mit aktuellen Trends und bietet eine unvergleichliche Vielseitigkeit.<\/p>\n<h3>Unerreichte Qualit\u00e4t und Stil f\u00fcr jeden Anlass<\/h3>\n<p>Egal, ob Sie zu einem legeren Brunch, einem l\u00e4ssigen Business-Meeting oder einem stilvollen Abend ausgehen, diese vielseitigen Loafer erg\u00e4nzen m\u00fchelos eine breite Palette von Outfits, von der ma\u00dfgeschneiderten Hose bis zur hochwertigen Jeans.<\/p>\n<p>Erh\u00e4ltlich in einer breiten Palette von Herrengr\u00f6\u00dfen von 39 bis 45, sind diese <strong>Chunky Platform Loafers f\u00fcr M\u00e4nner<\/strong> sind so konzipiert, dass sie f\u00fcr ein breites Publikum perfekt passen. F\u00fcr unsere gesch\u00e4tzten Gro\u00dfhandelskunden bieten wir eine attraktive Mindestbestellmenge von nur 8 Paaren, mit einem rationalisierten Produktions- und Lieferprozess von 12 Tagen plus Versand. Investieren Sie in Qualit\u00e4t, Stil und Komfort mit unserer Premium-Kollektion von Freizeitschuhen f\u00fcr M\u00e4nner.<\/p>\n<p>Diese <strong>Chunky Platform Loafers f\u00fcr M\u00e4nner<\/strong> sind mehr als nur Schuhe; sie sind eine Investition in tadellosen Stil und dauerhafte Qualit\u00e4t und versprechen, \u00fcber Jahre hinweg ein gesch\u00e4tzter Bestandteil Ihrer Sammlung zu sein.<\/p>","protected":false},"excerpt":{"rendered":"<ul>\n<li>Hochwertiges Rindsleder mit markanten gemusterten Details<\/li>\n<li>Innenfutter aus weichem Ziegenleder f\u00fcr ultimativen Komfort<\/li>\n<li>Strapazierf\u00e4hige und leichte EVA-Sohle f\u00fcr hervorragenden Grip<\/li>\n<li>Klassischer Loafer-Stil mit modernem 1-3 cm hohen Plateauabsatz<\/li>\n<li>Erh\u00e4ltlich in den Herrengr\u00f6\u00dfen 39-45<\/li>\n<li>Mindestbestellmenge: 8 Paar - ideal f\u00fcr den Gro\u00dfhandel<\/li>\n<li>Schnelle Produktion und Lieferung: 12 Tage + Versand<\/li>\n<\/ul>","protected":false},"featured_media":3972,"template":"","meta":{"_acf_changed":false,"_uag_custom_page_level_css":"","site-sidebar-layout":"default","site-content-layout":"","ast-site-content-layout":"default","site-content-style":"default","site-sidebar-style":"default","ast-global-header-display":"","ast-banner-title-visibility":"","ast-main-header-display":"","ast-hfb-above-header-display":"","ast-hfb-below-header-display":"","ast-hfb-mobile-header-display":"","site-post-title":"","ast-breadcrumbs-content":"","ast-featured-img":"","footer-sml-layout":"","ast-disable-related-posts":"","theme-transparent-header-meta":"default","adv-header-id-meta":"","stick-header-meta":"","header-above-stick-meta":"","header-main-stick-meta":"","header-below-stick-meta":"","astra-migrate-meta-layouts":"set","ast-page-background-enabled":"default","ast-page-background-meta":{"desktop":{"background-color":"var(--ast-global-color-4)","background-image":"","background-repeat":"repeat","background-position":"center center","background-size":"auto","background-attachment":"scroll","background-type":"","background-media":"","overlay-type":"","overlay-color":"","overlay-opacity":"","overlay-gradient":""},"tablet":{"background-color":"","background-image":"","background-repeat":"repeat","background-position":"center center","background-size":"auto","background-attachment":"scroll","background-type":"","background-media":"","overlay-type":"","overlay-color":"","overlay-opacity":"","overlay-gradient":""},"mobile":{"background-color":"","background-image":"","background-repeat":"repeat","background-position":"center center","background-size":"auto","background-attachment":"scroll","background-type":"","background-media":"","overlay-type":"","overlay-color":"","overlay-opacity":"","overlay-gradient":""}},"ast-content-background-meta":{"desktop":{"background-color":"var(--ast-global-color-5)","background-image":"","background-repeat":"repeat","background-position":"center center","background-size":"auto","background-attachment":"scroll","background-type":"","background-media":"","overlay-type":"","overlay-color":"","overlay-opacity":"","overlay-gradient":""},"tablet":{"background-color":"var(--ast-global-color-5)","background-image":"","background-repeat":"repeat","background-position":"center center","background-size":"auto","background-attachment":"scroll","background-type":"","background-media":"","overlay-type":"","overlay-color":"","overlay-opacity":"","overlay-gradient":""},"mobile":{"background-color":"var(--ast-global-color-5)","background-image":"","background-repeat":"repeat","background-position":"center center","background-size":"auto","background-attachment":"scroll","background-type":"","background-media":"","overlay-type":"","overlay-color":"","overlay-opacity":"","overlay-gradient":""}}},"product_brand":[],"product_cat":[430,40,15],"product_tag":[196,409,1092,438,922,556,215,186,1093,1079,281],"class_list":{"0":"post-5948","1":"product","2":"type-product","3":"status-publish","4":"has-post-thumbnail","6":"product_cat-men","7":"product_cat-mens-shoes","8":"product_cat-uncategorized","9":"product_tag-black-leather-shoes","10":"product_tag-chunky-loafers","11":"product_tag-designer-style-shoes","12":"product_tag-eva-sole","13":"product_tag-fashion-loafers","14":"product_tag-goatskin-lining","15":"product_tag-leather-loafers","16":"product_tag-mens-loafers","17":"product_tag-modern-loafers","18":"product_tag-platform-loafers","19":"product_tag-wholesale-shoes","20":"desktop-align-center","21":"tablet-align-center","22":"mobile-align-center","24":"first","25":"instock","26":"shipping-taxable","27":"purchasable","28":"product-type-variable","29":"has-default-attributes"},"acf":[],"uagb_featured_image_src":{"full":["https:\/\/turkishtrade.co\/wp-content\/uploads\/2026\/01\/2400EJOMN00287-BLACK-DKS_7650-2-USD.png",453,250,false],"thumbnail":["https:\/\/turkishtrade.co\/wp-content\/uploads\/2026\/01\/2400EJOMN00287-BLACK-DKS_7650-2-USD-150x150.png",150,150,true],"medium":["https:\/\/turkishtrade.co\/wp-content\/uploads\/2026\/01\/2400EJOMN00287-BLACK-DKS_7650-2-USD-300x166.png",300,166,true],"medium_large":["https:\/\/turkishtrade.co\/wp-content\/uploads\/2026\/01\/2400EJOMN00287-BLACK-DKS_7650-2-USD.png",453,250,false],"large":["https:\/\/turkishtrade.co\/wp-content\/uploads\/2026\/01\/2400EJOMN00287-BLACK-DKS_7650-2-USD.png",453,250,false],"1536x1536":["https:\/\/turkishtrade.co\/wp-content\/uploads\/2026\/01\/2400EJOMN00287-BLACK-DKS_7650-2-USD.png",453,250,false],"2048x2048":["https:\/\/turkishtrade.co\/wp-content\/uploads\/2026\/01\/2400EJOMN00287-BLACK-DKS_7650-2-USD.png",453,250,false],"trp-custom-language-flag":["https:\/\/turkishtrade.co\/wp-content\/uploads\/2026\/01\/2400EJOMN00287-BLACK-DKS_7650-2-USD-18x10.png",18,10,true],"woocommerce_thumbnail":["https:\/\/turkishtrade.co\/wp-content\/uploads\/2026\/01\/2400EJOMN00287-BLACK-DKS_7650-2-USD-400x250.png",400,250,true],"woocommerce_single":["https:\/\/turkishtrade.co\/wp-content\/uploads\/2026\/01\/2400EJOMN00287-BLACK-DKS_7650-2-USD.png",453,250,false],"woocommerce_gallery_thumbnail":["https:\/\/turkishtrade.co\/wp-content\/uploads\/2026\/01\/2400EJOMN00287-BLACK-DKS_7650-2-USD-100x100.png",100,100,true]},"uagb_author_info":{"display_name":"yaser olabi","author_link":"https:\/\/turkishtrade.co\/de\/author\/"},"uagb_comment_info":0,"uagb_excerpt":"Premium cowhide leather exterior with distinctive patterned detail Soft goatskin leather interior lining for ultimate comfort Durable and lightweight EVA sole for excellent grip Classic loafer style with a modern 1-3 cm chunky platform heel Available in men's sizes 39-45 Minimum order quantity: 8 pairs \u2013 ideal for wholesale purchases Fast production and delivery: 12&hellip;","_links":{"self":[{"href":"https:\/\/turkishtrade.co\/de\/wp-json\/wp\/v2\/product\/5948","targetHints":{"allow":["GET"]}}],"collection":[{"href":"https:\/\/turkishtrade.co\/de\/wp-json\/wp\/v2\/product"}],"about":[{"href":"https:\/\/turkishtrade.co\/de\/wp-json\/wp\/v2\/types\/product"}],"wp:featuredmedia":[{"embeddable":true,"href":"https:\/\/turkishtrade.co\/de\/wp-json\/wp\/v2\/media\/3972"}],"wp:attachment":[{"href":"https:\/\/turkishtrade.co\/de\/wp-json\/wp\/v2\/media?parent=5948"}],"wp:term":[{"taxonomy":"product_brand","embeddable":true,"href":"https:\/\/turkishtrade.co\/de\/wp-json\/wp\/v2\/product_brand?post=5948"},{"taxonomy":"product_cat","embeddable":true,"href":"https:\/\/turkishtrade.co\/de\/wp-json\/wp\/v2\/product_cat?post=5948"},{"taxonomy":"product_tag","embeddable":true,"href":"https:\/\/turkishtrade.co\/de\/wp-json\/wp\/v2\/product_tag?post=5948"}],"curies":[{"name":"wp","href":"https:\/\/api.w.org\/{rel}","templated":true}]}}