{"id":5923,"date":"2026-01-14T13:44:37","date_gmt":"2026-01-14T13:44:37","guid":{"rendered":"https:\/\/turkishtrade.co\/product\/mens-brown-leather-derby-shoes-8\/"},"modified":"2026-04-09T19:19:42","modified_gmt":"2026-04-09T19:19:42","slug":"mens-brown-leather-derby-shoes-8","status":"publish","type":"product","link":"https:\/\/turkishtrade.co\/de\/shop\/mens-brown-leather-derby-shoes-8\/","title":{"rendered":"Herren Premium Braun Leder Cap Toe Derby Schuhe"},"content":{"rendered":"<p><strong>Derby-Schuhe f\u00fcr M\u00e4nner aus braunem Leder<\/strong><\/p>\n<p>Entdecken Sie die ultimative Mischung aus klassischem Stil und modernem Komfort mit unseren exquisiten <strong>Derby-Schuhe f\u00fcr M\u00e4nner aus braunem Leder<\/strong>. In sorgf\u00e4ltiger Handarbeit bis zur Perfektion gefertigt, sind diese hochwertigen <strong>Herren Derby-Schuhe aus braunem Leder<\/strong> sind f\u00fcr den anspruchsvollen Herrn konzipiert, der sowohl Eleganz als auch Alltagstauglichkeit sch\u00e4tzt. Von der Business-Casual-Situation bis zum anspruchsvollen Wochenendausflug sind diese Schuhe Ihr perfekter Begleiter, der jedes Outfit m\u00fchelos aufwertet.<\/p>\n<p><h3>Un\u00fcbertroffene Handwerkskunst und hochwertige Materialien<\/h3>\n<\/p>\n<p>Jedes Paar dieser exquisiten <strong>Derby-Schuhe f\u00fcr M\u00e4nner aus braunem Leder<\/strong> ist au\u00dfen aus feinstem Kalbsleder gefertigt. Diese Materialwahl sorgt nicht nur f\u00fcr ein reiches, luxuri\u00f6ses Aussehen mit seinem tiefbraunen Farbton, sondern auch f\u00fcr eine au\u00dfergew\u00f6hnliche Haltbarkeit und eine sch\u00f6ne Patina, die sich im Laufe der Zeit auf einzigartige Weise entwickelt. Die sorgf\u00e4ltige Auswahl des Kalbsleders unterstreicht unser unerm\u00fcdliches Engagement f\u00fcr Qualit\u00e4t.<\/p>\n<p>Das weiche Ziegenlederfutter sorgt f\u00fcr eine unvergleichliche Atmungsaktivit\u00e4t und eine unglaublich bequeme Passform, die sich bei jedem Tragen sanft an Ihren Fu\u00df anpasst. Die sorgf\u00e4ltigen N\u00e4hte und die markanten Kappendetails zeigen die traditionelle Kunstfertigkeit, mit der diese zeitlosen Schuhe hergestellt werden. <strong>Herren Derby-Schuhe aus braunem Leder<\/strong>.<\/p>\n<p><h3>Innovativer Komfort mit EVA-Sohle<\/h3>\n<\/p>\n<p>Das Besondere an diesen <strong>Derby-Schuhe f\u00fcr M\u00e4nner aus braunem Leder<\/strong> ist ihr innovatives Sohlendesign. Die leichte EVA-Sohle sorgt f\u00fcr eine hervorragende D\u00e4mpfung und bemerkenswerte Flexibilit\u00e4t, ohne die anspruchsvolle \u00c4sthetik zu beeintr\u00e4chtigen. Diese moderne Sohlentechnologie sorgt f\u00fcr ganzt\u00e4gigen Komfort und reduziert die Erm\u00fcdung der F\u00fc\u00dfe, egal ob Sie durch die belebten Stra\u00dfen der Stadt laufen oder in langen Meetings stehen.<\/p>\n<p>Die dezente Absatzh\u00f6he von 1 bis 3 cm erh\u00f6ht den Komfort, ohne das elegante Profil des Schuhs zu beeintr\u00e4chtigen, und macht sie zu idealen Freizeitschuhen aus braunem Leder, die Sie stundenlang tragen k\u00f6nnen.<\/p>\n<p><h3>Vielseitiger Stil f\u00fcr jede Gelegenheit<\/h3>\n<\/p>\n<p>Diese unglaublich vielseitigen <strong>Derby-Schuhe f\u00fcr M\u00e4nner aus braunem Leder<\/strong> sind ein echtes Grundnahrungsmittel im Kleiderschrank. Mit ihrer klassischen Kappe und der satten braunen Farbe passen sie zu einer Vielzahl von Outfits, von perfekt geschnittenen Hosen und stilvollen Blazern bis hin zu eleganten Denims und Chinos. Werten Sie Ihre Berufskleidung auf oder verleihen Sie Ihrem Freizeitoutfit mit Leichtigkeit einen Hauch von Raffinesse.<\/p>\n<p>Erh\u00e4ltlich in einer umfassenden Gr\u00f6\u00dfenauswahl von EU 39 bis 45, ist es einfach und bequem, die perfekte Passform zu finden. Erleben Sie den Unterschied, den hochwertige Materialien und fachm\u00e4nnische Handwerkskunst ausmachen, wenn Sie sich f\u00fcr diese au\u00dfergew\u00f6hnlichen <strong>Herren Derby-Schuhe aus braunem Leder<\/strong>.<\/p>\n<p><h3>Gro\u00dfhandelsm\u00f6glichkeiten verf\u00fcgbar<\/h3>\n<\/p>\n<p>Einzelh\u00e4ndlern, Boutiquen und Unternehmen, die hochwertige Schuhe anbieten m\u00f6chten, bieten wir wettbewerbsf\u00e4hige Gro\u00dfhandelspreise. Unser Premium <strong>Derby-Schuhe f\u00fcr M\u00e4nner aus braunem Leder<\/strong> sind ab einer Mindestbestellmenge von 8 Paar erh\u00e4ltlich, mit einer effizienten Lieferzeit von 12 Tagen plus Versand. Arbeiten Sie mit uns zusammen, um Ihren Kunden modische, langlebige und bequeme Schuhe zu bieten, die sich auf dem Markt durchsetzen.<\/p>\n<p>Investieren Sie in eine Kollektion, die Tradition, Innovation und unbestreitbaren Stil vereint - w\u00e4hlen Sie unsere exquisite <strong>Herren Derby-Schuhe aus braunem Leder<\/strong> heute.<\/p>","protected":false},"excerpt":{"rendered":"<ul>\n<li>Handgefertigt aus hochwertigem Kalbsleder f\u00fcr dauerhafte Eleganz.<\/li>\n<li>Das luxuri\u00f6se Innenfutter aus Ziegenleder sorgt f\u00fcr h\u00f6chsten Komfort und Atmungsaktivit\u00e4t.<\/li>\n<li>Leichte und flexible EVA-Sohle bietet den ganzen Tag \u00fcber D\u00e4mpfung und Halt.<\/li>\n<li>Klassischer Cap Toe Derby, der sich sowohl f\u00fcr legere als auch f\u00fcr elegante Anl\u00e4sse eignet.<\/li>\n<li>Erh\u00e4ltlich in einer breiten Palette von EU-Gr\u00f6\u00dfen: 39, 40, 41, 42, 43, 44, 45.<\/li>\n<li>Mindestbestellmenge: 8 Paare.<\/li>\n<li>Lieferzeit: 12 Tage + Versand.<\/li>\n<\/ul>","protected":false},"featured_media":3958,"template":"","meta":{"_acf_changed":false,"_uag_custom_page_level_css":"","site-sidebar-layout":"default","site-content-layout":"","ast-site-content-layout":"default","site-content-style":"default","site-sidebar-style":"default","ast-global-header-display":"","ast-banner-title-visibility":"","ast-main-header-display":"","ast-hfb-above-header-display":"","ast-hfb-below-header-display":"","ast-hfb-mobile-header-display":"","site-post-title":"","ast-breadcrumbs-content":"","ast-featured-img":"","footer-sml-layout":"","ast-disable-related-posts":"","theme-transparent-header-meta":"","adv-header-id-meta":"","stick-header-meta":"","header-above-stick-meta":"","header-main-stick-meta":"","header-below-stick-meta":"","astra-migrate-meta-layouts":"default","ast-page-background-enabled":"default","ast-page-background-meta":{"desktop":{"background-color":"var(--ast-global-color-4)","background-image":"","background-repeat":"repeat","background-position":"center center","background-size":"auto","background-attachment":"scroll","background-type":"","background-media":"","overlay-type":"","overlay-color":"","overlay-opacity":"","overlay-gradient":""},"tablet":{"background-color":"","background-image":"","background-repeat":"repeat","background-position":"center center","background-size":"auto","background-attachment":"scroll","background-type":"","background-media":"","overlay-type":"","overlay-color":"","overlay-opacity":"","overlay-gradient":""},"mobile":{"background-color":"","background-image":"","background-repeat":"repeat","background-position":"center center","background-size":"auto","background-attachment":"scroll","background-type":"","background-media":"","overlay-type":"","overlay-color":"","overlay-opacity":"","overlay-gradient":""}},"ast-content-background-meta":{"desktop":{"background-color":"var(--ast-global-color-5)","background-image":"","background-repeat":"repeat","background-position":"center center","background-size":"auto","background-attachment":"scroll","background-type":"","background-media":"","overlay-type":"","overlay-color":"","overlay-opacity":"","overlay-gradient":""},"tablet":{"background-color":"var(--ast-global-color-5)","background-image":"","background-repeat":"repeat","background-position":"center center","background-size":"auto","background-attachment":"scroll","background-type":"","background-media":"","overlay-type":"","overlay-color":"","overlay-opacity":"","overlay-gradient":""},"mobile":{"background-color":"var(--ast-global-color-5)","background-image":"","background-repeat":"repeat","background-position":"center center","background-size":"auto","background-attachment":"scroll","background-type":"","background-media":"","overlay-type":"","overlay-color":"","overlay-opacity":"","overlay-gradient":""}}},"product_brand":[],"product_cat":[48,47,49,430,40],"product_tag":[613,200,202,458,213,290,438,437,450,416,324,286,406,210,281],"class_list":{"0":"post-5923","1":"product","2":"type-product","3":"status-publish","4":"has-post-thumbnail","6":"product_cat-casual","7":"product_cat-classic","8":"product_cat-loafer","9":"product_cat-men","10":"product_cat-mens-shoes","11":"product_tag-brown-derby-shoes","12":"product_tag-business-casual","13":"product_tag-calf-leather","14":"product_tag-cap-toe-shoes","15":"product_tag-casual-dress-shoes","16":"product_tag-comfortable-mens-shoes","17":"product_tag-eva-sole","18":"product_tag-goat-leather","19":"product_tag-handcrafted-shoes","20":"product_tag-luxury-shoes","21":"product_tag-mens-dress-shoes","22":"product_tag-mens-leather-shoes","23":"product_tag-premium-shoes","24":"product_tag-smart-casual","25":"product_tag-wholesale-shoes","26":"desktop-align-center","27":"tablet-align-center","28":"mobile-align-center","30":"first","31":"instock","32":"shipping-taxable","33":"purchasable","34":"product-type-variable","35":"has-default-attributes"},"acf":[],"uagb_featured_image_src":{"full":["https:\/\/turkishtrade.co\/wp-content\/uploads\/2026\/01\/2400EJOMN00477-BROWN-X_7750-4-USD.png",453,250,false],"thumbnail":["https:\/\/turkishtrade.co\/wp-content\/uploads\/2026\/01\/2400EJOMN00477-BROWN-X_7750-4-USD-150x150.png",150,150,true],"medium":["https:\/\/turkishtrade.co\/wp-content\/uploads\/2026\/01\/2400EJOMN00477-BROWN-X_7750-4-USD-300x166.png",300,166,true],"medium_large":["https:\/\/turkishtrade.co\/wp-content\/uploads\/2026\/01\/2400EJOMN00477-BROWN-X_7750-4-USD.png",453,250,false],"large":["https:\/\/turkishtrade.co\/wp-content\/uploads\/2026\/01\/2400EJOMN00477-BROWN-X_7750-4-USD.png",453,250,false],"1536x1536":["https:\/\/turkishtrade.co\/wp-content\/uploads\/2026\/01\/2400EJOMN00477-BROWN-X_7750-4-USD.png",453,250,false],"2048x2048":["https:\/\/turkishtrade.co\/wp-content\/uploads\/2026\/01\/2400EJOMN00477-BROWN-X_7750-4-USD.png",453,250,false],"trp-custom-language-flag":["https:\/\/turkishtrade.co\/wp-content\/uploads\/2026\/01\/2400EJOMN00477-BROWN-X_7750-4-USD-18x10.png",18,10,true],"woocommerce_thumbnail":["https:\/\/turkishtrade.co\/wp-content\/uploads\/2026\/01\/2400EJOMN00477-BROWN-X_7750-4-USD-400x250.png",400,250,true],"woocommerce_single":["https:\/\/turkishtrade.co\/wp-content\/uploads\/2026\/01\/2400EJOMN00477-BROWN-X_7750-4-USD.png",453,250,false],"woocommerce_gallery_thumbnail":["https:\/\/turkishtrade.co\/wp-content\/uploads\/2026\/01\/2400EJOMN00477-BROWN-X_7750-4-USD-100x100.png",100,100,true]},"uagb_author_info":{"display_name":"yaser olabi","author_link":"https:\/\/turkishtrade.co\/de\/author\/"},"uagb_comment_info":0,"uagb_excerpt":"Handcrafted with premium Calf Leather exterior for lasting elegance. Luxurious Goat Leather interior lining ensures superior comfort and breathability. Lightweight and flexible EVA sole provides all-day cushioning and support. Classic Cap Toe Derby design suitable for both dress-casual and smart occasions. Available in a comprehensive range of EU sizes: 39, 40, 41, 42, 43, 44,&hellip;","_links":{"self":[{"href":"https:\/\/turkishtrade.co\/de\/wp-json\/wp\/v2\/product\/5923","targetHints":{"allow":["GET"]}}],"collection":[{"href":"https:\/\/turkishtrade.co\/de\/wp-json\/wp\/v2\/product"}],"about":[{"href":"https:\/\/turkishtrade.co\/de\/wp-json\/wp\/v2\/types\/product"}],"wp:featuredmedia":[{"embeddable":true,"href":"https:\/\/turkishtrade.co\/de\/wp-json\/wp\/v2\/media\/3958"}],"wp:attachment":[{"href":"https:\/\/turkishtrade.co\/de\/wp-json\/wp\/v2\/media?parent=5923"}],"wp:term":[{"taxonomy":"product_brand","embeddable":true,"href":"https:\/\/turkishtrade.co\/de\/wp-json\/wp\/v2\/product_brand?post=5923"},{"taxonomy":"product_cat","embeddable":true,"href":"https:\/\/turkishtrade.co\/de\/wp-json\/wp\/v2\/product_cat?post=5923"},{"taxonomy":"product_tag","embeddable":true,"href":"https:\/\/turkishtrade.co\/de\/wp-json\/wp\/v2\/product_tag?post=5923"}],"curies":[{"name":"wp","href":"https:\/\/api.w.org\/{rel}","templated":true}]}}