{"id":5913,"date":"2026-01-14T13:42:48","date_gmt":"2026-01-14T13:42:48","guid":{"rendered":"https:\/\/turkishtrade.co\/product\/men-s-brown-monk-loafers\/"},"modified":"2026-04-09T19:20:04","modified_gmt":"2026-04-09T19:20:04","slug":"mens-brown-monk-loafers","status":"publish","type":"product","link":"https:\/\/turkishtrade.co\/de\/shop\/mens-brown-monk-loafers\/","title":{"rendered":"Hochwertige braune Monk Loafers f\u00fcr Herren mit EVA-Sohle"},"content":{"rendered":"<p><strong>Braune Monk Loafers f\u00fcr M\u00e4nner<\/strong><\/p>\n<p>Erweitern Sie Ihre Schuhkollektion mit unseren exquisiten <strong>braune Monk-Slipper f\u00fcr M\u00e4nner<\/strong>, eine perfekte Mischung aus klassischem Stil und modernem Komfort. Diese sorgf\u00e4ltig aus den besten Materialien gefertigten Loafer wurden f\u00fcr den anspruchsvollen Gentleman entworfen, der sowohl \u00c4sthetik als auch Langlebigkeit sch\u00e4tzt. Das reiche, echte Kalbsleder bietet einen raffinierten Glanz, w\u00e4hrend das kontrastierende braune Wildlederobermaterial einen Hauch von einzigartiger Textur und Tiefe verleiht.<\/p>\n<p>Diese Schuhe sind nicht einfach nur Schuhe, sie sind ein Statement f\u00fcr raffinierten Geschmack.<\/p>\n<p><h3>Un\u00fcbertroffene Handwerkskunst und hochwertige Materialien<\/h3>\n<\/p>\n<p>Unser <strong>braune Monk-Slipper f\u00fcr M\u00e4nner<\/strong> zeichnen sich durch eine hochwertige Konstruktion aus, die f\u00fcr lang anhaltenden Tragekomfort sorgt. Das \u00c4u\u00dfere besteht aus luxuri\u00f6sem Kalbsleder, das f\u00fcr seine Widerstandsf\u00e4higkeit und seine glatte Oberfl\u00e4che bekannt ist und einen hervorragenden Look bietet, der mit dem Alter nur noch besser wird. Innen erleben Ihre F\u00fc\u00dfe den weichen Komfort des Ziegenlederfutters, das bei jedem Schritt f\u00fcr Atmungsaktivit\u00e4t und ein erstklassiges Gef\u00fchl sorgt.<\/p>\n<p>Die charakteristischen doppelten Monk Straps mit eleganten Schnallen verleihen diesem Modell einen zeitlosen Reiz. <strong>braune Monk-Slipper f\u00fcr M\u00e4nner<\/strong> eine vielseitige Erg\u00e4nzung f\u00fcr jede Garderobe.<\/p>\n<p><h3>Entwickelt f\u00fcr Komfort und Langlebigkeit<\/h3>\n<\/p>\n<p>Komfort ist oberstes Gebot, und diese <strong>braune Monk-Slipper f\u00fcr M\u00e4nner<\/strong> \u00fcberzeugen durch ihre innovative EVA-Sohle. Dieses leichte und dennoch unglaublich haltbare Material bietet eine hervorragende Sto\u00dfd\u00e4mpfung und \u00fcberragenden Grip, was sie ideal f\u00fcr den ganzen Tag macht, egal ob Sie durch die Stra\u00dfen der Stadt fahren oder an wichtigen Gesch\u00e4ftsterminen teilnehmen. Mit einer komfortablen Absatzh\u00f6he von 1-3 cm bieten sie eine subtile Erh\u00f6hung, ohne die Stabilit\u00e4t zu beeintr\u00e4chtigen.<\/p>\n<p>Erh\u00e4ltlich in einer breiten Palette von europ\u00e4ischen Gr\u00f6\u00dfen von 39 bis 45, finden Sie Ihre perfekte Passform f\u00fcr diese au\u00dfergew\u00f6hnlichen <strong>braune Monk-Slipper f\u00fcr M\u00e4nner<\/strong> ist m\u00fchelos.<\/p>\n<p><h3>Die perfekte Wahl f\u00fcr Gro\u00dfeink\u00e4ufer<\/h3>\n<\/p>\n<p>F\u00fcr Unternehmen, die auf der Suche nach hochwertigem, stilvollem Schuhwerk sind, bietet unser <strong>braune Monk-Slipper f\u00fcr M\u00e4nner<\/strong> sind eine unvergleichliche Wahl. Wir bieten diese Premium-Schuhe f\u00fcr den Gro\u00dfhandel mit einer Mindestbestellmenge von 8 Paaren an, um wettbewerbsf\u00e4hige Preise f\u00fcr Gro\u00dfeink\u00e4ufe zu gew\u00e4hrleisten. Mit einer gesch\u00e4tzten Lieferzeit von 12 Tagen plus Versand k\u00f6nnen Sie Ihr Inventar effizient mit einem Produkt best\u00fccken, das Qualit\u00e4t und Raffinesse ausstrahlt.<\/p>\n<p>Bieten Sie Ihren Kunden das Beste an Schuhmode, indem Sie sich f\u00fcr unser ausgezeichnetes <strong>braune Monk-Slipper f\u00fcr M\u00e4nner<\/strong>.<\/p>\n<p><h3>Vielseitigkeit und Stil<\/h3>\n<\/p>\n<p>Diese vielseitigen <strong>braune Monk-Slipper f\u00fcr M\u00e4nner<\/strong> Sie lassen sich nahtlos von legeren zu halb-formellen Anl\u00e4ssen kombinieren. Kombinieren Sie sie mit einer ma\u00dfgeschneiderten Hose f\u00fcr einen eleganten B\u00fcrolook oder mit einer Chinohose f\u00fcr ein raffiniertes Ensemble am Wochenende. Ihr satter brauner Farbton und ihr unverwechselbares Design machen sie zu einem herausragenden St\u00fcck, das Ihnen garantiert, dass Sie immer selbstbewusst und stilvoll auftreten werden. Investieren Sie in ein Paar Schuhe, das au\u00dfergew\u00f6hnliche Qualit\u00e4t und zeitloses Design widerspiegelt.<\/p>","protected":false},"excerpt":{"rendered":"<ul>\n<li>Au\u00dfen aus hochwertigem Kalbsleder und innen aus weichem Ziegenleder gefertigt<\/li>\n<li>Stilvolles Design mit zwei M\u00f6nchsriemen und eleganten Akzenten aus braunem Wildleder<\/li>\n<li>Die bequeme und strapazierf\u00e4hige EVA-Sohle sorgt f\u00fcr besseren Halt und Tragekomfort.<\/li>\n<li>Erh\u00e4ltlich in den europ\u00e4ischen Gr\u00f6\u00dfen 39, 40, 41, 42, 43, 44, 45<\/li>\n<li><strong>Verf\u00fcgbarkeit im Gro\u00dfhandel:<\/strong> Mindestbestellmenge von 8 Paaren erforderlich.<\/li>\n<\/ul>","protected":false},"featured_media":3952,"template":"","meta":{"_acf_changed":false,"_uag_custom_page_level_css":"","site-sidebar-layout":"default","site-content-layout":"","ast-site-content-layout":"default","site-content-style":"default","site-sidebar-style":"default","ast-global-header-display":"","ast-banner-title-visibility":"","ast-main-header-display":"","ast-hfb-above-header-display":"","ast-hfb-below-header-display":"","ast-hfb-mobile-header-display":"","site-post-title":"","ast-breadcrumbs-content":"","ast-featured-img":"","footer-sml-layout":"","ast-disable-related-posts":"","theme-transparent-header-meta":"","adv-header-id-meta":"","stick-header-meta":"","header-above-stick-meta":"","header-main-stick-meta":"","header-below-stick-meta":"","astra-migrate-meta-layouts":"default","ast-page-background-enabled":"default","ast-page-background-meta":{"desktop":{"background-color":"var(--ast-global-color-4)","background-image":"","background-repeat":"repeat","background-position":"center center","background-size":"auto","background-attachment":"scroll","background-type":"","background-media":"","overlay-type":"","overlay-color":"","overlay-opacity":"","overlay-gradient":""},"tablet":{"background-color":"","background-image":"","background-repeat":"repeat","background-position":"center center","background-size":"auto","background-attachment":"scroll","background-type":"","background-media":"","overlay-type":"","overlay-color":"","overlay-opacity":"","overlay-gradient":""},"mobile":{"background-color":"","background-image":"","background-repeat":"repeat","background-position":"center center","background-size":"auto","background-attachment":"scroll","background-type":"","background-media":"","overlay-type":"","overlay-color":"","overlay-opacity":"","overlay-gradient":""}},"ast-content-background-meta":{"desktop":{"background-color":"var(--ast-global-color-5)","background-image":"","background-repeat":"repeat","background-position":"center center","background-size":"auto","background-attachment":"scroll","background-type":"","background-media":"","overlay-type":"","overlay-color":"","overlay-opacity":"","overlay-gradient":""},"tablet":{"background-color":"var(--ast-global-color-5)","background-image":"","background-repeat":"repeat","background-position":"center center","background-size":"auto","background-attachment":"scroll","background-type":"","background-media":"","overlay-type":"","overlay-color":"","overlay-opacity":"","overlay-gradient":""},"mobile":{"background-color":"var(--ast-global-color-5)","background-image":"","background-repeat":"repeat","background-position":"center center","background-size":"auto","background-attachment":"scroll","background-type":"","background-media":"","overlay-type":"","overlay-color":"","overlay-opacity":"","overlay-gradient":""}}},"product_brand":[],"product_cat":[48,47,49,430,40],"product_tag":[292,202,512,1087,756,438,437,186,261,210,149,281],"class_list":{"0":"post-5913","1":"product","2":"type-product","3":"status-publish","4":"has-post-thumbnail","6":"product_cat-casual","7":"product_cat-classic","8":"product_cat-loafer","9":"product_cat-men","10":"product_cat-mens-shoes","11":"product_tag-brown-leather-shoes","12":"product_tag-calf-leather","13":"product_tag-casual-loafers","14":"product_tag-dual-buckle-shoes","15":"product_tag-european-sizes","16":"product_tag-eva-sole","17":"product_tag-goat-leather","18":"product_tag-mens-loafers","19":"product_tag-monk-strap-shoes","20":"product_tag-smart-casual","21":"product_tag-suede-loafers","22":"product_tag-wholesale-shoes","23":"desktop-align-center","24":"tablet-align-center","25":"mobile-align-center","27":"first","28":"instock","29":"shipping-taxable","30":"purchasable","31":"product-type-variable","32":"has-default-attributes"},"acf":[],"uagb_featured_image_src":{"full":["https:\/\/turkishtrade.co\/wp-content\/uploads\/2026\/01\/2400EJOMN00464-CAMEL-R_570-4-USD.png",453,250,false],"thumbnail":["https:\/\/turkishtrade.co\/wp-content\/uploads\/2026\/01\/2400EJOMN00464-CAMEL-R_570-4-USD-150x150.png",150,150,true],"medium":["https:\/\/turkishtrade.co\/wp-content\/uploads\/2026\/01\/2400EJOMN00464-CAMEL-R_570-4-USD-300x166.png",300,166,true],"medium_large":["https:\/\/turkishtrade.co\/wp-content\/uploads\/2026\/01\/2400EJOMN00464-CAMEL-R_570-4-USD.png",453,250,false],"large":["https:\/\/turkishtrade.co\/wp-content\/uploads\/2026\/01\/2400EJOMN00464-CAMEL-R_570-4-USD.png",453,250,false],"1536x1536":["https:\/\/turkishtrade.co\/wp-content\/uploads\/2026\/01\/2400EJOMN00464-CAMEL-R_570-4-USD.png",453,250,false],"2048x2048":["https:\/\/turkishtrade.co\/wp-content\/uploads\/2026\/01\/2400EJOMN00464-CAMEL-R_570-4-USD.png",453,250,false],"trp-custom-language-flag":["https:\/\/turkishtrade.co\/wp-content\/uploads\/2026\/01\/2400EJOMN00464-CAMEL-R_570-4-USD-18x10.png",18,10,true],"woocommerce_thumbnail":["https:\/\/turkishtrade.co\/wp-content\/uploads\/2026\/01\/2400EJOMN00464-CAMEL-R_570-4-USD-400x250.png",400,250,true],"woocommerce_single":["https:\/\/turkishtrade.co\/wp-content\/uploads\/2026\/01\/2400EJOMN00464-CAMEL-R_570-4-USD.png",453,250,false],"woocommerce_gallery_thumbnail":["https:\/\/turkishtrade.co\/wp-content\/uploads\/2026\/01\/2400EJOMN00464-CAMEL-R_570-4-USD-100x100.png",100,100,true]},"uagb_author_info":{"display_name":"yaser olabi","author_link":"https:\/\/turkishtrade.co\/de\/author\/"},"uagb_comment_info":0,"uagb_excerpt":"Crafted from premium calf leather exterior and soft goat leather interior Stylish dual monk strap design with elegant brown suede accents Features a comfortable and durable EVA sole for enhanced grip and wearability Available in European sizes 39, 40, 41, 42, 43, 44, 45 Wholesale Availability: Minimum order of 8 pairs required.","_links":{"self":[{"href":"https:\/\/turkishtrade.co\/de\/wp-json\/wp\/v2\/product\/5913","targetHints":{"allow":["GET"]}}],"collection":[{"href":"https:\/\/turkishtrade.co\/de\/wp-json\/wp\/v2\/product"}],"about":[{"href":"https:\/\/turkishtrade.co\/de\/wp-json\/wp\/v2\/types\/product"}],"wp:featuredmedia":[{"embeddable":true,"href":"https:\/\/turkishtrade.co\/de\/wp-json\/wp\/v2\/media\/3952"}],"wp:attachment":[{"href":"https:\/\/turkishtrade.co\/de\/wp-json\/wp\/v2\/media?parent=5913"}],"wp:term":[{"taxonomy":"product_brand","embeddable":true,"href":"https:\/\/turkishtrade.co\/de\/wp-json\/wp\/v2\/product_brand?post=5913"},{"taxonomy":"product_cat","embeddable":true,"href":"https:\/\/turkishtrade.co\/de\/wp-json\/wp\/v2\/product_cat?post=5913"},{"taxonomy":"product_tag","embeddable":true,"href":"https:\/\/turkishtrade.co\/de\/wp-json\/wp\/v2\/product_tag?post=5913"}],"curies":[{"name":"wp","href":"https:\/\/api.w.org\/{rel}","templated":true}]}}