{"id":5910,"date":"2026-01-14T13:42:25","date_gmt":"2026-01-14T13:42:25","guid":{"rendered":"https:\/\/turkishtrade.co\/product\/mens-dark-brown-derby-shoes\/"},"modified":"2026-04-09T19:20:08","modified_gmt":"2026-04-09T19:20:08","slug":"mens-dark-brown-derby-shoes","status":"publish","type":"product","link":"https:\/\/turkishtrade.co\/de\/shop\/mens-dark-brown-derby-shoes\/","title":{"rendered":"Luxuri\u00f6se dunkelbraune Herren-Derby-Schuhe aus Kalbsleder mit EVA-Sohle"},"content":{"rendered":"<p><strong>Dunkelbraune Derby-Schuhe f\u00fcr M\u00e4nner<\/strong><\/p>\n<p>Erleben Sie unvergleichliche Raffinesse mit unserer Kollektion von <b>Dunkelbraune Derby-Schuhe f\u00fcr M\u00e4nner<\/b>. Diese sorgf\u00e4ltig gefertigten Schuhe vereinen traditionelle Eleganz mit zeitgem\u00e4\u00dfem Komfort und sind damit eine unverzichtbare Erg\u00e4nzung f\u00fcr die Garderobe jedes anspruchsvollen Gentleman. Sie sind sowohl f\u00fcr formelle Anl\u00e4sse als auch f\u00fcr elegante Gelegenheiten geeignet. <b>Dunkelbraune Derby-Schuhe f\u00fcr M\u00e4nner<\/b> verk\u00f6rpern Luxus und Langlebigkeit.<\/p>\n<p><h3>Unerreichte Qualit\u00e4t und hochwertige Materialien<\/h3>\n<\/p>\n<p>Jedes Paar unserer <b>Dunkelbraune Derby-Schuhe f\u00fcr M\u00e4nner<\/b> ist ein Zeugnis h\u00f6chster Handwerkskunst. Die Au\u00dfenseite ist fachm\u00e4nnisch aus hochwertigem Kalbsleder gefertigt, das f\u00fcr seine glatte Textur, seine Elastizit\u00e4t und sein elegantes Finish bekannt ist. Dieses erstklassige Kalbsleder sorgt nicht nur f\u00fcr ein edles Aussehen, sondern auch f\u00fcr eine lange Lebensdauer.<\/p>\n<p>Im Inneren werden Ihre F\u00fc\u00dfe von der luxuri\u00f6sen Weichheit des Ziegenlederfutters umh\u00fcllt, das au\u00dfergew\u00f6hnliche Atmungsaktivit\u00e4t und Komfort bietet, der den ganzen Tag anh\u00e4lt. Die Liebe zum Detail bei der Materialauswahl garantiert ein Produkt, das sich so gut anf\u00fchlt, wie es aussieht.<\/p>\n<p><h3>Entworfen f\u00fcr Stil und ganzt\u00e4gigen Komfort<\/h3>\n<\/p>\n<p>Das zeitlose Derby-Design verf\u00fcgt \u00fcber eine offene Schn\u00fcrung, die eine bequeme Passform und eine vielseitige \u00c4sthetik bietet. Die dunkelbraunen Schuhe mit klassischer Kappe und dezenten Brogue-Details sorgen f\u00fcr einen raffinierten Look, der m\u00fchelos vom Sitzungssaal zur Dinnerparty \u00fcbergeht. Was diese Schuhe wirklich auszeichnet <b>Dunkelbraune Derby-Schuhe f\u00fcr M\u00e4nner<\/b> ist ihre innovative EVA-Sohle.<\/p>\n<p>Das leichte und dennoch robuste Material bietet eine hervorragende D\u00e4mpfung und Unterst\u00fctzung und sorgt f\u00fcr Komfort bei jedem Schritt, ohne dabei Kompromisse beim Stil einzugehen. Die niedrige Absatzh\u00f6he, typisch f\u00fcr einen klassischen Loafer oder Freizeitschuh (ca. 1-3 cm), tr\u00e4gt zu einem stabilen und bequemen Laufgef\u00fchl bei.<\/p>\n<p><h3>Perfekt f\u00fcr den modernen Gentleman<\/h3>\n<\/p>\n<p>Unser <b>Dunkelbraune Derby-Schuhe f\u00fcr M\u00e4nner<\/b> sind in einer breiten Palette europ\u00e4ischer Gr\u00f6\u00dfen von 39 bis 45 erh\u00e4ltlich, so dass eine perfekte Passform f\u00fcr eine Vielzahl von Kunden gew\u00e4hrleistet ist. Der satte dunkelbraune Farbton bietet eine unglaubliche Vielseitigkeit und l\u00e4sst sich nahtlos mit verschiedenen Outfits kombinieren, von scharfen Gesch\u00e4ftsanz\u00fcgen bis hin zu ma\u00dfgeschneiderten Chinos und Jeans. Unternehmen, die Premium-Schuhe anbieten m\u00f6chten, k\u00f6nnen diese Schuhe ab einer Mindestbestellmenge von nur 8 Paar im Gro\u00dfhandel erwerben.<\/p>\n<p>Wir sind stolz auf unseren effizienten Service mit einer Produktions- und Lieferfrist von ca. 12 Tagen plus Standardversand, damit Ihre Bestellung schnellstm\u00f6glich bei Ihnen ankommt. Erh\u00f6hen Sie Ihr Schuhangebot mit diesen exquisiten <b>Dunkelbraune Derby-Schuhe f\u00fcr M\u00e4nner<\/b>, eine Verschmelzung von klassischem Stil und modernem Komfort.<\/p>","protected":false},"excerpt":{"rendered":"<ul>\n<li><b>Hervorragende Handwerkskunst:<\/b> Gefertigt aus 100% Premium-Kalbsleder au\u00dfen und weichem Ziegenleder innen.<\/li>\n<li><b>Moderner Komfort:<\/b> Die leichte und strapazierf\u00e4hige EVA-Sohle sorgt f\u00fcr ganzt\u00e4gigen Komfort.<\/li>\n<li><b>Vielseitiger Stil:<\/b> Klassisches Derby-Design mit eleganter Kappe und dezenten Brogue-Details in sattem Dunkelbraun.<\/li>\n<li><b>Verf\u00fcgbare Gr\u00f6\u00dfen:<\/b> Erh\u00e4ltlich in den europ\u00e4ischen Gr\u00f6\u00dfen 39, 40, 41, 42, 43, 44, 45.<\/li>\n<li><b>Verf\u00fcgbarkeit im Gro\u00dfhandel:<\/b> Mindestbestellmenge 8 Paare; ideal f\u00fcr Einzelh\u00e4ndler und Gro\u00dfabnehmer.<\/li>\n<li><b>Zuverl\u00e4ssige Lieferung:<\/b> Produktion und Lieferung innerhalb von 12 Tagen, zuz\u00fcglich Versandzeit.<\/li>\n<\/ul>","protected":false},"featured_media":3951,"template":"","meta":{"_acf_changed":false,"_uag_custom_page_level_css":"","site-sidebar-layout":"default","site-content-layout":"","ast-site-content-layout":"default","site-content-style":"default","site-sidebar-style":"default","ast-global-header-display":"","ast-banner-title-visibility":"","ast-main-header-display":"","ast-hfb-above-header-display":"","ast-hfb-below-header-display":"","ast-hfb-mobile-header-display":"","site-post-title":"","ast-breadcrumbs-content":"","ast-featured-img":"","footer-sml-layout":"","ast-disable-related-posts":"","theme-transparent-header-meta":"","adv-header-id-meta":"","stick-header-meta":"","header-above-stick-meta":"","header-main-stick-meta":"","header-below-stick-meta":"","astra-migrate-meta-layouts":"default","ast-page-background-enabled":"default","ast-page-background-meta":{"desktop":{"background-color":"var(--ast-global-color-4)","background-image":"","background-repeat":"repeat","background-position":"center center","background-size":"auto","background-attachment":"scroll","background-type":"","background-media":"","overlay-type":"","overlay-color":"","overlay-opacity":"","overlay-gradient":""},"tablet":{"background-color":"","background-image":"","background-repeat":"repeat","background-position":"center center","background-size":"auto","background-attachment":"scroll","background-type":"","background-media":"","overlay-type":"","overlay-color":"","overlay-opacity":"","overlay-gradient":""},"mobile":{"background-color":"","background-image":"","background-repeat":"repeat","background-position":"center center","background-size":"auto","background-attachment":"scroll","background-type":"","background-media":"","overlay-type":"","overlay-color":"","overlay-opacity":"","overlay-gradient":""}},"ast-content-background-meta":{"desktop":{"background-color":"var(--ast-global-color-5)","background-image":"","background-repeat":"repeat","background-position":"center center","background-size":"auto","background-attachment":"scroll","background-type":"","background-media":"","overlay-type":"","overlay-color":"","overlay-opacity":"","overlay-gradient":""},"tablet":{"background-color":"var(--ast-global-color-5)","background-image":"","background-repeat":"repeat","background-position":"center center","background-size":"auto","background-attachment":"scroll","background-type":"","background-media":"","overlay-type":"","overlay-color":"","overlay-opacity":"","overlay-gradient":""},"mobile":{"background-color":"var(--ast-global-color-5)","background-image":"","background-repeat":"repeat","background-position":"center center","background-size":"auto","background-attachment":"scroll","background-type":"","background-media":"","overlay-type":"","overlay-color":"","overlay-opacity":"","overlay-gradient":""}}},"product_brand":[],"product_cat":[48,47,49,430,40],"product_tag":[654,202,458,449,551,222,408,212,284,438,437,351,198,281],"class_list":{"0":"post-5910","1":"product","2":"type-product","3":"status-publish","4":"has-post-thumbnail","6":"product_cat-casual","7":"product_cat-classic","8":"product_cat-loafer","9":"product_cat-men","10":"product_cat-mens-shoes","11":"product_tag-brogue-shoes","12":"product_tag-calf-leather","13":"product_tag-cap-toe-shoes","14":"product_tag-casual-shoes","15":"product_tag-classic-style","16":"product_tag-comfortable-shoes","17":"product_tag-dark-brown-shoes","18":"product_tag-derby-shoes","19":"product_tag-dress-shoes","20":"product_tag-eva-sole","21":"product_tag-goat-leather","22":"product_tag-leather-footwear","23":"product_tag-mens-fashion","24":"product_tag-wholesale-shoes","25":"desktop-align-center","26":"tablet-align-center","27":"mobile-align-center","29":"first","30":"instock","31":"shipping-taxable","32":"purchasable","33":"product-type-variable","34":"has-default-attributes"},"acf":[],"uagb_featured_image_src":{"full":["https:\/\/turkishtrade.co\/wp-content\/uploads\/2026\/01\/2400EJOMN00460-DARK-BROWN-X_6323-5-USD.png",453,250,false],"thumbnail":["https:\/\/turkishtrade.co\/wp-content\/uploads\/2026\/01\/2400EJOMN00460-DARK-BROWN-X_6323-5-USD-150x150.png",150,150,true],"medium":["https:\/\/turkishtrade.co\/wp-content\/uploads\/2026\/01\/2400EJOMN00460-DARK-BROWN-X_6323-5-USD-300x166.png",300,166,true],"medium_large":["https:\/\/turkishtrade.co\/wp-content\/uploads\/2026\/01\/2400EJOMN00460-DARK-BROWN-X_6323-5-USD.png",453,250,false],"large":["https:\/\/turkishtrade.co\/wp-content\/uploads\/2026\/01\/2400EJOMN00460-DARK-BROWN-X_6323-5-USD.png",453,250,false],"1536x1536":["https:\/\/turkishtrade.co\/wp-content\/uploads\/2026\/01\/2400EJOMN00460-DARK-BROWN-X_6323-5-USD.png",453,250,false],"2048x2048":["https:\/\/turkishtrade.co\/wp-content\/uploads\/2026\/01\/2400EJOMN00460-DARK-BROWN-X_6323-5-USD.png",453,250,false],"trp-custom-language-flag":["https:\/\/turkishtrade.co\/wp-content\/uploads\/2026\/01\/2400EJOMN00460-DARK-BROWN-X_6323-5-USD-18x10.png",18,10,true],"woocommerce_thumbnail":["https:\/\/turkishtrade.co\/wp-content\/uploads\/2026\/01\/2400EJOMN00460-DARK-BROWN-X_6323-5-USD-400x250.png",400,250,true],"woocommerce_single":["https:\/\/turkishtrade.co\/wp-content\/uploads\/2026\/01\/2400EJOMN00460-DARK-BROWN-X_6323-5-USD.png",453,250,false],"woocommerce_gallery_thumbnail":["https:\/\/turkishtrade.co\/wp-content\/uploads\/2026\/01\/2400EJOMN00460-DARK-BROWN-X_6323-5-USD-100x100.png",100,100,true]},"uagb_author_info":{"display_name":"yaser olabi","author_link":"https:\/\/turkishtrade.co\/de\/author\/"},"uagb_comment_info":0,"uagb_excerpt":"Superior Craftsmanship: Crafted from 100% premium calf leather exterior and soft goat leather interior. Modern Comfort: Features a lightweight and durable EVA sole for all-day comfort. Versatile Style: Classic Derby design with elegant cap toe and subtle brogue detailing in a rich dark brown. Available Sizes: Offered in European sizes 39, 40, 41, 42, 43,&hellip;","_links":{"self":[{"href":"https:\/\/turkishtrade.co\/de\/wp-json\/wp\/v2\/product\/5910","targetHints":{"allow":["GET"]}}],"collection":[{"href":"https:\/\/turkishtrade.co\/de\/wp-json\/wp\/v2\/product"}],"about":[{"href":"https:\/\/turkishtrade.co\/de\/wp-json\/wp\/v2\/types\/product"}],"wp:featuredmedia":[{"embeddable":true,"href":"https:\/\/turkishtrade.co\/de\/wp-json\/wp\/v2\/media\/3951"}],"wp:attachment":[{"href":"https:\/\/turkishtrade.co\/de\/wp-json\/wp\/v2\/media?parent=5910"}],"wp:term":[{"taxonomy":"product_brand","embeddable":true,"href":"https:\/\/turkishtrade.co\/de\/wp-json\/wp\/v2\/product_brand?post=5910"},{"taxonomy":"product_cat","embeddable":true,"href":"https:\/\/turkishtrade.co\/de\/wp-json\/wp\/v2\/product_cat?post=5910"},{"taxonomy":"product_tag","embeddable":true,"href":"https:\/\/turkishtrade.co\/de\/wp-json\/wp\/v2\/product_tag?post=5910"}],"curies":[{"name":"wp","href":"https:\/\/api.w.org\/{rel}","templated":true}]}}