{"id":5905,"date":"2026-01-14T13:41:13","date_gmt":"2026-01-14T13:41:13","guid":{"rendered":"https:\/\/turkishtrade.co\/product\/mens-casual-leather-loafers-2\/"},"modified":"2026-04-09T19:20:24","modified_gmt":"2026-04-09T19:20:24","slug":"mens-casual-leather-loafers-2","status":"publish","type":"product","link":"https:\/\/turkishtrade.co\/de\/shop\/mens-casual-leather-loafers-2\/","title":{"rendered":"Herren Premium Burgundy Leder Casual Loafers mit EVA-Sohle"},"content":{"rendered":"<p><strong>Herren Casual Leder Loafers<\/strong><\/p>\n<p>Erh\u00f6hen Sie Ihren Alltagsstil mit unseren exquisiten <strong>Herren Casual Leder Loafers<\/strong>, Sie wurden sorgf\u00e4ltig f\u00fcr den modernen Mann entworfen, der sowohl Raffinesse als auch Komfort sch\u00e4tzt. Diese Loafer sind nicht einfach nur Schuhe, sie sind ein Statement f\u00fcr zeitlose Eleganz und h\u00f6chste Qualit\u00e4t, die sich nahtlos in legere Gesch\u00e4ftssituationen und entspannte Wochenendausfl\u00fcge integrieren lassen. Entdecken Sie die perfekte Mischung aus traditioneller Handwerkskunst und modernem Design.<\/p>\n<h3>Un\u00fcbertroffener Komfort und hochwertige Materialien<\/h3>\n<p>Erleben Sie Luxus bei jedem Schritt dank der hochwertigen Materialien, die f\u00fcr diese bemerkenswerten <strong>Herren Casual Leder Loafers<\/strong>. Das \u00c4u\u00dfere ist aus geschmeidigem Kalbsleder gefertigt, das f\u00fcr seine Langlebigkeit, seine glatte Oberfl\u00e4che und seine F\u00e4higkeit, mit der Zeit eine sch\u00f6ne Patina zu entwickeln, bekannt ist. Der satte bordeauxfarbene Farbton, der fachm\u00e4nnisch mit einer dezenten Antikisierung veredelt wurde, verleiht der Tasche eine charakteristische Tiefe, die Sie von anderen abhebt.<\/p>\n<p>Im Inneren werden Ihre F\u00fc\u00dfe von echtem Ziegenleder umarmt, das f\u00fcr eine au\u00dfergew\u00f6hnliche Atmungsaktivit\u00e4t sorgt und auch nach l\u00e4ngerem Tragen nicht unangenehm wird. Diese durchdachte Materialkombination garantiert ein luxuri\u00f6ses Tragegef\u00fchl und lang anhaltende Leistung.<\/p>\n<h3>Leichtes Design und hervorragender Grip<\/h3>\n<p>Unser Engagement f\u00fcr Ihren Komfort erstreckt sich auch auf das innovative Sohlendesign. Diese <strong>Herren Casual Leder Loafers<\/strong> verf\u00fcgen \u00fcber eine robuste und dennoch unglaublich leichte EVA-Sohle. Dieses fortschrittliche Material sorgt f\u00fcr hervorragende D\u00e4mpfung und Flexibilit\u00e4t, d\u00e4mpft den Aufprall bei jedem Schritt und macht sie ideal f\u00fcr den ganzt\u00e4gigen Einsatz.<\/p>\n<p>Das markante Rippenmuster auf der Sohle verleiht nicht nur einen Hauch von modernem Flair, sondern bietet auch eine hervorragende Traktion, die f\u00fcr Stabilit\u00e4t und Vertrauen auf verschiedenen Oberfl\u00e4chen sorgt. Mit einer klassischen Absatzh\u00f6he von 1-3 cm bewahren diese Loafer ein raffiniertes Profil und bieten gleichzeitig eine subtile Erh\u00f6hung.<\/p>\n<h3>Vielseitiger Stil f\u00fcr jede Gelegenheit<\/h3>\n<p>Die klassische Pennyloafer-Silhouette dieser Schuhe macht sie zu einer unglaublich vielseitigen Erg\u00e4nzung f\u00fcr jede Garderobe. Kombinieren Sie sie mit einer ma\u00dfgeschneiderten Hose und einem Blazer f\u00fcr einen eleganten Business-Casual-Look oder kombinieren Sie sie mit einer Chinohose und einem Polohemd f\u00fcr ein entspanntes, aber poliertes Ensemble am Wochenende.<\/p>\n<p>Egal, ob Sie an einem Meeting teilnehmen, einen gem\u00fctlichen Brunch genie\u00dfen oder die Stadt erkunden, diese Loafers bieten die perfekte Mischung aus Raffinesse und Leichtigkeit. Erh\u00e4ltlich in den Gr\u00f6\u00dfen 39 bis 45, ist es einfach, die perfekte Passform zu finden.<\/p>\n<h3>Ideal f\u00fcr Gro\u00dfbestellungen und Einzelh\u00e4ndler<\/h3>\n<p>F\u00fcr Einzelh\u00e4ndler, Boutiquen und Unternehmen, die hochwertige Schuhe anbieten m\u00f6chten, ist unser <strong>Herren Casual Leder Loafers<\/strong> sind f\u00fcr den Gro\u00dfeinkauf mit einer Mindestbestellmenge von 8 Paaren erh\u00e4ltlich. Wir sind stolz auf unsere effiziente Produktion mit einer Vorlaufzeit von nur 12 Tagen plus Versand, so dass Sie sich schnell und zuverl\u00e4ssig eindecken k\u00f6nnen. Bieten Sie Ihren Kunden Premium-Schuhe, die klassischen Stil, h\u00f6chsten Komfort und au\u00dfergew\u00f6hnliche Haltbarkeit vereinen.<\/p>","protected":false},"excerpt":{"rendered":"<ul>\n<li>Erleben Sie h\u00f6chsten Komfort mit einem hochwertigen Kalbsleder in einem satten Burgunderrot.<\/li>\n<li>Genie\u00dfen Sie das weiche Gef\u00fchl von echtem Ziegenlederfutter, das f\u00fcr au\u00dfergew\u00f6hnliche Atmungsaktivit\u00e4t sorgt.<\/li>\n<li>Die leichte und flexible EVA-Sohle sorgt f\u00fcr ganzt\u00e4gigen Komfort und hervorragenden Halt.<\/li>\n<li>Klassischer Loafer mit einem bequemen 1-3 cm hohen Absatz, der sich vielseitig tragen l\u00e4sst.<\/li>\n<li>Erh\u00e4ltlich in einer breiten Palette von Gr\u00f6\u00dfen: 39, 40, 41, 42, 43, 44, 45.<\/li>\n<li>Mindestbestellmenge: 8 Paar - ideal f\u00fcr Einzelh\u00e4ndler und Gro\u00dfabnehmer.<\/li>\n<li>Zuverl\u00e4ssige Produktionsvorlaufzeit: 12 Tage + Versand.<\/li>\n<\/ul>","protected":false},"featured_media":3947,"template":"","meta":{"_acf_changed":false,"_uag_custom_page_level_css":"","site-sidebar-layout":"default","site-content-layout":"","ast-site-content-layout":"default","site-content-style":"default","site-sidebar-style":"default","ast-global-header-display":"","ast-banner-title-visibility":"","ast-main-header-display":"","ast-hfb-above-header-display":"","ast-hfb-below-header-display":"","ast-hfb-mobile-header-display":"","site-post-title":"","ast-breadcrumbs-content":"","ast-featured-img":"","footer-sml-layout":"","ast-disable-related-posts":"","theme-transparent-header-meta":"default","adv-header-id-meta":"","stick-header-meta":"","header-above-stick-meta":"","header-main-stick-meta":"","header-below-stick-meta":"","astra-migrate-meta-layouts":"set","ast-page-background-enabled":"default","ast-page-background-meta":{"desktop":{"background-color":"var(--ast-global-color-4)","background-image":"","background-repeat":"repeat","background-position":"center center","background-size":"auto","background-attachment":"scroll","background-type":"","background-media":"","overlay-type":"","overlay-color":"","overlay-opacity":"","overlay-gradient":""},"tablet":{"background-color":"","background-image":"","background-repeat":"repeat","background-position":"center center","background-size":"auto","background-attachment":"scroll","background-type":"","background-media":"","overlay-type":"","overlay-color":"","overlay-opacity":"","overlay-gradient":""},"mobile":{"background-color":"","background-image":"","background-repeat":"repeat","background-position":"center center","background-size":"auto","background-attachment":"scroll","background-type":"","background-media":"","overlay-type":"","overlay-color":"","overlay-opacity":"","overlay-gradient":""}},"ast-content-background-meta":{"desktop":{"background-color":"var(--ast-global-color-5)","background-image":"","background-repeat":"repeat","background-position":"center center","background-size":"auto","background-attachment":"scroll","background-type":"","background-media":"","overlay-type":"","overlay-color":"","overlay-opacity":"","overlay-gradient":""},"tablet":{"background-color":"var(--ast-global-color-5)","background-image":"","background-repeat":"repeat","background-position":"center center","background-size":"auto","background-attachment":"scroll","background-type":"","background-media":"","overlay-type":"","overlay-color":"","overlay-opacity":"","overlay-gradient":""},"mobile":{"background-color":"var(--ast-global-color-5)","background-image":"","background-repeat":"repeat","background-position":"center center","background-size":"auto","background-attachment":"scroll","background-type":"","background-media":"","overlay-type":"","overlay-color":"","overlay-opacity":"","overlay-gradient":""}}},"product_brand":[],"product_cat":[48,47,49,430,40],"product_tag":[859,513,555,457,220,438,189,215,1085,1053,186,279,374,184,546,456],"class_list":{"0":"post-5905","1":"product","2":"type-product","3":"status-publish","4":"has-post-thumbnail","6":"product_cat-casual","7":"product_cat-classic","8":"product_cat-loafer","9":"product_cat-men","10":"product_cat-mens-shoes","11":"product_tag-burgundy-loafers","12":"product_tag-business-casual-shoes","13":"product_tag-calfskin-loafers","14":"product_tag-classic-loafers","15":"product_tag-comfortable-loafers","16":"product_tag-eva-sole","17":"product_tag-goat-leather-lining","18":"product_tag-leather-loafers","19":"product_tag-mens-casual-leather-loafers","20":"product_tag-mens-dress-casual-shoes","21":"product_tag-mens-loafers","22":"product_tag-penny-loafers","23":"product_tag-premium-loafers","24":"product_tag-slip-on-shoes","25":"product_tag-stylish-mens-shoes","26":"product_tag-wholesale-loafers","27":"desktop-align-center","28":"tablet-align-center","29":"mobile-align-center","31":"first","32":"instock","33":"shipping-taxable","34":"purchasable","35":"product-type-variable","36":"has-default-attributes"},"acf":[],"uagb_featured_image_src":{"full":["https:\/\/turkishtrade.co\/wp-content\/uploads\/2026\/01\/2400EJOMN00455-BURGUNDEY-X_7821-4-USD.png",453,250,false],"thumbnail":["https:\/\/turkishtrade.co\/wp-content\/uploads\/2026\/01\/2400EJOMN00455-BURGUNDEY-X_7821-4-USD-150x150.png",150,150,true],"medium":["https:\/\/turkishtrade.co\/wp-content\/uploads\/2026\/01\/2400EJOMN00455-BURGUNDEY-X_7821-4-USD-300x166.png",300,166,true],"medium_large":["https:\/\/turkishtrade.co\/wp-content\/uploads\/2026\/01\/2400EJOMN00455-BURGUNDEY-X_7821-4-USD.png",453,250,false],"large":["https:\/\/turkishtrade.co\/wp-content\/uploads\/2026\/01\/2400EJOMN00455-BURGUNDEY-X_7821-4-USD.png",453,250,false],"1536x1536":["https:\/\/turkishtrade.co\/wp-content\/uploads\/2026\/01\/2400EJOMN00455-BURGUNDEY-X_7821-4-USD.png",453,250,false],"2048x2048":["https:\/\/turkishtrade.co\/wp-content\/uploads\/2026\/01\/2400EJOMN00455-BURGUNDEY-X_7821-4-USD.png",453,250,false],"trp-custom-language-flag":["https:\/\/turkishtrade.co\/wp-content\/uploads\/2026\/01\/2400EJOMN00455-BURGUNDEY-X_7821-4-USD-18x10.png",18,10,true],"woocommerce_thumbnail":["https:\/\/turkishtrade.co\/wp-content\/uploads\/2026\/01\/2400EJOMN00455-BURGUNDEY-X_7821-4-USD-400x250.png",400,250,true],"woocommerce_single":["https:\/\/turkishtrade.co\/wp-content\/uploads\/2026\/01\/2400EJOMN00455-BURGUNDEY-X_7821-4-USD.png",453,250,false],"woocommerce_gallery_thumbnail":["https:\/\/turkishtrade.co\/wp-content\/uploads\/2026\/01\/2400EJOMN00455-BURGUNDEY-X_7821-4-USD-100x100.png",100,100,true]},"uagb_author_info":{"display_name":"yaser olabi","author_link":"https:\/\/turkishtrade.co\/de\/author\/"},"uagb_comment_info":0,"uagb_excerpt":"Experience supreme comfort with a premium calfskin leather exterior in a rich burgundy hue. Indulge in the soft feel of genuine goat leather lining for exceptional breathability. Features a lightweight and flexible EVA sole, ensuring all-day comfort and superior grip. Classic loafer design with a comfortable 1-3 cm heel height for versatile wear. Available in&hellip;","_links":{"self":[{"href":"https:\/\/turkishtrade.co\/de\/wp-json\/wp\/v2\/product\/5905","targetHints":{"allow":["GET"]}}],"collection":[{"href":"https:\/\/turkishtrade.co\/de\/wp-json\/wp\/v2\/product"}],"about":[{"href":"https:\/\/turkishtrade.co\/de\/wp-json\/wp\/v2\/types\/product"}],"wp:featuredmedia":[{"embeddable":true,"href":"https:\/\/turkishtrade.co\/de\/wp-json\/wp\/v2\/media\/3947"}],"wp:attachment":[{"href":"https:\/\/turkishtrade.co\/de\/wp-json\/wp\/v2\/media?parent=5905"}],"wp:term":[{"taxonomy":"product_brand","embeddable":true,"href":"https:\/\/turkishtrade.co\/de\/wp-json\/wp\/v2\/product_brand?post=5905"},{"taxonomy":"product_cat","embeddable":true,"href":"https:\/\/turkishtrade.co\/de\/wp-json\/wp\/v2\/product_cat?post=5905"},{"taxonomy":"product_tag","embeddable":true,"href":"https:\/\/turkishtrade.co\/de\/wp-json\/wp\/v2\/product_tag?post=5905"}],"curies":[{"name":"wp","href":"https:\/\/api.w.org\/{rel}","templated":true}]}}