{"id":5902,"date":"2026-01-14T13:40:36","date_gmt":"2026-01-14T13:40:36","guid":{"rendered":"https:\/\/turkishtrade.co\/product\/mens-calf-leather-loafers-5\/"},"modified":"2026-04-09T19:20:30","modified_gmt":"2026-04-09T19:20:30","slug":"mens-calf-leather-loafers-5","status":"publish","type":"product","link":"https:\/\/turkishtrade.co\/de\/shop\/mens-calf-leather-loafers-5\/","title":{"rendered":"Herren Premium Kalbsleder Loafers mit EVA-Sohle"},"content":{"rendered":"<p><strong>Herren Kalbsleder Loafers<\/strong><\/p>\n<p>Entdecken Sie die perfekte Mischung aus zeitloser Eleganz und modernem Komfort mit unseren exquisiten <strong>Herren Kalbsleder Loafers<\/strong>. Diese Schuhe wurden f\u00fcr den anspruchsvollen Gentleman entworfen und bieten unvergleichlichen Stil und Haltbarkeit, was sie zu einer unverzichtbaren Erg\u00e4nzung f\u00fcr jede anspruchsvolle Garderobe macht. Ob Sie durch urbane Landschaften navigieren oder ein entspanntes Wochenende genie\u00dfen, diese <strong>Kalbsleder-Slipper<\/strong> versprechen, Ihren Look mit ihren hochwertigen Materialien und ihrer sorgf\u00e4ltigen Verarbeitung aufzuwerten, damit Sie immer selbstbewusst und stilvoll auftreten k\u00f6nnen.<\/p>\n<p>Unsere Sammlung von <strong>Herren-Slipper aus Kalbsleder<\/strong> stellt wirklich den Gipfel des Schuhdesigns dar.<\/p>\n<h3>Unerreichter Komfort und erstklassige Handwerkskunst<\/h3>\n<p>Jedes Paar unserer <strong>Herren Kalbsleder Loafers<\/strong> ist ein Zeugnis f\u00fcr h\u00f6chste Qualit\u00e4t und handwerkliche Sorgfalt. Das \u00c4u\u00dfere ist aus reichhaltigem, geschmeidigem Kalbsleder gefertigt, das f\u00fcr seine au\u00dfergew\u00f6hnliche Haltbarkeit, luxuri\u00f6se Textur und seine F\u00e4higkeit, sch\u00f6n zu altern, bekannt ist. Dieses robuste und doch raffinierte Material gew\u00e4hrleistet, dass Ihr <strong>Herren Freizeit-Slipper<\/strong> sehen nicht nur hervorragend aus, sondern halten auch dem Zahn der Zeit stand.<\/p>\n<p>Im Inneren werden Ihre F\u00fc\u00dfe von weichem Ziegenleder gef\u00fcttert, das atmungsaktiven Komfort und eine glatte, reibungsfreie Passform bietet, die diese Schuhe wirklich auszeichnet. <strong>Premium-Leder-Slipper<\/strong> auseinander.<\/p>\n<p>Diese durchdachte Materialkombination bietet bei jedem Schritt ein exquisites Erlebnis und festigt ihren Platz als ultimative <strong>Herren Freizeit-Slipper<\/strong> f\u00fcr den t\u00e4glichen Gebrauch. Sie werden nichts Besseres finden <strong>Herren-Slipper aus Kalbsleder<\/strong> f\u00fcr den t\u00e4glichen Luxus.<\/p>\n<h3>Anspruchsvoller Stil trifft auf Alltagstauglichkeit<\/h3>\n<p>Zu ihrem bemerkenswerten Komfort tr\u00e4gt auch die fachm\u00e4nnisch gestaltete EVA-Sohle bei. Die leichte und unglaublich flexible EVA-Sohle bietet eine hervorragende D\u00e4mpfung und Sto\u00dfabsorption und sorgt f\u00fcr ganzt\u00e4gigen Komfort, ohne dabei Kompromisse beim Stil einzugehen. Mit einer klassischen Loafer-Absatzh\u00f6he (ca. 1-3 cm) sind diese <strong>Herren-Slipper aus Kalbsleder<\/strong> bieten stabilen Halt bei l\u00e4ngerem Tragen.<\/p>\n<p>Die robuste, aber dennoch elegante Sohle verbessert den Halt und verleiht der traditionellen Loafer-Silhouette einen modernen Touch. Diese vielseitigen <strong>Herren-Slipper aus Kalbsleder<\/strong> Sie gehen nahtlos vom B\u00fcro in den Abend \u00fcber und lassen sich m\u00fchelos mit Chinos, Jeans oder eleganten Hosen kombinieren. Sie sind die ultimative Wahl f\u00fcr M\u00e4nner, die einen Schuh suchen, der formelle Anziehungskraft mit dem entspannten Gef\u00fchl eines l\u00e4ssigen Slippers kombiniert.<\/p>\n<p>Wenn Sie diese w\u00e4hlen <strong>Kalbsleder-Slipper<\/strong>, entscheiden Sie sich f\u00fcr dauerhaften Stil und Komfort. Diese sind wirklich au\u00dfergew\u00f6hnlich <strong>Herren Leder Slipper<\/strong> f\u00fcr jede Gelegenheit.<\/p>\n<h3>Entwickelt f\u00fcr anspruchsvolle Geschm\u00e4cker und Gro\u00dfbestellungen<\/h3>\n<p>Erh\u00e4ltlich in einer breiten Palette von europ\u00e4ischen Gr\u00f6\u00dfen von 39 bis 45, ist es einfach, die perfekte Passform zu finden. Wir kennen die Bed\u00fcrfnisse von Einzelh\u00e4ndlern und Unternehmen, die hochwertige Schuhe suchen, und deshalb sind diese <strong>Premium-Herren-Slipper<\/strong> sind ab einer Mindestbestellmenge von 8 Paaren erh\u00e4ltlich. Diese Gro\u00dfmengenverf\u00fcgbarkeit in Verbindung mit einer Produktions- und Lieferzeit von ca. 12 Tagen plus Versand macht sie zu einer ausgezeichneten Wahl, um Ihren Bestand mit einem Produkt zu erweitern, das Qualit\u00e4t und anspruchsvollen Stil ausstrahlt.<\/p>\n<p>Werten Sie Ihre Schuhkollektion auf oder bieten Sie Ihren Kunden das Beste in <strong>Herren Freizeitschuhe aus Leder<\/strong> mit diesen au\u00dfergew\u00f6hnlichen Slippern. Hochwertige, bequeme und stilvolle Schuhe f\u00fcr die breite Masse, diese <strong>Herren-Slipper aus Kalbsleder<\/strong> sind un\u00fcbertroffen.<\/p>","protected":false},"excerpt":{"rendered":"<ul>\n<li>Obermaterial aus hochwertigem Kalbsleder f\u00fcr dauerhaften Stil und Textur<\/li>\n<li>Luxuri\u00f6ses Ziegenleder-Innenfutter f\u00fcr ultimativen atmungsaktiven Komfort<\/li>\n<li>Leichte und gepolsterte EVA-Sohle bietet hervorragenden Halt und Grip<\/li>\n<li>Klassisches Slipper-Design mit moderner, robuster Silhouette<\/li>\n<li>Erh\u00e4ltlich in den europ\u00e4ischen Gr\u00f6\u00dfen 39-45 f\u00fcr eine perfekte Passform<\/li>\n<li>Ideal f\u00fcr Gro\u00dfbestellungen: Mindestens 8 Paar pro Bestellung, ideal f\u00fcr Einzelh\u00e4ndler und Wiederverk\u00e4ufer<\/li>\n<li>Ungef\u00e4hre Lieferzeit: 12 Tage + Versand<\/li>\n<\/ul>","protected":false},"featured_media":3945,"template":"","meta":{"_acf_changed":false,"_uag_custom_page_level_css":"","site-sidebar-layout":"default","site-content-layout":"","ast-site-content-layout":"default","site-content-style":"default","site-sidebar-style":"default","ast-global-header-display":"","ast-banner-title-visibility":"","ast-main-header-display":"","ast-hfb-above-header-display":"","ast-hfb-below-header-display":"","ast-hfb-mobile-header-display":"","site-post-title":"","ast-breadcrumbs-content":"","ast-featured-img":"","footer-sml-layout":"","ast-disable-related-posts":"","theme-transparent-header-meta":"default","adv-header-id-meta":"","stick-header-meta":"","header-above-stick-meta":"","header-main-stick-meta":"","header-below-stick-meta":"","astra-migrate-meta-layouts":"set","ast-page-background-enabled":"default","ast-page-background-meta":{"desktop":{"background-color":"var(--ast-global-color-4)","background-image":"","background-repeat":"repeat","background-position":"center center","background-size":"auto","background-attachment":"scroll","background-type":"","background-media":"","overlay-type":"","overlay-color":"","overlay-opacity":"","overlay-gradient":""},"tablet":{"background-color":"","background-image":"","background-repeat":"repeat","background-position":"center center","background-size":"auto","background-attachment":"scroll","background-type":"","background-media":"","overlay-type":"","overlay-color":"","overlay-opacity":"","overlay-gradient":""},"mobile":{"background-color":"","background-image":"","background-repeat":"repeat","background-position":"center center","background-size":"auto","background-attachment":"scroll","background-type":"","background-media":"","overlay-type":"","overlay-color":"","overlay-opacity":"","overlay-gradient":""}},"ast-content-background-meta":{"desktop":{"background-color":"var(--ast-global-color-5)","background-image":"","background-repeat":"repeat","background-position":"center center","background-size":"auto","background-attachment":"scroll","background-type":"","background-media":"","overlay-type":"","overlay-color":"","overlay-opacity":"","overlay-gradient":""},"tablet":{"background-color":"var(--ast-global-color-5)","background-image":"","background-repeat":"repeat","background-position":"center center","background-size":"auto","background-attachment":"scroll","background-type":"","background-media":"","overlay-type":"","overlay-color":"","overlay-opacity":"","overlay-gradient":""},"mobile":{"background-color":"var(--ast-global-color-5)","background-image":"","background-repeat":"repeat","background-position":"center center","background-size":"auto","background-attachment":"scroll","background-type":"","background-media":"","overlay-type":"","overlay-color":"","overlay-opacity":"","overlay-gradient":""}}},"product_brand":[],"product_cat":[48,47,49,430,40],"product_tag":[629,185,449,220,725,438,189,215,1084,186,250,184,670],"class_list":{"0":"post-5902","1":"product","2":"type-product","3":"status-publish","4":"has-post-thumbnail","6":"product_cat-casual","7":"product_cat-classic","8":"product_cat-loafer","9":"product_cat-men","10":"product_cat-mens-shoes","11":"product_tag-bulk-order-shoes","12":"product_tag-calf-leather-shoes","13":"product_tag-casual-shoes","14":"product_tag-comfortable-loafers","15":"product_tag-dark-brown-loafers","16":"product_tag-eva-sole","17":"product_tag-goat-leather-lining","18":"product_tag-leather-loafers","19":"product_tag-mens-casual-leather-shoes","20":"product_tag-mens-loafers","21":"product_tag-premium-leather","22":"product_tag-slip-on-shoes","23":"product_tag-stylish-loafers","24":"desktop-align-center","25":"tablet-align-center","26":"mobile-align-center","28":"first","29":"instock","30":"sale","31":"shipping-taxable","32":"purchasable","33":"product-type-variable","34":"has-default-attributes"},"acf":[],"uagb_featured_image_src":{"full":["https:\/\/turkishtrade.co\/wp-content\/uploads\/2026\/01\/2400EJOMN00450-BRWON-DKS_873-4-USD.png",453,250,false],"thumbnail":["https:\/\/turkishtrade.co\/wp-content\/uploads\/2026\/01\/2400EJOMN00450-BRWON-DKS_873-4-USD-150x150.png",150,150,true],"medium":["https:\/\/turkishtrade.co\/wp-content\/uploads\/2026\/01\/2400EJOMN00450-BRWON-DKS_873-4-USD-300x166.png",300,166,true],"medium_large":["https:\/\/turkishtrade.co\/wp-content\/uploads\/2026\/01\/2400EJOMN00450-BRWON-DKS_873-4-USD.png",453,250,false],"large":["https:\/\/turkishtrade.co\/wp-content\/uploads\/2026\/01\/2400EJOMN00450-BRWON-DKS_873-4-USD.png",453,250,false],"1536x1536":["https:\/\/turkishtrade.co\/wp-content\/uploads\/2026\/01\/2400EJOMN00450-BRWON-DKS_873-4-USD.png",453,250,false],"2048x2048":["https:\/\/turkishtrade.co\/wp-content\/uploads\/2026\/01\/2400EJOMN00450-BRWON-DKS_873-4-USD.png",453,250,false],"trp-custom-language-flag":["https:\/\/turkishtrade.co\/wp-content\/uploads\/2026\/01\/2400EJOMN00450-BRWON-DKS_873-4-USD-18x10.png",18,10,true],"woocommerce_thumbnail":["https:\/\/turkishtrade.co\/wp-content\/uploads\/2026\/01\/2400EJOMN00450-BRWON-DKS_873-4-USD-400x250.png",400,250,true],"woocommerce_single":["https:\/\/turkishtrade.co\/wp-content\/uploads\/2026\/01\/2400EJOMN00450-BRWON-DKS_873-4-USD.png",453,250,false],"woocommerce_gallery_thumbnail":["https:\/\/turkishtrade.co\/wp-content\/uploads\/2026\/01\/2400EJOMN00450-BRWON-DKS_873-4-USD-100x100.png",100,100,true]},"uagb_author_info":{"display_name":"yaser olabi","author_link":"https:\/\/turkishtrade.co\/de\/author\/"},"uagb_comment_info":0,"uagb_excerpt":"Premium calf leather upper for lasting style and texture Luxurious goat leather interior lining for ultimate breathable comfort Lightweight and cushioned EVA sole provides superior support and grip Classic slip-on loafer design with a modern, robust silhouette Available in European sizes 39-45 for a perfect fit Ideal for bulk orders: Minimum 8 pairs per purchase,&hellip;","_links":{"self":[{"href":"https:\/\/turkishtrade.co\/de\/wp-json\/wp\/v2\/product\/5902","targetHints":{"allow":["GET"]}}],"collection":[{"href":"https:\/\/turkishtrade.co\/de\/wp-json\/wp\/v2\/product"}],"about":[{"href":"https:\/\/turkishtrade.co\/de\/wp-json\/wp\/v2\/types\/product"}],"wp:featuredmedia":[{"embeddable":true,"href":"https:\/\/turkishtrade.co\/de\/wp-json\/wp\/v2\/media\/3945"}],"wp:attachment":[{"href":"https:\/\/turkishtrade.co\/de\/wp-json\/wp\/v2\/media?parent=5902"}],"wp:term":[{"taxonomy":"product_brand","embeddable":true,"href":"https:\/\/turkishtrade.co\/de\/wp-json\/wp\/v2\/product_brand?post=5902"},{"taxonomy":"product_cat","embeddable":true,"href":"https:\/\/turkishtrade.co\/de\/wp-json\/wp\/v2\/product_cat?post=5902"},{"taxonomy":"product_tag","embeddable":true,"href":"https:\/\/turkishtrade.co\/de\/wp-json\/wp\/v2\/product_tag?post=5902"}],"curies":[{"name":"wp","href":"https:\/\/api.w.org\/{rel}","templated":true}]}}