{"id":5894,"date":"2026-01-14T13:39:19","date_gmt":"2026-01-14T13:39:19","guid":{"rendered":"https:\/\/turkishtrade.co\/product\/mens-blue-leather-derby-shoes-3\/"},"modified":"2026-04-09T19:20:44","modified_gmt":"2026-04-09T19:20:44","slug":"mens-blue-leather-derby-shoes-3","status":"publish","type":"product","link":"https:\/\/turkishtrade.co\/de\/shop\/mens-blue-leather-derby-shoes-3\/","title":{"rendered":"Blaue Herren Derby-Schuhe aus Kalbsleder mit EVA-Sohle"},"content":{"rendered":"<p><strong>Blaue Leder-Derby-Schuhe f\u00fcr M\u00e4nner<\/strong><\/p>\n<p>Erweitern Sie Ihre Schuhkollektion mit unseren hochwertigen <b>Blaue Leder-Derby-Schuhe f\u00fcr M\u00e4nner<\/b>. Diese vielseitigen Schuhe wurden f\u00fcr den modernen Gentleman gefertigt und verbinden klassische Raffinesse mit zeitgem\u00e4\u00dfem Komfort. Der auff\u00e4llige blaue Farbton in Kombination mit der raffinierten Derby-Silhouette sorgt daf\u00fcr, dass Sie einen bleibenden Eindruck hinterlassen, egal ob bei einem Gesch\u00e4ftstreffen, einem legeren Ausflug oder einer besonderen Veranstaltung.<\/p>\n<p>Diese <b>Blaue Leder-Derby-Schuhe f\u00fcr M\u00e4nner<\/b> sind mehr als nur ein modisches Statement; sie sind ein Beweis f\u00fcr hervorragende Handwerkskunst und hochwertige Materialien, was sie zu einer unverzichtbaren Erg\u00e4nzung f\u00fcr jede Garderobe macht.<\/p>\n<p>Das \u00c4u\u00dfere dieser au\u00dfergew\u00f6hnlichen <b>Blaue Leder-Derby-Schuhe f\u00fcr M\u00e4nner<\/b> wird sorgf\u00e4ltig aus echtem Kalbsleder gefertigt, das f\u00fcr seine glatte Textur, Haltbarkeit und elegante Oberfl\u00e4che bekannt ist. Dieses hochwertige Kalbsleder sieht nicht nur luxuri\u00f6s aus, sondern passt sich mit der Zeit auch wunderbar an Ihren Fu\u00df an und bietet eine individuelle Passform, die mit dem Alter nur noch besser wird. Das robuste \u00c4u\u00dfere wird durch ein \u00fcppiges, weiches Innenfutter aus Ziegenleder erg\u00e4nzt.<\/p>\n<p>Diese durchdachte Materialwahl bietet unvergleichliche Atmungsaktivit\u00e4t und Komfort, damit Ihre F\u00fc\u00dfe den ganzen Tag \u00fcber k\u00fchl und trocken bleiben. Sie werden den Unterschied, den hochwertige Materialien machen, bei jedem Schritt in diesen feinen Schuhen zu sch\u00e4tzen wissen. <b>Blaue Leder-Derby-Schuhe f\u00fcr M\u00e4nner<\/b>.<\/p>\n<p><h3>Un\u00fcbertroffener Komfort und zeitloses Design<\/h3>\n<\/p>\n<p>Komfort ist oberstes Gebot, und unser <b>Blaue Leder-Derby-Schuhe f\u00fcr M\u00e4nner<\/b> bieten ein au\u00dfergew\u00f6hnliches Lauferlebnis. Sie verf\u00fcgen \u00fcber eine leichte und stark gepolsterte EVA-Sohle, die sorgf\u00e4ltig entworfen wurde, um St\u00f6\u00dfe zu absorbieren und das Fu\u00dfgew\u00f6lbe hervorragend zu st\u00fctzen. Diese innovative Sohlentechnologie sorgt f\u00fcr maximalen Komfort und macht sie zu einer idealen Wahl f\u00fcr lange Tage auf den Beinen.<\/p>\n<p>Mit einer dezenten, aber stilvollen Absatzh\u00f6he von 1 bis 3 cm bieten diese klassischen Derby-Schuhe die perfekte Balance aus H\u00f6he und Stabilit\u00e4t. Erh\u00e4ltlich in einer umfassenden Palette von Gr\u00f6\u00dfen von 39 bis 45, finden Sie Ihr perfektes Paar von <b>Blaue Leder-Derby-Schuhe f\u00fcr M\u00e4nner<\/b> ist m\u00fchelos.<\/p>\n<p><h3>Perfekt f\u00fcr Gro\u00dfbestellungen und anspruchsvolle Einzelh\u00e4ndler<\/h3>\n<\/p>\n<p>Perfekt f\u00fcr den anspruchsvollen K\u00e4ufer, der sowohl nach Stil als auch nach Substanz sucht, sind diese <b>Blaue Leder-Derby-Schuhe f\u00fcr M\u00e4nner<\/b> sind so konzipiert, dass sie jahrelang halten. Dank ihrer zeitlosen Anziehungskraft lassen sie sich m\u00fchelos mit l\u00e4ssig-eleganten Ensembles, ma\u00dfgeschneiderten Hosen oder sogar raffinierten Denims kombinieren. Erleben Sie die Mischung aus Tradition und Innovation, die unser Schuhwerk auszeichnet.<\/p>\n<p>F\u00fcr Unternehmen und Einzelh\u00e4ndler sind diese Premium <b>Blaue Leder-Derby-Schuhe f\u00fcr M\u00e4nner<\/b> sind f\u00fcr den Gro\u00dfeinkauf verf\u00fcgbar, mit einer Mindestbestellmenge von 8 Paaren. Wir sind stolz auf unsere p\u00fcnktliche Lieferung: Bestellungen werden innerhalb von 12 Tagen plus Versand verschickt, damit Sie Ihren hochwertigen Bestand effizient erhalten. Investieren Sie in Schuhe, die den Test der Zeit, des Stils und des Komforts bestehen - w\u00e4hlen Sie unsere exquisiten <b>Blaue Leder-Derby-Schuhe f\u00fcr M\u00e4nner<\/b> heute.<\/p>","protected":false},"excerpt":{"rendered":"<ul>\n<li>Exquisites Kalbsleder Exterieur<\/li>\n<li>Innenfutter aus weichem Ziegenleder<\/li>\n<li>Leichte und gepolsterte EVA-Sohle f\u00fcr ganzt\u00e4gigen Komfort<\/li>\n<li>Klassischer Derby-Stil mit einer Absatzh\u00f6he von 1-3 cm<\/li>\n<li>Erh\u00e4ltlich in den Gr\u00f6\u00dfen 39-45<\/li>\n<li>Mindestbestellung: 8 Paare (Mengenrabatte verf\u00fcgbar)<\/li>\n<li>Lieferzeit: 12 Tage + Versand<\/li>\n<\/ul>","protected":false},"featured_media":3941,"template":"","meta":{"_acf_changed":false,"_uag_custom_page_level_css":"","site-sidebar-layout":"default","site-content-layout":"","ast-site-content-layout":"default","site-content-style":"default","site-sidebar-style":"default","ast-global-header-display":"","ast-banner-title-visibility":"","ast-main-header-display":"","ast-hfb-above-header-display":"","ast-hfb-below-header-display":"","ast-hfb-mobile-header-display":"","site-post-title":"","ast-breadcrumbs-content":"","ast-featured-img":"","footer-sml-layout":"","ast-disable-related-posts":"","theme-transparent-header-meta":"","adv-header-id-meta":"","stick-header-meta":"","header-above-stick-meta":"","header-main-stick-meta":"","header-below-stick-meta":"","astra-migrate-meta-layouts":"default","ast-page-background-enabled":"default","ast-page-background-meta":{"desktop":{"background-color":"var(--ast-global-color-4)","background-image":"","background-repeat":"repeat","background-position":"center center","background-size":"auto","background-attachment":"scroll","background-type":"","background-media":"","overlay-type":"","overlay-color":"","overlay-opacity":"","overlay-gradient":""},"tablet":{"background-color":"","background-image":"","background-repeat":"repeat","background-position":"center center","background-size":"auto","background-attachment":"scroll","background-type":"","background-media":"","overlay-type":"","overlay-color":"","overlay-opacity":"","overlay-gradient":""},"mobile":{"background-color":"","background-image":"","background-repeat":"repeat","background-position":"center center","background-size":"auto","background-attachment":"scroll","background-type":"","background-media":"","overlay-type":"","overlay-color":"","overlay-opacity":"","overlay-gradient":""}},"ast-content-background-meta":{"desktop":{"background-color":"var(--ast-global-color-5)","background-image":"","background-repeat":"repeat","background-position":"center center","background-size":"auto","background-attachment":"scroll","background-type":"","background-media":"","overlay-type":"","overlay-color":"","overlay-opacity":"","overlay-gradient":""},"tablet":{"background-color":"var(--ast-global-color-5)","background-image":"","background-repeat":"repeat","background-position":"center center","background-size":"auto","background-attachment":"scroll","background-type":"","background-media":"","overlay-type":"","overlay-color":"","overlay-opacity":"","overlay-gradient":""},"mobile":{"background-color":"var(--ast-global-color-5)","background-image":"","background-repeat":"repeat","background-position":"center center","background-size":"auto","background-attachment":"scroll","background-type":"","background-media":"","overlay-type":"","overlay-color":"","overlay-opacity":"","overlay-gradient":""}}},"product_brand":[],"product_cat":[48,47,49,430,40],"product_tag":[646,513,566,449,222,480,438,487,251,556,981,198,680,281],"class_list":{"0":"post-5894","1":"product","2":"type-product","3":"status-publish","4":"has-post-thumbnail","6":"product_cat-casual","7":"product_cat-classic","8":"product_cat-loafer","9":"product_cat-men","10":"product_cat-mens-shoes","11":"product_tag-blue-shoes","12":"product_tag-business-casual-shoes","13":"product_tag-calfskin-shoes","14":"product_tag-casual-shoes","15":"product_tag-comfortable-shoes","16":"product_tag-elegant-shoes","17":"product_tag-eva-sole","18":"product_tag-footwear","19":"product_tag-formal-shoes","20":"product_tag-goatskin-lining","21":"product_tag-leather-derby","22":"product_tag-mens-fashion","23":"product_tag-stylish-shoes","24":"product_tag-wholesale-shoes","25":"desktop-align-center","26":"tablet-align-center","27":"mobile-align-center","29":"first","30":"instock","31":"shipping-taxable","32":"purchasable","33":"product-type-variable","34":"has-default-attributes"},"acf":[],"uagb_featured_image_src":{"full":["https:\/\/turkishtrade.co\/wp-content\/uploads\/2026\/01\/2400EJOMN00436-DARK-BLUE-X_434_1-150-USD-4-USD.png",453,250,false],"thumbnail":["https:\/\/turkishtrade.co\/wp-content\/uploads\/2026\/01\/2400EJOMN00436-DARK-BLUE-X_434_1-150-USD-4-USD-150x150.png",150,150,true],"medium":["https:\/\/turkishtrade.co\/wp-content\/uploads\/2026\/01\/2400EJOMN00436-DARK-BLUE-X_434_1-150-USD-4-USD-300x166.png",300,166,true],"medium_large":["https:\/\/turkishtrade.co\/wp-content\/uploads\/2026\/01\/2400EJOMN00436-DARK-BLUE-X_434_1-150-USD-4-USD.png",453,250,false],"large":["https:\/\/turkishtrade.co\/wp-content\/uploads\/2026\/01\/2400EJOMN00436-DARK-BLUE-X_434_1-150-USD-4-USD.png",453,250,false],"1536x1536":["https:\/\/turkishtrade.co\/wp-content\/uploads\/2026\/01\/2400EJOMN00436-DARK-BLUE-X_434_1-150-USD-4-USD.png",453,250,false],"2048x2048":["https:\/\/turkishtrade.co\/wp-content\/uploads\/2026\/01\/2400EJOMN00436-DARK-BLUE-X_434_1-150-USD-4-USD.png",453,250,false],"trp-custom-language-flag":["https:\/\/turkishtrade.co\/wp-content\/uploads\/2026\/01\/2400EJOMN00436-DARK-BLUE-X_434_1-150-USD-4-USD-18x10.png",18,10,true],"woocommerce_thumbnail":["https:\/\/turkishtrade.co\/wp-content\/uploads\/2026\/01\/2400EJOMN00436-DARK-BLUE-X_434_1-150-USD-4-USD-400x250.png",400,250,true],"woocommerce_single":["https:\/\/turkishtrade.co\/wp-content\/uploads\/2026\/01\/2400EJOMN00436-DARK-BLUE-X_434_1-150-USD-4-USD.png",453,250,false],"woocommerce_gallery_thumbnail":["https:\/\/turkishtrade.co\/wp-content\/uploads\/2026\/01\/2400EJOMN00436-DARK-BLUE-X_434_1-150-USD-4-USD-100x100.png",100,100,true]},"uagb_author_info":{"display_name":"yaser olabi","author_link":"https:\/\/turkishtrade.co\/de\/author\/"},"uagb_comment_info":0,"uagb_excerpt":"Exquisite Calfskin Leather Exterior Soft Goatskin Leather Interior Lining Lightweight &amp; Cushioned EVA Sole for All-Day Comfort Classic Derby Style with a 1-3 cm Heel Height Available in Sizes 39-45 Minimum Order: 8 Pairs (Bulk Discounts Available) Delivery Time: 12 Days + Shipping","_links":{"self":[{"href":"https:\/\/turkishtrade.co\/de\/wp-json\/wp\/v2\/product\/5894","targetHints":{"allow":["GET"]}}],"collection":[{"href":"https:\/\/turkishtrade.co\/de\/wp-json\/wp\/v2\/product"}],"about":[{"href":"https:\/\/turkishtrade.co\/de\/wp-json\/wp\/v2\/types\/product"}],"wp:featuredmedia":[{"embeddable":true,"href":"https:\/\/turkishtrade.co\/de\/wp-json\/wp\/v2\/media\/3941"}],"wp:attachment":[{"href":"https:\/\/turkishtrade.co\/de\/wp-json\/wp\/v2\/media?parent=5894"}],"wp:term":[{"taxonomy":"product_brand","embeddable":true,"href":"https:\/\/turkishtrade.co\/de\/wp-json\/wp\/v2\/product_brand?post=5894"},{"taxonomy":"product_cat","embeddable":true,"href":"https:\/\/turkishtrade.co\/de\/wp-json\/wp\/v2\/product_cat?post=5894"},{"taxonomy":"product_tag","embeddable":true,"href":"https:\/\/turkishtrade.co\/de\/wp-json\/wp\/v2\/product_tag?post=5894"}],"curies":[{"name":"wp","href":"https:\/\/api.w.org\/{rel}","templated":true}]}}