{"id":5875,"date":"2026-01-14T13:35:51","date_gmt":"2026-01-14T13:35:51","guid":{"rendered":"https:\/\/turkishtrade.co\/product\/mens-leather-casual-derby-shoes-4\/"},"modified":"2026-04-09T19:21:26","modified_gmt":"2026-04-09T19:21:26","slug":"mens-leather-casual-derby-shoes-4","status":"publish","type":"product","link":"https:\/\/turkishtrade.co\/de\/shop\/mens-leather-casual-derby-shoes-4\/","title":{"rendered":"Premium Herren Kalbsleder Casual Derby Schuhe"},"content":{"rendered":"<p><strong>Herren Leder Casual Derby Schuhe<\/strong><\/p>\n<p>Erh\u00f6hen Sie Ihren Alltagsstil mit unseren exquisiten <strong>Herren Leder Casual Derby Schuhe<\/strong>. Diese Schuhe wurden f\u00fcr den modernen Mann entworfen, der sowohl Raffinesse als auch Komfort sch\u00e4tzt, und verbinden nahtlos klassische \u00c4sthetik mit moderner Funktionalit\u00e4t. Egal, ob Sie ins B\u00fcro, zu einem zwanglosen Treffen oder zum Ausgehen gehen, diese hochwertigen Derby-Schuhe sind Ihr idealer Begleiter, der daf\u00fcr sorgt, dass Sie immer gut aussehen und sich wohlf\u00fchlen.<\/p>\n<p>Ihr vielseitiges Design macht sie zu einem unverzichtbaren Bestandteil jeder anspruchsvollen Garderobe. Sie \u00fcberbr\u00fccken die Kluft zwischen formeller und entspannter Kleidung mit m\u00fcheloser Anmut.<\/p>\n<p><h3>Unerreichte Qualit\u00e4t und Handwerkskunst<\/h3>\n<\/p>\n<p>Jedes Paar dieser au\u00dfergew\u00f6hnlichen <strong>Herren Leder Casual Derby Schuhe<\/strong> ist ein Zeugnis f\u00fcr hervorragende Handwerkskunst und Liebe zum Detail. Das Obermaterial besteht aus hochwertigem, echtem Kalbsleder, das f\u00fcr seine geschmeidige Textur, au\u00dfergew\u00f6hnliche Haltbarkeit und sein luxuri\u00f6ses Aussehen bekannt ist. Dieses erstklassige Material sorgt nicht nur f\u00fcr einen edlen Look, sondern passt sich mit der Zeit auch an Ihre F\u00fc\u00dfe an und bietet eine individuelle Passform, die mit zunehmendem Alter nur noch besser wird.<\/p>\n<p>Erg\u00e4nzend zum robusten \u00c4u\u00dferen ist das Innenfutter aus unglaublich weichem und atmungsaktivem Ziegenleder gefertigt, das f\u00fcr unvergleichlichen Komfort auf der Haut sorgt. Diese durchdachte Materialkombination garantiert ein luxuri\u00f6ses Erlebnis bei jedem Schritt und macht diese Schuhe zu einer echten Investition in Ihre Schuhsammlung.<\/p>\n<p><h3>Revolution\u00e4rer Komfort mit EVA-Sohle<\/h3>\n<\/p>\n<p>Komfort ist oberstes Gebot, und unser <strong>Herren Leder Casual Derby Schuhe<\/strong> l\u00f6sen dieses Versprechen mit ihrem innovativen Design ein. Ausgestattet mit einer leichten und dennoch unglaublich robusten EVA-Sohle bieten diese Schuhe den ganzen Tag \u00fcber au\u00dfergew\u00f6hnliche D\u00e4mpfung und Unterst\u00fctzung. Die fortschrittliche EVA-Sohle absorbiert St\u00f6\u00dfe effektiv, reduziert die Erm\u00fcdung des Fu\u00dfes erheblich und bietet eine hervorragende Traktion auf verschiedenen Oberfl\u00e4chen, was sie perfekt f\u00fcr langes Tragen macht.<\/p>\n<p>Im Gegensatz zu herk\u00f6mmlichen, schwereren Sohlen tr\u00e4gt die EVA-Sohle wesentlich zur Leichtigkeit des Schuhs bei, so dass Sie sich von morgens bis abends mit Leichtigkeit und Vertrauen bewegen k\u00f6nnen. Dieses innovative Design stellt sicher, dass Ihr Streben nach Stil nie auf Kosten des Komforts geht und bietet eine harmonische Mischung aus beidem.<\/p>\n<p><h3>Vielseitiger Stil f\u00fcr jede Gelegenheit<\/h3>\n<\/p>\n<p>Das zeitlose Design dieser Derby-Schuhe macht sie unglaublich vielseitig und anpassungsf\u00e4hig an unz\u00e4hlige Outfits. Die klassische Schn\u00fcrung und die raffinierte Kappe bieten einen l\u00e4ssig-eleganten Look, der sich m\u00fchelos von formellen Gesch\u00e4ftsanl\u00e4ssen bis hin zu entspannten Wochenendveranstaltungen kombinieren l\u00e4sst. Erh\u00e4ltlich in raffinierten Farbt\u00f6nen wie klassischem Schwarz und sattem Braun (wie auf den Produktbildern zu sehen), erg\u00e4nzen diese Schuhe eine Vielzahl von Kleidungsst\u00fccken, von ma\u00dfgeschneiderten Hosen und Anz\u00fcgen bis hin zu schicken Chinos und hochwertigen Jeans.<\/p>\n<p>Unser <strong>Herren Leder Casual Derby Schuhe<\/strong> sind eine unverzichtbare Erg\u00e4nzung f\u00fcr jede anspruchsvolle Garderobe und bieten eine Mischung aus dauerhafter Eleganz und praktischer Tragbarkeit, die den Test der Zeit bestehen wird.<\/p>\n<p><h3>Gr\u00f6\u00dfenbestimmung und Verf\u00fcgbarkeit in gro\u00dfen Mengen<\/h3>\n<\/p>\n<p>Diese exquisiten Schuhe sind in den europ\u00e4ischen Gr\u00f6\u00dfen 39 bis 45 erh\u00e4ltlich. F\u00fcr Einzelh\u00e4ndler, Boutiquen und Unternehmen, die hochwertige, gefragte Schuhe auf Lager haben m\u00f6chten, sind diese hochwertigen Derby-Schuhe im Gro\u00dfhandel ab einer Mindestbestellmenge von 8 Paar erh\u00e4ltlich. Wir sind stolz auf unseren effizienten Service und unsere prompte Lieferung. Bestellungen werden in der Regel innerhalb von 12 Tagen erf\u00fcllt, zuz\u00fcglich der Standardversandzeit.<\/p>\n<p>Investieren Sie in Schuhe, die sich durch ihre Qualit\u00e4t, ihren Komfort und ihren dauerhaften Stil auszeichnen, und bieten Sie Ihren Kunden ein Produkt, das sie wirklich sch\u00e4tzen werden.<\/p>","protected":false},"excerpt":{"rendered":"<ul>\n<li>Handgefertigt mit luxuri\u00f6sem Kalbsleder f\u00fcr anspruchsvollen Stil<\/li>\n<li>Ein weiches und atmungsaktives Innenfutter aus Ziegenleder sorgt f\u00fcr ultimativen Komfort<\/li>\n<li>Ausgestattet mit einer leichten und strapazierf\u00e4higen EVA-Sohle, perfekt f\u00fcr den ganzt\u00e4gigen Gebrauch<\/li>\n<li>Klassisches Schn\u00fcrdesign mit moderner Kappe, ideal f\u00fcr l\u00e4ssige Anl\u00e4sse<\/li>\n<li>Erh\u00e4ltlich in einer breiten Palette von Gr\u00f6\u00dfen von 39 bis 45<\/li>\n<li><strong>Mindestbestellmenge: 8 Paare<\/strong> - Hervorragend geeignet f\u00fcr Gro\u00df- und Einzelh\u00e4ndler<\/li>\n<li>Zuverl\u00e4ssige Lieferung innerhalb von 12 Tagen, zuz\u00fcglich Versandzeit<\/li>\n<\/ul>","protected":false},"featured_media":3929,"template":"","meta":{"_acf_changed":false,"_uag_custom_page_level_css":"","site-sidebar-layout":"default","site-content-layout":"","ast-site-content-layout":"default","site-content-style":"default","site-sidebar-style":"default","ast-global-header-display":"","ast-banner-title-visibility":"","ast-main-header-display":"","ast-hfb-above-header-display":"","ast-hfb-below-header-display":"","ast-hfb-mobile-header-display":"","site-post-title":"","ast-breadcrumbs-content":"","ast-featured-img":"","footer-sml-layout":"","ast-disable-related-posts":"","theme-transparent-header-meta":"","adv-header-id-meta":"","stick-header-meta":"","header-above-stick-meta":"","header-main-stick-meta":"","header-below-stick-meta":"","astra-migrate-meta-layouts":"default","ast-page-background-enabled":"default","ast-page-background-meta":{"desktop":{"background-color":"var(--ast-global-color-4)","background-image":"","background-repeat":"repeat","background-position":"center center","background-size":"auto","background-attachment":"scroll","background-type":"","background-media":"","overlay-type":"","overlay-color":"","overlay-opacity":"","overlay-gradient":""},"tablet":{"background-color":"","background-image":"","background-repeat":"repeat","background-position":"center center","background-size":"auto","background-attachment":"scroll","background-type":"","background-media":"","overlay-type":"","overlay-color":"","overlay-opacity":"","overlay-gradient":""},"mobile":{"background-color":"","background-image":"","background-repeat":"repeat","background-position":"center center","background-size":"auto","background-attachment":"scroll","background-type":"","background-media":"","overlay-type":"","overlay-color":"","overlay-opacity":"","overlay-gradient":""}},"ast-content-background-meta":{"desktop":{"background-color":"var(--ast-global-color-5)","background-image":"","background-repeat":"repeat","background-position":"center center","background-size":"auto","background-attachment":"scroll","background-type":"","background-media":"","overlay-type":"","overlay-color":"","overlay-opacity":"","overlay-gradient":""},"tablet":{"background-color":"var(--ast-global-color-5)","background-image":"","background-repeat":"repeat","background-position":"center center","background-size":"auto","background-attachment":"scroll","background-type":"","background-media":"","overlay-type":"","overlay-color":"","overlay-opacity":"","overlay-gradient":""},"mobile":{"background-color":"var(--ast-global-color-5)","background-image":"","background-repeat":"repeat","background-position":"center center","background-size":"auto","background-attachment":"scroll","background-type":"","background-media":"","overlay-type":"","overlay-color":"","overlay-opacity":"","overlay-gradient":""}}},"product_brand":[],"product_cat":[48,47,49,430,40],"product_tag":[407,613,200,202,458,1062,222,438,189,450,227,210,281],"class_list":{"0":"post-5875","1":"product","2":"type-product","3":"status-publish","4":"has-post-thumbnail","6":"product_cat-casual","7":"product_cat-classic","8":"product_cat-loafer","9":"product_cat-men","10":"product_cat-mens-shoes","11":"product_tag-black-derby-shoes","12":"product_tag-brown-derby-shoes","13":"product_tag-business-casual","14":"product_tag-calf-leather","15":"product_tag-cap-toe-shoes","16":"product_tag-casual-derby-shoes","17":"product_tag-comfortable-shoes","18":"product_tag-eva-sole","19":"product_tag-goat-leather-lining","20":"product_tag-handcrafted-shoes","21":"product_tag-leather-shoes","22":"product_tag-smart-casual","23":"product_tag-wholesale-shoes","24":"desktop-align-center","25":"tablet-align-center","26":"mobile-align-center","28":"first","29":"instock","30":"shipping-taxable","31":"purchasable","32":"product-type-variable","33":"has-default-attributes"},"acf":[],"uagb_featured_image_src":{"full":["https:\/\/turkishtrade.co\/wp-content\/uploads\/2026\/01\/2400EJOMN00367-BROWN-X_12577_1-5-USD.png",453,250,false],"thumbnail":["https:\/\/turkishtrade.co\/wp-content\/uploads\/2026\/01\/2400EJOMN00367-BROWN-X_12577_1-5-USD-150x150.png",150,150,true],"medium":["https:\/\/turkishtrade.co\/wp-content\/uploads\/2026\/01\/2400EJOMN00367-BROWN-X_12577_1-5-USD-300x166.png",300,166,true],"medium_large":["https:\/\/turkishtrade.co\/wp-content\/uploads\/2026\/01\/2400EJOMN00367-BROWN-X_12577_1-5-USD.png",453,250,false],"large":["https:\/\/turkishtrade.co\/wp-content\/uploads\/2026\/01\/2400EJOMN00367-BROWN-X_12577_1-5-USD.png",453,250,false],"1536x1536":["https:\/\/turkishtrade.co\/wp-content\/uploads\/2026\/01\/2400EJOMN00367-BROWN-X_12577_1-5-USD.png",453,250,false],"2048x2048":["https:\/\/turkishtrade.co\/wp-content\/uploads\/2026\/01\/2400EJOMN00367-BROWN-X_12577_1-5-USD.png",453,250,false],"trp-custom-language-flag":["https:\/\/turkishtrade.co\/wp-content\/uploads\/2026\/01\/2400EJOMN00367-BROWN-X_12577_1-5-USD-18x10.png",18,10,true],"woocommerce_thumbnail":["https:\/\/turkishtrade.co\/wp-content\/uploads\/2026\/01\/2400EJOMN00367-BROWN-X_12577_1-5-USD-400x250.png",400,250,true],"woocommerce_single":["https:\/\/turkishtrade.co\/wp-content\/uploads\/2026\/01\/2400EJOMN00367-BROWN-X_12577_1-5-USD.png",453,250,false],"woocommerce_gallery_thumbnail":["https:\/\/turkishtrade.co\/wp-content\/uploads\/2026\/01\/2400EJOMN00367-BROWN-X_12577_1-5-USD-100x100.png",100,100,true]},"uagb_author_info":{"display_name":"yaser olabi","author_link":"https:\/\/turkishtrade.co\/de\/author\/"},"uagb_comment_info":0,"uagb_excerpt":"Handcrafted with a luxurious Calf Leather exterior for sophisticated style Features a soft and breathable Goat Leather interior lining for ultimate comfort Equipped with a lightweight and durable EVA sole, perfect for all-day wear Classic lace-up design with a modern cap-toe, ideal for smart-casual occasions Available in a comprehensive range of sizes from 39 to&hellip;","_links":{"self":[{"href":"https:\/\/turkishtrade.co\/de\/wp-json\/wp\/v2\/product\/5875","targetHints":{"allow":["GET"]}}],"collection":[{"href":"https:\/\/turkishtrade.co\/de\/wp-json\/wp\/v2\/product"}],"about":[{"href":"https:\/\/turkishtrade.co\/de\/wp-json\/wp\/v2\/types\/product"}],"wp:featuredmedia":[{"embeddable":true,"href":"https:\/\/turkishtrade.co\/de\/wp-json\/wp\/v2\/media\/3929"}],"wp:attachment":[{"href":"https:\/\/turkishtrade.co\/de\/wp-json\/wp\/v2\/media?parent=5875"}],"wp:term":[{"taxonomy":"product_brand","embeddable":true,"href":"https:\/\/turkishtrade.co\/de\/wp-json\/wp\/v2\/product_brand?post=5875"},{"taxonomy":"product_cat","embeddable":true,"href":"https:\/\/turkishtrade.co\/de\/wp-json\/wp\/v2\/product_cat?post=5875"},{"taxonomy":"product_tag","embeddable":true,"href":"https:\/\/turkishtrade.co\/de\/wp-json\/wp\/v2\/product_tag?post=5875"}],"curies":[{"name":"wp","href":"https:\/\/api.w.org\/{rel}","templated":true}]}}