{"id":5871,"date":"2026-01-14T13:35:19","date_gmt":"2026-01-14T13:35:19","guid":{"rendered":"https:\/\/turkishtrade.co\/product\/mens-leather-casual-derby-shoes-3\/"},"modified":"2026-04-09T19:21:33","modified_gmt":"2026-04-09T19:21:33","slug":"mens-leather-casual-derby-shoes-3","status":"publish","type":"product","link":"https:\/\/turkishtrade.co\/de\/shop\/mens-leather-casual-derby-shoes-3\/","title":{"rendered":"Herren Premium Kalbsleder Casual Derby Schuhe"},"content":{"rendered":"<p><strong>Herren Leder Casual Derby Schuhe<\/strong><\/p>\n<p>Erweitern Sie Ihre Schuhkollektion mit unseren exquisiten <strong>Herren Leder Casual Derby Schuhe<\/strong>. Diese Schuhe wurden f\u00fcr den modernen Mann entworfen, der sowohl raffinierten Stil als auch au\u00dfergew\u00f6hnlichen Komfort sch\u00e4tzt, und sind ein Beweis f\u00fcr hervorragende Handwerkskunst. Perfekt f\u00fcr eine breite Palette von Anl\u00e4ssen, von eleganten Freizeitausfl\u00fcgen bis hin zu entspannterem t\u00e4glichen Tragen, sind diese hochwertigen <strong>Herren Leder Casual Derby Schuhe<\/strong> verbinden nahtlos traditionelle Eleganz mit modernem Design.<\/p>\n<p>Erleben Sie den Unterschied, den hochwertige Materialien und eine durchdachte Konstruktion bei jedem Schritt in diesen vielseitigen Freizeitschuhen ausmachen, die zu Ihrem Lieblingspaar werden. <strong>Herren Leder Casual Derby Schuhe<\/strong>.<\/p>\n<p><h3>Un\u00fcbertroffene Handwerkskunst und hochwertige Materialien<\/h3>\n<\/p>\n<p>Jedes Paar unserer <strong>Herren Leder Casual Derby Schuhe<\/strong> ist sorgf\u00e4ltig aus den besten Materialien gefertigt. Das \u00c4u\u00dfere besteht aus echtem Kalbsleder, das f\u00fcr seine weiche Textur, seine bemerkenswerte Haltbarkeit und sein elegantes Aussehen bekannt ist. Dieses hochwertige Kalbsleder sorgt daf\u00fcr, dass Ihre Schuhe nicht nur fantastisch aussehen, sondern auch den Strapazen des t\u00e4glichen Gebrauchs standhalten und mit der Zeit eine einzigartige Patina entwickeln.<\/p>\n<p>Innen werden Ihre F\u00fc\u00dfe von luxuri\u00f6sem Ziegenleder gef\u00fcttert, das f\u00fcr au\u00dfergew\u00f6hnliche Atmungsaktivit\u00e4t und ein weiches Tragegef\u00fchl sorgt. Diese Kombination aus Premium-Leder bietet ein unvergleichliches Tragegef\u00fchl und macht diese au\u00dfergew\u00f6hnlichen <strong>Herren Leder Casual Derby Schuhe<\/strong> eine echte Investition in dauerhaften Stil und Komfort.<\/p>\n<p><h3>Moderner Stil trifft auf allt\u00e4glichen Komfort<\/h3>\n<\/p>\n<p>Das unverwechselbare Design dieser <strong>Herren Leder Casual Derby Schuhe<\/strong> verf\u00fcgt \u00fcber ein klassisches offenes Schn\u00fcrsystem, das durch eine robuste, klobige EVA-Sohle erg\u00e4nzt wird. Diese moderne Sohle sorgt nicht nur f\u00fcr einen modischen Akzent, sondern auch f\u00fcr eine hervorragende Sto\u00dfd\u00e4mpfung und leichte Flexibilit\u00e4t, die den ganzen Tag \u00fcber f\u00fcr Komfort sorgt. Die sorgf\u00e4ltige Detailarbeit, einschlie\u00dflich des subtil gemusterten Akzents an der Seite, hebt diese Schuhe von anderen ab und macht sie zu einer stilvollen Wahl f\u00fcr jede Garderobe.<\/p>\n<p>Egal, ob Sie eine Jeans aufpeppen oder ein elegantes Freizeitoutfit vervollst\u00e4ndigen wollen, diese hochwertigen <strong>Herren Leder Casual Derby Schuhe<\/strong> bieten die perfekte Mischung aus Form und Funktion. Ihre vielseitige \u00c4sthetik macht sie zu einem unverzichtbaren Bestandteil der Schuhkollektion eines jeden Mannes und definiert neu, was ein Freizeitschuh f\u00fcr M\u00e4nner sein kann.<\/p>\n<p><h3>Entwickelt f\u00fcr Langlebigkeit und Massenverf\u00fcgbarkeit<\/h3>\n<\/p>\n<p>Neben ihrer atemberaubenden \u00c4sthetik und ihrem Komfort sind diese <strong>Herren Leder Casual Derby Schuhe<\/strong> sind f\u00fcr die Ewigkeit gebaut. Die hochwertige EVA-Sohle ist f\u00fcr eine lange Lebensdauer ausgelegt und bietet hervorragenden Grip und Abriebfestigkeit, damit Ihre Investition in diese <strong>Herren Leder Casual Derby Schuhe<\/strong> zahlt sich aus.<\/p>\n<p>Wir verstehen die Bed\u00fcrfnisse unserer Gro\u00dfhandelspartner, weshalb diese au\u00dfergew\u00f6hnlichen <strong>Herren Leder Casual Derby Schuhe<\/strong> sind ab einer Mindestbestellmenge von nur 8 Paaren erh\u00e4ltlich. Das macht sie zur idealen Wahl f\u00fcr Einzelh\u00e4ndler, die nachgefragte Premium-Schuhe auf Lager haben wollen. Mit einer zuverl\u00e4ssigen Produktionsvorlaufzeit von 12 Tagen plus Versand k\u00f6nnen Sie Ihren Bestand effizient planen und die Nachfrage Ihrer Kunden nach modischen und langlebigen Schuhen erf\u00fcllen. <strong>Herren Leder Casual Derby Schuhe<\/strong>.<\/p>\n<p>Investieren Sie in Schuhe, die sowohl Stil als auch Substanz haben. Unser Premium <strong>Herren Leder Casual Derby Schuhe<\/strong> sind mehr als nur ein Paar Schuhe; sie sind ein Statement f\u00fcr Qualit\u00e4t und eine Verpflichtung zu Komfort. Bestellen Sie Ihre noch heute und treten Sie ein in eine Welt der raffinierten l\u00e4ssigen Eleganz mit den feinsten Derby-Schuhen aus Leder f\u00fcr Herren, die es gibt.<\/p>","protected":false},"excerpt":{"rendered":"<ul>\n<li>Das hochwertige Obermaterial aus echtem Kalbsleder sorgt f\u00fcr Langlebigkeit und Stil.<\/li>\n<li>Luxuri\u00f6ses und atmungsaktives Ziegenlederfutter sorgt f\u00fcr h\u00f6chsten Komfort.<\/li>\n<li>Die robuste und dennoch leichte EVA-Sohle sorgt f\u00fcr hervorragende Traktion und D\u00e4mpfung.<\/li>\n<li>Ein vielseitiger, l\u00e4ssiger Derby mit einem markanten, klobigen Sohlenprofil.<\/li>\n<li>Erh\u00e4ltlich in einer umfangreichen Gr\u00f6\u00dfenpalette: 39, 40, 41, 42, 43, 44, 45.<\/li>\n<li>Mindestbestellmenge: 8 Paar, ideal f\u00fcr Gro\u00df- und Einzelhandelspartner.<\/li>\n<li>Effiziente Produktionsvorlaufzeit: 12 Tage + Versand.<\/li>\n<\/ul>","protected":false},"featured_media":3926,"template":"","meta":{"_acf_changed":false,"_uag_custom_page_level_css":"","site-sidebar-layout":"default","site-content-layout":"","ast-site-content-layout":"default","site-content-style":"default","site-sidebar-style":"default","ast-global-header-display":"","ast-banner-title-visibility":"","ast-main-header-display":"","ast-hfb-above-header-display":"","ast-hfb-below-header-display":"","ast-hfb-mobile-header-display":"","site-post-title":"","ast-breadcrumbs-content":"","ast-featured-img":"","footer-sml-layout":"","ast-disable-related-posts":"","theme-transparent-header-meta":"","adv-header-id-meta":"","stick-header-meta":"","header-above-stick-meta":"","header-main-stick-meta":"","header-below-stick-meta":"","astra-migrate-meta-layouts":"default","ast-page-background-enabled":"default","ast-page-background-meta":{"desktop":{"background-color":"var(--ast-global-color-4)","background-image":"","background-repeat":"repeat","background-position":"center center","background-size":"auto","background-attachment":"scroll","background-type":"","background-media":"","overlay-type":"","overlay-color":"","overlay-opacity":"","overlay-gradient":""},"tablet":{"background-color":"","background-image":"","background-repeat":"repeat","background-position":"center center","background-size":"auto","background-attachment":"scroll","background-type":"","background-media":"","overlay-type":"","overlay-color":"","overlay-opacity":"","overlay-gradient":""},"mobile":{"background-color":"","background-image":"","background-repeat":"repeat","background-position":"center center","background-size":"auto","background-attachment":"scroll","background-type":"","background-media":"","overlay-type":"","overlay-color":"","overlay-opacity":"","overlay-gradient":""}},"ast-content-background-meta":{"desktop":{"background-color":"var(--ast-global-color-5)","background-image":"","background-repeat":"repeat","background-position":"center center","background-size":"auto","background-attachment":"scroll","background-type":"","background-media":"","overlay-type":"","overlay-color":"","overlay-opacity":"","overlay-gradient":""},"tablet":{"background-color":"var(--ast-global-color-5)","background-image":"","background-repeat":"repeat","background-position":"center center","background-size":"auto","background-attachment":"scroll","background-type":"","background-media":"","overlay-type":"","overlay-color":"","overlay-opacity":"","overlay-gradient":""},"mobile":{"background-color":"var(--ast-global-color-5)","background-image":"","background-repeat":"repeat","background-position":"center center","background-size":"auto","background-attachment":"scroll","background-type":"","background-media":"","overlay-type":"","overlay-color":"","overlay-opacity":"","overlay-gradient":""}}},"product_brand":[],"product_cat":[48,47,49,430,40],"product_tag":[1078,513,185,331,1039,287,189,967,310,198,440,787,280,254],"class_list":{"0":"post-5871","1":"product","2":"type-product","3":"status-publish","4":"has-post-thumbnail","6":"product_cat-casual","7":"product_cat-classic","8":"product_cat-loafer","9":"product_cat-men","10":"product_cat-mens-shoes","11":"product_tag-black-leather-derby","12":"product_tag-business-casual-shoes","13":"product_tag-calf-leather-shoes","14":"product_tag-chunky-sole-shoes","15":"product_tag-durable-leather-shoes","16":"product_tag-eva-sole-shoes","17":"product_tag-goat-leather-lining","18":"product_tag-leather-casual-shoes","19":"product_tag-mens-derby-shoes","20":"product_tag-mens-fashion","21":"product_tag-modern-derby","22":"product_tag-premium-mens-shoes","23":"product_tag-smart-casual-shoes","24":"product_tag-wholesale-footwear","25":"desktop-align-center","26":"tablet-align-center","27":"mobile-align-center","29":"first","30":"instock","31":"shipping-taxable","32":"purchasable","33":"product-type-variable","34":"has-default-attributes"},"acf":[],"uagb_featured_image_src":{"full":["https:\/\/turkishtrade.co\/wp-content\/uploads\/2026\/01\/2400EJOMN00365-DARK-BROWN-Y_12582-6-USD.png",453,250,false],"thumbnail":["https:\/\/turkishtrade.co\/wp-content\/uploads\/2026\/01\/2400EJOMN00365-DARK-BROWN-Y_12582-6-USD-150x150.png",150,150,true],"medium":["https:\/\/turkishtrade.co\/wp-content\/uploads\/2026\/01\/2400EJOMN00365-DARK-BROWN-Y_12582-6-USD-300x166.png",300,166,true],"medium_large":["https:\/\/turkishtrade.co\/wp-content\/uploads\/2026\/01\/2400EJOMN00365-DARK-BROWN-Y_12582-6-USD.png",453,250,false],"large":["https:\/\/turkishtrade.co\/wp-content\/uploads\/2026\/01\/2400EJOMN00365-DARK-BROWN-Y_12582-6-USD.png",453,250,false],"1536x1536":["https:\/\/turkishtrade.co\/wp-content\/uploads\/2026\/01\/2400EJOMN00365-DARK-BROWN-Y_12582-6-USD.png",453,250,false],"2048x2048":["https:\/\/turkishtrade.co\/wp-content\/uploads\/2026\/01\/2400EJOMN00365-DARK-BROWN-Y_12582-6-USD.png",453,250,false],"trp-custom-language-flag":["https:\/\/turkishtrade.co\/wp-content\/uploads\/2026\/01\/2400EJOMN00365-DARK-BROWN-Y_12582-6-USD-18x10.png",18,10,true],"woocommerce_thumbnail":["https:\/\/turkishtrade.co\/wp-content\/uploads\/2026\/01\/2400EJOMN00365-DARK-BROWN-Y_12582-6-USD-400x250.png",400,250,true],"woocommerce_single":["https:\/\/turkishtrade.co\/wp-content\/uploads\/2026\/01\/2400EJOMN00365-DARK-BROWN-Y_12582-6-USD.png",453,250,false],"woocommerce_gallery_thumbnail":["https:\/\/turkishtrade.co\/wp-content\/uploads\/2026\/01\/2400EJOMN00365-DARK-BROWN-Y_12582-6-USD-100x100.png",100,100,true]},"uagb_author_info":{"display_name":"yaser olabi","author_link":"https:\/\/turkishtrade.co\/de\/author\/"},"uagb_comment_info":0,"uagb_excerpt":"Crafted with a premium genuine Calf Leather upper for durability and style. Luxurious and breathable Goat Leather lining ensures superior comfort. Features a robust yet lightweight EVA sole for excellent traction and cushioning. Designed in a versatile casual Derby style with a distinctive chunky sole profile. Available in a comprehensive size range: 39, 40, 41,&hellip;","_links":{"self":[{"href":"https:\/\/turkishtrade.co\/de\/wp-json\/wp\/v2\/product\/5871","targetHints":{"allow":["GET"]}}],"collection":[{"href":"https:\/\/turkishtrade.co\/de\/wp-json\/wp\/v2\/product"}],"about":[{"href":"https:\/\/turkishtrade.co\/de\/wp-json\/wp\/v2\/types\/product"}],"wp:featuredmedia":[{"embeddable":true,"href":"https:\/\/turkishtrade.co\/de\/wp-json\/wp\/v2\/media\/3926"}],"wp:attachment":[{"href":"https:\/\/turkishtrade.co\/de\/wp-json\/wp\/v2\/media?parent=5871"}],"wp:term":[{"taxonomy":"product_brand","embeddable":true,"href":"https:\/\/turkishtrade.co\/de\/wp-json\/wp\/v2\/product_brand?post=5871"},{"taxonomy":"product_cat","embeddable":true,"href":"https:\/\/turkishtrade.co\/de\/wp-json\/wp\/v2\/product_cat?post=5871"},{"taxonomy":"product_tag","embeddable":true,"href":"https:\/\/turkishtrade.co\/de\/wp-json\/wp\/v2\/product_tag?post=5871"}],"curies":[{"name":"wp","href":"https:\/\/api.w.org\/{rel}","templated":true}]}}