{"id":5860,"date":"2026-01-14T13:25:35","date_gmt":"2026-01-14T13:25:35","guid":{"rendered":"https:\/\/turkishtrade.co\/product\/mens-brown-leather-derby-shoes-6\/"},"modified":"2026-04-09T19:21:57","modified_gmt":"2026-04-09T19:21:57","slug":"mens-brown-leather-derby-shoes-6","status":"publish","type":"product","link":"https:\/\/turkishtrade.co\/de\/shop\/mens-brown-leather-derby-shoes-6\/","title":{"rendered":"Elegante Herren Derby-Schuhe aus braunem Kalbsleder"},"content":{"rendered":"<p><strong>Derby-Schuhe f\u00fcr M\u00e4nner aus braunem Leder<\/strong><\/p>\n<p>Entdecken Sie die perfekte Mischung aus klassischem Stil und modernem Komfort mit unseren exquisiten <b>Derby-Schuhe f\u00fcr M\u00e4nner aus braunem Leder<\/b>. Diese sorgf\u00e4ltig f\u00fcr den anspruchsvollen Gentleman gefertigten Schuhe sind eine wesentliche Erg\u00e4nzung f\u00fcr jede anspruchsvolle Garderobe. Unser <b>Derby-Schuhe f\u00fcr M\u00e4nner aus braunem Leder<\/b> sind so konzipiert, dass sie unvergleichlichen Stil und dauerhafte Haltbarkeit bieten, was sie ideal f\u00fcr eine Reihe von Anl\u00e4ssen macht, von Business Casual bis zur Wochenend-Eleganz.<\/p>\n<p><h3>Unerreichte Qualit\u00e4t und Handwerkskunst<\/h3>\n<\/p>\n<p>Jedes Paar dieser hochwertigen <b>Derby-Schuhe f\u00fcr M\u00e4nner aus braunem Leder<\/b> r\u00fchmt sich mit einem \u00c4u\u00dferen, das sorgf\u00e4ltig aus echtem Kalbsleder gefertigt wurde. Diese Materialwahl sorgt f\u00fcr ein luxuri\u00f6ses Aussehen, einen weichen Griff und eine au\u00dfergew\u00f6hnliche Widerstandsf\u00e4higkeit im t\u00e4glichen Gebrauch. Der satte, tiefbraune Farbton dieser <b>Derby-Schuhe f\u00fcr M\u00e4nner aus braunem Leder<\/b> bietet eine vielseitige \u00c4sthetik, die sich m\u00fchelos mit verschiedenen Outfits kombinieren l\u00e4sst und Ihren pers\u00f6nlichen Stil durch ihren zeitlosen Reiz unterstreicht.<\/p>\n<p>Wir wissen, wie wichtig innerer Komfort ist. Deshalb ist der Innenraum mit geschmeidigem Ziegenleder gef\u00fcttert, das den ganzen Tag \u00fcber ein weiches, atmungsaktives und bequemes Gef\u00fchl vermittelt. Die sorgf\u00e4ltige Auswahl der Materialien garantiert, dass diese Schuhe nicht einfach nur Schuhe sind, sondern eine Investition in hochwertiges Schuhwerk.<\/p>\n<p><h3>\u00dcberragender Komfort mit EVA-Sohlentechnologie<\/h3>\n<\/p>\n<p>Komfort ist oberstes Gebot, und unser <b>Derby-Schuhe f\u00fcr M\u00e4nner aus braunem Leder<\/b> liefern. Die innovative EVA-Sohle bietet bemerkenswerte Leichtigkeit und Flexibilit\u00e4t und d\u00e4mpft jeden Ihrer Schritte, ohne dabei Kompromisse beim Halt einzugehen. Im Gegensatz zu herk\u00f6mmlichen schweren Sohlen bietet die EVA-Sohle eine hervorragende Sto\u00dfd\u00e4mpfung, so dass diese <b>Derby-Schuhe f\u00fcr M\u00e4nner aus braunem Leder<\/b> perfekt f\u00fcr langes Tragen.<\/p>\n<p>Die dezente Absatzh\u00f6he von 1 bis 3 cm in Kombination mit dem kr\u00e4ftigen Plateau bietet ein raffiniertes Profil und sorgt f\u00fcr Stabilit\u00e4t und Komfort. Erleben Sie den Unterschied eines Schuhs, der f\u00fcr Ihr Wohlbefinden entwickelt wurde und der es Ihnen erm\u00f6glicht, sich von morgens bis abends mit Selbstvertrauen und Leichtigkeit zu bewegen.<\/p>\n<p><h3>Gro\u00dfhandelsvorteil: Ihre Quelle f\u00fcr Premium-Schuhe<\/h3>\n<\/p>\n<p>F\u00fcr Einzelh\u00e4ndler und Unternehmen, die hochwertige, gefragte Schuhe auf Lager haben wollen, ist unser <b>Derby-Schuhe f\u00fcr M\u00e4nner aus braunem Leder<\/b> sind f\u00fcr den Gro\u00dfeinkauf erh\u00e4ltlich. Mit einer Mindestbestellmenge von nur 8 Paaren k\u00f6nnen Sie problemlos auf die W\u00fcnsche Ihrer Kundschaft eingehen. Wir bieten wettbewerbsf\u00e4hige Preise, die in unserer umfassenden Preisliste aufgef\u00fchrt sind, und garantieren Ihnen ein hervorragendes Preis-Leistungs-Verh\u00e4ltnis.<\/p>\n<p>Diese eleganten braunen Derbys in den Gr\u00f6\u00dfen 39 bis 45 vervollst\u00e4ndigen jede Kollektion. Rechnen Sie mit einer zuverl\u00e4ssigen Lieferzeit von ca. 12 Tagen plus Versand, damit Ihre Bestellung schnell bei Ihnen ankommt. Erh\u00f6hen Sie Ihr Inventar mit diesen klassischen und doch modernen <b>Derby-Schuhe f\u00fcr M\u00e4nner aus braunem Leder<\/b>, ein garantierter Favorit bei Ihren Kunden.<\/p>","protected":false},"excerpt":{"rendered":"<ul>\n<li>Au\u00dfen aus hochwertigem Kalbsleder und innen aus weichem Ziegenleder gefertigt.<\/li>\n<li>Die leichte und strapazierf\u00e4hige EVA-Sohle sorgt f\u00fcr ganzt\u00e4gigen Komfort.<\/li>\n<li>Erh\u00e4ltlich in einer breiten Palette von Gr\u00f6\u00dfen von 39 bis 45.<\/li>\n<li>Klassisches braunes Derby-Design mit moderner, dicker Sohle f\u00fcr mehr Stil und Komfort.<\/li>\n<li>Mindestbestellmenge: 8 Paar, ideal f\u00fcr Einzelh\u00e4ndler und Gro\u00dfabnehmer.<\/li>\n<li>Gesch\u00e4tzte Lieferzeit: 12 Tage plus Versand.<\/li>\n<li>Vielseitiges Design, geeignet f\u00fcr elegante, legere und halb-formelle Anl\u00e4sse.<\/li>\n<\/ul>","protected":false},"featured_media":3918,"template":"","meta":{"_acf_changed":false,"_uag_custom_page_level_css":"","site-sidebar-layout":"default","site-content-layout":"","ast-site-content-layout":"default","site-content-style":"default","site-sidebar-style":"default","ast-global-header-display":"","ast-banner-title-visibility":"","ast-main-header-display":"","ast-hfb-above-header-display":"","ast-hfb-below-header-display":"","ast-hfb-mobile-header-display":"","site-post-title":"","ast-breadcrumbs-content":"","ast-featured-img":"","footer-sml-layout":"","ast-disable-related-posts":"","theme-transparent-header-meta":"","adv-header-id-meta":"","stick-header-meta":"","header-above-stick-meta":"","header-main-stick-meta":"","header-below-stick-meta":"","astra-migrate-meta-layouts":"default","ast-page-background-enabled":"default","ast-page-background-meta":{"desktop":{"background-color":"var(--ast-global-color-4)","background-image":"","background-repeat":"repeat","background-position":"center center","background-size":"auto","background-attachment":"scroll","background-type":"","background-media":"","overlay-type":"","overlay-color":"","overlay-opacity":"","overlay-gradient":""},"tablet":{"background-color":"","background-image":"","background-repeat":"repeat","background-position":"center center","background-size":"auto","background-attachment":"scroll","background-type":"","background-media":"","overlay-type":"","overlay-color":"","overlay-opacity":"","overlay-gradient":""},"mobile":{"background-color":"","background-image":"","background-repeat":"repeat","background-position":"center center","background-size":"auto","background-attachment":"scroll","background-type":"","background-media":"","overlay-type":"","overlay-color":"","overlay-opacity":"","overlay-gradient":""}},"ast-content-background-meta":{"desktop":{"background-color":"var(--ast-global-color-5)","background-image":"","background-repeat":"repeat","background-position":"center center","background-size":"auto","background-attachment":"scroll","background-type":"","background-media":"","overlay-type":"","overlay-color":"","overlay-opacity":"","overlay-gradient":""},"tablet":{"background-color":"var(--ast-global-color-5)","background-image":"","background-repeat":"repeat","background-position":"center center","background-size":"auto","background-attachment":"scroll","background-type":"","background-media":"","overlay-type":"","overlay-color":"","overlay-opacity":"","overlay-gradient":""},"mobile":{"background-color":"var(--ast-global-color-5)","background-image":"","background-repeat":"repeat","background-position":"center center","background-size":"auto","background-attachment":"scroll","background-type":"","background-media":"","overlay-type":"","overlay-color":"","overlay-opacity":"","overlay-gradient":""}}},"product_brand":[],"product_cat":[48,47,49,430,40],"product_tag":[1070,185,340,287,189,351,872,787,840,280,1071,262],"class_list":{"0":"post-5860","1":"product","2":"type-product","3":"status-publish","4":"has-post-thumbnail","6":"product_cat-casual","7":"product_cat-classic","8":"product_cat-loafer","9":"product_cat-men","10":"product_cat-mens-shoes","11":"product_tag-brown-derbies","12":"product_tag-calf-leather-shoes","13":"product_tag-comfortable-mens-footwear","14":"product_tag-eva-sole-shoes","15":"product_tag-goat-leather-lining","16":"product_tag-leather-footwear","17":"product_tag-mens-brown-leather-derby-shoes","18":"product_tag-premium-mens-shoes","19":"product_tag-sizes-39-45","20":"product_tag-smart-casual-shoes","21":"product_tag-stylish-mens-derbies","22":"product_tag-wholesale-mens-shoes","23":"desktop-align-center","24":"tablet-align-center","25":"mobile-align-center","27":"first","28":"instock","29":"shipping-taxable","30":"purchasable","31":"product-type-variable","32":"has-default-attributes"},"acf":[],"uagb_featured_image_src":{"full":["https:\/\/turkishtrade.co\/wp-content\/uploads\/2026\/01\/2400EJOMN00359-DARK-BROWN-Z_7630-5-USD.png",453,250,false],"thumbnail":["https:\/\/turkishtrade.co\/wp-content\/uploads\/2026\/01\/2400EJOMN00359-DARK-BROWN-Z_7630-5-USD-150x150.png",150,150,true],"medium":["https:\/\/turkishtrade.co\/wp-content\/uploads\/2026\/01\/2400EJOMN00359-DARK-BROWN-Z_7630-5-USD-300x166.png",300,166,true],"medium_large":["https:\/\/turkishtrade.co\/wp-content\/uploads\/2026\/01\/2400EJOMN00359-DARK-BROWN-Z_7630-5-USD.png",453,250,false],"large":["https:\/\/turkishtrade.co\/wp-content\/uploads\/2026\/01\/2400EJOMN00359-DARK-BROWN-Z_7630-5-USD.png",453,250,false],"1536x1536":["https:\/\/turkishtrade.co\/wp-content\/uploads\/2026\/01\/2400EJOMN00359-DARK-BROWN-Z_7630-5-USD.png",453,250,false],"2048x2048":["https:\/\/turkishtrade.co\/wp-content\/uploads\/2026\/01\/2400EJOMN00359-DARK-BROWN-Z_7630-5-USD.png",453,250,false],"trp-custom-language-flag":["https:\/\/turkishtrade.co\/wp-content\/uploads\/2026\/01\/2400EJOMN00359-DARK-BROWN-Z_7630-5-USD-18x10.png",18,10,true],"woocommerce_thumbnail":["https:\/\/turkishtrade.co\/wp-content\/uploads\/2026\/01\/2400EJOMN00359-DARK-BROWN-Z_7630-5-USD-400x250.png",400,250,true],"woocommerce_single":["https:\/\/turkishtrade.co\/wp-content\/uploads\/2026\/01\/2400EJOMN00359-DARK-BROWN-Z_7630-5-USD.png",453,250,false],"woocommerce_gallery_thumbnail":["https:\/\/turkishtrade.co\/wp-content\/uploads\/2026\/01\/2400EJOMN00359-DARK-BROWN-Z_7630-5-USD-100x100.png",100,100,true]},"uagb_author_info":{"display_name":"yaser olabi","author_link":"https:\/\/turkishtrade.co\/de\/author\/"},"uagb_comment_info":0,"uagb_excerpt":"Crafted from premium calf leather exterior and soft goat leather interior. Features a lightweight and durable EVA sole for all-day comfort. Available in a comprehensive range of sizes from 39 to 45. Classic brown derby design with a modern, thick sole for enhanced style and comfort. Minimum order quantity: 8 pairs, perfect for retailers and&hellip;","_links":{"self":[{"href":"https:\/\/turkishtrade.co\/de\/wp-json\/wp\/v2\/product\/5860","targetHints":{"allow":["GET"]}}],"collection":[{"href":"https:\/\/turkishtrade.co\/de\/wp-json\/wp\/v2\/product"}],"about":[{"href":"https:\/\/turkishtrade.co\/de\/wp-json\/wp\/v2\/types\/product"}],"wp:featuredmedia":[{"embeddable":true,"href":"https:\/\/turkishtrade.co\/de\/wp-json\/wp\/v2\/media\/3918"}],"wp:attachment":[{"href":"https:\/\/turkishtrade.co\/de\/wp-json\/wp\/v2\/media?parent=5860"}],"wp:term":[{"taxonomy":"product_brand","embeddable":true,"href":"https:\/\/turkishtrade.co\/de\/wp-json\/wp\/v2\/product_brand?post=5860"},{"taxonomy":"product_cat","embeddable":true,"href":"https:\/\/turkishtrade.co\/de\/wp-json\/wp\/v2\/product_cat?post=5860"},{"taxonomy":"product_tag","embeddable":true,"href":"https:\/\/turkishtrade.co\/de\/wp-json\/wp\/v2\/product_tag?post=5860"}],"curies":[{"name":"wp","href":"https:\/\/api.w.org\/{rel}","templated":true}]}}