{"id":5853,"date":"2026-01-14T13:24:41","date_gmt":"2026-01-14T13:24:41","guid":{"rendered":"https:\/\/turkishtrade.co\/product\/men-s-black-chunky-derby-shoes\/"},"modified":"2026-04-09T19:22:07","modified_gmt":"2026-04-09T19:22:07","slug":"mens-black-chunky-derby-shoes","status":"publish","type":"product","link":"https:\/\/turkishtrade.co\/de\/shop\/mens-black-chunky-derby-shoes\/","title":{"rendered":"Premium Herren Schwarz Chunky Derby Schuhe"},"content":{"rendered":"<p><strong>Schwarze Chunky Derby-Schuhe f\u00fcr M\u00e4nner<\/strong><\/p>\n<p>Entdecken Sie die perfekte Mischung aus klassischer Eleganz und modernem Trend mit unserem <strong>Premium Herren Schwarz Chunky Derby Schuhe<\/strong>. Diese Schuhe wurden f\u00fcr anspruchsvolle Menschen entworfen und definieren zeitgen\u00f6ssisches Schuhwerk neu, indem sie sowohl au\u00dfergew\u00f6hnlichen Stil als auch dauerhaften Komfort bieten. Jedes Paar wird sorgf\u00e4ltig gefertigt, um die h\u00f6chsten Standards in Bezug auf Qualit\u00e4t und \u00c4sthetik zu erf\u00fcllen, was sie zu einer unverzichtbaren Erg\u00e4nzung f\u00fcr jede anspruchsvolle Garderobe macht.<\/p>\n<p><h3>Un\u00fcbertroffene Handwerkskunst und hochwertige Materialien<\/h3>\n<\/p>\n<p>Das \u00c4u\u00dfere dieser exquisiten <strong>Schwarze Chunky Derby-Schuhe f\u00fcr M\u00e4nner<\/strong> wird aus feinstem Kalbsleder hergestellt. Kalbsleder ist bekannt f\u00fcr seine glatte Textur, seine Strapazierf\u00e4higkeit und seinen nat\u00fcrlichen Glanz und bietet eine luxuri\u00f6se Oberfl\u00e4che, die sowohl optisch ansprechend als auch langlebig ist. Dieses hochwertige Material sorgt daf\u00fcr, dass Ihre Schuhe nicht nur gut aussehen, sondern auch dem Test der Zeit und des Verschlei\u00dfes standhalten.<\/p>\n<p>Der schlichte schwarze Farbton bietet eine unvergleichliche Vielseitigkeit, so dass diese Derby-Schuhe zu einer Vielzahl von Outfits und Anl\u00e4ssen passen.<\/p>\n<p>Beim Betreten des Schuhs erleben Sie das pr\u00e4chtige Gef\u00fchl eines Vollfutters aus Ziegenleder. Ziegenleder ist bekannt f\u00fcr seine Weichheit, Flexibilit\u00e4t und hervorragende Atmungsaktivit\u00e4t und bietet einen unvergleichlichen Komfort. Es schmiegt sich sanft an Ihren Fu\u00df an, verringert die Reibung und verbessert das gesamte Tragegef\u00fchl, auch bei l\u00e4ngerem Tragen. Dieses durchdachte Innendesign sorgt daf\u00fcr, dass Ihre F\u00fc\u00dfe den ganzen Tag \u00fcber bequem und frisch bleiben.<\/p>\n<p><h3>Modernes Design mit einer klobigen EVA-Sohle<\/h3>\n<\/p>\n<p>Was macht diese <strong>Schwarze Chunky Derby-Schuhe f\u00fcr M\u00e4nner<\/strong> ist ihre unverwechselbare klobige EVA-Sohle. Diese moderne Sohle verleiht der klassischen Derby-Silhouette nicht nur einen modischen, zeitgem\u00e4\u00dfen Akzent, sondern bietet auch erhebliche funktionelle Vorteile. EVA (Ethylen-Vinylacetat) ist ein leichtes, flexibles und hochgradig sto\u00dfd\u00e4mpfendes Material, das bei jedem Schritt f\u00fcr hervorragende D\u00e4mpfung und Komfort sorgt.<\/p>\n<p>Das robuste Stollenprofil der Sohle sorgt f\u00fcr hervorragende Traktion und Stabilit\u00e4t und macht diese Schuhe perfekt f\u00fcr die Navigation in verschiedenen st\u00e4dtischen Umgebungen. Das klobige Design sorgt f\u00fcr eine subtile Erh\u00f6hung, die Ihre Haltung verbessert und Ihrem Gang einen sicheren Schritt verleiht.<\/p>\n<p><h3>Vielseitigkeit und Gro\u00dfhandelschancen<\/h3>\n<\/p>\n<p>Diese <strong>Schwarze Chunky Derby-Schuhe f\u00fcr M\u00e4nner<\/strong> sind unglaublich vielseitig. Kombinieren Sie sie mit ma\u00dfgeschneiderten Hosen f\u00fcr einen eleganten Business-Casual-Look, oder kombinieren Sie sie mit dunklen Jeans und einer stilvollen Jacke f\u00fcr ein elegantes Wochenend-Ensemble. Ihre zeitlose schwarze Farbe und ihr modernes Profil machen sie zur ersten Wahl f\u00fcr verschiedene Anl\u00e4sse, von beruflichen Meetings bis hin zu gesellschaftlichen Zusammenk\u00fcnften.<\/p>\n<p>Erh\u00e4ltlich in den Gr\u00f6\u00dfen 39 bis 45, sprechen wir ein breites Spektrum von Kunden an, so dass f\u00fcr viele eine perfekte Passform gew\u00e4hrleistet ist.<\/p>\n<p>F\u00fcr Unternehmen, die hochwertige Schuhe anbieten m\u00f6chten, sind diese Derby-Schuhe ab einer Mindestbestellmenge von 8 Paaren im Gro\u00dfhandel erh\u00e4ltlich. Wir sind stolz auf unsere effiziente Logistik mit Lieferzeiten von ca. 12 Tagen plus Versand, so dass Ihre Ware schnellstm\u00f6glich bei Ihnen eintrifft. Werten Sie Ihr Inventar mit diesen hochwertigen, modischen Schuhen auf. <strong>Schwarze Chunky Derby-Schuhe f\u00fcr M\u00e4nner<\/strong> und bieten Sie Ihrer Kundschaft ein Produkt, das sich wirklich von anderen abhebt.<\/p>","protected":false},"excerpt":{"rendered":"<ul>\n<li>Gefertigt aus hochwertigem Kalbsleder f\u00fcr ein anspruchsvolles \u00c4u\u00dferes.<\/li>\n<li>Die Innenausstattung aus luxuri\u00f6sem Ziegenleder garantiert maximalen Komfort und Atmungsaktivit\u00e4t.<\/li>\n<li>Die moderne, strapazierf\u00e4hige EVA-Sohle sorgt f\u00fcr exzellenten Grip und ein modernes Erscheinungsbild.<\/li>\n<li>Erh\u00e4ltlich in einer umfangreichen Gr\u00f6\u00dfenpalette: 39, 40, 41, 42, 43, 44, 45.<\/li>\n<li>Mindestbestellmenge 8 Paare, ideal f\u00fcr Gro\u00dfhandel und Gro\u00dfabnehmer.<\/li>\n<li>Zuverl\u00e4ssige Lieferung innerhalb von 12 Tagen, zuz\u00fcglich Versandzeit.<\/li>\n<\/ul>","protected":false},"featured_media":3915,"template":"","meta":{"_acf_changed":false,"_uag_custom_page_level_css":"","site-sidebar-layout":"default","site-content-layout":"","ast-site-content-layout":"default","site-content-style":"default","site-sidebar-style":"default","ast-global-header-display":"","ast-banner-title-visibility":"","ast-main-header-display":"","ast-hfb-above-header-display":"","ast-hfb-below-header-display":"","ast-hfb-mobile-header-display":"","site-post-title":"","ast-breadcrumbs-content":"","ast-featured-img":"","footer-sml-layout":"","ast-disable-related-posts":"","theme-transparent-header-meta":"","adv-header-id-meta":"","stick-header-meta":"","header-above-stick-meta":"","header-main-stick-meta":"","header-below-stick-meta":"","astra-migrate-meta-layouts":"default","ast-page-background-enabled":"default","ast-page-background-meta":{"desktop":{"background-color":"var(--ast-global-color-4)","background-image":"","background-repeat":"repeat","background-position":"center center","background-size":"auto","background-attachment":"scroll","background-type":"","background-media":"","overlay-type":"","overlay-color":"","overlay-opacity":"","overlay-gradient":""},"tablet":{"background-color":"","background-image":"","background-repeat":"repeat","background-position":"center center","background-size":"auto","background-attachment":"scroll","background-type":"","background-media":"","overlay-type":"","overlay-color":"","overlay-opacity":"","overlay-gradient":""},"mobile":{"background-color":"","background-image":"","background-repeat":"repeat","background-position":"center center","background-size":"auto","background-attachment":"scroll","background-type":"","background-media":"","overlay-type":"","overlay-color":"","overlay-opacity":"","overlay-gradient":""}},"ast-content-background-meta":{"desktop":{"background-color":"var(--ast-global-color-5)","background-image":"","background-repeat":"repeat","background-position":"center center","background-size":"auto","background-attachment":"scroll","background-type":"","background-media":"","overlay-type":"","overlay-color":"","overlay-opacity":"","overlay-gradient":""},"tablet":{"background-color":"var(--ast-global-color-5)","background-image":"","background-repeat":"repeat","background-position":"center center","background-size":"auto","background-attachment":"scroll","background-type":"","background-media":"","overlay-type":"","overlay-color":"","overlay-opacity":"","overlay-gradient":""},"mobile":{"background-color":"var(--ast-global-color-5)","background-image":"","background-repeat":"repeat","background-position":"center center","background-size":"auto","background-attachment":"scroll","background-type":"","background-media":"","overlay-type":"","overlay-color":"","overlay-opacity":"","overlay-gradient":""}}},"product_brand":[],"product_cat":[48,47,49,430,40],"product_tag":[949,196,202,436,212,438,732,189,440,400,281],"class_list":{"0":"post-5853","1":"product","2":"type-product","3":"status-publish","4":"has-post-thumbnail","6":"product_cat-casual","7":"product_cat-classic","8":"product_cat-loafer","9":"product_cat-men","10":"product_cat-mens-shoes","11":"product_tag-b2b-footwear","12":"product_tag-black-leather-shoes","13":"product_tag-calf-leather","14":"product_tag-chunky-sole","15":"product_tag-derby-shoes","16":"product_tag-eva-sole","17":"product_tag-fashion-shoes","18":"product_tag-goat-leather-lining","19":"product_tag-modern-derby","20":"product_tag-platform-shoes","21":"product_tag-wholesale-shoes","22":"desktop-align-center","23":"tablet-align-center","24":"mobile-align-center","26":"first","27":"instock","28":"shipping-taxable","29":"purchasable","30":"product-type-variable","31":"has-default-attributes"},"acf":[],"uagb_featured_image_src":{"full":["https:\/\/turkishtrade.co\/wp-content\/uploads\/2026\/01\/2400EJOMN00356-BLACK-DKS_7659_1-fusped-2-USD.png",453,250,false],"thumbnail":["https:\/\/turkishtrade.co\/wp-content\/uploads\/2026\/01\/2400EJOMN00356-BLACK-DKS_7659_1-fusped-2-USD-150x150.png",150,150,true],"medium":["https:\/\/turkishtrade.co\/wp-content\/uploads\/2026\/01\/2400EJOMN00356-BLACK-DKS_7659_1-fusped-2-USD-300x166.png",300,166,true],"medium_large":["https:\/\/turkishtrade.co\/wp-content\/uploads\/2026\/01\/2400EJOMN00356-BLACK-DKS_7659_1-fusped-2-USD.png",453,250,false],"large":["https:\/\/turkishtrade.co\/wp-content\/uploads\/2026\/01\/2400EJOMN00356-BLACK-DKS_7659_1-fusped-2-USD.png",453,250,false],"1536x1536":["https:\/\/turkishtrade.co\/wp-content\/uploads\/2026\/01\/2400EJOMN00356-BLACK-DKS_7659_1-fusped-2-USD.png",453,250,false],"2048x2048":["https:\/\/turkishtrade.co\/wp-content\/uploads\/2026\/01\/2400EJOMN00356-BLACK-DKS_7659_1-fusped-2-USD.png",453,250,false],"trp-custom-language-flag":["https:\/\/turkishtrade.co\/wp-content\/uploads\/2026\/01\/2400EJOMN00356-BLACK-DKS_7659_1-fusped-2-USD-18x10.png",18,10,true],"woocommerce_thumbnail":["https:\/\/turkishtrade.co\/wp-content\/uploads\/2026\/01\/2400EJOMN00356-BLACK-DKS_7659_1-fusped-2-USD-400x250.png",400,250,true],"woocommerce_single":["https:\/\/turkishtrade.co\/wp-content\/uploads\/2026\/01\/2400EJOMN00356-BLACK-DKS_7659_1-fusped-2-USD.png",453,250,false],"woocommerce_gallery_thumbnail":["https:\/\/turkishtrade.co\/wp-content\/uploads\/2026\/01\/2400EJOMN00356-BLACK-DKS_7659_1-fusped-2-USD-100x100.png",100,100,true]},"uagb_author_info":{"display_name":"yaser olabi","author_link":"https:\/\/turkishtrade.co\/de\/author\/"},"uagb_comment_info":0,"uagb_excerpt":"Crafted from premium calf leather exterior for sophisticated appeal. Luxurious goat leather interior ensures maximum comfort and breathability. Features a contemporary, durable chunky EVA sole for excellent grip and modern elevation. Available in a comprehensive size range: 39, 40, 41, 42, 43, 44, 45. Minimum order quantity of 8 pairs, ideal for wholesale and bulk&hellip;","_links":{"self":[{"href":"https:\/\/turkishtrade.co\/de\/wp-json\/wp\/v2\/product\/5853","targetHints":{"allow":["GET"]}}],"collection":[{"href":"https:\/\/turkishtrade.co\/de\/wp-json\/wp\/v2\/product"}],"about":[{"href":"https:\/\/turkishtrade.co\/de\/wp-json\/wp\/v2\/types\/product"}],"wp:featuredmedia":[{"embeddable":true,"href":"https:\/\/turkishtrade.co\/de\/wp-json\/wp\/v2\/media\/3915"}],"wp:attachment":[{"href":"https:\/\/turkishtrade.co\/de\/wp-json\/wp\/v2\/media?parent=5853"}],"wp:term":[{"taxonomy":"product_brand","embeddable":true,"href":"https:\/\/turkishtrade.co\/de\/wp-json\/wp\/v2\/product_brand?post=5853"},{"taxonomy":"product_cat","embeddable":true,"href":"https:\/\/turkishtrade.co\/de\/wp-json\/wp\/v2\/product_cat?post=5853"},{"taxonomy":"product_tag","embeddable":true,"href":"https:\/\/turkishtrade.co\/de\/wp-json\/wp\/v2\/product_tag?post=5853"}],"curies":[{"name":"wp","href":"https:\/\/api.w.org\/{rel}","templated":true}]}}