{"id":5836,"date":"2026-01-14T13:22:44","date_gmt":"2026-01-14T13:22:44","guid":{"rendered":"https:\/\/turkishtrade.co\/product\/mens-classic-leather-loafers-3\/"},"modified":"2026-04-09T19:22:38","modified_gmt":"2026-04-09T19:22:38","slug":"mens-classic-leather-loafers-3","status":"publish","type":"product","link":"https:\/\/turkishtrade.co\/de\/shop\/mens-classic-leather-loafers-3\/","title":{"rendered":"Klassische Herren Leder Loafers | Premium Penny Style"},"content":{"rendered":"<p><strong>Klassische Leder-Loafer f\u00fcr M\u00e4nner<\/strong><\/p>\n<p>Erweitern Sie Ihre Schuhkollektion mit unseren exquisiten <b>Klassische Leder-Loafer f\u00fcr M\u00e4nner<\/b>. Diese hochwertigen Penny Loafers wurden f\u00fcr den modernen Gentleman entworfen, der sowohl Stil als auch Komfort sch\u00e4tzt. Sie sind ein wahres Zeugnis zeitloser Handwerkskunst. Ganz gleich, ob Sie sich f\u00fcr ein Gesch\u00e4ftstreffen, eine l\u00e4ssige Veranstaltung oder einfach f\u00fcr den Alltag kleiden m\u00f6chten, unsere <b>Klassische Leder-Loafer f\u00fcr M\u00e4nner<\/b> bieten eine unvergleichliche Vielseitigkeit und Eleganz.<\/p>\n<p>Jedes Paar wird sorgf\u00e4ltig hergestellt, um dauerhafte Qualit\u00e4t und ein hervorragendes Aussehen zu gew\u00e4hrleisten.<\/p>\n<p><h3>Erleben Sie un\u00fcbertroffenen Komfort und zeitlosen Stil mit unseren klassischen Loafers aus Leder f\u00fcr Herren<\/h3>\n<\/p>\n<p>Erleben Sie luxuri\u00f6sen Komfort bei jedem Schritt. Das \u00c4u\u00dfere dieser au\u00dfergew\u00f6hnlichen <b>Klassische Leder-Loafer f\u00fcr M\u00e4nner<\/b> ist aus feinstem Kalbsleder gefertigt, das f\u00fcr seine geschmeidige Textur, seine Langlebigkeit und seine F\u00e4higkeit, sch\u00f6n zu altern, bekannt ist. Erg\u00e4nzend zu diesem robusten \u00c4u\u00dferen ist das Innere mit weichem, geschmeidigem Ziegenleder gef\u00fcttert, das den ganzen Tag \u00fcber ein atmungsaktives und komfortables Erlebnis garantiert.<\/p>\n<p>Der kultige Penny-Riemen und das subtile Fransendetail verleihen diesem Modell einen Hauch von traditionellem Charme. <b>Klassische Leder-Loafer f\u00fcr M\u00e4nner<\/b> eine anspruchsvolle Wahl f\u00fcr jede anspruchsvolle Garderobe.<\/p>\n<p><h3>Erstklassige Handwerkskunst f\u00fcr dauerhafte Qualit\u00e4t<\/h3>\n<\/p>\n<p>Unser Engagement f\u00fcr Qualit\u00e4t ist in jeder Naht zu erkennen. Die robuste EVA-Sohle sorgt f\u00fcr hervorragende D\u00e4mpfung und Unterst\u00fctzung, so dass diese <b>Klassische Leder-Loafer f\u00fcr M\u00e4nner<\/b> unglaublich bequem f\u00fcr langes Tragen und gleichzeitig ein klassisches Profil mit einer dezenten Absatzh\u00f6he von 1-3 cm.<\/p>\n<p>Diese sorgf\u00e4ltige Materialkombination sorgt nicht nur f\u00fcr sofortigen Komfort, sondern auch f\u00fcr lange Haltbarkeit, so dass Sie jahrelang Freude an Ihren Schuhen haben werden. Investieren Sie in ein Paar <b>Klassische Leder-Loafer f\u00fcr M\u00e4nner<\/b> die langlebig und beeindruckend gestaltet sind.<\/p>\n<p><h3>Unverzichtbar f\u00fcr Ihre Garderobe: Klassische Loafer aus Leder f\u00fcr M\u00e4nner<\/h3>\n<\/p>\n<p>Erh\u00e4ltlich in essentiellem Schwarz und sattem Braun, diese <b>Klassische Leder-Loafer f\u00fcr M\u00e4nner<\/b> sind perfekt geeignet, um eine breite Palette von Outfits zu erg\u00e4nzen. Kombinieren Sie sie mit ma\u00dfgeschneiderten Hosen f\u00fcr einen scharfen B\u00fcro-Look, mit Chinos f\u00fcr ein gehobenes Freizeit-Ensemble oder sogar mit dunklen Jeans f\u00fcr einen raffinierten Wochenend-Look. Ihr anpassungsf\u00e4higes Design macht sie zu einer unverzichtbaren Erg\u00e4nzung der Schuhsammlung eines jeden Mannes, die sich problemlos von formellen Anl\u00e4ssen bis hin zu entspannten gesellschaftlichen Zusammenk\u00fcnften tragen l\u00e4sst.<\/p>\n<p>Wir bieten ein umfassendes Gr\u00f6\u00dfensortiment von 39 bis 45 an, das jedem Kunden eine perfekte Passform garantiert.<\/p>\n<p>F\u00fcr Einzelh\u00e4ndler und Unternehmen sind diese hochwertigen <b>Klassische Leder-Loafer f\u00fcr M\u00e4nner<\/b> sind ab einer Mindestbestellmenge von 8 Paaren f\u00fcr den Gro\u00dfhandel erh\u00e4ltlich. Mit einer Vorlaufzeit von nur 12 Tagen plus Versand k\u00f6nnen Sie Ihren Bestand schnell mit einem Produkt aufstocken, das Kundenzufriedenheit verspricht. Bieten Sie Ihren Kunden den \u00fcberlegenen Komfort und den dauerhaften Stil dieser au\u00dfergew\u00f6hnlichen <b>Klassische Leder-Loafer f\u00fcr M\u00e4nner<\/b> und beobachten Sie, wie sie zu Bestsellern werden.<\/p>\n<p>Entdecken Sie heute die perfekte Mischung aus Tradition und moderner Eleganz.<\/p>","protected":false},"excerpt":{"rendered":"<ul>\n<li><b>\u00c4u\u00dferes:<\/b> Hochwertiges Kalbsleder f\u00fcr ein raffiniertes Finish.<\/li>\n<li><b>Innen:<\/b> Weiches und atmungsaktives Ziegenlederfutter f\u00fcr ultimativen Komfort.<\/li>\n<li><b>Seezunge:<\/b> Leichte und strapazierf\u00e4hige EVA-Sohle.<\/li>\n<li><b>Absatzh\u00f6he:<\/b> Klassischer Loafer, 1-3 cm hoch, f\u00fcr den ganzen Tag.<\/li>\n<li><b>Verf\u00fcgbare Gr\u00f6\u00dfen:<\/b> 39, 40, 41, 42, 43, 44, 45.<\/li>\n<li><b>Verf\u00fcgbarkeit im Gro\u00dfhandel:<\/b> Mindestbestellmenge 8 Paare.<\/li>\n<li><b>Lieferung:<\/b> Versand in 12 Tagen + Standardfrachtzeit.<\/li>\n<\/ul>","protected":false},"featured_media":3907,"template":"","meta":{"_acf_changed":false,"_uag_custom_page_level_css":"","site-sidebar-layout":"default","site-content-layout":"","ast-site-content-layout":"default","site-content-style":"default","site-sidebar-style":"default","ast-global-header-display":"","ast-banner-title-visibility":"","ast-main-header-display":"","ast-hfb-above-header-display":"","ast-hfb-below-header-display":"","ast-hfb-mobile-header-display":"","site-post-title":"","ast-breadcrumbs-content":"","ast-featured-img":"","footer-sml-layout":"","ast-disable-related-posts":"","theme-transparent-header-meta":"","adv-header-id-meta":"","stick-header-meta":"","header-above-stick-meta":"","header-main-stick-meta":"","header-below-stick-meta":"","astra-migrate-meta-layouts":"default","ast-page-background-enabled":"default","ast-page-background-meta":{"desktop":{"background-color":"var(--ast-global-color-4)","background-image":"","background-repeat":"repeat","background-position":"center center","background-size":"auto","background-attachment":"scroll","background-type":"","background-media":"","overlay-type":"","overlay-color":"","overlay-opacity":"","overlay-gradient":""},"tablet":{"background-color":"","background-image":"","background-repeat":"repeat","background-position":"center center","background-size":"auto","background-attachment":"scroll","background-type":"","background-media":"","overlay-type":"","overlay-color":"","overlay-opacity":"","overlay-gradient":""},"mobile":{"background-color":"","background-image":"","background-repeat":"repeat","background-position":"center center","background-size":"auto","background-attachment":"scroll","background-type":"","background-media":"","overlay-type":"","overlay-color":"","overlay-opacity":"","overlay-gradient":""}},"ast-content-background-meta":{"desktop":{"background-color":"var(--ast-global-color-5)","background-image":"","background-repeat":"repeat","background-position":"center center","background-size":"auto","background-attachment":"scroll","background-type":"","background-media":"","overlay-type":"","overlay-color":"","overlay-opacity":"","overlay-gradient":""},"tablet":{"background-color":"var(--ast-global-color-5)","background-image":"","background-repeat":"repeat","background-position":"center center","background-size":"auto","background-attachment":"scroll","background-type":"","background-media":"","overlay-type":"","overlay-color":"","overlay-opacity":"","overlay-gradient":""},"mobile":{"background-color":"var(--ast-global-color-5)","background-image":"","background-repeat":"repeat","background-position":"center center","background-size":"auto","background-attachment":"scroll","background-type":"","background-media":"","overlay-type":"","overlay-color":"","overlay-opacity":"","overlay-gradient":""}}},"product_brand":[],"product_cat":[48,47,49,430,40],"product_tag":[370,147,202,449,457,220,284,352,483,437,215,186,279,184,281],"class_list":{"0":"post-5836","1":"product","2":"type-product","3":"status-publish","4":"has-post-thumbnail","6":"product_cat-casual","7":"product_cat-classic","8":"product_cat-loafer","9":"product_cat-men","10":"product_cat-mens-shoes","11":"product_tag-black-loafers","12":"product_tag-brown-loafers","13":"product_tag-calf-leather","14":"product_tag-casual-shoes","15":"product_tag-classic-loafers","16":"product_tag-comfortable-loafers","17":"product_tag-dress-shoes","18":"product_tag-formal-loafers","19":"product_tag-fringe-loafers","20":"product_tag-goat-leather","21":"product_tag-leather-loafers","22":"product_tag-mens-loafers","23":"product_tag-penny-loafers","24":"product_tag-slip-on-shoes","25":"product_tag-wholesale-shoes","26":"desktop-align-center","27":"tablet-align-center","28":"mobile-align-center","30":"first","31":"instock","32":"shipping-taxable","33":"purchasable","34":"product-type-variable","35":"has-default-attributes"},"acf":[],"uagb_featured_image_src":{"full":["https:\/\/turkishtrade.co\/wp-content\/uploads\/2026\/01\/2400EJOMN00321-DARK-BROWN-X_78.png",453,250,false],"thumbnail":["https:\/\/turkishtrade.co\/wp-content\/uploads\/2026\/01\/2400EJOMN00321-DARK-BROWN-X_78-150x150.png",150,150,true],"medium":["https:\/\/turkishtrade.co\/wp-content\/uploads\/2026\/01\/2400EJOMN00321-DARK-BROWN-X_78-300x166.png",300,166,true],"medium_large":["https:\/\/turkishtrade.co\/wp-content\/uploads\/2026\/01\/2400EJOMN00321-DARK-BROWN-X_78.png",453,250,false],"large":["https:\/\/turkishtrade.co\/wp-content\/uploads\/2026\/01\/2400EJOMN00321-DARK-BROWN-X_78.png",453,250,false],"1536x1536":["https:\/\/turkishtrade.co\/wp-content\/uploads\/2026\/01\/2400EJOMN00321-DARK-BROWN-X_78.png",453,250,false],"2048x2048":["https:\/\/turkishtrade.co\/wp-content\/uploads\/2026\/01\/2400EJOMN00321-DARK-BROWN-X_78.png",453,250,false],"trp-custom-language-flag":["https:\/\/turkishtrade.co\/wp-content\/uploads\/2026\/01\/2400EJOMN00321-DARK-BROWN-X_78-18x10.png",18,10,true],"woocommerce_thumbnail":["https:\/\/turkishtrade.co\/wp-content\/uploads\/2026\/01\/2400EJOMN00321-DARK-BROWN-X_78-400x250.png",400,250,true],"woocommerce_single":["https:\/\/turkishtrade.co\/wp-content\/uploads\/2026\/01\/2400EJOMN00321-DARK-BROWN-X_78.png",453,250,false],"woocommerce_gallery_thumbnail":["https:\/\/turkishtrade.co\/wp-content\/uploads\/2026\/01\/2400EJOMN00321-DARK-BROWN-X_78-100x100.png",100,100,true]},"uagb_author_info":{"display_name":"yaser olabi","author_link":"https:\/\/turkishtrade.co\/de\/author\/"},"uagb_comment_info":0,"uagb_excerpt":"Exterior: Premium Calf Leather for a refined finish. Interior: Soft and breathable Goat Leather lining for ultimate comfort. Sole: Lightweight and durable EVA sole. Heel Height: Classic loafer height, 1-3 cm for all-day wear. Sizes Available: 39, 40, 41, 42, 43, 44, 45. Wholesale Availability: Minimum order of 8 pairs. Delivery: Ships in 12 days&hellip;","_links":{"self":[{"href":"https:\/\/turkishtrade.co\/de\/wp-json\/wp\/v2\/product\/5836","targetHints":{"allow":["GET"]}}],"collection":[{"href":"https:\/\/turkishtrade.co\/de\/wp-json\/wp\/v2\/product"}],"about":[{"href":"https:\/\/turkishtrade.co\/de\/wp-json\/wp\/v2\/types\/product"}],"wp:featuredmedia":[{"embeddable":true,"href":"https:\/\/turkishtrade.co\/de\/wp-json\/wp\/v2\/media\/3907"}],"wp:attachment":[{"href":"https:\/\/turkishtrade.co\/de\/wp-json\/wp\/v2\/media?parent=5836"}],"wp:term":[{"taxonomy":"product_brand","embeddable":true,"href":"https:\/\/turkishtrade.co\/de\/wp-json\/wp\/v2\/product_brand?post=5836"},{"taxonomy":"product_cat","embeddable":true,"href":"https:\/\/turkishtrade.co\/de\/wp-json\/wp\/v2\/product_cat?post=5836"},{"taxonomy":"product_tag","embeddable":true,"href":"https:\/\/turkishtrade.co\/de\/wp-json\/wp\/v2\/product_tag?post=5836"}],"curies":[{"name":"wp","href":"https:\/\/api.w.org\/{rel}","templated":true}]}}