{"id":5812,"date":"2026-01-14T13:18:57","date_gmt":"2026-01-14T13:18:57","guid":{"rendered":"https:\/\/turkishtrade.co\/product\/mens-casual-leather-monk-strap-shoes\/"},"modified":"2026-04-09T19:23:18","modified_gmt":"2026-04-09T19:23:18","slug":"mens-casual-leather-monk-strap-shoes","status":"publish","type":"product","link":"https:\/\/turkishtrade.co\/de\/shop\/mens-casual-leather-monk-strap-shoes\/","title":{"rendered":"Herren Freizeitschuhe aus Leder mit M\u00f6nchsriemen und Wildlederverzierung"},"content":{"rendered":"<p><strong>Herren Casual Leder M\u00f6nchsriemen Schuhe<\/strong><\/p>\n<p>Steigen Sie ein in anspruchsvollen Komfort mit unserem Premium <b>Herren Casual Leder M\u00f6nchsriemen Schuhe<\/b>. Diese Schuhe wurden f\u00fcr anspruchsvolle Menschen entworfen und verbinden m\u00fchelos klassische Eleganz mit Alltagstauglichkeit. Mit viel Liebe zum Detail gefertigt, sind sie die ideale Wahl f\u00fcr alle, die auf der Suche nach hochwertigem Schuhwerk sind, das sich abhebt. Egal, ob Sie sich f\u00fcr das zeitlose Schwarz oder das satte Braun entscheiden, diese Schuhe mit M\u00f6nchsriemen sind garantiert eine Bereicherung f\u00fcr Ihren Stil.<\/p>\n<p><h3>Unvergleichliche Handwerkskunst und Materialien<\/h3>\n<\/p>\n<p>Jedes Paar dieser exquisiten <b>Herren Casual Leder M\u00f6nchsriemen Schuhe<\/b> ist ein Zeugnis h\u00f6chster Handwerkskunst. Das \u00c4u\u00dfere ist aus luxuri\u00f6sem, echtem Kalbsleder gefertigt, das f\u00fcr seine glatte Textur, seine Haltbarkeit und seine F\u00e4higkeit, sch\u00f6n zu altern, bekannt ist. Erg\u00e4nzend zum Leder ziert ein raffinierter Wildledereinsatz das Vorderblatt und verleiht ihm einen Hauch von modernem Flair und einzigartigem visuellen Interesse.<\/p>\n<p>Innen werden Ihre F\u00fc\u00dfe von echtem Ziegenleder umarmt, das f\u00fcr au\u00dfergew\u00f6hnliche Atmungsaktivit\u00e4t und Komfort sorgt, der den ganzen Tag anh\u00e4lt. Diese Kombination aus hochwertigen Materialien sorgt f\u00fcr einen Schuh, der nicht nur stilvoll, sondern auch unglaublich bequem und langlebig ist.<\/p>\n<p>Die Grundlage f\u00fcr diese bemerkenswerten <b>Herren Casual Leder M\u00f6nchsriemen Schuhe<\/b> ruht auf einer leichten und dennoch robusten EVA-Sohle. Dieses fortschrittliche Material bietet eine hervorragende D\u00e4mpfung und Sto\u00dfabsorption, so dass jeder Schritt ein Vergn\u00fcgen ist. Der klassisch niedrige Absatz, typischerweise zwischen 1-3 cm, sorgt f\u00fcr Stabilit\u00e4t und einen bequemen Schritt, perfekt f\u00fcr lange Tage auf den Beinen und entspannte Abende.<\/p>\n<p>Das kultige M\u00f6nchsriemen-Design mit den eleganten Metallschnallen verleiht dem Schuh einen unverwechselbaren Charakter und erm\u00f6glicht ein einfaches An- und Ausziehen bei gleichzeitig sicherem Sitz.<\/p>\n<p><h3>Vielseitigkeit und Gro\u00dfhandelsm\u00f6glichkeiten<\/h3>\n<\/p>\n<p>Unser <b>Herren Casual Leder M\u00f6nchsriemen Schuhe<\/b> sind unglaublich vielseitig und lassen sich nahtlos vom legeren B\u00fcroalltag bis zu l\u00e4ssigen Anl\u00e4ssen kombinieren. Sie lassen sich perfekt mit Chinos, ma\u00dfgeschneiderten Hosen oder sogar hochwertigen Jeans kombinieren und sind damit ein Eckpfeiler jeder modernen Garderobe. Erh\u00e4ltlich in einer breiten Palette von Gr\u00f6\u00dfen von 39 bis 45, gew\u00e4hrleisten wir eine perfekte Passform f\u00fcr eine Vielzahl von Kunden.<\/p>\n<p>F\u00fcr Unternehmen, die hochwertige, modische Herrenschuhe auf Lager haben m\u00f6chten, sind diese M\u00f6nchsriemenschuhe eine ausgezeichnete Wahl. Wir bieten attraktive Gro\u00dfhandelsoptionen mit einer Mindestbestellmenge von nur 8 Paar. Unsere effiziente Logistik sorgt f\u00fcr eine zuverl\u00e4ssige Lieferzeit von ca. 12 Tagen plus Versand, so dass Sie Ihren Bestand leicht auff\u00fcllen oder eine neue Kollektion einf\u00fchren k\u00f6nnen.<\/p>\n<p>Investieren Sie in unser <b>Herren Casual Leder M\u00f6nchsriemen Schuhe<\/b> und bieten Sie Ihren Kunden eine Mischung aus Luxus, Komfort und zeitlosem Stil.<\/p>","protected":false},"excerpt":{"rendered":"<ul>\n<li>Gefertigt aus echtem Kalbsleder mit stilvollen Wildlederdetails.<\/li>\n<li>Weiche und atmungsaktive Innenausstattung aus Ziegenleder f\u00fcr ultimativen Komfort.<\/li>\n<li>Mit einer leichten und strapazierf\u00e4higen EVA-Sohle.<\/li>\n<li>Klassischer niedriger Absatz (1-3 cm) f\u00fcr die t\u00e4gliche Freizeitgestaltung.<\/li>\n<li>Erh\u00e4ltlich in einer umfangreichen Gr\u00f6\u00dfenpalette: 39, 40, 41, 42, 43, 44, 45.<\/li>\n<li>M\u00f6glichkeit f\u00fcr den Gro\u00dfhandel: Mindestbestellmenge von 8 Paaren.<\/li>\n<li>Zuverl\u00e4ssige Lieferung innerhalb von 12 Tagen + Versand.<\/li>\n<\/ul>","protected":false},"featured_media":3892,"template":"","meta":{"_acf_changed":false,"_uag_custom_page_level_css":"","site-sidebar-layout":"default","site-content-layout":"","ast-site-content-layout":"default","site-content-style":"default","site-sidebar-style":"default","ast-global-header-display":"","ast-banner-title-visibility":"","ast-main-header-display":"","ast-hfb-above-header-display":"","ast-hfb-below-header-display":"","ast-hfb-mobile-header-display":"","site-post-title":"","ast-breadcrumbs-content":"","ast-featured-img":"","footer-sml-layout":"","ast-disable-related-posts":"","theme-transparent-header-meta":"","adv-header-id-meta":"","stick-header-meta":"","header-above-stick-meta":"","header-main-stick-meta":"","header-below-stick-meta":"","astra-migrate-meta-layouts":"default","ast-page-background-enabled":"default","ast-page-background-meta":{"desktop":{"background-color":"var(--ast-global-color-4)","background-image":"","background-repeat":"repeat","background-position":"center center","background-size":"auto","background-attachment":"scroll","background-type":"","background-media":"","overlay-type":"","overlay-color":"","overlay-opacity":"","overlay-gradient":""},"tablet":{"background-color":"","background-image":"","background-repeat":"repeat","background-position":"center center","background-size":"auto","background-attachment":"scroll","background-type":"","background-media":"","overlay-type":"","overlay-color":"","overlay-opacity":"","overlay-gradient":""},"mobile":{"background-color":"","background-image":"","background-repeat":"repeat","background-position":"center center","background-size":"auto","background-attachment":"scroll","background-type":"","background-media":"","overlay-type":"","overlay-color":"","overlay-opacity":"","overlay-gradient":""}},"ast-content-background-meta":{"desktop":{"background-color":"var(--ast-global-color-5)","background-image":"","background-repeat":"repeat","background-position":"center center","background-size":"auto","background-attachment":"scroll","background-type":"","background-media":"","overlay-type":"","overlay-color":"","overlay-opacity":"","overlay-gradient":""},"tablet":{"background-color":"var(--ast-global-color-5)","background-image":"","background-repeat":"repeat","background-position":"center center","background-size":"auto","background-attachment":"scroll","background-type":"","background-media":"","overlay-type":"","overlay-color":"","overlay-opacity":"","overlay-gradient":""},"mobile":{"background-color":"var(--ast-global-color-5)","background-image":"","background-repeat":"repeat","background-position":"center center","background-size":"auto","background-attachment":"scroll","background-type":"","background-media":"","overlay-type":"","overlay-color":"","overlay-opacity":"","overlay-gradient":""}}},"product_brand":[],"product_cat":[48,47,49,430,40],"product_tag":[605,218,391,202,449,438,437,227,148,198,404,210,1058,281],"class_list":{"0":"post-5812","1":"product","2":"type-product","3":"status-publish","4":"has-post-thumbnail","6":"product_cat-casual","7":"product_cat-classic","8":"product_cat-loafer","9":"product_cat-men","10":"product_cat-mens-shoes","11":"product_tag-black-shoes","12":"product_tag-brown-shoes","13":"product_tag-buckle-shoes","14":"product_tag-calf-leather","15":"product_tag-casual-shoes","16":"product_tag-eva-sole","17":"product_tag-goat-leather","18":"product_tag-leather-shoes","19":"product_tag-loafers","20":"product_tag-mens-fashion","21":"product_tag-monk-strap","22":"product_tag-smart-casual","23":"product_tag-suede-detail","24":"product_tag-wholesale-shoes","25":"desktop-align-center","26":"tablet-align-center","27":"mobile-align-center","29":"first","30":"instock","31":"shipping-taxable","32":"purchasable","33":"product-type-variable","34":"has-default-attributes"},"acf":[],"uagb_featured_image_src":{"full":["https:\/\/turkishtrade.co\/wp-content\/uploads\/2026\/01\/2400EJOMN00294-DARK-BROWN-R_570-1-usd.png",453,250,false],"thumbnail":["https:\/\/turkishtrade.co\/wp-content\/uploads\/2026\/01\/2400EJOMN00294-DARK-BROWN-R_570-1-usd-150x150.png",150,150,true],"medium":["https:\/\/turkishtrade.co\/wp-content\/uploads\/2026\/01\/2400EJOMN00294-DARK-BROWN-R_570-1-usd-300x166.png",300,166,true],"medium_large":["https:\/\/turkishtrade.co\/wp-content\/uploads\/2026\/01\/2400EJOMN00294-DARK-BROWN-R_570-1-usd.png",453,250,false],"large":["https:\/\/turkishtrade.co\/wp-content\/uploads\/2026\/01\/2400EJOMN00294-DARK-BROWN-R_570-1-usd.png",453,250,false],"1536x1536":["https:\/\/turkishtrade.co\/wp-content\/uploads\/2026\/01\/2400EJOMN00294-DARK-BROWN-R_570-1-usd.png",453,250,false],"2048x2048":["https:\/\/turkishtrade.co\/wp-content\/uploads\/2026\/01\/2400EJOMN00294-DARK-BROWN-R_570-1-usd.png",453,250,false],"trp-custom-language-flag":["https:\/\/turkishtrade.co\/wp-content\/uploads\/2026\/01\/2400EJOMN00294-DARK-BROWN-R_570-1-usd-18x10.png",18,10,true],"woocommerce_thumbnail":["https:\/\/turkishtrade.co\/wp-content\/uploads\/2026\/01\/2400EJOMN00294-DARK-BROWN-R_570-1-usd-400x250.png",400,250,true],"woocommerce_single":["https:\/\/turkishtrade.co\/wp-content\/uploads\/2026\/01\/2400EJOMN00294-DARK-BROWN-R_570-1-usd.png",453,250,false],"woocommerce_gallery_thumbnail":["https:\/\/turkishtrade.co\/wp-content\/uploads\/2026\/01\/2400EJOMN00294-DARK-BROWN-R_570-1-usd-100x100.png",100,100,true]},"uagb_author_info":{"display_name":"yaser olabi","author_link":"https:\/\/turkishtrade.co\/de\/author\/"},"uagb_comment_info":0,"uagb_excerpt":"Crafted from genuine Calf Leather exterior with stylish suede detailing. Soft and breathable Goat Leather interior for ultimate comfort. Features a lightweight and durable EVA sole. Classic low heel (1-3 cm) for everyday casual wear. Available in a comprehensive size range: 39, 40, 41, 42, 43, 44, 45. Wholesale opportunity: Minimum order quantity of 8&hellip;","_links":{"self":[{"href":"https:\/\/turkishtrade.co\/de\/wp-json\/wp\/v2\/product\/5812","targetHints":{"allow":["GET"]}}],"collection":[{"href":"https:\/\/turkishtrade.co\/de\/wp-json\/wp\/v2\/product"}],"about":[{"href":"https:\/\/turkishtrade.co\/de\/wp-json\/wp\/v2\/types\/product"}],"wp:featuredmedia":[{"embeddable":true,"href":"https:\/\/turkishtrade.co\/de\/wp-json\/wp\/v2\/media\/3892"}],"wp:attachment":[{"href":"https:\/\/turkishtrade.co\/de\/wp-json\/wp\/v2\/media?parent=5812"}],"wp:term":[{"taxonomy":"product_brand","embeddable":true,"href":"https:\/\/turkishtrade.co\/de\/wp-json\/wp\/v2\/product_brand?post=5812"},{"taxonomy":"product_cat","embeddable":true,"href":"https:\/\/turkishtrade.co\/de\/wp-json\/wp\/v2\/product_cat?post=5812"},{"taxonomy":"product_tag","embeddable":true,"href":"https:\/\/turkishtrade.co\/de\/wp-json\/wp\/v2\/product_tag?post=5812"}],"curies":[{"name":"wp","href":"https:\/\/api.w.org\/{rel}","templated":true}]}}