{"id":5810,"date":"2026-01-14T13:18:31","date_gmt":"2026-01-14T13:18:31","guid":{"rendered":"https:\/\/turkishtrade.co\/product\/men-s-suede-casual-loafers\/"},"modified":"2026-04-09T19:23:20","modified_gmt":"2026-04-09T19:23:20","slug":"mens-suede-casual-loafers-7","status":"publish","type":"product","link":"https:\/\/turkishtrade.co\/de\/shop\/mens-suede-casual-loafers-7\/","title":{"rendered":"Premium Herren Wildleder Casual Loafers"},"content":{"rendered":"<p><strong>Herren Wildleder Casual Loafers<\/strong><\/p>\n<p>Erweitern Sie Ihre Schuhkollektion f\u00fcr den Alltag mit unseren exquisiten <b>Herren Wildleder Casual Loafers<\/b>. Diese Loafer wurden f\u00fcr den modernen Gentleman entworfen, der sowohl Stil als auch unvergleichlichen Komfort sch\u00e4tzt, und sind ein Beweis f\u00fcr \u00fcberlegene Handwerkskunst. Jedes Paar dieser <b>Herren Wildleder Casual Loafers<\/b> ist sorgf\u00e4ltig aus hochwertigem Kalbsleder gefertigt und bietet ein weiches, luxuri\u00f6ses Gef\u00fchl und eine anspruchsvolle \u00c4sthetik.<\/p>\n<p>Die reiche Textur des Wildleders verleiht jeder Freizeitkleidung einen Hauch von raffinierter Eleganz und macht diese <b>Herren Wildleder Casual Loafers<\/b> eine unverzichtbare Erg\u00e4nzung f\u00fcr Ihre Garderobe.<\/p>\n<p><h3>Unerreichter Komfort und hochwertige Materialien<\/h3>\n<\/p>\n<p>Im Inneren werden Ihre F\u00fc\u00dfe dank des geschmeidigen Ziegenlederfutters mit h\u00f6chstem Komfort verw\u00f6hnt. Dieses nat\u00fcrliche Material sorgt f\u00fcr Atmungsaktivit\u00e4t und ein angenehmes Tragegef\u00fchl, das auch bei l\u00e4ngerem Tragen nicht unangenehm ist. Die Grundlage f\u00fcr diese au\u00dfergew\u00f6hnlichen <b>Herren Wildleder Casual Loafers<\/b> ist eine robuste und dennoch unglaublich leichte EVA-Sohle.<\/p>\n<p>Die EVA-Sohle wurde f\u00fcr maximale Flexibilit\u00e4t und Sto\u00dfd\u00e4mpfung entwickelt, bietet hervorragenden Halt und sorgt daf\u00fcr, dass jeder Schritt ged\u00e4mpft wird, und bietet ganzt\u00e4gigen Komfort. Mit einer klassischen Absatzh\u00f6he von 1 bis 3 cm bieten diese Loafer die perfekte Balance zwischen l\u00e4ssiger Leichtigkeit und subtiler Eleganz.<\/p>\n<p><h3>Vielseitiger Stil f\u00fcr jede Gelegenheit<\/h3>\n<\/p>\n<p>Unser <b>Herren Wildleder Casual Loafers<\/b> sind vielseitig genug f\u00fcr eine Vielzahl von Anl\u00e4ssen, von entspannten Wochenendausfl\u00fcgen bis hin zu l\u00e4ssig-eleganten B\u00fcroumgebungen. Ihr zeitloses Design sorgt daf\u00fcr, dass sie m\u00fchelos mit Chinos, Jeans oder sogar ma\u00dfgeschneiderten Shorts kombiniert werden k\u00f6nnen, was sie zu einer ersten Wahl f\u00fcr m\u00fchelosen Stil macht. Wir bieten diese hochwertigen <b>Herren Wildleder Casual Loafers<\/b> in einem umfassenden Gr\u00f6\u00dfensortiment von EU 39 bis 45, so dass f\u00fcr jeden Kunden eine perfekte Passform gew\u00e4hrleistet ist.<\/p>\n<p><h3>Vorteile f\u00fcr Gro\u00dfhandel und Gro\u00dfbestellungen<\/h3>\n<\/p>\n<p>F\u00fcr Unternehmen und Einzelh\u00e4ndler sind diese Premium <b>Herren Wildleder Casual Loafers<\/b> sind bei einer Mindestbestellmenge von 8 Paaren als Gro\u00dfbestellung erh\u00e4ltlich. Profitieren Sie von unserem schlanken Prozess und unserer zuverl\u00e4ssigen Lieferung, denn Bestellungen werden in der Regel innerhalb von 12 Tagen plus Versandzeit ausgeliefert. Bieten Sie Ihren Kunden die ultimative Mischung aus Stil und Komfort, indem Sie diese gro\u00dfartigen <b>Herren Wildleder Casual Loafers<\/b> zu Ihrem Inventar.<\/p>\n<p>W\u00e4hlen Sie Qualit\u00e4t, w\u00e4hlen Sie Stil, w\u00e4hlen Sie unsere <b>Herren Wildleder Casual Loafers<\/b>.<\/p>","protected":false},"excerpt":{"rendered":"<ul>\n<li>Erleben Sie ultimativen Komfort und raffinierten Stil mit unserem <b>Herren Wildleder Casual Loafers<\/b>.<\/li>\n<li>Au\u00dfen aus luxuri\u00f6sem Kalbsleder und innen aus weichem Ziegenleder f\u00fcr atmungsaktiven Tragekomfort.<\/li>\n<li>Die leichte und flexible EVA-Sohle bietet eine hervorragende D\u00e4mpfung und Unterst\u00fctzung mit einem klassischen 1-3 cm hohen Absatz.<\/li>\n<li>Erh\u00e4ltlich in einer breiten Palette von Gr\u00f6\u00dfen: EU 39, 40, 41, 42, 43, 44, 45.<\/li>\n<li>Ideal f\u00fcr Gro\u00dfhandel und Gro\u00dfbestellungen: Mindestbestellmenge 8 Paare.<\/li>\n<li>Schnelle Lieferung: Der Versand erfolgt innerhalb von 12 Tagen + Versandzeit.<\/li>\n<\/ul>","protected":false},"featured_media":3890,"template":"","meta":{"_acf_changed":false,"_uag_custom_page_level_css":"","site-sidebar-layout":"default","site-content-layout":"","ast-site-content-layout":"default","site-content-style":"default","site-sidebar-style":"default","ast-global-header-display":"","ast-banner-title-visibility":"","ast-main-header-display":"","ast-hfb-above-header-display":"","ast-hfb-below-header-display":"","ast-hfb-mobile-header-display":"","site-post-title":"","ast-breadcrumbs-content":"","ast-featured-img":"","footer-sml-layout":"","ast-disable-related-posts":"","theme-transparent-header-meta":"","adv-header-id-meta":"","stick-header-meta":"","header-above-stick-meta":"","header-main-stick-meta":"","header-below-stick-meta":"","astra-migrate-meta-layouts":"default","ast-page-background-enabled":"default","ast-page-background-meta":{"desktop":{"background-color":"var(--ast-global-color-4)","background-image":"","background-repeat":"repeat","background-position":"center center","background-size":"auto","background-attachment":"scroll","background-type":"","background-media":"","overlay-type":"","overlay-color":"","overlay-opacity":"","overlay-gradient":""},"tablet":{"background-color":"","background-image":"","background-repeat":"repeat","background-position":"center center","background-size":"auto","background-attachment":"scroll","background-type":"","background-media":"","overlay-type":"","overlay-color":"","overlay-opacity":"","overlay-gradient":""},"mobile":{"background-color":"","background-image":"","background-repeat":"repeat","background-position":"center center","background-size":"auto","background-attachment":"scroll","background-type":"","background-media":"","overlay-type":"","overlay-color":"","overlay-opacity":"","overlay-gradient":""}},"ast-content-background-meta":{"desktop":{"background-color":"var(--ast-global-color-5)","background-image":"","background-repeat":"repeat","background-position":"center center","background-size":"auto","background-attachment":"scroll","background-type":"","background-media":"","overlay-type":"","overlay-color":"","overlay-opacity":"","overlay-gradient":""},"tablet":{"background-color":"var(--ast-global-color-5)","background-image":"","background-repeat":"repeat","background-position":"center center","background-size":"auto","background-attachment":"scroll","background-type":"","background-media":"","overlay-type":"","overlay-color":"","overlay-opacity":"","overlay-gradient":""},"mobile":{"background-color":"var(--ast-global-color-5)","background-image":"","background-repeat":"repeat","background-position":"center center","background-size":"auto","background-attachment":"scroll","background-type":"","background-media":"","overlay-type":"","overlay-color":"","overlay-opacity":"","overlay-gradient":""}}},"product_brand":[],"product_cat":[48,47,49,430,40],"product_tag":[674,202,512,457,272,220,438,437,845,215,198,921,280,254],"class_list":{"0":"post-5810","1":"product","2":"type-product","3":"status-publish","4":"has-post-thumbnail","6":"product_cat-casual","7":"product_cat-classic","8":"product_cat-loafer","9":"product_cat-men","10":"product_cat-mens-shoes","11":"product_tag-bulk-shoes","12":"product_tag-calf-leather","13":"product_tag-casual-loafers","14":"product_tag-classic-loafers","15":"product_tag-comfort-shoes","16":"product_tag-comfortable-loafers","17":"product_tag-eva-sole","18":"product_tag-goat-leather","19":"product_tag-handmade-loafers","20":"product_tag-leather-loafers","21":"product_tag-mens-fashion","22":"product_tag-mens-suede-loafers","23":"product_tag-smart-casual-shoes","24":"product_tag-wholesale-footwear","25":"desktop-align-center","26":"tablet-align-center","27":"mobile-align-center","29":"first","30":"instock","31":"shipping-taxable","32":"purchasable","33":"product-type-variable","34":"has-default-attributes"},"acf":[],"uagb_featured_image_src":{"full":["https:\/\/turkishtrade.co\/wp-content\/uploads\/2026\/01\/2400EJOMN00292-BEIGE-DKS_439-4-USD.png",453,250,false],"thumbnail":["https:\/\/turkishtrade.co\/wp-content\/uploads\/2026\/01\/2400EJOMN00292-BEIGE-DKS_439-4-USD-150x150.png",150,150,true],"medium":["https:\/\/turkishtrade.co\/wp-content\/uploads\/2026\/01\/2400EJOMN00292-BEIGE-DKS_439-4-USD-300x166.png",300,166,true],"medium_large":["https:\/\/turkishtrade.co\/wp-content\/uploads\/2026\/01\/2400EJOMN00292-BEIGE-DKS_439-4-USD.png",453,250,false],"large":["https:\/\/turkishtrade.co\/wp-content\/uploads\/2026\/01\/2400EJOMN00292-BEIGE-DKS_439-4-USD.png",453,250,false],"1536x1536":["https:\/\/turkishtrade.co\/wp-content\/uploads\/2026\/01\/2400EJOMN00292-BEIGE-DKS_439-4-USD.png",453,250,false],"2048x2048":["https:\/\/turkishtrade.co\/wp-content\/uploads\/2026\/01\/2400EJOMN00292-BEIGE-DKS_439-4-USD.png",453,250,false],"trp-custom-language-flag":["https:\/\/turkishtrade.co\/wp-content\/uploads\/2026\/01\/2400EJOMN00292-BEIGE-DKS_439-4-USD-18x10.png",18,10,true],"woocommerce_thumbnail":["https:\/\/turkishtrade.co\/wp-content\/uploads\/2026\/01\/2400EJOMN00292-BEIGE-DKS_439-4-USD-400x250.png",400,250,true],"woocommerce_single":["https:\/\/turkishtrade.co\/wp-content\/uploads\/2026\/01\/2400EJOMN00292-BEIGE-DKS_439-4-USD.png",453,250,false],"woocommerce_gallery_thumbnail":["https:\/\/turkishtrade.co\/wp-content\/uploads\/2026\/01\/2400EJOMN00292-BEIGE-DKS_439-4-USD-100x100.png",100,100,true]},"uagb_author_info":{"display_name":"yaser olabi","author_link":"https:\/\/turkishtrade.co\/de\/author\/"},"uagb_comment_info":0,"uagb_excerpt":"Experience ultimate comfort and refined style with our Men's Suede Casual Loafers. Crafted with a luxurious calf leather exterior and a soft goat leather interior for breathable wear. Features a lightweight and flexible EVA sole, offering superior cushioning and support with a classic 1-3cm heel. Available in a wide range of sizes: EU 39, 40,&hellip;","_links":{"self":[{"href":"https:\/\/turkishtrade.co\/de\/wp-json\/wp\/v2\/product\/5810","targetHints":{"allow":["GET"]}}],"collection":[{"href":"https:\/\/turkishtrade.co\/de\/wp-json\/wp\/v2\/product"}],"about":[{"href":"https:\/\/turkishtrade.co\/de\/wp-json\/wp\/v2\/types\/product"}],"wp:featuredmedia":[{"embeddable":true,"href":"https:\/\/turkishtrade.co\/de\/wp-json\/wp\/v2\/media\/3890"}],"wp:attachment":[{"href":"https:\/\/turkishtrade.co\/de\/wp-json\/wp\/v2\/media?parent=5810"}],"wp:term":[{"taxonomy":"product_brand","embeddable":true,"href":"https:\/\/turkishtrade.co\/de\/wp-json\/wp\/v2\/product_brand?post=5810"},{"taxonomy":"product_cat","embeddable":true,"href":"https:\/\/turkishtrade.co\/de\/wp-json\/wp\/v2\/product_cat?post=5810"},{"taxonomy":"product_tag","embeddable":true,"href":"https:\/\/turkishtrade.co\/de\/wp-json\/wp\/v2\/product_tag?post=5810"}],"curies":[{"name":"wp","href":"https:\/\/api.w.org\/{rel}","templated":true}]}}