{"id":5800,"date":"2026-01-14T13:17:09","date_gmt":"2026-01-14T13:17:09","guid":{"rendered":"https:\/\/turkishtrade.co\/product\/mens-leather-buckle-loafers-4\/"},"modified":"2026-04-09T19:23:38","modified_gmt":"2026-04-09T19:23:38","slug":"mens-leather-buckle-loafers-4","status":"publish","type":"product","link":"https:\/\/turkishtrade.co\/de\/shop\/mens-leather-buckle-loafers-4\/","title":{"rendered":"Herren Premium-Krokodil-Muster Leder Schnalle Loafers"},"content":{"rendered":"<p><strong>Herren Leder Schnalle Loafers<\/strong><\/p>\n<p>Treten Sie ein in eine Welt, in der klassische Eleganz auf modernen Stil trifft, mit unseren au\u00dfergew\u00f6hnlichen <strong>Herren Leder Schnalle Loafers<\/strong>. Diese f\u00fcr den anspruchsvollen Gentleman entworfenen Loafer sind nicht einfach nur Schuhe, sie sind ein Statement f\u00fcr Luxus und raffinierten Geschmack. Erh\u00e4ltlich in edlem Schwarz und sattem Braun, ist jedes Paar sorgf\u00e4ltig gefertigt, um sowohl tadellosen Stil als auch h\u00f6chsten Komfort zu bieten.<\/p>\n<p><h3>Un\u00fcbertroffene Handwerkskunst und hochwertige Materialien<\/h3>\n<\/p>\n<p>Das Herzst\u00fcck dieser exquisiten Loafer ist das Engagement f\u00fcr Qualit\u00e4t. Das \u00c4u\u00dfere besteht aus hochwertigem Kalbsleder, das sich durch ein auff\u00e4lliges Krokodilmuster auszeichnet, das sofort ins Auge f\u00e4llt und diese Schuhe von anderen abhebt. Diese einzigartige Textur verleiht Tiefe und Charakter und sorgt daf\u00fcr, dass Sie einen unvergesslichen Eindruck hinterlassen.<\/p>\n<p>Erg\u00e4nzend zum atemberaubenden \u00c4u\u00dferen ist das Innere pr\u00e4chtig mit weichem Ziegenleder gef\u00fcttert, das f\u00fcr ein geschmeidiges, atmungsaktives und unglaublich komfortables Erlebnis sorgt, sobald Sie in die Schuhe schl\u00fcpfen. Im Gegensatz zu herk\u00f6mmlichen Slippern sorgt die Kombination dieser hochwertigen Leder f\u00fcr Langlebigkeit und ein luxuri\u00f6ses Gef\u00fchl.<\/p>\n<p><h3>Entworfen f\u00fcr Komfort und Stil<\/h3>\n<\/p>\n<p>Jedes Element dieser <strong>Herren Leder Schnalle Loafers<\/strong> wurde f\u00fcr Ihren Komfort ber\u00fccksichtigt. Die robuste und dennoch flexible EVA-Sohle bietet eine hervorragende D\u00e4mpfung und Unterst\u00fctzung, so dass sie sich perfekt f\u00fcr ein langes Tragen eignen, egal ob Sie durch die Stra\u00dfen der Stadt fahren oder an einer wichtigen Veranstaltung teilnehmen. Mit einem dezenten, klassischen Loafer-Absatz (ca. 1-3 cm) bieten diese Schuhe ein raffiniertes Profil, ohne die Bewegungsfreiheit zu beeintr\u00e4chtigen.<\/p>\n<p>Die elegante Metallschnalle am Vorderblatt dient als raffinierter Blickfang und verleiht dem modernen Design einen Hauch von zeitlosem Charme.<\/p>\n<p><h3>Vielseitigkeit f\u00fcr jede Gelegenheit<\/h3>\n<\/p>\n<p>Diese vielseitigen <strong>Herren Leder Schnalle Loafers<\/strong> Sie lassen sich m\u00fchelos von formellen Gesch\u00e4ftsanl\u00e4ssen bis hin zu eleganten Freizeitveranstaltungen tragen. Kombinieren Sie sie mit ma\u00dfgeschneiderten Anz\u00fcgen f\u00fcr einen gl\u00e4nzenden professionellen Look oder kombinieren Sie sie mit Chinos und einem Sportmantel f\u00fcr ein gehobenes Wochenend-Ensemble. Ihr unverwechselbares Design sorgt daf\u00fcr, dass Sie bei jedem Anlass selbstbewusst und stilvoll auftreten.<\/p>\n<p>Wir bieten ein umfassendes Sortiment an Gr\u00f6\u00dfen von 39 bis 45 an, so dass eine perfekte Passform f\u00fcr eine Vielzahl von Kunden gew\u00e4hrleistet ist.<\/p>\n<p><h3>Ideal f\u00fcr Gro\u00df- und Einzelhandelspartner<\/h3>\n<\/p>\n<p>F\u00fcr Einzelh\u00e4ndler und Boutiquen, die qualitativ hochwertige, modische Schuhe anbieten m\u00f6chten, ist unser <strong>Herren Leder Schnalle Loafers<\/strong> sind f\u00fcr den Gro\u00dfhandel erh\u00e4ltlich. Mit einer Mindestbestellmenge von nur 8 Paar ist es einfach, diese begehrten Schuhe auf Lager zu haben. Genie\u00dfen Sie eine zuverl\u00e4ssige Lieferzeit von 12 Tagen plus Versand, damit Ihr Lagerbestand schnell aufgefrischt werden kann. Werten Sie Ihre Kollektion auf und versorgen Sie Ihre Kunden mit Schuhen, die Luxus, Handwerkskunst und dauerhaften Stil verk\u00f6rpern.<\/p>","protected":false},"excerpt":{"rendered":"<ul>\n<li>Luxuri\u00f6ses Kalbsleder mit unverwechselbarem Krokodilmuster auf der Au\u00dfenseite<\/li>\n<li>Innenfutter aus weichem Ziegenleder f\u00fcr unvergleichlichen Komfort<\/li>\n<li>Strapazierf\u00e4hige und flexible EVA-Sohle f\u00fcr ganzt\u00e4gigen Tragekomfort<\/li>\n<li>Elegantes Metallschnallendetail f\u00fcr einen Hauch von Raffinesse<\/li>\n<li>Erh\u00e4ltlich in einer umfassenden Gr\u00f6\u00dfenauswahl: 39-45<\/li>\n<li>Verf\u00fcgbarkeit in gro\u00dfen Mengen: Mindestbestellmenge von 8 Paaren (ideal f\u00fcr Einzelh\u00e4ndler und Boutiquen)<\/li>\n<\/ul>","protected":false},"featured_media":3884,"template":"","meta":{"_acf_changed":false,"_uag_custom_page_level_css":"","site-sidebar-layout":"default","site-content-layout":"","ast-site-content-layout":"default","site-content-style":"default","site-sidebar-style":"default","ast-global-header-display":"","ast-banner-title-visibility":"","ast-main-header-display":"","ast-hfb-above-header-display":"","ast-hfb-below-header-display":"","ast-hfb-mobile-header-display":"","site-post-title":"","ast-breadcrumbs-content":"","ast-featured-img":"","footer-sml-layout":"","ast-disable-related-posts":"","theme-transparent-header-meta":"","adv-header-id-meta":"","stick-header-meta":"","header-above-stick-meta":"","header-main-stick-meta":"","header-below-stick-meta":"","astra-migrate-meta-layouts":"default","ast-page-background-enabled":"default","ast-page-background-meta":{"desktop":{"background-color":"var(--ast-global-color-4)","background-image":"","background-repeat":"repeat","background-position":"center center","background-size":"auto","background-attachment":"scroll","background-type":"","background-media":"","overlay-type":"","overlay-color":"","overlay-opacity":"","overlay-gradient":""},"tablet":{"background-color":"","background-image":"","background-repeat":"repeat","background-position":"center center","background-size":"auto","background-attachment":"scroll","background-type":"","background-media":"","overlay-type":"","overlay-color":"","overlay-opacity":"","overlay-gradient":""},"mobile":{"background-color":"","background-image":"","background-repeat":"repeat","background-position":"center center","background-size":"auto","background-attachment":"scroll","background-type":"","background-media":"","overlay-type":"","overlay-color":"","overlay-opacity":"","overlay-gradient":""}},"ast-content-background-meta":{"desktop":{"background-color":"var(--ast-global-color-5)","background-image":"","background-repeat":"repeat","background-position":"center center","background-size":"auto","background-attachment":"scroll","background-type":"","background-media":"","overlay-type":"","overlay-color":"","overlay-opacity":"","overlay-gradient":""},"tablet":{"background-color":"var(--ast-global-color-5)","background-image":"","background-repeat":"repeat","background-position":"center center","background-size":"auto","background-attachment":"scroll","background-type":"","background-media":"","overlay-type":"","overlay-color":"","overlay-opacity":"","overlay-gradient":""},"mobile":{"background-color":"var(--ast-global-color-5)","background-image":"","background-repeat":"repeat","background-position":"center center","background-size":"auto","background-attachment":"scroll","background-type":"","background-media":"","overlay-type":"","overlay-color":"","overlay-opacity":"","overlay-gradient":""}}},"product_brand":[],"product_cat":[48,47,49,430,40],"product_tag":[315,202,449,1054,284,418,438,201,437,215,762,416,186,790,362,210],"class_list":{"0":"post-5800","1":"product","2":"type-product","3":"status-publish","4":"has-post-thumbnail","6":"product_cat-casual","7":"product_cat-classic","8":"product_cat-loafer","9":"product_cat-men","10":"product_cat-mens-shoes","11":"product_tag-buckle-loafers","12":"product_tag-calf-leather","13":"product_tag-casual-shoes","14":"product_tag-crocodile-loafers","15":"product_tag-dress-shoes","16":"product_tag-embossed-leather","17":"product_tag-eva-sole","18":"product_tag-formal-footwear","19":"product_tag-goat-leather","20":"product_tag-leather-loafers","21":"product_tag-loafer-shoes","22":"product_tag-luxury-shoes","23":"product_tag-mens-loafers","24":"product_tag-mens-slip-ons","25":"product_tag-premium-footwear","26":"product_tag-smart-casual","27":"desktop-align-center","28":"tablet-align-center","29":"mobile-align-center","31":"first","32":"instock","33":"shipping-taxable","34":"purchasable","35":"product-type-variable","36":"has-default-attributes"},"acf":[],"uagb_featured_image_src":{"full":["https:\/\/turkishtrade.co\/wp-content\/uploads\/2026\/01\/2400EJOMN00288-BROWN-Z_446-1-usd.png",453,250,false],"thumbnail":["https:\/\/turkishtrade.co\/wp-content\/uploads\/2026\/01\/2400EJOMN00288-BROWN-Z_446-1-usd-150x150.png",150,150,true],"medium":["https:\/\/turkishtrade.co\/wp-content\/uploads\/2026\/01\/2400EJOMN00288-BROWN-Z_446-1-usd-300x166.png",300,166,true],"medium_large":["https:\/\/turkishtrade.co\/wp-content\/uploads\/2026\/01\/2400EJOMN00288-BROWN-Z_446-1-usd.png",453,250,false],"large":["https:\/\/turkishtrade.co\/wp-content\/uploads\/2026\/01\/2400EJOMN00288-BROWN-Z_446-1-usd.png",453,250,false],"1536x1536":["https:\/\/turkishtrade.co\/wp-content\/uploads\/2026\/01\/2400EJOMN00288-BROWN-Z_446-1-usd.png",453,250,false],"2048x2048":["https:\/\/turkishtrade.co\/wp-content\/uploads\/2026\/01\/2400EJOMN00288-BROWN-Z_446-1-usd.png",453,250,false],"trp-custom-language-flag":["https:\/\/turkishtrade.co\/wp-content\/uploads\/2026\/01\/2400EJOMN00288-BROWN-Z_446-1-usd-18x10.png",18,10,true],"woocommerce_thumbnail":["https:\/\/turkishtrade.co\/wp-content\/uploads\/2026\/01\/2400EJOMN00288-BROWN-Z_446-1-usd-400x250.png",400,250,true],"woocommerce_single":["https:\/\/turkishtrade.co\/wp-content\/uploads\/2026\/01\/2400EJOMN00288-BROWN-Z_446-1-usd.png",453,250,false],"woocommerce_gallery_thumbnail":["https:\/\/turkishtrade.co\/wp-content\/uploads\/2026\/01\/2400EJOMN00288-BROWN-Z_446-1-usd-100x100.png",100,100,true]},"uagb_author_info":{"display_name":"yaser olabi","author_link":"https:\/\/turkishtrade.co\/de\/author\/"},"uagb_comment_info":0,"uagb_excerpt":"Luxurious Calf Leather Exterior with Distinctive Crocodile Pattern Plush Goat Leather Interior Lining for Unparalleled Comfort Durable and Flexible EVA Sole for All-Day Wear Elegant Metal Buckle Detail Adds a Touch of Sophistication Available in a Comprehensive Size Range: 39-45 Bulk Availability: Minimum Order Quantity of 8 Pairs (Ideal for Retailers and Boutiques)","_links":{"self":[{"href":"https:\/\/turkishtrade.co\/de\/wp-json\/wp\/v2\/product\/5800","targetHints":{"allow":["GET"]}}],"collection":[{"href":"https:\/\/turkishtrade.co\/de\/wp-json\/wp\/v2\/product"}],"about":[{"href":"https:\/\/turkishtrade.co\/de\/wp-json\/wp\/v2\/types\/product"}],"wp:featuredmedia":[{"embeddable":true,"href":"https:\/\/turkishtrade.co\/de\/wp-json\/wp\/v2\/media\/3884"}],"wp:attachment":[{"href":"https:\/\/turkishtrade.co\/de\/wp-json\/wp\/v2\/media?parent=5800"}],"wp:term":[{"taxonomy":"product_brand","embeddable":true,"href":"https:\/\/turkishtrade.co\/de\/wp-json\/wp\/v2\/product_brand?post=5800"},{"taxonomy":"product_cat","embeddable":true,"href":"https:\/\/turkishtrade.co\/de\/wp-json\/wp\/v2\/product_cat?post=5800"},{"taxonomy":"product_tag","embeddable":true,"href":"https:\/\/turkishtrade.co\/de\/wp-json\/wp\/v2\/product_tag?post=5800"}],"curies":[{"name":"wp","href":"https:\/\/api.w.org\/{rel}","templated":true}]}}