{"id":5787,"date":"2026-01-14T13:15:20","date_gmt":"2026-01-14T13:15:20","guid":{"rendered":"https:\/\/turkishtrade.co\/product\/mens-classic-leather-shoes-2\/"},"modified":"2026-04-09T19:24:03","modified_gmt":"2026-04-09T19:24:03","slug":"mens-classic-leather-shoes-2","status":"publish","type":"product","link":"https:\/\/turkishtrade.co\/de\/shop\/mens-classic-leather-shoes-2\/","title":{"rendered":"Klassische Herren-Derby-Schuhe aus Leder mit EVA-Sohle"},"content":{"rendered":"<p><strong>Klassische Lederschuhe f\u00fcr M\u00e4nner<\/strong><\/p>\n<p>Erleben Sie unvergleichlichen Komfort und zeitlosen Stil mit unserer exquisiten Kollektion von <strong>Klassische Lederschuhe f\u00fcr M\u00e4nner<\/strong>. Diese fachm\u00e4nnisch f\u00fcr den anspruchsvollen Gentleman gefertigten Schuhe vereinen traditionelles Design mit moderner Funktionalit\u00e4t und sind damit eine unverzichtbare Erg\u00e4nzung f\u00fcr jede Garderobe. Egal, ob Sie in der Stadt unterwegs sind oder ein entspanntes Wochenende genie\u00dfen, diese l\u00e4ssigen Derby-Schuhe versprechen, sowohl Raffinesse als auch Leichtigkeit zu liefern, und etablieren sie als Eckpfeiler von raffinierten Freizeitschuhen.<\/p>\n<h3>Hervorragende Handwerkskunst und hochwertige Materialien<\/h3>\n<p>Unser <strong>Klassische Lederschuhe f\u00fcr M\u00e4nner<\/strong> werden aus den besten Materialien hergestellt, um dauerhafte Qualit\u00e4t und au\u00dfergew\u00f6hnlichen Komfort zu gew\u00e4hrleisten. Das Obermaterial besteht aus hochwertigem Kalbsleder, das f\u00fcr seine geschmeidige Textur, seinen nat\u00fcrlichen Glanz und seine bemerkenswerte Haltbarkeit bekannt ist. Dieses hochwertige Leder passt sich mit der Zeit wunderbar an Ihre F\u00fc\u00dfe an und sorgt f\u00fcr eine individuelle Passform, die mit dem Tragen immer besser wird.<\/p>\n<p>Erg\u00e4nzend zum robusten \u00c4u\u00dferen ist das Innenfutter sorgf\u00e4ltig aus weichem, atmungsaktivem Ziegenleder gefertigt, das ein luxuri\u00f6ses Gef\u00fchl auf der Haut vermittelt und den Tragekomfort den ganzen Tag \u00fcber erh\u00f6ht.<\/p>\n<p>Die Grundlage f\u00fcr diese bemerkenswerten <strong>Klassische Lederschuhe f\u00fcr M\u00e4nner<\/strong> ist eine leichte und dennoch unglaublich haltbare EVA-Sohle. Diese fortschrittliche Sohlentechnologie bietet eine hervorragende Sto\u00dfd\u00e4mpfung, reduziert Erm\u00fcdungserscheinungen und bietet eine hervorragende Traktion auf verschiedenen Oberfl\u00e4chen, was einen stabilen und sicheren Schritt gew\u00e4hrleistet. Mit einer komfortablen Absatzh\u00f6he von ca. 1-3 cm bieten diese Schuhe die perfekte Balance zwischen H\u00f6he und Stabilit\u00e4t und sind somit ideal f\u00fcr langes Tragen ohne Kompromisse beim Komfort.<\/p>\n<h3>Vielseitiger Stil f\u00fcr jede Gelegenheit<\/h3>\n<p>Mit Blick auf Vielseitigkeit entworfen, ist unser <strong>Klassische Lederschuhe f\u00fcr M\u00e4nner<\/strong> l\u00e4sst sich m\u00fchelos von der eleganten Freizeit bis hin zu entspannteren Anl\u00e4ssen kombinieren. Die klassische Derby-Silhouette, gepaart mit sorgf\u00e4ltigen N\u00e4hten und einem raffinierten Finish, strahlt eine unaufdringliche Eleganz aus, die eine breite Palette von Outfits erg\u00e4nzt. Erh\u00e4ltlich in einer raffinierten Farbpalette von klassischem Schwarz \u00fcber sattes Braun bis hin zu tiefem Dunkelbraun (oft in Form eines dunklen Burgunderfarbtons), k\u00f6nnen Sie das perfekte Paar f\u00fcr Ihren pers\u00f6nlichen Stil und Ihre Garderobe ausw\u00e4hlen.<\/p>\n<p>Diese vielseitigen Farben sorgen daf\u00fcr, dass Ihr <strong>Klassische Lederschuhe f\u00fcr M\u00e4nner<\/strong> k\u00f6nnen mit allem kombiniert werden, von ma\u00dfgeschneiderten Hosen bis hin zu Ihrer Lieblingsjeans, was sie wirklich anpassungsf\u00e4hig macht.<\/p>\n<h3>Ihr zuverl\u00e4ssiger Partner f\u00fcr Qualit\u00e4tsschuhe<\/h3>\n<p>Wir sind bestrebt, au\u00dfergew\u00f6hnliche Schuhe zu liefern, die dem Test der Zeit standhalten. Diese <strong>Klassische Lederschuhe f\u00fcr M\u00e4nner<\/strong> sind ein Beweis f\u00fcr unser Engagement f\u00fcr Qualit\u00e4t und Design und spiegeln unsere Leidenschaft f\u00fcr hervorragende Handwerkskunst wider. Erh\u00e4ltlich in einer umfassenden Auswahl an Gr\u00f6\u00dfen von EU 39 bis 45, gew\u00e4hrleisten wir eine perfekte Passform f\u00fcr einen breiten Kundenkreis.<\/p>\n<p>F\u00fcr Unternehmen, die Premium-Schuhe auf Lager haben m\u00f6chten, bieten wir attraktive Gro\u00dfabnahmeoptionen mit einer Mindestbestellmenge von nur 8 Paar. Erleben Sie die perfekte Verschmelzung von Tradition und Innovation mit unserer klassischen Lederkollektion, die innerhalb von 12 Tagen plus Versandzeit zu Ihnen nach Hause geliefert wird. Werten Sie Ihre Schuhkollektion mit diesen zeitlosen und bequemen Schuhen auf. <strong>Klassische Lederschuhe f\u00fcr M\u00e4nner<\/strong>.<\/p>\n<p>Investition in Qualit\u00e4t; Investition in unsere <strong>Klassische Lederschuhe f\u00fcr M\u00e4nner<\/strong> heute.<\/p>","protected":false},"excerpt":{"rendered":"<ul>\n<li><b>\u00c4u\u00dferes Material:<\/b> Hochwertiges Kalbsleder<\/li>\n<li><b>Innenfutter:<\/b> Weiches Ziegenleder<\/li>\n<li><b>Material der Sohle:<\/b> Leichtes und strapazierf\u00e4higes EVA<\/li>\n<li><b>Absatzh\u00f6he:<\/b> Ungef\u00e4hr 1-3 cm<\/li>\n<li><b>Verf\u00fcgbare Gr\u00f6\u00dfen:<\/b> EU 39-45<\/li>\n<li><b>Mindestbestellmenge:<\/b> 8 Paare<\/li>\n<li><b>Lieferzeiten:<\/b> 12 Tage + Versand<\/li>\n<\/ul>","protected":false},"featured_media":3876,"template":"","meta":{"_acf_changed":false,"_uag_custom_page_level_css":"","site-sidebar-layout":"default","site-content-layout":"","ast-site-content-layout":"default","site-content-style":"default","site-sidebar-style":"default","ast-global-header-display":"","ast-banner-title-visibility":"","ast-main-header-display":"","ast-hfb-above-header-display":"","ast-hfb-below-header-display":"","ast-hfb-mobile-header-display":"","site-post-title":"","ast-breadcrumbs-content":"","ast-featured-img":"","footer-sml-layout":"","ast-disable-related-posts":"","theme-transparent-header-meta":"default","adv-header-id-meta":"","stick-header-meta":"","header-above-stick-meta":"","header-main-stick-meta":"","header-below-stick-meta":"","astra-migrate-meta-layouts":"set","ast-page-background-enabled":"default","ast-page-background-meta":{"desktop":{"background-color":"var(--ast-global-color-4)","background-image":"","background-repeat":"repeat","background-position":"center center","background-size":"auto","background-attachment":"scroll","background-type":"","background-media":"","overlay-type":"","overlay-color":"","overlay-opacity":"","overlay-gradient":""},"tablet":{"background-color":"","background-image":"","background-repeat":"repeat","background-position":"center center","background-size":"auto","background-attachment":"scroll","background-type":"","background-media":"","overlay-type":"","overlay-color":"","overlay-opacity":"","overlay-gradient":""},"mobile":{"background-color":"","background-image":"","background-repeat":"repeat","background-position":"center center","background-size":"auto","background-attachment":"scroll","background-type":"","background-media":"","overlay-type":"","overlay-color":"","overlay-opacity":"","overlay-gradient":""}},"ast-content-background-meta":{"desktop":{"background-color":"var(--ast-global-color-5)","background-image":"","background-repeat":"repeat","background-position":"center center","background-size":"auto","background-attachment":"scroll","background-type":"","background-media":"","overlay-type":"","overlay-color":"","overlay-opacity":"","overlay-gradient":""},"tablet":{"background-color":"var(--ast-global-color-5)","background-image":"","background-repeat":"repeat","background-position":"center center","background-size":"auto","background-attachment":"scroll","background-type":"","background-media":"","overlay-type":"","overlay-color":"","overlay-opacity":"","overlay-gradient":""},"mobile":{"background-color":"var(--ast-global-color-5)","background-image":"","background-repeat":"repeat","background-position":"center center","background-size":"auto","background-attachment":"scroll","background-type":"","background-media":"","overlay-type":"","overlay-color":"","overlay-opacity":"","overlay-gradient":""}}},"product_brand":[],"product_cat":[48,47,49,430,40],"product_tag":[196,292,200,202,1050,990,222,408,439,438,189,362,546,281],"class_list":{"0":"post-5787","1":"product","2":"type-product","3":"status-publish","4":"has-post-thumbnail","6":"product_cat-casual","7":"product_cat-classic","8":"product_cat-loafer","9":"product_cat-men","10":"product_cat-mens-shoes","11":"product_tag-black-leather-shoes","12":"product_tag-brown-leather-shoes","13":"product_tag-business-casual","14":"product_tag-calf-leather","15":"product_tag-casual-derby","16":"product_tag-classic-leather-shoes","17":"product_tag-comfortable-shoes","18":"product_tag-dark-brown-shoes","19":"product_tag-durable-shoes","20":"product_tag-eva-sole","21":"product_tag-goat-leather-lining","22":"product_tag-premium-footwear","23":"product_tag-stylish-mens-shoes","24":"product_tag-wholesale-shoes","25":"desktop-align-center","26":"tablet-align-center","27":"mobile-align-center","29":"first","30":"instock","31":"shipping-taxable","32":"purchasable","33":"product-type-variable","34":"has-default-attributes"},"acf":[],"uagb_featured_image_src":{"full":["https:\/\/turkishtrade.co\/wp-content\/uploads\/2026\/01\/2400EJOMN00265-DARK-BROWN-X_433.png",453,250,false],"thumbnail":["https:\/\/turkishtrade.co\/wp-content\/uploads\/2026\/01\/2400EJOMN00265-DARK-BROWN-X_433-150x150.png",150,150,true],"medium":["https:\/\/turkishtrade.co\/wp-content\/uploads\/2026\/01\/2400EJOMN00265-DARK-BROWN-X_433-300x166.png",300,166,true],"medium_large":["https:\/\/turkishtrade.co\/wp-content\/uploads\/2026\/01\/2400EJOMN00265-DARK-BROWN-X_433.png",453,250,false],"large":["https:\/\/turkishtrade.co\/wp-content\/uploads\/2026\/01\/2400EJOMN00265-DARK-BROWN-X_433.png",453,250,false],"1536x1536":["https:\/\/turkishtrade.co\/wp-content\/uploads\/2026\/01\/2400EJOMN00265-DARK-BROWN-X_433.png",453,250,false],"2048x2048":["https:\/\/turkishtrade.co\/wp-content\/uploads\/2026\/01\/2400EJOMN00265-DARK-BROWN-X_433.png",453,250,false],"trp-custom-language-flag":["https:\/\/turkishtrade.co\/wp-content\/uploads\/2026\/01\/2400EJOMN00265-DARK-BROWN-X_433-18x10.png",18,10,true],"woocommerce_thumbnail":["https:\/\/turkishtrade.co\/wp-content\/uploads\/2026\/01\/2400EJOMN00265-DARK-BROWN-X_433-400x250.png",400,250,true],"woocommerce_single":["https:\/\/turkishtrade.co\/wp-content\/uploads\/2026\/01\/2400EJOMN00265-DARK-BROWN-X_433.png",453,250,false],"woocommerce_gallery_thumbnail":["https:\/\/turkishtrade.co\/wp-content\/uploads\/2026\/01\/2400EJOMN00265-DARK-BROWN-X_433-100x100.png",100,100,true]},"uagb_author_info":{"display_name":"yaser olabi","author_link":"https:\/\/turkishtrade.co\/de\/author\/"},"uagb_comment_info":0,"uagb_excerpt":"Outer Material: Premium Calf Leather Inner Lining: Soft Goat Leather Sole Material: Lightweight &amp; Durable EVA Heel Height: Approximately 1-3 cm Available Sizes: EU 39-45 Minimum Order Quantity: 8 Pairs Delivery Time: 12 Days + Shipping","_links":{"self":[{"href":"https:\/\/turkishtrade.co\/de\/wp-json\/wp\/v2\/product\/5787","targetHints":{"allow":["GET"]}}],"collection":[{"href":"https:\/\/turkishtrade.co\/de\/wp-json\/wp\/v2\/product"}],"about":[{"href":"https:\/\/turkishtrade.co\/de\/wp-json\/wp\/v2\/types\/product"}],"wp:featuredmedia":[{"embeddable":true,"href":"https:\/\/turkishtrade.co\/de\/wp-json\/wp\/v2\/media\/3876"}],"wp:attachment":[{"href":"https:\/\/turkishtrade.co\/de\/wp-json\/wp\/v2\/media?parent=5787"}],"wp:term":[{"taxonomy":"product_brand","embeddable":true,"href":"https:\/\/turkishtrade.co\/de\/wp-json\/wp\/v2\/product_brand?post=5787"},{"taxonomy":"product_cat","embeddable":true,"href":"https:\/\/turkishtrade.co\/de\/wp-json\/wp\/v2\/product_cat?post=5787"},{"taxonomy":"product_tag","embeddable":true,"href":"https:\/\/turkishtrade.co\/de\/wp-json\/wp\/v2\/product_tag?post=5787"}],"curies":[{"name":"wp","href":"https:\/\/api.w.org\/{rel}","templated":true}]}}