{"id":5785,"date":"2026-01-14T13:14:57","date_gmt":"2026-01-14T13:14:57","guid":{"rendered":"https:\/\/turkishtrade.co\/product\/mens-brown-leather-derby-shoes-4\/"},"modified":"2026-04-09T19:24:07","modified_gmt":"2026-04-09T19:24:07","slug":"mens-brown-leather-derby-shoes-4","status":"publish","type":"product","link":"https:\/\/turkishtrade.co\/de\/shop\/mens-brown-leather-derby-shoes-4\/","title":{"rendered":"Premium Derby-Schuhe aus braunem Kalbsleder mit klobiger EVA-Sohle"},"content":{"rendered":"<p><strong>Derby-Schuhe f\u00fcr M\u00e4nner aus braunem Leder<\/strong><\/p>\n<p>Entdecken Sie die perfekte Mischung aus Stil, Komfort und Haltbarkeit mit unserem <b>Premium Derby-Schuhe aus braunem Kalbsleder<\/b>. F\u00fcr den modernen Mann entworfen, sind diese au\u00dfergew\u00f6hnlichen <b>Herren Derby-Schuhe aus braunem Leder<\/b> sind ein Grundnahrungsmittel f\u00fcr jede anspruchsvolle Garderobe und lassen sich m\u00fchelos von eleganter Freizeitkleidung bis hin zu anspruchsvoller Alltagskleidung kombinieren. Erleben Sie unvergleichliche Handwerkskunst und ein auff\u00e4lliges Design, das diese Schuhe auszeichnet.<\/p>\n<p><h3>Un\u00fcbertroffene Qualit\u00e4t und Materialien<\/h3>\n<\/p>\n<p>Jedes Paar dieser exquisiten <b>Herren Derby-Schuhe aus braunem Leder<\/b> wird sorgf\u00e4ltig aus feinstem echtem Kalbsleder f\u00fcr die Au\u00dfenfl\u00e4che gefertigt. Dieses hochwertige Kalbsleder bietet nicht nur einen atemberaubenden satten Braunton, sondern auch eine au\u00dfergew\u00f6hnliche Haltbarkeit und eine nat\u00fcrliche, elegante Textur, die mit der Zeit sch\u00f6n altert. Die robuste Konstruktion sorgt daf\u00fcr, dass diese Schuhe den Strapazen des t\u00e4glichen Tragens standhalten und dabei ihr makelloses Aussehen bewahren.<\/p>\n<p>Im Inneren werden Ihre F\u00fc\u00dfe dank des weichen und atmungsaktiven Ziegenlederfutters luxuri\u00f6s verw\u00f6hnt, so dass Sie den ganzen Tag \u00fcber maximalen Komfort genie\u00dfen k\u00f6nnen. Diese Kombination aus hochwertigen Materialien spricht B\u00e4nde \u00fcber die Qualit\u00e4t und die Liebe zum Detail, die in jedes Paar investiert wird.<\/p>\n<p><h3>Komfort trifft auf modernen Stil mit klobiger EVA-Sohle<\/h3>\n<\/p>\n<p>Das Besondere an diesen <b>Herren Derby-Schuhe aus braunem Leder<\/b> ist ihre innovative klobige EVA-Sohle. Diese leichte und dennoch unglaublich haltbare EVA-Sohle bietet hervorragende D\u00e4mpfung, Sto\u00dfd\u00e4mpfung und Flexibilit\u00e4t, so dass jeder Schritt ein Vergn\u00fcgen ist. Das klobige Design sorgt nicht nur f\u00fcr eine moderne, trendige \u00c4sthetik, sondern bietet auch mehr Halt und Stabilit\u00e4t.<\/p>\n<p>Im Gegensatz zu herk\u00f6mmlichen Schuhen bietet die EVA-Sohle einen bequemen Auftrieb, ohne das Gleichgewicht zu beeintr\u00e4chtigen - perfekt f\u00fcr lange Tage auf den Beinen. Die Schn\u00fcrung sorgt f\u00fcr eine sichere und verstellbare Passform, die sich f\u00fcr individuellen Komfort an Ihren Fu\u00df anpasst.<\/p>\n<p><h3>Ideal f\u00fcr Gro\u00dfhandel und Gro\u00dfbestellungen<\/h3>\n<\/p>\n<p>F\u00fcr Unternehmen, die ihren Kunden hochwertige, stilvolle und bequeme Schuhe anbieten m\u00f6chten, sind diese <b>Herren Derby-Schuhe aus braunem Leder<\/b> sind eine ausgezeichnete Wahl. Wir erf\u00fcllen die Anforderungen des Gro\u00dfhandels mit einer Mindestbestellmenge von nur 8 Paaren, was es einfach macht, sich mit diesem beliebten Stil einzudecken. Mit einer zuverl\u00e4ssigen Lieferzeit von ca. 12 Tagen plus Versand k\u00f6nnen Sie sicherstellen, dass Ihr Bestand effizient aufgefrischt wird.<\/p>\n<p>Diese hochwertigen Schuhe sind in einer breiten Palette von Gr\u00f6\u00dfen von 39 bis 45 erh\u00e4ltlich, so dass Sie die unterschiedlichen Bed\u00fcrfnisse Ihrer Kundschaft erf\u00fcllen k\u00f6nnen. Werten Sie Ihre Schuhkollektion auf und begeistern Sie Ihre Kunden mit diesen hochwertigen Derby-Schuhen aus braunem Kalbsleder.<\/p>","protected":false},"excerpt":{"rendered":"<ul>\n<li><b>Exquisites Material:<\/b> Gefertigt aus 100% echtem Kalbsleder f\u00fcr ein reichhaltiges, langlebiges \u00c4u\u00dferes.<\/li>\n<li><b>Ultimativer Komfort:<\/b> Gef\u00fcttert mit weichem Ziegenleder f\u00fcr au\u00dfergew\u00f6hnliche Atmungsaktivit\u00e4t und luxuri\u00f6ses Tragegef\u00fchl.<\/li>\n<li><b>Modernes Design:<\/b> Die markante, klobige EVA-Sohle sorgt f\u00fcr h\u00f6chsten Komfort und einen modernen Look.<\/li>\n<li><b>Vielseitige Gr\u00f6\u00dfenbestimmung:<\/b> Erh\u00e4ltlich in den Gr\u00f6\u00dfen 39, 40, 41, 42, 43, 44 und 45 f\u00fcr eine breite Palette von Kunden.<\/li>\n<li><b>Gro\u00dfhandel bereit:<\/b> Mindestbestellmenge 8 Paar mit einer gesch\u00e4tzten Lieferzeit von 12 Tagen plus Versand.<\/li>\n<\/ul>","protected":false},"featured_media":3873,"template":"","meta":{"_acf_changed":false,"_uag_custom_page_level_css":"","site-sidebar-layout":"default","site-content-layout":"","ast-site-content-layout":"default","site-content-style":"default","site-sidebar-style":"default","ast-global-header-display":"","ast-banner-title-visibility":"","ast-main-header-display":"","ast-hfb-above-header-display":"","ast-hfb-below-header-display":"","ast-hfb-mobile-header-display":"","site-post-title":"","ast-breadcrumbs-content":"","ast-featured-img":"","footer-sml-layout":"","ast-disable-related-posts":"","theme-transparent-header-meta":"","adv-header-id-meta":"","stick-header-meta":"","header-above-stick-meta":"","header-main-stick-meta":"","header-below-stick-meta":"","astra-migrate-meta-layouts":"default","ast-page-background-enabled":"default","ast-page-background-meta":{"desktop":{"background-color":"var(--ast-global-color-4)","background-image":"","background-repeat":"repeat","background-position":"center center","background-size":"auto","background-attachment":"scroll","background-type":"","background-media":"","overlay-type":"","overlay-color":"","overlay-opacity":"","overlay-gradient":""},"tablet":{"background-color":"","background-image":"","background-repeat":"repeat","background-position":"center center","background-size":"auto","background-attachment":"scroll","background-type":"","background-media":"","overlay-type":"","overlay-color":"","overlay-opacity":"","overlay-gradient":""},"mobile":{"background-color":"","background-image":"","background-repeat":"repeat","background-position":"center center","background-size":"auto","background-attachment":"scroll","background-type":"","background-media":"","overlay-type":"","overlay-color":"","overlay-opacity":"","overlay-gradient":""}},"ast-content-background-meta":{"desktop":{"background-color":"var(--ast-global-color-5)","background-image":"","background-repeat":"repeat","background-position":"center center","background-size":"auto","background-attachment":"scroll","background-type":"","background-media":"","overlay-type":"","overlay-color":"","overlay-opacity":"","overlay-gradient":""},"tablet":{"background-color":"var(--ast-global-color-5)","background-image":"","background-repeat":"repeat","background-position":"center center","background-size":"auto","background-attachment":"scroll","background-type":"","background-media":"","overlay-type":"","overlay-color":"","overlay-opacity":"","overlay-gradient":""},"mobile":{"background-color":"var(--ast-global-color-5)","background-image":"","background-repeat":"repeat","background-position":"center center","background-size":"auto","background-attachment":"scroll","background-type":"","background-media":"","overlay-type":"","overlay-color":"","overlay-opacity":"","overlay-gradient":""}}},"product_brand":[],"product_cat":[48,47,49,430,40],"product_tag":[218,202,449,436,212,438,437,227,198,362,281],"class_list":{"0":"post-5785","1":"product","2":"type-product","3":"status-publish","4":"has-post-thumbnail","6":"product_cat-casual","7":"product_cat-classic","8":"product_cat-loafer","9":"product_cat-men","10":"product_cat-mens-shoes","11":"product_tag-brown-shoes","12":"product_tag-calf-leather","13":"product_tag-casual-shoes","14":"product_tag-chunky-sole","15":"product_tag-derby-shoes","16":"product_tag-eva-sole","17":"product_tag-goat-leather","18":"product_tag-leather-shoes","19":"product_tag-mens-fashion","20":"product_tag-premium-footwear","21":"product_tag-wholesale-shoes","22":"desktop-align-center","23":"tablet-align-center","24":"mobile-align-center","26":"first","27":"instock","28":"shipping-taxable","29":"purchasable","30":"product-type-variable","31":"has-default-attributes"},"acf":[],"uagb_featured_image_src":{"full":["https:\/\/turkishtrade.co\/wp-content\/uploads\/2026\/01\/2400EJOMN00264-CAMEL-DKS_876-6-USD.png",453,250,false],"thumbnail":["https:\/\/turkishtrade.co\/wp-content\/uploads\/2026\/01\/2400EJOMN00264-CAMEL-DKS_876-6-USD-150x150.png",150,150,true],"medium":["https:\/\/turkishtrade.co\/wp-content\/uploads\/2026\/01\/2400EJOMN00264-CAMEL-DKS_876-6-USD-300x166.png",300,166,true],"medium_large":["https:\/\/turkishtrade.co\/wp-content\/uploads\/2026\/01\/2400EJOMN00264-CAMEL-DKS_876-6-USD.png",453,250,false],"large":["https:\/\/turkishtrade.co\/wp-content\/uploads\/2026\/01\/2400EJOMN00264-CAMEL-DKS_876-6-USD.png",453,250,false],"1536x1536":["https:\/\/turkishtrade.co\/wp-content\/uploads\/2026\/01\/2400EJOMN00264-CAMEL-DKS_876-6-USD.png",453,250,false],"2048x2048":["https:\/\/turkishtrade.co\/wp-content\/uploads\/2026\/01\/2400EJOMN00264-CAMEL-DKS_876-6-USD.png",453,250,false],"trp-custom-language-flag":["https:\/\/turkishtrade.co\/wp-content\/uploads\/2026\/01\/2400EJOMN00264-CAMEL-DKS_876-6-USD-18x10.png",18,10,true],"woocommerce_thumbnail":["https:\/\/turkishtrade.co\/wp-content\/uploads\/2026\/01\/2400EJOMN00264-CAMEL-DKS_876-6-USD-400x250.png",400,250,true],"woocommerce_single":["https:\/\/turkishtrade.co\/wp-content\/uploads\/2026\/01\/2400EJOMN00264-CAMEL-DKS_876-6-USD.png",453,250,false],"woocommerce_gallery_thumbnail":["https:\/\/turkishtrade.co\/wp-content\/uploads\/2026\/01\/2400EJOMN00264-CAMEL-DKS_876-6-USD-100x100.png",100,100,true]},"uagb_author_info":{"display_name":"yaser olabi","author_link":"https:\/\/turkishtrade.co\/de\/author\/"},"uagb_comment_info":0,"uagb_excerpt":"Exquisite Material: Crafted from 100% genuine calf leather for a rich, durable exterior. Ultimate Comfort: Lined with soft goat leather for exceptional breathability and luxurious feel. Modern Design: Features a distinctive chunky EVA sole for superior comfort and a contemporary look. Versatile Sizing: Available in sizes 39, 40, 41, 42, 43, 44, 45 to fit&hellip;","_links":{"self":[{"href":"https:\/\/turkishtrade.co\/de\/wp-json\/wp\/v2\/product\/5785","targetHints":{"allow":["GET"]}}],"collection":[{"href":"https:\/\/turkishtrade.co\/de\/wp-json\/wp\/v2\/product"}],"about":[{"href":"https:\/\/turkishtrade.co\/de\/wp-json\/wp\/v2\/types\/product"}],"wp:featuredmedia":[{"embeddable":true,"href":"https:\/\/turkishtrade.co\/de\/wp-json\/wp\/v2\/media\/3873"}],"wp:attachment":[{"href":"https:\/\/turkishtrade.co\/de\/wp-json\/wp\/v2\/media?parent=5785"}],"wp:term":[{"taxonomy":"product_brand","embeddable":true,"href":"https:\/\/turkishtrade.co\/de\/wp-json\/wp\/v2\/product_brand?post=5785"},{"taxonomy":"product_cat","embeddable":true,"href":"https:\/\/turkishtrade.co\/de\/wp-json\/wp\/v2\/product_cat?post=5785"},{"taxonomy":"product_tag","embeddable":true,"href":"https:\/\/turkishtrade.co\/de\/wp-json\/wp\/v2\/product_tag?post=5785"}],"curies":[{"name":"wp","href":"https:\/\/api.w.org\/{rel}","templated":true}]}}