{"id":5783,"date":"2026-01-14T13:14:34","date_gmt":"2026-01-14T13:14:34","guid":{"rendered":"https:\/\/turkishtrade.co\/product\/men-brown-leather-loafer\/"},"modified":"2026-04-09T19:24:10","modified_gmt":"2026-04-09T19:24:10","slug":"mens-brown-leather-loafer","status":"publish","type":"product","link":"https:\/\/turkishtrade.co\/de\/shop\/mens-brown-leather-loafer\/","title":{"rendered":"Premium Herren Braun Kalbsleder Casual Loafers"},"content":{"rendered":"<p><strong>Herren Loafer aus braunem Leder<\/strong><\/p>\n<p>Gehen Sie in unvergleichlichem Stil und Komfort aus mit unseren exquisiten <strong>Herren-Slipper aus braunem Leder<\/strong>, Diese Schuhe wurden sorgf\u00e4ltig f\u00fcr den anspruchsvollen Gentleman gefertigt. Diese hochwertigen Freizeitschuhe sind so konzipiert, dass sie eine perfekte Mischung aus Raffinesse und Alltagstauglichkeit bieten, was sie zu einer unverzichtbaren Erg\u00e4nzung f\u00fcr jede moderne Garderobe macht. Jedes Paar dieser au\u00dfergew\u00f6hnlichen <strong>Herren-Slipper aus braunem Leder<\/strong> Schuhe zeichnet sich durch hervorragende Handwerkskunst aus, bei der nur die besten Materialien verwendet werden, um eine lange Lebensdauer und ein luxuri\u00f6ses Tragegef\u00fchl zu gew\u00e4hrleisten.<\/p>\n<p><h3>Der Premium Herren Loafer aus braunem Leder: Un\u00fcbertroffene Qualit\u00e4t und Komfort<\/h3>\n<\/p>\n<p>Das \u00c4u\u00dfere dieser bemerkenswerten Freizeitschuhe ist aus hochwertigem Kalbsleder gefertigt, das wegen seiner Robustheit, reichen Textur und dauerhaften Attraktivit\u00e4t ausgew\u00e4hlt wurde. Der tiefbraune Farbton dieses klassischen <strong>Herren-Slipper aus braunem Leder<\/strong> bietet einen vielseitigen Look, der m\u00fchelos eine breite Palette von Outfits erg\u00e4nzt, von Business Casual bis zu Wochenend-Ensembles. Neben dem stilvollen \u00c4u\u00dferen werden Ihre F\u00fc\u00dfe von einem weichen Ziegenlederfutter umarmt.<\/p>\n<p>Diese hochwertige Innenausstattung bietet nicht nur \u00fcberragenden Komfort und ein angenehmes Gef\u00fchl auf der Haut, sondern verbessert auch die Atmungsaktivit\u00e4t und h\u00e4lt Ihre F\u00fc\u00dfe den ganzen Tag \u00fcber frisch.<\/p>\n<p><h3>Entwickelt f\u00fcr allt\u00e4gliche Leistung<\/h3>\n<\/p>\n<p>Neben ihrer atemberaubenden \u00c4sthetik sind diese <strong>Herren-Slipper aus braunem Leder<\/strong> Schuhe sind auf Leistung ausgelegt. Die robuste EVA-Sohle bietet hervorragende D\u00e4mpfung und Unterst\u00fctzung und sorgt f\u00fcr Komfort bei jedem Schritt. Mit einer klassischen Absatzh\u00f6he von 1 bis 3 cm bieten diese Loafer die perfekte Balance zwischen traditionellem Stil und modernem Komfort und sind somit ideal f\u00fcr lange Tragezeiten.<\/p>\n<p>Die zuverl\u00e4ssige Traktion der EVA-Sohle sorgt zudem f\u00fcr Stabilit\u00e4t auf verschiedenen Untergr\u00fcnden und macht diesen vielseitigen Schuh noch praktischer. <strong>Herren-Slipper aus braunem Leder<\/strong>.<\/p>\n<p><h3>Perfekte Passform f\u00fcr jeden Gentleman<\/h3>\n<\/p>\n<p>Wir wissen, wie wichtig eine perfekte Passform ist, deshalb ist unser <strong>Herren-Slipper aus braunem Leder<\/strong> ist in einer breiten Palette von Gr\u00f6\u00dfen von EU 39 bis 45 erh\u00e4ltlich. Egal, ob Sie f\u00fcr den pers\u00f6nlichen Gebrauch oder f\u00fcr Ihr Einzelhandelsgesch\u00e4ft einkaufen, Sie werden die ideale Gr\u00f6\u00dfe f\u00fcr Ihre Bed\u00fcrfnisse finden. Unser Engagement f\u00fcr Qualit\u00e4t erstreckt sich auf jedes Detail, um sicherzustellen, dass jedes Paar unserer <strong>Herren-Slipper aus braunem Leder<\/strong> bietet eine bequeme Passform.<\/p>\n<p><h3>Gro\u00dfbestellungen und effiziente Lieferung<\/h3>\n<\/p>\n<p>F\u00fcr Einzelh\u00e4ndler und Unternehmen sind diese hervorragenden <strong>Herren-Slipper aus braunem Leder<\/strong> Schuhe sind f\u00fcr Gro\u00dfbestellungen mit einer Mindestmenge von 8 Paaren erh\u00e4ltlich. Wir sind stolz auf unsere effiziente Produktion, die sicherstellt, dass Ihre Bestellung innerhalb von etwa 12 Tagen versandfertig ist, gefolgt von den \u00fcblichen Versandzeiten. Investieren Sie in diese hochwertigen <strong>Herren-Slipper aus braunem Leder<\/strong> Schuhe und bieten Ihren Kunden ein Produkt, das f\u00fcr Stil, Komfort und dauerhaften Wert steht.<\/p>","protected":false},"excerpt":{"rendered":"<ul>\n<li><strong>Obermaterial aus hochwertigem Kalbsleder:<\/strong> Langlebig und stilvoll in brauner Struktur.<\/li>\n<li><strong>Futter aus weichem Ziegenleder:<\/strong> Sorgt f\u00fcr ultimativen Komfort und Atmungsaktivit\u00e4t.<\/li>\n<li><strong>Bequeme EVA-Sohle:<\/strong> Bietet hervorragende Traktion und Unterst\u00fctzung mit einem klassischen 1-3 cm hohen Absatz.<\/li>\n<li><strong>Verf\u00fcgbare Gr\u00f6\u00dfen:<\/strong> Umfassende Spanne von EU 39 bis 45.<\/li>\n<li><strong>Bulk-Verf\u00fcgbarkeit:<\/strong> Mindestbestellmenge 8 Paare.<\/li>\n<li><strong>Effiziente Produktion:<\/strong> Versandfertig innerhalb von 12 Tagen (+ Versandzeit).<\/li>\n<\/ul>","protected":false},"featured_media":3872,"template":"","meta":{"_acf_changed":false,"_uag_custom_page_level_css":"","site-sidebar-layout":"default","site-content-layout":"","ast-site-content-layout":"default","site-content-style":"default","site-sidebar-style":"default","ast-global-header-display":"","ast-banner-title-visibility":"","ast-main-header-display":"","ast-hfb-above-header-display":"","ast-hfb-below-header-display":"","ast-hfb-mobile-header-display":"","site-post-title":"","ast-breadcrumbs-content":"","ast-featured-img":"","footer-sml-layout":"","ast-disable-related-posts":"","theme-transparent-header-meta":"","adv-header-id-meta":"","stick-header-meta":"","header-above-stick-meta":"","header-main-stick-meta":"","header-below-stick-meta":"","astra-migrate-meta-layouts":"default","ast-page-background-enabled":"default","ast-page-background-meta":{"desktop":{"background-color":"var(--ast-global-color-4)","background-image":"","background-repeat":"repeat","background-position":"center center","background-size":"auto","background-attachment":"scroll","background-type":"","background-media":"","overlay-type":"","overlay-color":"","overlay-opacity":"","overlay-gradient":""},"tablet":{"background-color":"","background-image":"","background-repeat":"repeat","background-position":"center center","background-size":"auto","background-attachment":"scroll","background-type":"","background-media":"","overlay-type":"","overlay-color":"","overlay-opacity":"","overlay-gradient":""},"mobile":{"background-color":"","background-image":"","background-repeat":"repeat","background-position":"center center","background-size":"auto","background-attachment":"scroll","background-type":"","background-media":"","overlay-type":"","overlay-color":"","overlay-opacity":"","overlay-gradient":""}},"ast-content-background-meta":{"desktop":{"background-color":"var(--ast-global-color-5)","background-image":"","background-repeat":"repeat","background-position":"center center","background-size":"auto","background-attachment":"scroll","background-type":"","background-media":"","overlay-type":"","overlay-color":"","overlay-opacity":"","overlay-gradient":""},"tablet":{"background-color":"var(--ast-global-color-5)","background-image":"","background-repeat":"repeat","background-position":"center center","background-size":"auto","background-attachment":"scroll","background-type":"","background-media":"","overlay-type":"","overlay-color":"","overlay-opacity":"","overlay-gradient":""},"mobile":{"background-color":"var(--ast-global-color-5)","background-image":"","background-repeat":"repeat","background-position":"center center","background-size":"auto","background-attachment":"scroll","background-type":"","background-media":"","overlay-type":"","overlay-color":"","overlay-opacity":"","overlay-gradient":""}}},"product_brand":[],"product_cat":[48,47,49,430,40],"product_tag":[292,202,449,551,222,982,438,437,941,1049,198,186,281],"class_list":{"0":"post-5783","1":"product","2":"type-product","3":"status-publish","4":"has-post-thumbnail","6":"product_cat-casual","7":"product_cat-classic","8":"product_cat-loafer","9":"product_cat-men","10":"product_cat-mens-shoes","11":"product_tag-brown-leather-shoes","12":"product_tag-calf-leather","13":"product_tag-casual-shoes","14":"product_tag-classic-style","15":"product_tag-comfortable-shoes","16":"product_tag-durable-footwear","17":"product_tag-eva-sole","18":"product_tag-goat-leather","19":"product_tag-lace-up-loafers","20":"product_tag-mens-casual-loafers","21":"product_tag-mens-fashion","22":"product_tag-mens-loafers","23":"product_tag-wholesale-shoes","24":"desktop-align-center","25":"tablet-align-center","26":"mobile-align-center","28":"first","29":"instock","30":"shipping-taxable","31":"purchasable","32":"product-type-variable","33":"has-default-attributes"},"acf":[],"uagb_featured_image_src":{"full":["https:\/\/turkishtrade.co\/wp-content\/uploads\/2026\/01\/2400EJOMN00263-BROWN-DKS_876.png",453,250,false],"thumbnail":["https:\/\/turkishtrade.co\/wp-content\/uploads\/2026\/01\/2400EJOMN00263-BROWN-DKS_876-150x150.png",150,150,true],"medium":["https:\/\/turkishtrade.co\/wp-content\/uploads\/2026\/01\/2400EJOMN00263-BROWN-DKS_876-300x166.png",300,166,true],"medium_large":["https:\/\/turkishtrade.co\/wp-content\/uploads\/2026\/01\/2400EJOMN00263-BROWN-DKS_876.png",453,250,false],"large":["https:\/\/turkishtrade.co\/wp-content\/uploads\/2026\/01\/2400EJOMN00263-BROWN-DKS_876.png",453,250,false],"1536x1536":["https:\/\/turkishtrade.co\/wp-content\/uploads\/2026\/01\/2400EJOMN00263-BROWN-DKS_876.png",453,250,false],"2048x2048":["https:\/\/turkishtrade.co\/wp-content\/uploads\/2026\/01\/2400EJOMN00263-BROWN-DKS_876.png",453,250,false],"trp-custom-language-flag":["https:\/\/turkishtrade.co\/wp-content\/uploads\/2026\/01\/2400EJOMN00263-BROWN-DKS_876-18x10.png",18,10,true],"woocommerce_thumbnail":["https:\/\/turkishtrade.co\/wp-content\/uploads\/2026\/01\/2400EJOMN00263-BROWN-DKS_876-400x250.png",400,250,true],"woocommerce_single":["https:\/\/turkishtrade.co\/wp-content\/uploads\/2026\/01\/2400EJOMN00263-BROWN-DKS_876.png",453,250,false],"woocommerce_gallery_thumbnail":["https:\/\/turkishtrade.co\/wp-content\/uploads\/2026\/01\/2400EJOMN00263-BROWN-DKS_876-100x100.png",100,100,true]},"uagb_author_info":{"display_name":"yaser olabi","author_link":"https:\/\/turkishtrade.co\/de\/author\/"},"uagb_comment_info":0,"uagb_excerpt":"Premium Calf Leather Upper: Durable and stylish textured brown finish. Soft Goat Leather Lining: Ensures ultimate comfort and breathability. Comfortable EVA Sole: Provides excellent traction and support with a classic 1-3cm heel. Available Sizes: Comprehensive range from EU 39 to 45. Bulk Availability: Minimum order of 8 pairs. Efficient Production: Ready for dispatch within 12&hellip;","_links":{"self":[{"href":"https:\/\/turkishtrade.co\/de\/wp-json\/wp\/v2\/product\/5783","targetHints":{"allow":["GET"]}}],"collection":[{"href":"https:\/\/turkishtrade.co\/de\/wp-json\/wp\/v2\/product"}],"about":[{"href":"https:\/\/turkishtrade.co\/de\/wp-json\/wp\/v2\/types\/product"}],"wp:featuredmedia":[{"embeddable":true,"href":"https:\/\/turkishtrade.co\/de\/wp-json\/wp\/v2\/media\/3872"}],"wp:attachment":[{"href":"https:\/\/turkishtrade.co\/de\/wp-json\/wp\/v2\/media?parent=5783"}],"wp:term":[{"taxonomy":"product_brand","embeddable":true,"href":"https:\/\/turkishtrade.co\/de\/wp-json\/wp\/v2\/product_brand?post=5783"},{"taxonomy":"product_cat","embeddable":true,"href":"https:\/\/turkishtrade.co\/de\/wp-json\/wp\/v2\/product_cat?post=5783"},{"taxonomy":"product_tag","embeddable":true,"href":"https:\/\/turkishtrade.co\/de\/wp-json\/wp\/v2\/product_tag?post=5783"}],"curies":[{"name":"wp","href":"https:\/\/api.w.org\/{rel}","templated":true}]}}