{"id":5751,"date":"2026-01-14T13:08:28","date_gmt":"2026-01-14T13:08:28","guid":{"rendered":"https:\/\/turkishtrade.co\/product\/men-s-cap-toe-derby-shoes\/"},"modified":"2026-04-09T19:25:09","modified_gmt":"2026-04-09T19:25:09","slug":"mens-cap-toe-derby-shoes-3","status":"publish","type":"product","link":"https:\/\/turkishtrade.co\/de\/shop\/mens-cap-toe-derby-shoes-3\/","title":{"rendered":"Premium Herren Leder Cap Toe Derby Schuhe"},"content":{"rendered":"<p><strong>Herren Cap Toe Derby Schuhe<\/strong><\/p>\n<p>Erweitern Sie Ihre Schuhkollektion mit unserer exquisiten Kollektion von <strong>Herren Cap Toe Derby Schuhe<\/strong>. Diese f\u00fcr den anspruchsvollen Gentleman entworfenen Schuhe vereinen nahtlos klassische Raffinesse mit zeitgem\u00e4\u00dfem Komfort und sind damit eine unverzichtbare Erg\u00e4nzung sowohl f\u00fcr Ihre formelle als auch f\u00fcr Ihre l\u00e4ssige Kleidung. Jedes Paar dieser luxuri\u00f6sen <strong>Herren Cap Toe Derby Schuhe<\/strong> ist ein Beweis f\u00fcr \u00fcberlegene Handwerkskunst und best\u00e4ndigen Stil, der sicherstellt, dass Sie immer einen hervorragenden Eindruck hinterlassen.<\/p>\n<p><h3>Unvergleichliche Qualit\u00e4t und Handwerkskunst<\/h3>\n<\/p>\n<p>Das Herzst\u00fcck dieser au\u00dfergew\u00f6hnlichen <strong>Herren Cap Toe Derby Schuhe<\/strong> liegt in der Verpflichtung zu hochwertigen Materialien. Die \u00e4u\u00dfere Oberfl\u00e4che ist sorgf\u00e4ltig gefertigt aus <strong>hochwertiges Kalbsleder<\/strong>, Er bietet eine raffinierte \u00c4sthetik mit einer raffinierten Kombination aus glatten und reich strukturierten Oberfl\u00e4chen, die besonders an der markanten Kappe zum Vorschein kommen.<\/p>\n<p>Diese Materialwahl sorgt nicht nur f\u00fcr ein luxuri\u00f6ses Aussehen, sondern auch f\u00fcr Langlebigkeit und eine sch\u00f6ne Patina im Laufe der Zeit. Das Innere ist weich und geschmeidig <strong>Futter aus Ziegenleder<\/strong>, Sie gew\u00e4hrleisten Atmungsaktivit\u00e4t und unvergleichlichen Komfort bei jedem Schritt und sind damit die idealen Begleiter. <strong>Herren Cap Toe Derby Schuhe<\/strong> f\u00fcr l\u00e4ngeres Tragen.<\/p>\n<p>Die Grundlage dieser eleganten Schuhe ist eine leichte und flexible <strong>EVA-Sohle<\/strong>, Der klassische 1-3 cm hohe Absatz sorgt f\u00fcr Stabilit\u00e4t und einen bequemen Gang.<\/p>\n<p><h3>Vielseitiger Stil f\u00fcr jede Gelegenheit<\/h3>\n<\/p>\n<p>Unser <strong>Herren Cap Toe Derby Schuhe<\/strong> sind der Inbegriff von vielseitiger Eleganz. Ihr zeitloses Kappendesign, kombiniert mit der klassischen Derby-Schn\u00fcrung, macht sie perfekt geeignet f\u00fcr eine Vielzahl von Anl\u00e4ssen. Egal, ob Sie an einem wichtigen Gesch\u00e4ftstreffen oder einer formellen Abendgala teilnehmen oder einfach nur einen eleganten Freizeitlook anstreben, mit diesen Schuhen werden Sie einen bleibenden Eindruck hinterlassen.<\/p>\n<p>Erh\u00e4ltlich in einer raffinierten Farbpalette mit klassischem Schwarz, tiefem Marineblau und sattem Braun, gibt es ein Paar von <strong>Herren Cap Toe Derby Schuhe<\/strong> um jedes Outfit und jeden pers\u00f6nlichen Stil zu erg\u00e4nzen. Die Gr\u00f6\u00dfen reichen von 39 bis 45 und gew\u00e4hrleisten eine perfekte Passform f\u00fcr ein breites Spektrum von Kunden.<\/p>\n<p><h3>Gro\u00dfhandelschance f\u00fcr Unternehmen<\/h3>\n<\/p>\n<p>F\u00fcr Einzelh\u00e4ndler und Unternehmen, die hochwertige, stilvolle Schuhe suchen, ist unser <strong>Herren Cap Toe Derby Schuhe<\/strong> sind f\u00fcr den Gro\u00dfhandel erh\u00e4ltlich. Wir bieten attraktive Gro\u00dfhandelspreise mit einer Mindestbestellmenge von 8 Paaren, so dass Sie sich mit diesen begehrten Artikeln eindecken k\u00f6nnen. Genie\u00dfen Sie eine effiziente Auftragsabwicklung und eine Lieferzeit von ca. 12 Tagen plus Versand.<\/p>\n<p>Setzen Sie sich mit uns in Verbindung, um detaillierte Preise zu erfahren und um zu besprechen, wie diese Premium <strong>Herren Cap Toe Derby Schuhe<\/strong> kann Ihr Produktangebot erweitern und den Wunsch Ihrer Kunden nach anspruchsvollen, hochwertigen Schuhen erf\u00fcllen.<\/p>","protected":false},"excerpt":{"rendered":"<ul>\n<li>Obermaterial aus luxuri\u00f6sem Kalbsleder mit glatten und markant strukturierten Oberfl\u00e4chen<\/li>\n<li>Weiches und atmungsaktives Ziegenlederfutter f\u00fcr h\u00f6chsten Tragekomfort<\/li>\n<li>Strapazierf\u00e4hige und dennoch leichte EVA-Sohle mit einer dezenten, klassischen Absatzh\u00f6he von 1-3 cm<\/li>\n<li>Klassischer Schn\u00fcr-Derby mit Kappe f\u00fcr zeitlose Eleganz und Vielseitigkeit<\/li>\n<li>Erh\u00e4ltlich in einer breiten Gr\u00f6\u00dfenpalette von 39 bis 45<\/li>\n<li>Anspruchsvoll\n<li>Ideal f\u00fcr Gro\u00dfhandel und Gro\u00dfbestellungen mit einer Mindestmenge von 8 Paaren<\/li>\n<li>Effiziente Lieferung innerhalb von etwa 12 Tagen plus Standardversandzeit<\/li>\n<li>Einzelheiten zu den Gro\u00dfhandelspreisen sind auf Anfrage f\u00fcr Gesch\u00e4ftspartner erh\u00e4ltlich.<\/li>\n<\/ul>","protected":false},"featured_media":3765,"template":"","meta":{"_acf_changed":false,"_uag_custom_page_level_css":"","site-sidebar-layout":"default","site-content-layout":"","ast-site-content-layout":"default","site-content-style":"default","site-sidebar-style":"default","ast-global-header-display":"","ast-banner-title-visibility":"","ast-main-header-display":"","ast-hfb-above-header-display":"","ast-hfb-below-header-display":"","ast-hfb-mobile-header-display":"","site-post-title":"","ast-breadcrumbs-content":"","ast-featured-img":"","footer-sml-layout":"","ast-disable-related-posts":"","theme-transparent-header-meta":"","adv-header-id-meta":"","stick-header-meta":"","header-above-stick-meta":"","header-main-stick-meta":"","header-below-stick-meta":"","astra-migrate-meta-layouts":"default","ast-page-background-enabled":"default","ast-page-background-meta":{"desktop":{"background-color":"var(--ast-global-color-4)","background-image":"","background-repeat":"repeat","background-position":"center center","background-size":"auto","background-attachment":"scroll","background-type":"","background-media":"","overlay-type":"","overlay-color":"","overlay-opacity":"","overlay-gradient":""},"tablet":{"background-color":"","background-image":"","background-repeat":"repeat","background-position":"center center","background-size":"auto","background-attachment":"scroll","background-type":"","background-media":"","overlay-type":"","overlay-color":"","overlay-opacity":"","overlay-gradient":""},"mobile":{"background-color":"","background-image":"","background-repeat":"repeat","background-position":"center center","background-size":"auto","background-attachment":"scroll","background-type":"","background-media":"","overlay-type":"","overlay-color":"","overlay-opacity":"","overlay-gradient":""}},"ast-content-background-meta":{"desktop":{"background-color":"var(--ast-global-color-5)","background-image":"","background-repeat":"repeat","background-position":"center center","background-size":"auto","background-attachment":"scroll","background-type":"","background-media":"","overlay-type":"","overlay-color":"","overlay-opacity":"","overlay-gradient":""},"tablet":{"background-color":"var(--ast-global-color-5)","background-image":"","background-repeat":"repeat","background-position":"center center","background-size":"auto","background-attachment":"scroll","background-type":"","background-media":"","overlay-type":"","overlay-color":"","overlay-opacity":"","overlay-gradient":""},"mobile":{"background-color":"var(--ast-global-color-5)","background-image":"","background-repeat":"repeat","background-position":"center center","background-size":"auto","background-attachment":"scroll","background-type":"","background-media":"","overlay-type":"","overlay-color":"","overlay-opacity":"","overlay-gradient":""}}},"product_brand":[],"product_cat":[47,430,40],"product_tag":[407,613,202,458,809,212,284,438,251,437,227,614,362,280,281],"class_list":{"0":"post-5751","1":"product","2":"type-product","3":"status-publish","4":"has-post-thumbnail","6":"product_cat-classic","7":"product_cat-men","8":"product_cat-mens-shoes","9":"product_tag-black-derby-shoes","10":"product_tag-brown-derby-shoes","11":"product_tag-calf-leather","12":"product_tag-cap-toe-shoes","13":"product_tag-classic-mens-footwear","14":"product_tag-derby-shoes","15":"product_tag-dress-shoes","16":"product_tag-eva-sole","17":"product_tag-formal-shoes","18":"product_tag-goat-leather","19":"product_tag-leather-shoes","20":"product_tag-navy-derby-shoes","21":"product_tag-premium-footwear","22":"product_tag-smart-casual-shoes","23":"product_tag-wholesale-shoes","24":"desktop-align-center","25":"tablet-align-center","26":"mobile-align-center","28":"first","29":"instock","30":"shipping-taxable","31":"purchasable","32":"product-type-variable","33":"has-default-attributes"},"acf":[],"uagb_featured_image_src":{"full":["https:\/\/turkishtrade.co\/wp-content\/uploads\/2026\/01\/2400EJOMN00342-DARK-BROWN-X_12583-1-usd.png",453,250,false],"thumbnail":["https:\/\/turkishtrade.co\/wp-content\/uploads\/2026\/01\/2400EJOMN00342-DARK-BROWN-X_12583-1-usd-150x150.png",150,150,true],"medium":["https:\/\/turkishtrade.co\/wp-content\/uploads\/2026\/01\/2400EJOMN00342-DARK-BROWN-X_12583-1-usd-300x166.png",300,166,true],"medium_large":["https:\/\/turkishtrade.co\/wp-content\/uploads\/2026\/01\/2400EJOMN00342-DARK-BROWN-X_12583-1-usd.png",453,250,false],"large":["https:\/\/turkishtrade.co\/wp-content\/uploads\/2026\/01\/2400EJOMN00342-DARK-BROWN-X_12583-1-usd.png",453,250,false],"1536x1536":["https:\/\/turkishtrade.co\/wp-content\/uploads\/2026\/01\/2400EJOMN00342-DARK-BROWN-X_12583-1-usd.png",453,250,false],"2048x2048":["https:\/\/turkishtrade.co\/wp-content\/uploads\/2026\/01\/2400EJOMN00342-DARK-BROWN-X_12583-1-usd.png",453,250,false],"trp-custom-language-flag":["https:\/\/turkishtrade.co\/wp-content\/uploads\/2026\/01\/2400EJOMN00342-DARK-BROWN-X_12583-1-usd-18x10.png",18,10,true],"woocommerce_thumbnail":["https:\/\/turkishtrade.co\/wp-content\/uploads\/2026\/01\/2400EJOMN00342-DARK-BROWN-X_12583-1-usd-400x250.png",400,250,true],"woocommerce_single":["https:\/\/turkishtrade.co\/wp-content\/uploads\/2026\/01\/2400EJOMN00342-DARK-BROWN-X_12583-1-usd.png",453,250,false],"woocommerce_gallery_thumbnail":["https:\/\/turkishtrade.co\/wp-content\/uploads\/2026\/01\/2400EJOMN00342-DARK-BROWN-X_12583-1-usd-100x100.png",100,100,true]},"uagb_author_info":{"display_name":"yaser olabi","author_link":"https:\/\/turkishtrade.co\/de\/author\/"},"uagb_comment_info":0,"uagb_excerpt":"Luxurious calf leather outer, featuring smooth and distinctive textured finishes Soft and breathable goat leather lining for ultimate comfort during wear Durable yet lightweight EVA sole with a subtle 1-3 cm classic heel height Classic lace-up cap toe derby design for timeless elegance and versatility Available in an extensive size range from 39 to 45&hellip;","_links":{"self":[{"href":"https:\/\/turkishtrade.co\/de\/wp-json\/wp\/v2\/product\/5751","targetHints":{"allow":["GET"]}}],"collection":[{"href":"https:\/\/turkishtrade.co\/de\/wp-json\/wp\/v2\/product"}],"about":[{"href":"https:\/\/turkishtrade.co\/de\/wp-json\/wp\/v2\/types\/product"}],"wp:featuredmedia":[{"embeddable":true,"href":"https:\/\/turkishtrade.co\/de\/wp-json\/wp\/v2\/media\/3765"}],"wp:attachment":[{"href":"https:\/\/turkishtrade.co\/de\/wp-json\/wp\/v2\/media?parent=5751"}],"wp:term":[{"taxonomy":"product_brand","embeddable":true,"href":"https:\/\/turkishtrade.co\/de\/wp-json\/wp\/v2\/product_brand?post=5751"},{"taxonomy":"product_cat","embeddable":true,"href":"https:\/\/turkishtrade.co\/de\/wp-json\/wp\/v2\/product_cat?post=5751"},{"taxonomy":"product_tag","embeddable":true,"href":"https:\/\/turkishtrade.co\/de\/wp-json\/wp\/v2\/product_tag?post=5751"}],"curies":[{"name":"wp","href":"https:\/\/api.w.org\/{rel}","templated":true}]}}