{"id":5742,"date":"2026-01-14T13:02:25","date_gmt":"2026-01-14T13:02:25","guid":{"rendered":"https:\/\/turkishtrade.co\/product\/mens-genuine-leather-casual-shoes\/"},"modified":"2026-04-09T19:25:24","modified_gmt":"2026-04-09T19:25:24","slug":"mens-genuine-leather-casual-shoes","status":"publish","type":"product","link":"https:\/\/turkishtrade.co\/de\/shop\/mens-genuine-leather-casual-shoes\/","title":{"rendered":"Herren Premium-Echtleder Schn\u00fcrschuhe Freizeitschuhe"},"content":{"rendered":"<p><strong>Freizeitschuhe aus echtem Leder f\u00fcr M\u00e4nner<\/strong><\/p>\n<p>Erleben Sie unvergleichlichen Komfort und zeitlosen Stil mit unseren exquisiten <strong>Freizeitschuhe aus echtem Leder f\u00fcr M\u00e4nner<\/strong>. Entworfen f\u00fcr den modernen Gentleman, der sowohl Raffinesse als auch Langlebigkeit sch\u00e4tzt, sind diese <strong>Freizeitschuhe aus echtem Leder f\u00fcr M\u00e4nner<\/strong> sind ein unverzichtbarer Bestandteil jeder anspruchsvollen Garderobe. Jedes Paar wird sorgf\u00e4ltig gefertigt, um ein au\u00dfergew\u00f6hnliches Trageerlebnis zu bieten und verbindet traditionelle Schuhmacherkunst mit modernem Design.<\/p>\n<p>Unsere Sammlung von <strong>Freizeitschuhe aus echtem Leder f\u00fcr M\u00e4nner<\/strong> kombiniert das Beste aus klassischer \u00c4sthetik und moderner Komforttechnologie und sorgt daf\u00fcr, dass Sie bei jedem Schritt gut aussehen und sich wohl f\u00fchlen.<\/p>\n<p><h3>Hochwertige Materialien f\u00fcr \u00fcberragenden Komfort und Langlebigkeit<\/h3>\n<\/p>\n<p>Die \u00e4u\u00dfere Oberfl\u00e4che dieser bemerkenswerten <strong>Freizeitschuhe aus echtem Leder f\u00fcr M\u00e4nner<\/strong> wird sorgf\u00e4ltig aus erstklassigem Kalbsleder hergestellt, das f\u00fcr seine geschmeidige Textur und robuste Widerstandsf\u00e4higkeit bekannt ist. Dieses hochwertige Leder sieht nicht nur edel aus, sondern schmiegt sich mit der Zeit auch an Ihren Fu\u00df an und sorgt f\u00fcr eine individuelle, handschuhartige Passform. Erg\u00e4nzend dazu ist das Innere des Schuhs mit weichem Ziegenleder gef\u00fcttert, das eine hervorragende Atmungsaktivit\u00e4t und ein luxuri\u00f6ses Gef\u00fchl auf der Haut bietet und auch nach l\u00e4ngerem Tragen nicht unangenehm ist.<\/p>\n<p>Die Grundlage f\u00fcr diese eleganten <strong>Freizeitschuhe aus echtem Leder f\u00fcr M\u00e4nner<\/strong> ist eine leichte und dennoch unglaublich robuste EVA-Sohle. Dieses innovative Material sorgt f\u00fcr hervorragende Sto\u00dfd\u00e4mpfung und unvergleichliche Flexibilit\u00e4t, so dass sich jeder Schritt m\u00fchelos anf\u00fchlt. Egal, ob Sie sich durch die belebten Stra\u00dfen der Stadt bewegen oder einen entspannten Wochenendausflug genie\u00dfen, diese vielseitigen <strong>Freizeitschuhe aus echtem Leder f\u00fcr M\u00e4nner<\/strong> versprechen ganzt\u00e4gigen Komfort und Halt.<\/p>\n<p>Erleben Sie den bedeutenden Unterschied, den echte Handwerkskunst und hochwertige Materialien ausmachen, mit unseren au\u00dfergew\u00f6hnlichen <strong>Freizeitschuhe aus echtem Leder f\u00fcr M\u00e4nner<\/strong>.<\/p>\n<p><h3>Vielseitiger Stil f\u00fcr jede Gelegenheit<\/h3>\n<\/p>\n<p>Unser <strong>Freizeitschuhe aus echtem Leder f\u00fcr M\u00e4nner<\/strong> sind der Inbegriff von vielseitigem Schuhwerk, das sich m\u00fchelos von l\u00e4ssig-schick bis hin zu entspannter Eleganz kombinieren l\u00e4sst. Ihr raffiniertes Design mit dezenten Schn\u00fcrdetails macht sie f\u00fcr eine Vielzahl von Anl\u00e4ssen und Outfits geeignet. Kombinieren Sie diese eleganten <strong>Freizeitschuhe aus echtem Leder f\u00fcr M\u00e4nner<\/strong> mit einer ma\u00dfgeschneiderten Hose und einem scharfen Blazer f\u00fcr einen raffinierten Business-Casual-Look oder m\u00fchelos mit einer dunklen Jeans oder Chinohose und einem knackigen Poloshirt f\u00fcr ein elegantes Wochenend-Ensemble.<\/p>\n<p>Die satten, tiefen T\u00f6ne des hochwertigen Leders verleihen jedem Outfit sofort einen Hauch von schlichter Eleganz, die jedes Outfit aufwertet. Erh\u00e4ltlich in einer breiten Palette von Gr\u00f6\u00dfen von 39 bis 45, ist es einfach und bequem, die perfekte Passform zu finden. Wir kennen auch die Bed\u00fcrfnisse von Unternehmen und Einzelh\u00e4ndlern und bieten diese au\u00dfergew\u00f6hnlichen <strong>Freizeitschuhe aus echtem Leder f\u00fcr M\u00e4nner<\/strong> f\u00fcr den Gro\u00dfeinkauf mit einer Mindestbestellmenge von 8 Paaren, damit Ihr Lagerbestand immer mit hochwertigen, modischen und gefragten Schuhen gef\u00fcllt ist.<\/p>","protected":false},"excerpt":{"rendered":"<ul>\n<li>Gefertigt aus hochwertigem Kalbsleder und weichem Ziegenlederfutter<\/li>\n<li>Leichte und bequeme EVA-Sohle f\u00fcr ganzt\u00e4gigen Tragekomfort<\/li>\n<li>Stylisches Schn\u00fcrdesign, perfekt f\u00fcr Freizeit- und Smart-Casual-Outfits<\/li>\n<li>Erh\u00e4ltlich in einer breiten Palette von Gr\u00f6\u00dfen: 39, 40, 41, 42, 43, 44, 45<\/li>\n<li>Gro\u00dfbestellungen sind ab 8 Paaren pro Bestellung m\u00f6glich.<\/li>\n<\/ul>","protected":false},"featured_media":3850,"template":"","meta":{"_acf_changed":false,"_uag_custom_page_level_css":"","site-sidebar-layout":"default","site-content-layout":"","ast-site-content-layout":"default","site-content-style":"default","site-sidebar-style":"default","ast-global-header-display":"","ast-banner-title-visibility":"","ast-main-header-display":"","ast-hfb-above-header-display":"","ast-hfb-below-header-display":"","ast-hfb-mobile-header-display":"","site-post-title":"","ast-breadcrumbs-content":"","ast-featured-img":"","footer-sml-layout":"","ast-disable-related-posts":"","theme-transparent-header-meta":"","adv-header-id-meta":"","stick-header-meta":"","header-above-stick-meta":"","header-main-stick-meta":"","header-below-stick-meta":"","astra-migrate-meta-layouts":"default","ast-page-background-enabled":"default","ast-page-background-meta":{"desktop":{"background-color":"var(--ast-global-color-4)","background-image":"","background-repeat":"repeat","background-position":"center center","background-size":"auto","background-attachment":"scroll","background-type":"","background-media":"","overlay-type":"","overlay-color":"","overlay-opacity":"","overlay-gradient":""},"tablet":{"background-color":"","background-image":"","background-repeat":"repeat","background-position":"center center","background-size":"auto","background-attachment":"scroll","background-type":"","background-media":"","overlay-type":"","overlay-color":"","overlay-opacity":"","overlay-gradient":""},"mobile":{"background-color":"","background-image":"","background-repeat":"repeat","background-position":"center center","background-size":"auto","background-attachment":"scroll","background-type":"","background-media":"","overlay-type":"","overlay-color":"","overlay-opacity":"","overlay-gradient":""}},"ast-content-background-meta":{"desktop":{"background-color":"var(--ast-global-color-5)","background-image":"","background-repeat":"repeat","background-position":"center center","background-size":"auto","background-attachment":"scroll","background-type":"","background-media":"","overlay-type":"","overlay-color":"","overlay-opacity":"","overlay-gradient":""},"tablet":{"background-color":"var(--ast-global-color-5)","background-image":"","background-repeat":"repeat","background-position":"center center","background-size":"auto","background-attachment":"scroll","background-type":"","background-media":"","overlay-type":"","overlay-color":"","overlay-opacity":"","overlay-gradient":""},"mobile":{"background-color":"var(--ast-global-color-5)","background-image":"","background-repeat":"repeat","background-position":"center center","background-size":"auto","background-attachment":"scroll","background-type":"","background-media":"","overlay-type":"","overlay-color":"","overlay-opacity":"","overlay-gradient":""}}},"product_brand":[],"product_cat":[48,47,49,430,40],"product_tag":[202,308,290,1039,438,437,649,198,1038,286,362,380,262],"class_list":{"0":"post-5742","1":"product","2":"type-product","3":"status-publish","4":"has-post-thumbnail","6":"product_cat-casual","7":"product_cat-classic","8":"product_cat-loafer","9":"product_cat-men","10":"product_cat-mens-shoes","11":"product_tag-calf-leather","12":"product_tag-casual-lace-up-shoes","13":"product_tag-comfortable-mens-shoes","14":"product_tag-durable-leather-shoes","15":"product_tag-eva-sole","16":"product_tag-goat-leather","17":"product_tag-leather-derby-shoes","18":"product_tag-mens-fashion","19":"product_tag-mens-genuine-leather-casual-shoes","20":"product_tag-mens-leather-shoes","21":"product_tag-premium-footwear","22":"product_tag-smart-casual-footwear","23":"product_tag-wholesale-mens-shoes","24":"desktop-align-center","25":"tablet-align-center","26":"mobile-align-center","28":"first","29":"instock","30":"shipping-taxable","31":"purchasable","32":"product-type-variable","33":"has-default-attributes"},"acf":[],"uagb_featured_image_src":{"full":["https:\/\/turkishtrade.co\/wp-content\/uploads\/2026\/01\/2400EJOMN00242-BURGUNDEY-X_434_1-150-USD.png",453,250,false],"thumbnail":["https:\/\/turkishtrade.co\/wp-content\/uploads\/2026\/01\/2400EJOMN00242-BURGUNDEY-X_434_1-150-USD-150x150.png",150,150,true],"medium":["https:\/\/turkishtrade.co\/wp-content\/uploads\/2026\/01\/2400EJOMN00242-BURGUNDEY-X_434_1-150-USD-300x166.png",300,166,true],"medium_large":["https:\/\/turkishtrade.co\/wp-content\/uploads\/2026\/01\/2400EJOMN00242-BURGUNDEY-X_434_1-150-USD.png",453,250,false],"large":["https:\/\/turkishtrade.co\/wp-content\/uploads\/2026\/01\/2400EJOMN00242-BURGUNDEY-X_434_1-150-USD.png",453,250,false],"1536x1536":["https:\/\/turkishtrade.co\/wp-content\/uploads\/2026\/01\/2400EJOMN00242-BURGUNDEY-X_434_1-150-USD.png",453,250,false],"2048x2048":["https:\/\/turkishtrade.co\/wp-content\/uploads\/2026\/01\/2400EJOMN00242-BURGUNDEY-X_434_1-150-USD.png",453,250,false],"trp-custom-language-flag":["https:\/\/turkishtrade.co\/wp-content\/uploads\/2026\/01\/2400EJOMN00242-BURGUNDEY-X_434_1-150-USD-18x10.png",18,10,true],"woocommerce_thumbnail":["https:\/\/turkishtrade.co\/wp-content\/uploads\/2026\/01\/2400EJOMN00242-BURGUNDEY-X_434_1-150-USD-400x250.png",400,250,true],"woocommerce_single":["https:\/\/turkishtrade.co\/wp-content\/uploads\/2026\/01\/2400EJOMN00242-BURGUNDEY-X_434_1-150-USD.png",453,250,false],"woocommerce_gallery_thumbnail":["https:\/\/turkishtrade.co\/wp-content\/uploads\/2026\/01\/2400EJOMN00242-BURGUNDEY-X_434_1-150-USD-100x100.png",100,100,true]},"uagb_author_info":{"display_name":"yaser olabi","author_link":"https:\/\/turkishtrade.co\/de\/author\/"},"uagb_comment_info":0,"uagb_excerpt":"Crafted from premium genuine calf leather outer and soft goat leather lining Lightweight and comfortable EVA sole for all-day wear Stylish lace-up design, perfect for casual and smart-casual outfits Available in a wide range of sizes: 39, 40, 41, 42, 43, 44, 45 Bulk orders available with a minimum of 8 pairs per order","_links":{"self":[{"href":"https:\/\/turkishtrade.co\/de\/wp-json\/wp\/v2\/product\/5742","targetHints":{"allow":["GET"]}}],"collection":[{"href":"https:\/\/turkishtrade.co\/de\/wp-json\/wp\/v2\/product"}],"about":[{"href":"https:\/\/turkishtrade.co\/de\/wp-json\/wp\/v2\/types\/product"}],"wp:featuredmedia":[{"embeddable":true,"href":"https:\/\/turkishtrade.co\/de\/wp-json\/wp\/v2\/media\/3850"}],"wp:attachment":[{"href":"https:\/\/turkishtrade.co\/de\/wp-json\/wp\/v2\/media?parent=5742"}],"wp:term":[{"taxonomy":"product_brand","embeddable":true,"href":"https:\/\/turkishtrade.co\/de\/wp-json\/wp\/v2\/product_brand?post=5742"},{"taxonomy":"product_cat","embeddable":true,"href":"https:\/\/turkishtrade.co\/de\/wp-json\/wp\/v2\/product_cat?post=5742"},{"taxonomy":"product_tag","embeddable":true,"href":"https:\/\/turkishtrade.co\/de\/wp-json\/wp\/v2\/product_tag?post=5742"}],"curies":[{"name":"wp","href":"https:\/\/api.w.org\/{rel}","templated":true}]}}