{"id":5738,"date":"2026-01-14T13:02:00","date_gmt":"2026-01-14T13:02:00","guid":{"rendered":"https:\/\/turkishtrade.co\/product\/mens-leather-casual-shoes\/"},"modified":"2026-04-09T19:25:30","modified_gmt":"2026-04-09T19:25:30","slug":"mens-leather-casual-shoes","status":"publish","type":"product","link":"https:\/\/turkishtrade.co\/de\/shop\/mens-leather-casual-shoes\/","title":{"rendered":"Herren Premium Kalbsleder Casual Derby Schuhe"},"content":{"rendered":"<p><strong>Herren Leder Freizeitschuhe<\/strong><\/p>\n<p>Erh\u00f6hen Sie Ihren Alltagsstil mit unserer exquisiten Kollektion von <strong>Herren Leder Freizeitschuhe<\/strong>. Entworfen f\u00fcr den anspruchsvollen Gentleman, der sowohl tadellosen Stil als auch unvergleichlichen Komfort sch\u00e4tzt, sind diese Premium-Derby-Schuhe eine unverzichtbare Erg\u00e4nzung f\u00fcr jede anspruchsvolle Garderobe. Jedes Paar dieser <strong>Herren Leder Freizeitschuhe<\/strong> ist ein Beweis f\u00fcr \u00fcberlegene Handwerkskunst, die klassische \u00c4sthetik mit moderner Funktionalit\u00e4t verbindet, um Schuhe zu schaffen, die wirklich herausragen.<\/p>\n<p>Entdecken Sie die perfekte Mischung aus Eleganz und Leichtigkeit mit unserem neuesten Angebot.<\/p>\n<p><h3>Unerreichte Handwerkskunst und hochwertige Materialien<\/h3>\n<\/p>\n<p>Die aus feinstem Kalbsleder gefertigte Au\u00dfenseite dieser <strong>Herren Leder Freizeitschuhe<\/strong> bieten au\u00dfergew\u00f6hnliche Haltbarkeit und eine raffinierte, luxuri\u00f6se Verarbeitung. Die reiche Textur des Kalbsleders wird durch das glatte, geschmeidige Ziegenleder im Inneren erg\u00e4nzt, das Atmungsaktivit\u00e4t und eine handschuhartige Passform vom ersten Tragen an gew\u00e4hrleistet. Diese durchdachte Kombination erstklassiger Materialien garantiert nicht nur Langlebigkeit, sondern auch ein unglaublich komfortables Tragegef\u00fchl, das sie f\u00fcr einen langen Gebrauch im Alltag geeignet macht.<\/p>\n<p>Die Liebe zum Detail bei jedem Stich und jeder Naht spricht B\u00e4nde \u00fcber die Qualit\u00e4t, die Sie von diesen \u00fcberlegenen Freizeitschuhen f\u00fcr M\u00e4nner erwarten k\u00f6nnen.<\/p>\n<p><h3>H\u00f6chster Komfort mit EVA-Sohle<\/h3>\n<\/p>\n<p>Erleben Sie echtes Laufvergn\u00fcgen mit der innovativen EVA-Sohle, einem Markenzeichen dieser hervorragenden <strong>Herren Leder Freizeitschuhe<\/strong>. Die leichten und flexiblen Eigenschaften von EVA sorgen f\u00fcr eine hervorragende D\u00e4mpfung und Sto\u00dfabsorption, wodurch Erm\u00fcdungserscheinungen verringert werden und Sie l\u00e4nger bequem auf den Beinen bleiben k\u00f6nnen. Das Sohlendesign bietet hervorragenden Grip und hat gleichzeitig ein schlankes, modernes Profil, das das anspruchsvolle Obermaterial des Schuhs perfekt erg\u00e4nzt.<\/p>\n<p>Verabschieden Sie sich von unbequemen Schuhen und genie\u00dfen Sie den \u00fcberragenden Komfort dieser gut durchdachten <strong>Herren Leder Freizeitschuhe<\/strong>, konzipiert f\u00fcr den modernen Menschen, der viel unterwegs ist.<\/p>\n<p><h3>Vielseitiger Stil f\u00fcr jede Gelegenheit<\/h3>\n<\/p>\n<p>Erh\u00e4ltlich in vielseitigen Farbt\u00f6nen wie klassischem Schwarz, sattem Braun und auff\u00e4lligem Blau, sind diese <strong>Herren Leder Freizeitschuhe<\/strong> sind so konzipiert, dass sie sich nahtlos in verschiedene Ensembles einf\u00fcgen. Egal, ob Sie sich f\u00fcr ein legeres Gesch\u00e4ftstreffen, einen entspannten Wochenendausflug oder eine elegante Abendveranstaltung kleiden, ihre elegante Derby-Silhouette mit dezentem Cap-Toe-Detail bietet bemerkenswerte Vielseitigkeit. Kombinieren Sie sie mit ma\u00dfgeschneiderten Hosen, Chinos oder sogar Premium-Denim f\u00fcr einen m\u00fchelos polierten Look, der Ihren tadellosen Geschmack widerspiegelt.<\/p>\n<p>Sie sind mehr als nur Schuhe, sie sind ein Statement f\u00fcr einen anspruchsvollen Freizeitstil.<\/p>\n<p><h3>Gro\u00dfhandelsm\u00f6glichkeiten f\u00fcr Einzelh\u00e4ndler<\/h3>\n<\/p>\n<p>F\u00fcr Einzelh\u00e4ndler und Unternehmen, die ihren Kunden das Beste an Herrenschuhen anbieten m\u00f6chten, ist unser <strong>Herren Leder Freizeitschuhe<\/strong> sind f\u00fcr den Gro\u00dfeinkauf mit einer Mindestbestellmenge von nur 8 Paaren erh\u00e4ltlich.<\/p>\n<p>Wir sind stolz auf unsere p\u00fcnktliche Lieferung: Bestellungen werden innerhalb von 12 Tagen plus Standardversandzeit versandt, so dass Ihr Lager mit hochwertigen, gefragten Produkten gut best\u00fcckt ist. Werten Sie Ihre Kollektion auf und bieten Sie Ihrer Kundschaft das Nonplusultra in Sachen Stil, Komfort und Haltbarkeit mit diesen au\u00dfergew\u00f6hnlichen <strong>Herren Leder Freizeitschuhe<\/strong>, eine kluge Investition f\u00fcr jeden anspruchsvollen Einzelh\u00e4ndler.<\/p>","protected":false},"excerpt":{"rendered":"<ul>\n<li>Gefertigt aus hochwertigem Kalbsleder (au\u00dfen) und weichem Ziegenleder (innen)<\/li>\n<li>Komfortsteigernde EVA-Sohle f\u00fcr ganzt\u00e4gigen Tragekomfort mit l\u00e4ssig erh\u00f6htem Profil<\/li>\n<li>Erh\u00e4ltlich in einer umfangreichen Gr\u00f6\u00dfenauswahl: EU 39-45<\/li>\n<li>Ideal f\u00fcr Gro\u00dfeink\u00e4ufe mit einer Mindestbestellmenge von 8 Paaren<\/li>\n<li>Schnelle Lieferung: 12 Tage plus Versandzeit<\/li>\n<\/ul>","protected":false},"featured_media":3848,"template":"","meta":{"_acf_changed":false,"_uag_custom_page_level_css":"","site-sidebar-layout":"default","site-content-layout":"","ast-site-content-layout":"default","site-content-style":"default","site-sidebar-style":"default","ast-global-header-display":"","ast-banner-title-visibility":"","ast-main-header-display":"","ast-hfb-above-header-display":"","ast-hfb-below-header-display":"","ast-hfb-mobile-header-display":"","site-post-title":"","ast-breadcrumbs-content":"","ast-featured-img":"","footer-sml-layout":"","ast-disable-related-posts":"","theme-transparent-header-meta":"","adv-header-id-meta":"","stick-header-meta":"","header-above-stick-meta":"","header-main-stick-meta":"","header-below-stick-meta":"","astra-migrate-meta-layouts":"default","ast-page-background-enabled":"default","ast-page-background-meta":{"desktop":{"background-color":"var(--ast-global-color-4)","background-image":"","background-repeat":"repeat","background-position":"center center","background-size":"auto","background-attachment":"scroll","background-type":"","background-media":"","overlay-type":"","overlay-color":"","overlay-opacity":"","overlay-gradient":""},"tablet":{"background-color":"","background-image":"","background-repeat":"repeat","background-position":"center center","background-size":"auto","background-attachment":"scroll","background-type":"","background-media":"","overlay-type":"","overlay-color":"","overlay-opacity":"","overlay-gradient":""},"mobile":{"background-color":"","background-image":"","background-repeat":"repeat","background-position":"center center","background-size":"auto","background-attachment":"scroll","background-type":"","background-media":"","overlay-type":"","overlay-color":"","overlay-opacity":"","overlay-gradient":""}},"ast-content-background-meta":{"desktop":{"background-color":"var(--ast-global-color-5)","background-image":"","background-repeat":"repeat","background-position":"center center","background-size":"auto","background-attachment":"scroll","background-type":"","background-media":"","overlay-type":"","overlay-color":"","overlay-opacity":"","overlay-gradient":""},"tablet":{"background-color":"var(--ast-global-color-5)","background-image":"","background-repeat":"repeat","background-position":"center center","background-size":"auto","background-attachment":"scroll","background-type":"","background-media":"","overlay-type":"","overlay-color":"","overlay-opacity":"","overlay-gradient":""},"mobile":{"background-color":"var(--ast-global-color-5)","background-image":"","background-repeat":"repeat","background-position":"center center","background-size":"auto","background-attachment":"scroll","background-type":"","background-media":"","overlay-type":"","overlay-color":"","overlay-opacity":"","overlay-gradient":""}}},"product_brand":[],"product_cat":[48,47,49,430,40],"product_tag":[196,322,292,566,449,212,944,438,437,227,416,210,281],"class_list":{"0":"post-5738","1":"product","2":"type-product","3":"status-publish","4":"has-post-thumbnail","6":"product_cat-casual","7":"product_cat-classic","8":"product_cat-loafer","9":"product_cat-men","10":"product_cat-mens-shoes","11":"product_tag-black-leather-shoes","12":"product_tag-blue-leather-shoes","13":"product_tag-brown-leather-shoes","14":"product_tag-calfskin-shoes","15":"product_tag-casual-shoes","16":"product_tag-derby-shoes","17":"product_tag-dress-casual","18":"product_tag-eva-sole","19":"product_tag-goat-leather","20":"product_tag-leather-shoes","21":"product_tag-luxury-shoes","22":"product_tag-smart-casual","23":"product_tag-wholesale-shoes","24":"desktop-align-center","25":"tablet-align-center","26":"mobile-align-center","28":"first","29":"instock","30":"shipping-taxable","31":"purchasable","32":"product-type-variable","33":"has-default-attributes"},"acf":[],"uagb_featured_image_src":{"full":["https:\/\/turkishtrade.co\/wp-content\/uploads\/2026\/01\/2400EJOMN00241-DARK-BLUE-X_12586-5-USD.png",453,250,false],"thumbnail":["https:\/\/turkishtrade.co\/wp-content\/uploads\/2026\/01\/2400EJOMN00241-DARK-BLUE-X_12586-5-USD-150x150.png",150,150,true],"medium":["https:\/\/turkishtrade.co\/wp-content\/uploads\/2026\/01\/2400EJOMN00241-DARK-BLUE-X_12586-5-USD-300x166.png",300,166,true],"medium_large":["https:\/\/turkishtrade.co\/wp-content\/uploads\/2026\/01\/2400EJOMN00241-DARK-BLUE-X_12586-5-USD.png",453,250,false],"large":["https:\/\/turkishtrade.co\/wp-content\/uploads\/2026\/01\/2400EJOMN00241-DARK-BLUE-X_12586-5-USD.png",453,250,false],"1536x1536":["https:\/\/turkishtrade.co\/wp-content\/uploads\/2026\/01\/2400EJOMN00241-DARK-BLUE-X_12586-5-USD.png",453,250,false],"2048x2048":["https:\/\/turkishtrade.co\/wp-content\/uploads\/2026\/01\/2400EJOMN00241-DARK-BLUE-X_12586-5-USD.png",453,250,false],"trp-custom-language-flag":["https:\/\/turkishtrade.co\/wp-content\/uploads\/2026\/01\/2400EJOMN00241-DARK-BLUE-X_12586-5-USD-18x10.png",18,10,true],"woocommerce_thumbnail":["https:\/\/turkishtrade.co\/wp-content\/uploads\/2026\/01\/2400EJOMN00241-DARK-BLUE-X_12586-5-USD-400x250.png",400,250,true],"woocommerce_single":["https:\/\/turkishtrade.co\/wp-content\/uploads\/2026\/01\/2400EJOMN00241-DARK-BLUE-X_12586-5-USD.png",453,250,false],"woocommerce_gallery_thumbnail":["https:\/\/turkishtrade.co\/wp-content\/uploads\/2026\/01\/2400EJOMN00241-DARK-BLUE-X_12586-5-USD-100x100.png",100,100,true]},"uagb_author_info":{"display_name":"yaser olabi","author_link":"https:\/\/turkishtrade.co\/de\/author\/"},"uagb_comment_info":0,"uagb_excerpt":"Crafted from premium Calfskin (Outer) and soft Goat Leather (Inner) Comfort-enhancing EVA sole for all-day wear with a casual elevated profile Available in a comprehensive size range: EU 39-45 Ideal for bulk purchases with a minimum order quantity of 8 pairs Fast delivery: 12 days plus shipping time","_links":{"self":[{"href":"https:\/\/turkishtrade.co\/de\/wp-json\/wp\/v2\/product\/5738","targetHints":{"allow":["GET"]}}],"collection":[{"href":"https:\/\/turkishtrade.co\/de\/wp-json\/wp\/v2\/product"}],"about":[{"href":"https:\/\/turkishtrade.co\/de\/wp-json\/wp\/v2\/types\/product"}],"wp:featuredmedia":[{"embeddable":true,"href":"https:\/\/turkishtrade.co\/de\/wp-json\/wp\/v2\/media\/3848"}],"wp:attachment":[{"href":"https:\/\/turkishtrade.co\/de\/wp-json\/wp\/v2\/media?parent=5738"}],"wp:term":[{"taxonomy":"product_brand","embeddable":true,"href":"https:\/\/turkishtrade.co\/de\/wp-json\/wp\/v2\/product_brand?post=5738"},{"taxonomy":"product_cat","embeddable":true,"href":"https:\/\/turkishtrade.co\/de\/wp-json\/wp\/v2\/product_cat?post=5738"},{"taxonomy":"product_tag","embeddable":true,"href":"https:\/\/turkishtrade.co\/de\/wp-json\/wp\/v2\/product_tag?post=5738"}],"curies":[{"name":"wp","href":"https:\/\/api.w.org\/{rel}","templated":true}]}}