{"id":5726,"date":"2026-01-14T13:00:39","date_gmt":"2026-01-14T13:00:39","guid":{"rendered":"https:\/\/turkishtrade.co\/product\/men-s-leather-casual-shoes\/"},"modified":"2026-04-09T19:25:56","modified_gmt":"2026-04-09T19:25:56","slug":"mens-leather-casual-shoes-4","status":"publish","type":"product","link":"https:\/\/turkishtrade.co\/de\/shop\/mens-leather-casual-shoes-4\/","title":{"rendered":"Premium Herren Leder Freizeitschuhe mit EVA Sohle"},"content":{"rendered":"<p><strong>Herren Leder Freizeitschuhe<\/strong><\/p>\n<p>Entdecken Sie die perfekte Mischung aus Stil, Komfort und Langlebigkeit mit unserer exquisiten Kollektion von <strong>Herren Leder Freizeitschuhe<\/strong>. Diese Schuhe wurden f\u00fcr den modernen Mann entworfen, der sowohl \u00c4sthetik als auch Zweckm\u00e4\u00dfigkeit sch\u00e4tzt, und sind eine unverzichtbare Erg\u00e4nzung f\u00fcr jede Garderobe. Jedes Paar unserer Freizeitschuhe aus Leder f\u00fcr Herren wird sorgf\u00e4ltig aus den besten Materialien hergestellt, um ein Produkt zu gew\u00e4hrleisten, das nicht nur hervorragend aussieht, sondern auch den Test der Zeit besteht.<\/p>\n<p><h3>Un\u00fcbertroffener Komfort und hochwertige Materialien<\/h3>\n<\/p>\n<p>Das \u00c4u\u00dfere dieser au\u00dfergew\u00f6hnlichen <strong>Herren Leder Freizeitschuhe<\/strong> besteht aus hochwertigem echtem Kalbsleder. Diese Materialwahl bietet einen raffinierten Look und ist gleichzeitig \u00e4u\u00dferst verschlei\u00dffest, was sie ideal f\u00fcr den t\u00e4glichen Gebrauch macht. Die nat\u00fcrliche Textur und die reiche Oberfl\u00e4che des Kalbsleders verleihen einen Hauch von Eleganz, der Ihre Freizeitgarderobe aufwertet.<\/p>\n<p>Passend zum robusten \u00c4u\u00dferen ist das Innere mit weichem, geschmeidigem Ziegenleder gef\u00fcttert. Dieses luxuri\u00f6se Innenfutter sorgt f\u00fcr Atmungsaktivit\u00e4t und bietet ein unglaublich komfortables Erlebnis, das Ihre F\u00fc\u00dfe den ganzen Tag \u00fcber weich umh\u00fcllt. Egal, ob Sie sich durch die Stra\u00dfen der Stadt bewegen oder ein entspanntes Wochenende genie\u00dfen, diese <strong>Herren Leder Freizeitschuhe<\/strong> sorgen daf\u00fcr, dass sich Ihre F\u00fc\u00dfe frisch und gest\u00fctzt f\u00fchlen.<\/p>\n<p><h3>Entwickelt f\u00fcr allt\u00e4gliche Vielseitigkeit<\/h3>\n<\/p>\n<p>Unser <strong>Herren Leder Freizeitschuhe<\/strong> sind auf einer leichten und dennoch robusten EVA-Sohle aufgebaut. Diese innovative Sohlentechnologie bietet hervorragende D\u00e4mpfung und Flexibilit\u00e4t, d\u00e4mpft den Aufprall bei jedem Schritt und sorgt f\u00fcr einen bequemen Gang. Der 1-3 cm hohe Absatz sorgt f\u00fcr einen subtilen Auftrieb, ohne die l\u00e4ssige \u00c4sthetik zu beeintr\u00e4chtigen - perfekt f\u00fcr das ganzt\u00e4gige Tragen ohne Erm\u00fcdung.<\/p>\n<p>Die robuste, griffige EVA-Sohle sorgt zudem f\u00fcr zuverl\u00e4ssige Traktion auf verschiedenen Untergr\u00fcnden und macht die vielseitigen Schuhe noch praktischer. <strong>Herren Leder Freizeitschuhe<\/strong>. Erh\u00e4ltlich in einer raffinierten Palette von klassischem Schwarz, sattem Dunkelbraun und warmem Hellbraun, bieten diese Schuhe Vielseitigkeit, um zu jedem Outfit zu passen, von l\u00e4ssig-eleganten Hosen bis zu entspanntem Denim.<\/p>\n<p><h3>Die ideale Wahl f\u00fcr Gro\u00dfbestellungen<\/h3>\n<\/p>\n<p>Wir verstehen die Bed\u00fcrfnisse unserer B2B-Partner und bieten diese hochwertigen <strong>Herren Leder Freizeitschuhe<\/strong> f\u00fcr den Gro\u00dfhandel. Mit einer Mindestbestellmenge von nur 8 Paaren k\u00f6nnen sich Unternehmen problemlos mit einer Reihe von Gr\u00f6\u00dfen (EU 39-45) und Farben eindecken, um die Kundennachfrage zu erf\u00fcllen. Unser effizienter Produktions- und Lieferprozess gew\u00e4hrleistet, dass Ihre Bestellung f\u00fcr <strong>Herren Leder Freizeitschuhe<\/strong> wird z\u00fcgig versandt, mit einer typischen Lieferzeit von 12 Tagen zuz\u00fcglich Versandkosten.<\/p>\n<p>Investieren Sie in unser langlebiges und stilvolles <strong>Herren Leder Freizeitschuhe<\/strong> und versorgen Sie Ihre Kunden mit Schuhen, die zeitloses Design mit dauerhaftem Komfort und Qualit\u00e4t verbinden. Dies sind nicht einfach nur Schuhe, sie sind eine Investition in dauerhaften Stil und Komfort f\u00fcr jeden Mann.<\/p>","protected":false},"excerpt":{"rendered":"<ul>\n<li>Gefertigt aus hochwertigem, echtem Kalbsleder f\u00fcr au\u00dfergew\u00f6hnliche Haltbarkeit.<\/li>\n<li>Ein luxuri\u00f6ses Innenfutter aus Ziegenleder sorgt f\u00fcr ultimativen Komfort und Atmungsaktivit\u00e4t.<\/li>\n<li>Leichte und flexible EVA-Sohle mit einem 1-3 cm hohen Absatz f\u00fcr ganzt\u00e4gigen Tragekomfort.<\/li>\n<li>Erh\u00e4ltlich in den vielseitigen Farbt\u00f6nen Schwarz, Dunkelbraun und Tan, die zu jedem Stil passen.<\/li>\n<li>Umfassender Gr\u00f6\u00dfenbereich von EU 39-45 f\u00fcr eine perfekte Passform.<\/li>\n<li>Mindestbestellmenge: 8 Paar, ideal f\u00fcr Gro\u00dfh\u00e4ndler und B2B-Partner.<\/li>\n<\/ul>","protected":false},"featured_media":3838,"template":"","meta":{"_acf_changed":false,"_uag_custom_page_level_css":"","site-sidebar-layout":"default","site-content-layout":"","ast-site-content-layout":"default","site-content-style":"default","site-sidebar-style":"default","ast-global-header-display":"","ast-banner-title-visibility":"","ast-main-header-display":"","ast-hfb-above-header-display":"","ast-hfb-below-header-display":"","ast-hfb-mobile-header-display":"","site-post-title":"","ast-breadcrumbs-content":"","ast-featured-img":"","footer-sml-layout":"","ast-disable-related-posts":"","theme-transparent-header-meta":"","adv-header-id-meta":"","stick-header-meta":"","header-above-stick-meta":"","header-main-stick-meta":"","header-below-stick-meta":"","astra-migrate-meta-layouts":"default","ast-page-background-enabled":"default","ast-page-background-meta":{"desktop":{"background-color":"var(--ast-global-color-4)","background-image":"","background-repeat":"repeat","background-position":"center center","background-size":"auto","background-attachment":"scroll","background-type":"","background-media":"","overlay-type":"","overlay-color":"","overlay-opacity":"","overlay-gradient":""},"tablet":{"background-color":"","background-image":"","background-repeat":"repeat","background-position":"center center","background-size":"auto","background-attachment":"scroll","background-type":"","background-media":"","overlay-type":"","overlay-color":"","overlay-opacity":"","overlay-gradient":""},"mobile":{"background-color":"","background-image":"","background-repeat":"repeat","background-position":"center center","background-size":"auto","background-attachment":"scroll","background-type":"","background-media":"","overlay-type":"","overlay-color":"","overlay-opacity":"","overlay-gradient":""}},"ast-content-background-meta":{"desktop":{"background-color":"var(--ast-global-color-5)","background-image":"","background-repeat":"repeat","background-position":"center center","background-size":"auto","background-attachment":"scroll","background-type":"","background-media":"","overlay-type":"","overlay-color":"","overlay-opacity":"","overlay-gradient":""},"tablet":{"background-color":"var(--ast-global-color-5)","background-image":"","background-repeat":"repeat","background-position":"center center","background-size":"auto","background-attachment":"scroll","background-type":"","background-media":"","overlay-type":"","overlay-color":"","overlay-opacity":"","overlay-gradient":""},"mobile":{"background-color":"var(--ast-global-color-5)","background-image":"","background-repeat":"repeat","background-position":"center center","background-size":"auto","background-attachment":"scroll","background-type":"","background-media":"","overlay-type":"","overlay-color":"","overlay-opacity":"","overlay-gradient":""}}},"product_brand":[],"product_cat":[48,47,49,430,40],"product_tag":[196,292,200,202,241,222,439,438,459,437,227,1034,198,1033,526,281],"class_list":{"0":"post-5726","1":"product","2":"type-product","3":"status-publish","4":"has-post-thumbnail","6":"product_cat-casual","7":"product_cat-classic","8":"product_cat-loafer","9":"product_cat-men","10":"product_cat-mens-shoes","11":"product_tag-black-leather-shoes","12":"product_tag-brown-leather-shoes","13":"product_tag-business-casual","14":"product_tag-calf-leather","15":"product_tag-casual-footwear","16":"product_tag-comfortable-shoes","17":"product_tag-durable-shoes","18":"product_tag-eva-sole","19":"product_tag-everyday-shoes","20":"product_tag-goat-leather","21":"product_tag-leather-shoes","22":"product_tag-mens-casual","23":"product_tag-mens-fashion","24":"product_tag-mens-leather-casual-shoes","25":"product_tag-tan-leather-shoes","26":"product_tag-wholesale-shoes","27":"desktop-align-center","28":"tablet-align-center","29":"mobile-align-center","31":"first","32":"instock","33":"shipping-taxable","34":"purchasable","35":"product-type-variable","36":"has-default-attributes"},"acf":[],"uagb_featured_image_src":{"full":["https:\/\/turkishtrade.co\/wp-content\/uploads\/2026\/01\/2400EJOMN00237-CAMEL-DKS_433-4-USD.png",453,250,false],"thumbnail":["https:\/\/turkishtrade.co\/wp-content\/uploads\/2026\/01\/2400EJOMN00237-CAMEL-DKS_433-4-USD-150x150.png",150,150,true],"medium":["https:\/\/turkishtrade.co\/wp-content\/uploads\/2026\/01\/2400EJOMN00237-CAMEL-DKS_433-4-USD-300x166.png",300,166,true],"medium_large":["https:\/\/turkishtrade.co\/wp-content\/uploads\/2026\/01\/2400EJOMN00237-CAMEL-DKS_433-4-USD.png",453,250,false],"large":["https:\/\/turkishtrade.co\/wp-content\/uploads\/2026\/01\/2400EJOMN00237-CAMEL-DKS_433-4-USD.png",453,250,false],"1536x1536":["https:\/\/turkishtrade.co\/wp-content\/uploads\/2026\/01\/2400EJOMN00237-CAMEL-DKS_433-4-USD.png",453,250,false],"2048x2048":["https:\/\/turkishtrade.co\/wp-content\/uploads\/2026\/01\/2400EJOMN00237-CAMEL-DKS_433-4-USD.png",453,250,false],"trp-custom-language-flag":["https:\/\/turkishtrade.co\/wp-content\/uploads\/2026\/01\/2400EJOMN00237-CAMEL-DKS_433-4-USD-18x10.png",18,10,true],"woocommerce_thumbnail":["https:\/\/turkishtrade.co\/wp-content\/uploads\/2026\/01\/2400EJOMN00237-CAMEL-DKS_433-4-USD-400x250.png",400,250,true],"woocommerce_single":["https:\/\/turkishtrade.co\/wp-content\/uploads\/2026\/01\/2400EJOMN00237-CAMEL-DKS_433-4-USD.png",453,250,false],"woocommerce_gallery_thumbnail":["https:\/\/turkishtrade.co\/wp-content\/uploads\/2026\/01\/2400EJOMN00237-CAMEL-DKS_433-4-USD-100x100.png",100,100,true]},"uagb_author_info":{"display_name":"yaser olabi","author_link":"https:\/\/turkishtrade.co\/de\/author\/"},"uagb_comment_info":0,"uagb_excerpt":"Crafted from premium genuine calf leather exterior for exceptional durability. Luxurious goat leather interior lining ensures ultimate comfort and breathability. Lightweight and flexible EVA sole with a 1-3 cm heel for all-day wear. Available in versatile shades of Black, Dark Brown, and Tan to suit any style. Comprehensive size range from EU 39-45 for a&hellip;","_links":{"self":[{"href":"https:\/\/turkishtrade.co\/de\/wp-json\/wp\/v2\/product\/5726","targetHints":{"allow":["GET"]}}],"collection":[{"href":"https:\/\/turkishtrade.co\/de\/wp-json\/wp\/v2\/product"}],"about":[{"href":"https:\/\/turkishtrade.co\/de\/wp-json\/wp\/v2\/types\/product"}],"wp:featuredmedia":[{"embeddable":true,"href":"https:\/\/turkishtrade.co\/de\/wp-json\/wp\/v2\/media\/3838"}],"wp:attachment":[{"href":"https:\/\/turkishtrade.co\/de\/wp-json\/wp\/v2\/media?parent=5726"}],"wp:term":[{"taxonomy":"product_brand","embeddable":true,"href":"https:\/\/turkishtrade.co\/de\/wp-json\/wp\/v2\/product_brand?post=5726"},{"taxonomy":"product_cat","embeddable":true,"href":"https:\/\/turkishtrade.co\/de\/wp-json\/wp\/v2\/product_cat?post=5726"},{"taxonomy":"product_tag","embeddable":true,"href":"https:\/\/turkishtrade.co\/de\/wp-json\/wp\/v2\/product_tag?post=5726"}],"curies":[{"name":"wp","href":"https:\/\/api.w.org\/{rel}","templated":true}]}}