{"id":5707,"date":"2026-01-14T12:57:58","date_gmt":"2026-01-14T12:57:58","guid":{"rendered":"https:\/\/turkishtrade.co\/product\/mens-burgundy-leather-boots\/"},"modified":"2026-04-09T19:26:30","modified_gmt":"2026-04-09T19:26:30","slug":"mens-burgundy-leather-boots","status":"publish","type":"product","link":"https:\/\/turkishtrade.co\/de\/shop\/mens-burgundy-leather-boots\/","title":{"rendered":"Burgunderfarbene Herren-Schn\u00fcrstiefel mit Kappe aus Leder"},"content":{"rendered":"<p><strong>Burgunderfarbene Lederstiefel f\u00fcr M\u00e4nner<\/strong><\/p>\n<p>Erleben Sie zeitlose Eleganz mit unserem Premium <b>Burgunderfarbene Lederstiefel f\u00fcr M\u00e4nner<\/b>. Diese au\u00dfergew\u00f6hnlichen Stiefel wurden sorgf\u00e4ltig gefertigt, um sowohl unvergleichlichen Stil als auch dauerhafte Substanz zu bieten. Sie wurden f\u00fcr den anspruchsvollen Gentleman entworfen, der h\u00f6chste Qualit\u00e4t und anspruchsvolles Design sch\u00e4tzt. Sie sind die perfekte Wahl, um sowohl formelle als auch leger-elegante Ensembles aufzuwerten und machen diese <b>Burgunderfarbene Lederstiefel f\u00fcr M\u00e4nner<\/b> eine wirklich vielseitige und unverzichtbare Erg\u00e4nzung f\u00fcr jede moderne Garderobe.<\/p>\n<p>Der satte, tief burgunderfarbene Farbton, der wundersch\u00f6n br\u00fcniert ist, strahlt eine klassische Raffinesse aus und gew\u00e4hrleistet, dass diese besonderen <b>Burgunderfarbene Lederstiefel f\u00fcr M\u00e4nner<\/b> sind eine hervorragende Wahl f\u00fcr eine Vielzahl von Anl\u00e4ssen, von Gesch\u00e4ftstreffen bis zu eleganten gesellschaftlichen Zusammenk\u00fcnften.<\/p>\n<h3>Un\u00fcbertroffene Handwerkskunst und hochwertige Materialien<\/h3>\n<p>Erleben Sie unvergleichliche Handwerkskunst mit einem Au\u00dfenmaterial aus echtem Kalbsleder. Dieses hochwertige Material ist bekannt f\u00fcr seine glatte Textur, seine inh\u00e4rente Langlebigkeit und seine bemerkenswerte F\u00e4higkeit, im Laufe der Zeit eine einzigartige Patina zu entwickeln, die gew\u00e4hrleistet, dass Ihr spezielles Paar von <b>Burgunderfarbene Lederstiefel f\u00fcr M\u00e4nner<\/b> wird mit dem Alter nur noch reicher und charaktervoller.<\/p>\n<p>Das komplizierte Kappendesign, das durch subtile Brogue-Details entlang der N\u00e4hte erg\u00e4nzt wird, verleiht dem Schuh einen Hauch von traditioneller Kunstfertigkeit und Raffinesse. Ein sicherer Schn\u00fcrverschluss sorgt nicht nur f\u00fcr eine klassische \u00c4sthetik, sondern auch f\u00fcr eine bequeme, verstellbare und bequeme Passform, die auf Ihren Fu\u00df zugeschnitten ist. Unter diesem exquisiten \u00c4u\u00dferen verbirgt sich eine luxuri\u00f6se Innenausstattung aus Ziegenleder, die au\u00dfergew\u00f6hnliche Atmungsaktivit\u00e4t, \u00fcberlegene Weichheit und h\u00f6chsten Komfort bietet, der Ihre F\u00fc\u00dfe auch an den l\u00e4ngsten Tagen sanft umschmeichelt.<\/p>\n<p>Dieses hochwertige Futter sorgt f\u00fcr ein erstklassiges Trageerlebnis, ganz gleich, ob Sie sich durch die belebten Stra\u00dfen der Stadt bewegen oder an einer wichtigen Veranstaltung teilnehmen, und macht diese <b>Burgunderfarbene Lederstiefel f\u00fcr M\u00e4nner<\/b> eine wahre Freude zu tragen.<\/p>\n<h3>Komfort, Langlebigkeit und vielseitiger Stil<\/h3>\n<p>Komfort und Stabilit\u00e4t sind das A und O, und diese besonderen <b>Burgunderfarbene Lederstiefel f\u00fcr M\u00e4nner<\/b> sind mit ihrer leichten und dennoch robusten EVA-Sohle m\u00fchelos zu tragen. Dieses fortschrittliche Sohlenmaterial bietet eine hervorragende Sto\u00dfd\u00e4mpfung, reduziert die Erm\u00fcdung des Fu\u00dfes erheblich und bietet zuverl\u00e4ssigen, rutschfesten Halt auf verschiedenen st\u00e4dtischen und nat\u00fcrlichen Oberfl\u00e4chen. Mit einer komfortablen und eleganten Absatzh\u00f6he von 1-3 cm sind diese <b>Burgunderfarbene Lederstiefel f\u00fcr M\u00e4nner<\/b> schaffen das perfekte Gleichgewicht zwischen raffinierter Eleganz und praktischer, ganzt\u00e4giger Tragbarkeit.<\/p>\n<p>Die harmonische Kombination von hochwertigem Kalbs- und Ziegenleder mit einer durchdachten EVA-Sohle garantiert ein Produkt, das nicht nur au\u00dfergew\u00f6hnlich aussieht, sondern auch tadellos funktioniert, Tag f\u00fcr Tag.<\/p>\n<p>In der Tat, unser <b>Burgunderfarbene Lederstiefel f\u00fcr M\u00e4nner<\/b> sind f\u00fcr die Ewigkeit gebaut.<\/p>\n<p>Diese Stiefel sind nicht einfach nur irgendwelche Stiefel, sie sind eine Investition in dauerhaften Stil und Qualit\u00e4t. Ob Sie sie zu einem makellos geschneiderten Anzug f\u00fcr einen raffinierten Business-Look oder zu einer dunklen Jeans oder einer raffinierten Chinohose f\u00fcr ein ausgefeiltes Wochenend-Outfit kombinieren, die Styling-Vielseitigkeit dieser <b>Burgunderfarbene Lederstiefel f\u00fcr M\u00e4nner<\/b> ist einfach un\u00fcbertroffen.<\/p>\n<p>Genie\u00dfen Sie die perfekte Mischung aus klassischer \u00c4sthetik, robuster Konstruktion und modernem Komfort. Setzen Sie mit jedem selbstbewussten Schritt in diesen exquisiten Schuhen ein kraftvolles Statement. <b>Burgunderfarbene Lederstiefel f\u00fcr M\u00e4nner<\/b>. Erh\u00e4ltlich in einer umfassenden Palette von EU-Gr\u00f6\u00dfen von 39 bis 45, gew\u00e4hrleisten wir eine perfekte Passform f\u00fcr ein breites Spektrum von anspruchsvollen Kunden.<\/p>\n<p>Wir sind stolz darauf, diese hochwertigen, f\u00fcr den Gro\u00dfhandel geeigneten <b>Burgunderfarbene Lederstiefel f\u00fcr M\u00e4nner<\/b> mit einer Mindestbestellmenge von 8 Paar, was sie zu einer idealen Wahl f\u00fcr Einzelh\u00e4ndler und Gro\u00dfhandelspartner macht, die hochwertige, marktf\u00e4hige Schuhe suchen.<\/p>\n<p>Die Lieferzeit betr\u00e4gt ca. 12 Tage plus Versand, so dass Ihre wertvolle Gro\u00dfbestellung rechtzeitig ankommt. <b>Burgunderfarbene Lederstiefel f\u00fcr M\u00e4nner<\/b>.<\/p>","protected":false},"excerpt":{"rendered":"<ul>\n<li><b>Material:<\/b> Obermaterial aus hochwertigem Kalbsleder<\/li>\n<li><b>Auskleidung:<\/b> Innenausstattung aus weichem Ziegenleder<\/li>\n<li><b>Seezunge:<\/b> Leichtes und strapazierf\u00e4higes EVA<\/li>\n<li><b>Absatzh\u00f6he:<\/b> Bequem 1-3 cm<\/li>\n<li><b>Verf\u00fcgbare Gr\u00f6\u00dfen:<\/b> EU 39, 40, 41, 42, 43, 44, 45<\/li>\n<li><b>Mindestbestellmenge:<\/b> 8 Paare (lose erh\u00e4ltlich)<\/li>\n<li><b>Lieferzeiten:<\/b> Ungef\u00e4hr 12 Tage + Versand<\/li>\n<\/ul>","protected":false},"featured_media":3806,"template":"","meta":{"_acf_changed":false,"_uag_custom_page_level_css":"","site-sidebar-layout":"default","site-content-layout":"","ast-site-content-layout":"default","site-content-style":"default","site-sidebar-style":"default","ast-global-header-display":"","ast-banner-title-visibility":"","ast-main-header-display":"","ast-hfb-above-header-display":"","ast-hfb-below-header-display":"","ast-hfb-mobile-header-display":"","site-post-title":"","ast-breadcrumbs-content":"","ast-featured-img":"","footer-sml-layout":"","ast-disable-related-posts":"","theme-transparent-header-meta":"default","adv-header-id-meta":"","stick-header-meta":"","header-above-stick-meta":"","header-main-stick-meta":"","header-below-stick-meta":"","astra-migrate-meta-layouts":"set","ast-page-background-enabled":"default","ast-page-background-meta":{"desktop":{"background-color":"var(--ast-global-color-4)","background-image":"","background-repeat":"repeat","background-position":"center center","background-size":"auto","background-attachment":"scroll","background-type":"","background-media":"","overlay-type":"","overlay-color":"","overlay-opacity":"","overlay-gradient":""},"tablet":{"background-color":"","background-image":"","background-repeat":"repeat","background-position":"center center","background-size":"auto","background-attachment":"scroll","background-type":"","background-media":"","overlay-type":"","overlay-color":"","overlay-opacity":"","overlay-gradient":""},"mobile":{"background-color":"","background-image":"","background-repeat":"repeat","background-position":"center center","background-size":"auto","background-attachment":"scroll","background-type":"","background-media":"","overlay-type":"","overlay-color":"","overlay-opacity":"","overlay-gradient":""}},"ast-content-background-meta":{"desktop":{"background-color":"var(--ast-global-color-5)","background-image":"","background-repeat":"repeat","background-position":"center center","background-size":"auto","background-attachment":"scroll","background-type":"","background-media":"","overlay-type":"","overlay-color":"","overlay-opacity":"","overlay-gradient":""},"tablet":{"background-color":"var(--ast-global-color-5)","background-image":"","background-repeat":"repeat","background-position":"center center","background-size":"auto","background-attachment":"scroll","background-type":"","background-media":"","overlay-type":"","overlay-color":"","overlay-opacity":"","overlay-gradient":""},"mobile":{"background-color":"var(--ast-global-color-5)","background-image":"","background-repeat":"repeat","background-position":"center center","background-size":"auto","background-attachment":"scroll","background-type":"","background-media":"","overlay-type":"","overlay-color":"","overlay-opacity":"","overlay-gradient":""}}},"product_brand":[],"product_cat":[52,47,430,40],"product_tag":[463,1025,993,1026,996,1012,999,438,478,556,994,476,461],"class_list":{"0":"post-5707","1":"product","2":"type-product","3":"status-publish","4":"has-post-thumbnail","6":"product_cat-boots","7":"product_cat-classic","8":"product_cat-men","9":"product_cat-mens-shoes","10":"product_tag-ankle-boots","11":"product_tag-boots","12":"product_tag-brogue-boots","13":"product_tag-burgundy-boots","14":"product_tag-calfskin-boots","15":"product_tag-cap-toe-boots","16":"product_tag-casual-boots","17":"product_tag-eva-sole","18":"product_tag-formal-boots","19":"product_tag-goatskin-lining","20":"product_tag-lace-up-boots","21":"product_tag-leather-boots","22":"product_tag-mens-boots","23":"desktop-align-center","24":"tablet-align-center","25":"mobile-align-center","27":"first","28":"instock","29":"sale","30":"shipping-taxable","31":"purchasable","32":"product-type-variable","33":"has-default-attributes"},"acf":[],"uagb_featured_image_src":{"full":["https:\/\/turkishtrade.co\/wp-content\/uploads\/2026\/01\/2400EJOMN00446-BURGUNDEY-X_874.png",453,250,false],"thumbnail":["https:\/\/turkishtrade.co\/wp-content\/uploads\/2026\/01\/2400EJOMN00446-BURGUNDEY-X_874-150x150.png",150,150,true],"medium":["https:\/\/turkishtrade.co\/wp-content\/uploads\/2026\/01\/2400EJOMN00446-BURGUNDEY-X_874-300x166.png",300,166,true],"medium_large":["https:\/\/turkishtrade.co\/wp-content\/uploads\/2026\/01\/2400EJOMN00446-BURGUNDEY-X_874.png",453,250,false],"large":["https:\/\/turkishtrade.co\/wp-content\/uploads\/2026\/01\/2400EJOMN00446-BURGUNDEY-X_874.png",453,250,false],"1536x1536":["https:\/\/turkishtrade.co\/wp-content\/uploads\/2026\/01\/2400EJOMN00446-BURGUNDEY-X_874.png",453,250,false],"2048x2048":["https:\/\/turkishtrade.co\/wp-content\/uploads\/2026\/01\/2400EJOMN00446-BURGUNDEY-X_874.png",453,250,false],"trp-custom-language-flag":["https:\/\/turkishtrade.co\/wp-content\/uploads\/2026\/01\/2400EJOMN00446-BURGUNDEY-X_874-18x10.png",18,10,true],"woocommerce_thumbnail":["https:\/\/turkishtrade.co\/wp-content\/uploads\/2026\/01\/2400EJOMN00446-BURGUNDEY-X_874-400x250.png",400,250,true],"woocommerce_single":["https:\/\/turkishtrade.co\/wp-content\/uploads\/2026\/01\/2400EJOMN00446-BURGUNDEY-X_874.png",453,250,false],"woocommerce_gallery_thumbnail":["https:\/\/turkishtrade.co\/wp-content\/uploads\/2026\/01\/2400EJOMN00446-BURGUNDEY-X_874-100x100.png",100,100,true]},"uagb_author_info":{"display_name":"yaser olabi","author_link":"https:\/\/turkishtrade.co\/de\/author\/"},"uagb_comment_info":0,"uagb_excerpt":"Material: Premium Calfskin Leather Upper Lining: Soft Goatskin Leather Interior Sole: Lightweight and Durable EVA Heel Height: Comfortable 1-3 cm Available Sizes: EU 39, 40, 41, 42, 43, 44, 45 Minimum Order Quantity: 8 Pairs (bulk availability) Delivery Time: Approximately 12 days + Shipping","_links":{"self":[{"href":"https:\/\/turkishtrade.co\/de\/wp-json\/wp\/v2\/product\/5707","targetHints":{"allow":["GET"]}}],"collection":[{"href":"https:\/\/turkishtrade.co\/de\/wp-json\/wp\/v2\/product"}],"about":[{"href":"https:\/\/turkishtrade.co\/de\/wp-json\/wp\/v2\/types\/product"}],"wp:featuredmedia":[{"embeddable":true,"href":"https:\/\/turkishtrade.co\/de\/wp-json\/wp\/v2\/media\/3806"}],"wp:attachment":[{"href":"https:\/\/turkishtrade.co\/de\/wp-json\/wp\/v2\/media?parent=5707"}],"wp:term":[{"taxonomy":"product_brand","embeddable":true,"href":"https:\/\/turkishtrade.co\/de\/wp-json\/wp\/v2\/product_brand?post=5707"},{"taxonomy":"product_cat","embeddable":true,"href":"https:\/\/turkishtrade.co\/de\/wp-json\/wp\/v2\/product_cat?post=5707"},{"taxonomy":"product_tag","embeddable":true,"href":"https:\/\/turkishtrade.co\/de\/wp-json\/wp\/v2\/product_tag?post=5707"}],"curies":[{"name":"wp","href":"https:\/\/api.w.org\/{rel}","templated":true}]}}