{"id":5700,"date":"2026-01-14T12:56:33","date_gmt":"2026-01-14T12:56:33","guid":{"rendered":"https:\/\/turkishtrade.co\/product\/mens-leather-brogue-boots-2\/"},"modified":"2026-04-09T19:26:43","modified_gmt":"2026-04-09T19:26:43","slug":"mens-leather-brogue-boots-2","status":"publish","type":"product","link":"https:\/\/turkishtrade.co\/de\/shop\/mens-leather-brogue-boots-2\/","title":{"rendered":"Handgefertigte Brogue-Stiefel aus Leder f\u00fcr M\u00e4nner"},"content":{"rendered":"<p><strong>Brogue-Stiefel aus Leder f\u00fcr M\u00e4nner<\/strong><\/p>\n<p>Erleben Sie unvergleichlichen Stil und Komfort mit unseren exquisiten, handgefertigten <strong>Brogue-Stiefel aus Leder f\u00fcr M\u00e4nner<\/strong>. Diese sorgf\u00e4ltig f\u00fcr den modernen Gentleman entworfenen Stiefel verk\u00f6rpern eine perfekte Verschmelzung von klassischer Eleganz und zeitgem\u00e4\u00dfer Funktionalit\u00e4t. Jedes Paar unserer <strong>Brogue-Stiefel aus Leder f\u00fcr M\u00e4nner<\/strong> ist ein Beweis f\u00fcr hervorragende Handwerkskunst, die sowohl ein markantes Aussehen als auch eine lange Lebensdauer gew\u00e4hrleistet.<\/p>\n<p>Das edle \u00c4u\u00dfere dieser Stiefel ist aus hochwertigem Kalbsleder gefertigt, das f\u00fcr seine au\u00dfergew\u00f6hnliche Qualit\u00e4t, glatte Textur und inh\u00e4rente Widerstandsf\u00e4higkeit bekannt ist. Diese Materialwahl garantiert einen Stiefel, der nicht nur edel aussieht, sondern auch sch\u00f6n altert und mit der Zeit eine einzigartige Patina entwickelt. Passend zum robusten \u00c4u\u00dferen ist das Innere mit echtem Ziegenleder gef\u00fcttert.<\/p>\n<p>Dieses weiche, atmungsaktive Futter sorgt f\u00fcr einen au\u00dfergew\u00f6hnlichen Komfort und macht diese <strong>Brogue-Stiefel aus Leder f\u00fcr M\u00e4nner<\/strong> ein Vergn\u00fcgen, den ganzen Tag \u00fcber zu tragen.<\/p>\n<p>Die charakteristischen Brogue-Details zieren die Zehenkappe und die N\u00e4hte und verleihen dem satten, br\u00fcnierten Braun einen zeitlosen und anspruchsvollen Charakter. Die klassische Schn\u00fcrung sorgt f\u00fcr eine bequeme und verstellbare Passform, die sowohl die \u00c4sthetik als auch die Praktikabilit\u00e4t des Stiefels unterstreicht. Diese vielseitige Stiefelette l\u00e4sst sich m\u00fchelos vom Berufsleben bis zum Wochenendausflug kombinieren und ist somit eine unverzichtbare Erg\u00e4nzung f\u00fcr jede Garderobe.<\/p>\n<p>Erh\u00f6hen Sie Ihren Stil m\u00fchelos mit diesen raffinierten <strong>Brogue-Stiefel aus Leder f\u00fcr M\u00e4nner<\/strong>, Ob mit ma\u00dfgeschneiderten Hosen f\u00fcr einen scharfen Business-Casual-Look oder mit Premium-Denim f\u00fcr einen raffinierten urbanen Touch.<\/p>\n<p>Komfort ist oberstes Gebot, und diese <strong>Brogue-Stiefel aus Leder f\u00fcr M\u00e4nner<\/strong> liefern. Sie verf\u00fcgen \u00fcber eine leichte und flexible EVA-Sohle, die f\u00fcr hervorragende D\u00e4mpfung und Unterst\u00fctzung bei jedem Schritt sorgt. Der dezente 1-3 cm hohe Absatz bietet einen komfortablen Auftrieb, ohne die Stabilit\u00e4t zu beeintr\u00e4chtigen.<\/p>\n<p>Erh\u00e4ltlich in einer umfassenden Palette europ\u00e4ischer Gr\u00f6\u00dfen von 39 bis 45, gew\u00e4hrleisten wir eine perfekte Passform f\u00fcr einen vielf\u00e4ltigen Kundenkreis. Wir sind bestrebt, Premium zu liefern <strong>Brogue-Stiefel aus Leder f\u00fcr M\u00e4nner<\/strong> die Stil, Komfort und Haltbarkeit vereinen.<\/p>\n<p>F\u00fcr Einzelh\u00e4ndler und Unternehmen, die Premium-Schuhe anbieten m\u00f6chten, ist unser <strong>Brogue-Stiefel aus Leder f\u00fcr M\u00e4nner<\/strong> sind f\u00fcr den Gro\u00dfhandel erh\u00e4ltlich. Wir ben\u00f6tigen eine Mindestbestellmenge von 8 Paar, damit Sie sich mit diesem beliebten Modell eindecken k\u00f6nnen. Mit einer zuverl\u00e4ssigen Lieferzeit von ca. 12 Tagen plus Versand k\u00f6nnen Sie Ihren Bestand effizient verwalten und die Kundennachfrage erf\u00fcllen.<\/p>\n<p>Erweitern Sie Ihre Sammlung mit diesen hochkar\u00e4tigen <strong>Brogue-Stiefel aus Leder f\u00fcr M\u00e4nner<\/strong>, und bieten Ihren Kunden die perfekte Mischung aus Luxus, Komfort und dauerhaftem Stil.<\/p>","protected":false},"excerpt":{"rendered":"<ul>\n<li>Obermaterial aus hochwertigem Kalbsleder f\u00fcr \u00fcberlegene Haltbarkeit und Stil<\/li>\n<li>Weiches Ziegenlederfutter f\u00fcr atmungsaktiven, ganzt\u00e4gigen Komfort<\/li>\n<li>Leichte und strapazierf\u00e4hige EVA-Sohle mit einer klassischen Absatzh\u00f6he von 1-3 cm<\/li>\n<li>Zeitlose Brogue-Details f\u00fcr eine anspruchsvolle \u00c4sthetik<\/li>\n<li>Sicherer Schn\u00fcrverschluss f\u00fcr einen individuellen und passgenauen Sitz<\/li>\n<li>Erh\u00e4ltlich in den europ\u00e4ischen Gr\u00f6\u00dfen 39, 40, 41, 42, 43, 44, 45<\/li>\n<li>Mindestbestellmenge im Gro\u00dfhandel: 8 Paare<\/li>\n<li>Gesch\u00e4tzte Lieferzeit: 12 Tage + Versand<\/li>\n<\/ul>","protected":false},"featured_media":3820,"template":"","meta":{"_acf_changed":false,"_uag_custom_page_level_css":"","site-sidebar-layout":"default","site-content-layout":"","ast-site-content-layout":"default","site-content-style":"default","site-sidebar-style":"default","ast-global-header-display":"","ast-banner-title-visibility":"","ast-main-header-display":"","ast-hfb-above-header-display":"","ast-hfb-below-header-display":"","ast-hfb-mobile-header-display":"","site-post-title":"","ast-breadcrumbs-content":"","ast-featured-img":"","footer-sml-layout":"","ast-disable-related-posts":"","theme-transparent-header-meta":"","adv-header-id-meta":"","stick-header-meta":"","header-above-stick-meta":"","header-main-stick-meta":"","header-below-stick-meta":"","astra-migrate-meta-layouts":"default","ast-page-background-enabled":"default","ast-page-background-meta":{"desktop":{"background-color":"var(--ast-global-color-4)","background-image":"","background-repeat":"repeat","background-position":"center center","background-size":"auto","background-attachment":"scroll","background-type":"","background-media":"","overlay-type":"","overlay-color":"","overlay-opacity":"","overlay-gradient":""},"tablet":{"background-color":"","background-image":"","background-repeat":"repeat","background-position":"center center","background-size":"auto","background-attachment":"scroll","background-type":"","background-media":"","overlay-type":"","overlay-color":"","overlay-opacity":"","overlay-gradient":""},"mobile":{"background-color":"","background-image":"","background-repeat":"repeat","background-position":"center center","background-size":"auto","background-attachment":"scroll","background-type":"","background-media":"","overlay-type":"","overlay-color":"","overlay-opacity":"","overlay-gradient":""}},"ast-content-background-meta":{"desktop":{"background-color":"var(--ast-global-color-5)","background-image":"","background-repeat":"repeat","background-position":"center center","background-size":"auto","background-attachment":"scroll","background-type":"","background-media":"","overlay-type":"","overlay-color":"","overlay-opacity":"","overlay-gradient":""},"tablet":{"background-color":"var(--ast-global-color-5)","background-image":"","background-repeat":"repeat","background-position":"center center","background-size":"auto","background-attachment":"scroll","background-type":"","background-media":"","overlay-type":"","overlay-color":"","overlay-opacity":"","overlay-gradient":""},"mobile":{"background-color":"var(--ast-global-color-5)","background-image":"","background-repeat":"repeat","background-position":"center center","background-size":"auto","background-attachment":"scroll","background-type":"","background-media":"","overlay-type":"","overlay-color":"","overlay-opacity":"","overlay-gradient":""}}},"product_brand":[],"product_cat":[52,47,430,40],"product_tag":[463,993,1009,202,999,644,464,438,437,997,994,476,461,198,473],"class_list":{"0":"post-5700","1":"product","2":"type-product","3":"status-publish","4":"has-post-thumbnail","6":"product_cat-boots","7":"product_cat-classic","8":"product_cat-men","9":"product_cat-mens-shoes","10":"product_tag-ankle-boots","11":"product_tag-brogue-boots","12":"product_tag-brown-boots","13":"product_tag-calf-leather","14":"product_tag-casual-boots","15":"product_tag-classic-footwear","16":"product_tag-dress-boots","17":"product_tag-eva-sole","18":"product_tag-goat-leather","19":"product_tag-handmade-boots","20":"product_tag-lace-up-boots","21":"product_tag-leather-boots","22":"product_tag-mens-boots","23":"product_tag-mens-fashion","24":"product_tag-wholesale-boots","25":"desktop-align-center","26":"tablet-align-center","27":"mobile-align-center","29":"first","30":"instock","31":"shipping-taxable","32":"purchasable","33":"product-type-variable","34":"has-default-attributes"},"acf":[],"uagb_featured_image_src":{"full":["https:\/\/turkishtrade.co\/wp-content\/uploads\/2026\/01\/2400EJOMN00443-DARK-BROWN-X_76-TABAN-NOKTALI.png",453,250,false],"thumbnail":["https:\/\/turkishtrade.co\/wp-content\/uploads\/2026\/01\/2400EJOMN00443-DARK-BROWN-X_76-TABAN-NOKTALI-150x150.png",150,150,true],"medium":["https:\/\/turkishtrade.co\/wp-content\/uploads\/2026\/01\/2400EJOMN00443-DARK-BROWN-X_76-TABAN-NOKTALI-300x166.png",300,166,true],"medium_large":["https:\/\/turkishtrade.co\/wp-content\/uploads\/2026\/01\/2400EJOMN00443-DARK-BROWN-X_76-TABAN-NOKTALI.png",453,250,false],"large":["https:\/\/turkishtrade.co\/wp-content\/uploads\/2026\/01\/2400EJOMN00443-DARK-BROWN-X_76-TABAN-NOKTALI.png",453,250,false],"1536x1536":["https:\/\/turkishtrade.co\/wp-content\/uploads\/2026\/01\/2400EJOMN00443-DARK-BROWN-X_76-TABAN-NOKTALI.png",453,250,false],"2048x2048":["https:\/\/turkishtrade.co\/wp-content\/uploads\/2026\/01\/2400EJOMN00443-DARK-BROWN-X_76-TABAN-NOKTALI.png",453,250,false],"trp-custom-language-flag":["https:\/\/turkishtrade.co\/wp-content\/uploads\/2026\/01\/2400EJOMN00443-DARK-BROWN-X_76-TABAN-NOKTALI-18x10.png",18,10,true],"woocommerce_thumbnail":["https:\/\/turkishtrade.co\/wp-content\/uploads\/2026\/01\/2400EJOMN00443-DARK-BROWN-X_76-TABAN-NOKTALI-400x250.png",400,250,true],"woocommerce_single":["https:\/\/turkishtrade.co\/wp-content\/uploads\/2026\/01\/2400EJOMN00443-DARK-BROWN-X_76-TABAN-NOKTALI.png",453,250,false],"woocommerce_gallery_thumbnail":["https:\/\/turkishtrade.co\/wp-content\/uploads\/2026\/01\/2400EJOMN00443-DARK-BROWN-X_76-TABAN-NOKTALI-100x100.png",100,100,true]},"uagb_author_info":{"display_name":"yaser olabi","author_link":"https:\/\/turkishtrade.co\/de\/author\/"},"uagb_comment_info":0,"uagb_excerpt":"Premium Calf Leather Upper for superior durability and style Soft Goat Leather Lining for breathable, all-day comfort Lightweight &amp; Durable EVA Sole with a classic 1-3 cm heel height Timeless Brogue Detailing for a sophisticated aesthetic Secure Lace-up Closure for a personalized and snug fit Available in European Sizes 39, 40, 41, 42, 43, 44,&hellip;","_links":{"self":[{"href":"https:\/\/turkishtrade.co\/de\/wp-json\/wp\/v2\/product\/5700","targetHints":{"allow":["GET"]}}],"collection":[{"href":"https:\/\/turkishtrade.co\/de\/wp-json\/wp\/v2\/product"}],"about":[{"href":"https:\/\/turkishtrade.co\/de\/wp-json\/wp\/v2\/types\/product"}],"wp:featuredmedia":[{"embeddable":true,"href":"https:\/\/turkishtrade.co\/de\/wp-json\/wp\/v2\/media\/3820"}],"wp:attachment":[{"href":"https:\/\/turkishtrade.co\/de\/wp-json\/wp\/v2\/media?parent=5700"}],"wp:term":[{"taxonomy":"product_brand","embeddable":true,"href":"https:\/\/turkishtrade.co\/de\/wp-json\/wp\/v2\/product_brand?post=5700"},{"taxonomy":"product_cat","embeddable":true,"href":"https:\/\/turkishtrade.co\/de\/wp-json\/wp\/v2\/product_cat?post=5700"},{"taxonomy":"product_tag","embeddable":true,"href":"https:\/\/turkishtrade.co\/de\/wp-json\/wp\/v2\/product_tag?post=5700"}],"curies":[{"name":"wp","href":"https:\/\/api.w.org\/{rel}","templated":true}]}}