{"id":5683,"date":"2026-01-14T12:53:55","date_gmt":"2026-01-14T12:53:55","guid":{"rendered":"https:\/\/turkishtrade.co\/product\/mens-leather-brogue-boots\/"},"modified":"2026-04-09T19:27:13","modified_gmt":"2026-04-09T19:27:13","slug":"mens-leather-brogue-boots","status":"publish","type":"product","link":"https:\/\/turkishtrade.co\/de\/shop\/mens-leather-brogue-boots\/","title":{"rendered":"Herren Premium Brogue Leder Chelsea Boots mit Schnalle"},"content":{"rendered":"<p><strong>Brogue-Stiefel aus Leder f\u00fcr M\u00e4nner<\/strong><\/p>\n<p>Erleben Sie einen raffinierten Stil mit unserer Kollektion von <b>Herren Premium Brogue Leder Chelsea Boots mit Schnalle<\/b>. Diese au\u00dfergew\u00f6hnlichen Stiefel wurden sorgf\u00e4ltig f\u00fcr den modernen Gentleman entworfen, der sowohl klassische Eleganz als auch zeitgem\u00e4\u00dfen Komfort zu sch\u00e4tzen wei\u00df. Jedes Paar verk\u00f6rpert \u00fcberlegene Handwerkskunst und ist damit eine hervorragende Erg\u00e4nzung f\u00fcr jede anspruchsvolle Garderobe.<\/p>\n<p>Ganz gleich, ob Sie sich f\u00fcr eine formelle Veranstaltung herausputzen oder Ihrer Freizeitkleidung einen Hauch von Klasse verleihen, diese Stiefel sind so konzipiert, dass sie beeindrucken.<\/p>\n<p><h3>Un\u00fcbertroffene Handwerkskunst und hochwertige Materialien<\/h3>\n<\/p>\n<p>Unser <b>Brogue-Stiefel aus Leder f\u00fcr M\u00e4nner<\/b> sind ein Zeugnis f\u00fcr Qualit\u00e4t, gefertigt aus den besten Materialien. Das \u00c4u\u00dfere ist aus geschmeidigem, strapazierf\u00e4higem Kalbsleder gefertigt, das f\u00fcr seine glatte Textur und seine F\u00e4higkeit, sch\u00f6n zu altern, bekannt ist, so dass Ihre Stiefel jahrelang pr\u00e4chtig aussehen. Im Inneren werden Ihre F\u00fc\u00dfe von einem luxuri\u00f6sen, weichen Futter aus Ziegenleder umh\u00fcllt, das au\u00dfergew\u00f6hnliche Atmungsaktivit\u00e4t und Komfort bietet, der den ganzen Tag anh\u00e4lt.<\/p>\n<p>Die robuste und dennoch leichte EVA-Sohle bietet eine hervorragende Sto\u00dfd\u00e4mpfung und Flexibilit\u00e4t und garantiert bei jedem Schritt ein angenehmes Laufgef\u00fchl. Mit einer klassischen Absatzh\u00f6he von 1-3 cm bieten diese Stiefel die perfekte Erh\u00f6hung, ohne dabei an Stabilit\u00e4t oder Komfort einzub\u00fc\u00dfen.<\/p>\n<p><h3>Zeitloses Design trifft auf moderne Vielseitigkeit<\/h3>\n<\/p>\n<p>Diese Stiefel sind nicht einfach nur irgendwelche Stiefel, sie sind ein Statement des Stils. Die kultigen Brogue-Details mit ihren komplizierten Perforationen verleihen ihm einen Hauch von traditioneller Eleganz, w\u00e4hrend die stilvolle seitliche Schnalle einen modernen Akzent setzt. Der f\u00fcr Chelsea-Boots charakteristische Gummizug sorgt f\u00fcr einen hohen Tragekomfort, so dass Sie sie m\u00fchelos an- und ausziehen k\u00f6nnen.<\/p>\n<p>Diese Stiefel sind in den Gr\u00f6\u00dfen 39 bis 45 erh\u00e4ltlich und richten sich an ein breites Publikum. Das vielseitige Design dieser <b>Brogue-Stiefel aus Leder f\u00fcr M\u00e4nner<\/b> Sie eignen sich f\u00fcr eine Vielzahl von Anl\u00e4ssen, von der Freizeitgestaltung bis zum Wochenendausflug, und lassen sich perfekt mit ma\u00dfgeschneiderten Hosen, Chinos oder sogar dunklen Jeans kombinieren.<\/p>\n<p><h3>Langlebigkeit und Komfort f\u00fcr den anspruchsvollen Gentleman<\/h3>\n<\/p>\n<p>Investitionen in unser <b>Brogue-Stiefel aus Leder f\u00fcr M\u00e4nner<\/b> bedeutet, in dauerhafte Qualit\u00e4t zu investieren. Die Kombination aus hochwertigem Kalbs- und Ziegenleder sowie die strapazierf\u00e4hige EVA-Sohle sorgen daf\u00fcr, dass diese Stiefel den Strapazen des t\u00e4glichen Tragens standhalten und dabei ihr edles Aussehen behalten.<\/p>\n<p>Erleben Sie die perfekte Mischung aus Halt und Flexibilit\u00e4t, damit Sie sich mit Selbstvertrauen und Leichtigkeit bewegen k\u00f6nnen. Wir wissen, wie wichtig sowohl Stil als auch Substanz sind, und diese Stiefel bieten beides und sorgen f\u00fcr ein luxuri\u00f6ses Erlebnis vom ersten Moment an.<\/p>\n<p>F\u00fcr Einzelh\u00e4ndler und Unternehmen sind diese Premium-Stiefel ab einer Mindestbestellmenge von 8 Paar im Gro\u00dfhandel erh\u00e4ltlich. Wir bieten eine effiziente Lieferung innerhalb von 12 Tagen plus Versandzeit, so dass Sie Ihr Inventar ohne Verz\u00f6gerung mit diesen sehr gefragten Brogue-Stiefeln aus Leder f\u00fcr Herren auff\u00fcllen k\u00f6nnen. Werten Sie Ihre Schuhkollektion auf oder bieten Sie Ihren Kunden ein Produkt, das f\u00fcr Raffinesse, Komfort und dauerhaften Stil steht.<\/p>","protected":false},"excerpt":{"rendered":"<ul>\n<li>Fachm\u00e4nnisch gefertigt aus hochwertigem Kalbsleder f\u00fcr einen raffinierten Look und dauerhaften Tragekomfort.<\/li>\n<li>Luxuri\u00f6s gef\u00fcttert mit weichem Ziegenleder f\u00fcr unvergleichlichen Komfort und Atmungsaktivit\u00e4t.<\/li>\n<li>Die leichte und flexible EVA-Sohle sorgt f\u00fcr ganzt\u00e4gigen Komfort und hervorragenden Halt.<\/li>\n<li>Mit eleganten Brogue-Details und einer stilvollen seitlichen Schnalle kombiniert er klassischen Charme mit modernem Appeal.<\/li>\n<li>Mit praktischen elastischen Eins\u00e4tzen f\u00fcr einfaches Hineinschl\u00fcpfen und eine gute Passform.<\/li>\n<li>Erh\u00e4ltlich in einer breiten Palette von Gr\u00f6\u00dfen von 39 bis 45.<\/li>\n<li>Mindestbestellmenge: 8 Paar, ideal f\u00fcr den Gro\u00dfhandel und Gro\u00dfeink\u00e4ufe.<\/li>\n<li>Lieferung innerhalb von 12 Tagen plus Versandzeit.<\/li>\n<\/ul>","protected":false},"featured_media":3811,"template":"","meta":{"_acf_changed":false,"_uag_custom_page_level_css":"","site-sidebar-layout":"default","site-content-layout":"","ast-site-content-layout":"default","site-content-style":"default","site-sidebar-style":"default","ast-global-header-display":"","ast-banner-title-visibility":"","ast-main-header-display":"","ast-hfb-above-header-display":"","ast-hfb-below-header-display":"","ast-hfb-mobile-header-display":"","site-post-title":"","ast-breadcrumbs-content":"","ast-featured-img":"","footer-sml-layout":"","ast-disable-related-posts":"","theme-transparent-header-meta":"","adv-header-id-meta":"","stick-header-meta":"","header-above-stick-meta":"","header-main-stick-meta":"","header-below-stick-meta":"","astra-migrate-meta-layouts":"default","ast-page-background-enabled":"default","ast-page-background-meta":{"desktop":{"background-color":"var(--ast-global-color-4)","background-image":"","background-repeat":"repeat","background-position":"center center","background-size":"auto","background-attachment":"scroll","background-type":"","background-media":"","overlay-type":"","overlay-color":"","overlay-opacity":"","overlay-gradient":""},"tablet":{"background-color":"","background-image":"","background-repeat":"repeat","background-position":"center center","background-size":"auto","background-attachment":"scroll","background-type":"","background-media":"","overlay-type":"","overlay-color":"","overlay-opacity":"","overlay-gradient":""},"mobile":{"background-color":"","background-image":"","background-repeat":"repeat","background-position":"center center","background-size":"auto","background-attachment":"scroll","background-type":"","background-media":"","overlay-type":"","overlay-color":"","overlay-opacity":"","overlay-gradient":""}},"ast-content-background-meta":{"desktop":{"background-color":"var(--ast-global-color-5)","background-image":"","background-repeat":"repeat","background-position":"center center","background-size":"auto","background-attachment":"scroll","background-type":"","background-media":"","overlay-type":"","overlay-color":"","overlay-opacity":"","overlay-gradient":""},"tablet":{"background-color":"var(--ast-global-color-5)","background-image":"","background-repeat":"repeat","background-position":"center center","background-size":"auto","background-attachment":"scroll","background-type":"","background-media":"","overlay-type":"","overlay-color":"","overlay-opacity":"","overlay-gradient":""},"mobile":{"background-color":"var(--ast-global-color-5)","background-image":"","background-repeat":"repeat","background-position":"center center","background-size":"auto","background-attachment":"scroll","background-type":"","background-media":"","overlay-type":"","overlay-color":"","overlay-opacity":"","overlay-gradient":""}}},"product_brand":[],"product_cat":[52,47,430,40],"product_tag":[1000,993,1001,477,996,999,1003,474,1005,998,438,478,437,476,461,1006,198,362,210,1004,473],"class_list":{"0":"post-5683","1":"product","2":"type-product","3":"status-publish","4":"has-post-thumbnail","6":"product_cat-boots","7":"product_cat-classic","8":"product_cat-men","9":"product_cat-mens-shoes","10":"product_tag-black-leather-boots","11":"product_tag-brogue-boots","12":"product_tag-brown-leather-boots","13":"product_tag-buckle-boots","14":"product_tag-calfskin-boots","15":"product_tag-casual-boots","16":"product_tag-chelsea-boots","17":"product_tag-comfortable-boots","18":"product_tag-durable-boots","19":"product_tag-elegant-boots","20":"product_tag-eva-sole","21":"product_tag-formal-boots","22":"product_tag-goat-leather","23":"product_tag-leather-boots","24":"product_tag-mens-boots","25":"product_tag-mens-dress-boots","26":"product_tag-mens-fashion","27":"product_tag-premium-footwear","28":"product_tag-smart-casual","29":"product_tag-stylish-boots","30":"product_tag-wholesale-boots","31":"desktop-align-center","32":"tablet-align-center","33":"mobile-align-center","35":"first","36":"instock","37":"shipping-taxable","38":"purchasable","39":"product-type-variable","40":"has-default-attributes"},"acf":[],"uagb_featured_image_src":{"full":["https:\/\/turkishtrade.co\/wp-content\/uploads\/2026\/01\/2400EJOMN00271-BROWN-X_875.png",453,250,false],"thumbnail":["https:\/\/turkishtrade.co\/wp-content\/uploads\/2026\/01\/2400EJOMN00271-BROWN-X_875-150x150.png",150,150,true],"medium":["https:\/\/turkishtrade.co\/wp-content\/uploads\/2026\/01\/2400EJOMN00271-BROWN-X_875-300x166.png",300,166,true],"medium_large":["https:\/\/turkishtrade.co\/wp-content\/uploads\/2026\/01\/2400EJOMN00271-BROWN-X_875.png",453,250,false],"large":["https:\/\/turkishtrade.co\/wp-content\/uploads\/2026\/01\/2400EJOMN00271-BROWN-X_875.png",453,250,false],"1536x1536":["https:\/\/turkishtrade.co\/wp-content\/uploads\/2026\/01\/2400EJOMN00271-BROWN-X_875.png",453,250,false],"2048x2048":["https:\/\/turkishtrade.co\/wp-content\/uploads\/2026\/01\/2400EJOMN00271-BROWN-X_875.png",453,250,false],"trp-custom-language-flag":["https:\/\/turkishtrade.co\/wp-content\/uploads\/2026\/01\/2400EJOMN00271-BROWN-X_875-18x10.png",18,10,true],"woocommerce_thumbnail":["https:\/\/turkishtrade.co\/wp-content\/uploads\/2026\/01\/2400EJOMN00271-BROWN-X_875-400x250.png",400,250,true],"woocommerce_single":["https:\/\/turkishtrade.co\/wp-content\/uploads\/2026\/01\/2400EJOMN00271-BROWN-X_875.png",453,250,false],"woocommerce_gallery_thumbnail":["https:\/\/turkishtrade.co\/wp-content\/uploads\/2026\/01\/2400EJOMN00271-BROWN-X_875-100x100.png",100,100,true]},"uagb_author_info":{"display_name":"yaser olabi","author_link":"https:\/\/turkishtrade.co\/de\/author\/"},"uagb_comment_info":0,"uagb_excerpt":"Expertly crafted with a premium Calfskin exterior for a sophisticated look and durable wear. Luxuriously lined with soft Goat Leather for unparalleled comfort and breathability. Features a lightweight and flexible EVA sole, ensuring all-day comfort and excellent grip. Boasts elegant brogue detailing and a stylish side buckle accent, combining classic charm with modern appeal. Designed&hellip;","_links":{"self":[{"href":"https:\/\/turkishtrade.co\/de\/wp-json\/wp\/v2\/product\/5683","targetHints":{"allow":["GET"]}}],"collection":[{"href":"https:\/\/turkishtrade.co\/de\/wp-json\/wp\/v2\/product"}],"about":[{"href":"https:\/\/turkishtrade.co\/de\/wp-json\/wp\/v2\/types\/product"}],"wp:featuredmedia":[{"embeddable":true,"href":"https:\/\/turkishtrade.co\/de\/wp-json\/wp\/v2\/media\/3811"}],"wp:attachment":[{"href":"https:\/\/turkishtrade.co\/de\/wp-json\/wp\/v2\/media?parent=5683"}],"wp:term":[{"taxonomy":"product_brand","embeddable":true,"href":"https:\/\/turkishtrade.co\/de\/wp-json\/wp\/v2\/product_brand?post=5683"},{"taxonomy":"product_cat","embeddable":true,"href":"https:\/\/turkishtrade.co\/de\/wp-json\/wp\/v2\/product_cat?post=5683"},{"taxonomy":"product_tag","embeddable":true,"href":"https:\/\/turkishtrade.co\/de\/wp-json\/wp\/v2\/product_tag?post=5683"}],"curies":[{"name":"wp","href":"https:\/\/api.w.org\/{rel}","templated":true}]}}