{"id":5670,"date":"2026-01-14T12:52:11","date_gmt":"2026-01-14T12:52:11","guid":{"rendered":"https:\/\/turkishtrade.co\/product\/men-navy-leather-loafers\/"},"modified":"2026-04-09T19:27:34","modified_gmt":"2026-04-09T19:27:34","slug":"mens-navy-leather-loafers","status":"publish","type":"product","link":"https:\/\/turkishtrade.co\/de\/shop\/mens-navy-leather-loafers\/","title":{"rendered":"Marineblaue Kalbsleder Slipper f\u00fcr Herren"},"content":{"rendered":"<p><strong>Marineblaue Leder-Slipper f\u00fcr M\u00e4nner<\/strong><\/p>\n<p>Erweitern Sie Ihre Schuhkollektion mit unseren exquisiten <strong>Marineblaue Leder-Slipper f\u00fcr M\u00e4nner<\/strong>, eine perfekte Mischung aus Raffinesse und Komfort f\u00fcr den modernen Gentleman. Diese Slipper sind sorgf\u00e4ltig gefertigt und bieten unvergleichlichen Stil, egal ob Sie einen gesch\u00e4ftigen Arbeitstag oder ein entspanntes Wochenende genie\u00dfen. Unser <strong>Marineblaue Leder-Slipper f\u00fcr M\u00e4nner<\/strong> sind mehr als nur ein Schuh; sie sind ein Statement f\u00fcr raffinierten Geschmack und dauerhafte Qualit\u00e4t.<\/p>\n<p><h3>Unerreichte Qualit\u00e4t und Handwerkskunst<\/h3>\n<\/p>\n<p>Erleben Sie das luxuri\u00f6se Gef\u00fchl von echten Materialien bei jedem Schritt. Das Obermaterial dieser bemerkenswerten Schuhe ist aus hochwertigem Kalbsleder gefertigt, das f\u00fcr seine geschmeidige Textur und au\u00dfergew\u00f6hnliche Haltbarkeit bekannt ist. Die Wahl des Kalbsleders sorgt nicht nur f\u00fcr eine raffinierte \u00c4sthetik, sondern verspricht auch einen Schuh, der anmutig altert und sich mit der Zeit perfekt an Ihren Fu\u00df anpasst.<\/p>\n<p>Erg\u00e4nzend zum robusten \u00c4u\u00dferen ist das Innenfutter aus unglaublich weichem Ziegenleder gefertigt, das eine hervorragende Atmungsaktivit\u00e4t und eine weiche, komfortable Umgebung f\u00fcr Ihre F\u00fc\u00dfe w\u00e4hrend des ganzen Tages bietet. Diese <strong>Marineblaue Leder-Slipper f\u00fcr M\u00e4nner<\/strong> verk\u00f6rpern wirklich hochwertige Handwerkskunst.<\/p>\n<p><h3>Entworfen f\u00fcr Komfort und Stil<\/h3>\n<\/p>\n<p>Der Komfort steht bei der Entwicklung dieser Produkte an erster Stelle. <strong>Marineblaue Leder-Slipper f\u00fcr M\u00e4nner<\/strong>. Sie verf\u00fcgen \u00fcber eine leichte und flexible EVA-Sohle, die hervorragende D\u00e4mpfung und Sto\u00dfd\u00e4mpfung bietet. Dieses innovative Sohlenmaterial sorgt f\u00fcr ein komfortables Laufgef\u00fchl und macht diese Schuhe ideal f\u00fcr langes Tragen.<\/p>\n<p>Die klassische Loafer-Silhouette wird durch einen bescheidenen 1-3 cm hohen Absatz aufgewertet, der f\u00fcr einen dezenten Auftrieb sorgt und ein zeitloses, elegantes Profil bewahrt. Das Schlupfdesign sorgt f\u00fcr Bequemlichkeit und ein elegantes Finish, so dass sie leicht zu tragen und m\u00fchelos stilvoll f\u00fcr jeden Anlass sind.<\/p>\n<p><h3>Vielseitige Eleganz f\u00fcr jede Gelegenheit<\/h3>\n<\/p>\n<p>Diese vielseitigen <strong>Marineblaue Leder-Slipper f\u00fcr M\u00e4nner<\/strong> sind ein Grundnahrungsmittel, das nahtlos von formellen Business-Casual-Settings zu entspannteren gesellschaftlichen Zusammenk\u00fcnften \u00fcbergeht. Ihr satter marineblauer Farbton verleiht ihnen einen Hauch von dezenter Eleganz, die sich wunderbar mit einer Vielzahl von Outfits kombinieren l\u00e4sst, von ma\u00dfgeschneiderten Hosen und Chinos bis hin zu eleganten Denims. Egal, ob Sie sich f\u00fcr ein Gesch\u00e4ftstreffen, ein Abendessen oder einen legeren Tag in der Stadt kleiden, diese Loafers sind die perfekte Wahl, um Ihr Ensemble mit Selbstvertrauen und Flair zu vervollst\u00e4ndigen.<\/p>\n<p>Investieren Sie in Ihre Sammlung mit <strong>Marineblaue Leder-Slipper f\u00fcr M\u00e4nner<\/strong> und entdecken Sie den ultimativen, anpassungsf\u00e4higen Stil.<\/p>\n<p><h3>M\u00f6glichkeiten f\u00fcr den Gro\u00dfhandel<\/h3>\n<\/p>\n<p>F\u00fcr Einzelh\u00e4ndler und Unternehmen, die Premium-Schuhe anbieten m\u00f6chten, ist unser <strong>Marineblaue Leder-Slipper f\u00fcr M\u00e4nner<\/strong> sind f\u00fcr den Gro\u00dfeinkauf verf\u00fcgbar. Wir ben\u00f6tigen eine Mindestbestellmenge von 8 Paar, damit Sie sich mit diesem beliebten Modell eindecken k\u00f6nnen. Mit den Gr\u00f6\u00dfen von 39 bis 45 k\u00f6nnen Sie einen breiten Kundenstamm ansprechen.<\/p>\n<p>Bestellungen werden in der Regel innerhalb von 12 Tagen zuz\u00fcglich der Standardversandzeit bearbeitet und versandt, was eine effiziente Bestandsverwaltung erm\u00f6glicht. Erweitern Sie Ihre Sammlung mit diesen unverzichtbaren <strong>Marineblaue Leder-Slipper f\u00fcr M\u00e4nner<\/strong> und bieten Sie Ihren Kunden Qualit\u00e4t und Stil, die sie zu sch\u00e4tzen wissen.<\/p>","protected":false},"excerpt":{"rendered":"<ul>\n<li>\u00c4u\u00dferes Material: Echtes Kalbsleder<\/li>\n<li>Innenfutter: Weiches Ziegenleder<\/li>\n<li>Sohle: Komfortable EVA-Sohle mit 1-3 cm klassischem Absatz<\/li>\n<li>Verf\u00fcgbare Gr\u00f6\u00dfen: 39, 40, 41, 42, 43, 44, 45<\/li>\n<li>Mindestbestellmenge: 8 Paare<\/li>\n<li>Lieferzeit: 12 Tage + Versand<\/li>\n<\/ul>","protected":false},"featured_media":3803,"template":"","meta":{"_acf_changed":false,"_uag_custom_page_level_css":"","site-sidebar-layout":"default","site-content-layout":"","ast-site-content-layout":"default","site-content-style":"default","site-sidebar-style":"default","ast-global-header-display":"","ast-banner-title-visibility":"","ast-main-header-display":"","ast-hfb-above-header-display":"","ast-hfb-below-header-display":"","ast-hfb-mobile-header-display":"","site-post-title":"","ast-breadcrumbs-content":"","ast-featured-img":"","footer-sml-layout":"","ast-disable-related-posts":"","theme-transparent-header-meta":"","adv-header-id-meta":"","stick-header-meta":"","header-above-stick-meta":"","header-main-stick-meta":"","header-below-stick-meta":"","astra-migrate-meta-layouts":"default","ast-page-background-enabled":"default","ast-page-background-meta":{"desktop":{"background-color":"var(--ast-global-color-4)","background-image":"","background-repeat":"repeat","background-position":"center center","background-size":"auto","background-attachment":"scroll","background-type":"","background-media":"","overlay-type":"","overlay-color":"","overlay-opacity":"","overlay-gradient":""},"tablet":{"background-color":"","background-image":"","background-repeat":"repeat","background-position":"center center","background-size":"auto","background-attachment":"scroll","background-type":"","background-media":"","overlay-type":"","overlay-color":"","overlay-opacity":"","overlay-gradient":""},"mobile":{"background-color":"","background-image":"","background-repeat":"repeat","background-position":"center center","background-size":"auto","background-attachment":"scroll","background-type":"","background-media":"","overlay-type":"","overlay-color":"","overlay-opacity":"","overlay-gradient":""}},"ast-content-background-meta":{"desktop":{"background-color":"var(--ast-global-color-5)","background-image":"","background-repeat":"repeat","background-position":"center center","background-size":"auto","background-attachment":"scroll","background-type":"","background-media":"","overlay-type":"","overlay-color":"","overlay-opacity":"","overlay-gradient":""},"tablet":{"background-color":"var(--ast-global-color-5)","background-image":"","background-repeat":"repeat","background-position":"center center","background-size":"auto","background-attachment":"scroll","background-type":"","background-media":"","overlay-type":"","overlay-color":"","overlay-opacity":"","overlay-gradient":""},"mobile":{"background-color":"var(--ast-global-color-5)","background-image":"","background-repeat":"repeat","background-position":"center center","background-size":"auto","background-attachment":"scroll","background-type":"","background-media":"","overlay-type":"","overlay-color":"","overlay-opacity":"","overlay-gradient":""}}},"product_brand":[],"product_cat":[47,430,40],"product_tag":[513,202,512,439,544,438,437,227,198,186,479,374,184,281],"class_list":{"0":"post-5670","1":"product","2":"type-product","3":"status-publish","4":"has-post-thumbnail","6":"product_cat-classic","7":"product_cat-men","8":"product_cat-mens-shoes","9":"product_tag-business-casual-shoes","10":"product_tag-calf-leather","11":"product_tag-casual-loafers","12":"product_tag-durable-shoes","13":"product_tag-elegant-loafers","14":"product_tag-eva-sole","15":"product_tag-goat-leather","16":"product_tag-leather-shoes","17":"product_tag-mens-fashion","18":"product_tag-mens-loafers","19":"product_tag-navy-shoes","20":"product_tag-premium-loafers","21":"product_tag-slip-on-shoes","22":"product_tag-wholesale-shoes","23":"desktop-align-center","24":"tablet-align-center","25":"mobile-align-center","27":"first","28":"instock","29":"shipping-taxable","30":"purchasable","31":"product-type-variable","32":"has-default-attributes"},"acf":[],"uagb_featured_image_src":{"full":["https:\/\/turkishtrade.co\/wp-content\/uploads\/2026\/01\/2400EJOMN00482-BLUE-X_443.png",453,250,false],"thumbnail":["https:\/\/turkishtrade.co\/wp-content\/uploads\/2026\/01\/2400EJOMN00482-BLUE-X_443-150x150.png",150,150,true],"medium":["https:\/\/turkishtrade.co\/wp-content\/uploads\/2026\/01\/2400EJOMN00482-BLUE-X_443-300x166.png",300,166,true],"medium_large":["https:\/\/turkishtrade.co\/wp-content\/uploads\/2026\/01\/2400EJOMN00482-BLUE-X_443.png",453,250,false],"large":["https:\/\/turkishtrade.co\/wp-content\/uploads\/2026\/01\/2400EJOMN00482-BLUE-X_443.png",453,250,false],"1536x1536":["https:\/\/turkishtrade.co\/wp-content\/uploads\/2026\/01\/2400EJOMN00482-BLUE-X_443.png",453,250,false],"2048x2048":["https:\/\/turkishtrade.co\/wp-content\/uploads\/2026\/01\/2400EJOMN00482-BLUE-X_443.png",453,250,false],"trp-custom-language-flag":["https:\/\/turkishtrade.co\/wp-content\/uploads\/2026\/01\/2400EJOMN00482-BLUE-X_443-18x10.png",18,10,true],"woocommerce_thumbnail":["https:\/\/turkishtrade.co\/wp-content\/uploads\/2026\/01\/2400EJOMN00482-BLUE-X_443-400x250.png",400,250,true],"woocommerce_single":["https:\/\/turkishtrade.co\/wp-content\/uploads\/2026\/01\/2400EJOMN00482-BLUE-X_443.png",453,250,false],"woocommerce_gallery_thumbnail":["https:\/\/turkishtrade.co\/wp-content\/uploads\/2026\/01\/2400EJOMN00482-BLUE-X_443-100x100.png",100,100,true]},"uagb_author_info":{"display_name":"yaser olabi","author_link":"https:\/\/turkishtrade.co\/de\/author\/"},"uagb_comment_info":0,"uagb_excerpt":"Outer Material: Genuine Calf Leather Inner Lining: Soft Goat Leather Sole: Comfortable EVA Sole with 1-3 cm Classic Heel Available Sizes: 39, 40, 41, 42, 43, 44, 45 Minimum Order Quantity: 8 Pairs Delivery Time: 12 Days + Shipping","_links":{"self":[{"href":"https:\/\/turkishtrade.co\/de\/wp-json\/wp\/v2\/product\/5670","targetHints":{"allow":["GET"]}}],"collection":[{"href":"https:\/\/turkishtrade.co\/de\/wp-json\/wp\/v2\/product"}],"about":[{"href":"https:\/\/turkishtrade.co\/de\/wp-json\/wp\/v2\/types\/product"}],"wp:featuredmedia":[{"embeddable":true,"href":"https:\/\/turkishtrade.co\/de\/wp-json\/wp\/v2\/media\/3803"}],"wp:attachment":[{"href":"https:\/\/turkishtrade.co\/de\/wp-json\/wp\/v2\/media?parent=5670"}],"wp:term":[{"taxonomy":"product_brand","embeddable":true,"href":"https:\/\/turkishtrade.co\/de\/wp-json\/wp\/v2\/product_brand?post=5670"},{"taxonomy":"product_cat","embeddable":true,"href":"https:\/\/turkishtrade.co\/de\/wp-json\/wp\/v2\/product_cat?post=5670"},{"taxonomy":"product_tag","embeddable":true,"href":"https:\/\/turkishtrade.co\/de\/wp-json\/wp\/v2\/product_tag?post=5670"}],"curies":[{"name":"wp","href":"https:\/\/api.w.org\/{rel}","templated":true}]}}