{"id":5664,"date":"2026-01-14T12:51:34","date_gmt":"2026-01-14T12:51:34","guid":{"rendered":"https:\/\/turkishtrade.co\/product\/men-s-navy-leather-loafers\/"},"modified":"2026-04-09T19:27:40","modified_gmt":"2026-04-09T19:27:40","slug":"mens-navy-leather-loafers-2","status":"publish","type":"product","link":"https:\/\/turkishtrade.co\/de\/shop\/mens-navy-leather-loafers-2\/","title":{"rendered":"Premium Herren Loafers aus Leder in Marineblau mit EVA-Sohle"},"content":{"rendered":"<p><strong>Marineblaue Leder-Slipper f\u00fcr M\u00e4nner<\/strong><\/p>\n<p>Erleben Sie unvergleichlichen Stil und Komfort mit unserem exquisiten <strong>Marineblaue Leder-Slipper f\u00fcr M\u00e4nner<\/strong>. Diese Loafers wurden f\u00fcr den anspruchsvollen Gentleman entworfen und vereinen klassische Eleganz mit moderner Tragbarkeit. Egal, ob Sie zu einem legeren Business-Meeting, einem Wochenend-Brunch oder einer halb-formellen Veranstaltung gehen, diese raffinierten navyfarbenen Loafers sind Ihr perfekter Begleiter.<\/p>\n<p>Ihr zeitloses Design sorgt daf\u00fcr, dass diese <strong>Marineblaue Leder-Slipper f\u00fcr M\u00e4nner<\/strong> bleiben f\u00fcr die kommenden Saisons ein fester Bestandteil Ihrer Garderobe und bieten einen eleganten Look, ohne auf Komfort zu verzichten.<\/p>\n<p><h3>Unerreichte Qualit\u00e4t und Handwerkskunst<\/h3>\n<\/p>\n<p>Jedes Paar unserer <strong>Marineblaue Leder-Slipper f\u00fcr M\u00e4nner<\/strong> ist ein Zeugnis f\u00fcr hervorragende Handwerkskunst und Liebe zum Detail. Das Obermaterial ist sorgf\u00e4ltig aus hochwertigem Kalbsleder gefertigt, das f\u00fcr seine geschmeidige Textur, au\u00dfergew\u00f6hnliche Haltbarkeit und elegante Verarbeitung bekannt ist. Dieses hochwertige Leder sieht nicht nur luxuri\u00f6s aus, sondern passt sich mit der Zeit auch an Ihren Fu\u00df an und sorgt f\u00fcr eine individuelle Passform.<\/p>\n<p>Neben dem robusten \u00c4u\u00dferen ist auch das Innenfutter dieser <strong>Marineblaue Leder-Slipper f\u00fcr M\u00e4nner<\/strong> ist aus weichem, atmungsaktivem Ziegenleder gefertigt, das den ganzen Tag \u00fcber f\u00fcr maximalen Komfort und Bel\u00fcftung sorgt. Diese Kombination aus erstklassigen Materialien garantiert sowohl Langlebigkeit als auch ein unglaublich angenehmes Tragegef\u00fchl und macht diese Schuhe zum idealen Begleiter. <strong>Marineblaue Leder-Slipper f\u00fcr M\u00e4nner<\/strong> f\u00fcr das t\u00e4gliche Tragen oder besondere Anl\u00e4sse.<\/p>\n<p><h3>Entwickelt f\u00fcr Komfort und Langlebigkeit<\/h3>\n<\/p>\n<p>Komfort ist oberstes Gebot, und unser <strong>Marineblaue Leder-Slipper f\u00fcr M\u00e4nner<\/strong> liefern. Mit einer leichten und dennoch robusten EVA-Sohle bieten diese Schuhe eine hervorragende Sto\u00dfd\u00e4mpfung und Flexibilit\u00e4t, die jeden Schritt zu einem Vergn\u00fcgen machen. Die klassische Loafer-Silhouette wird durch eine praktische Absatzh\u00f6he von 1 bis 3 cm aufgewertet, die f\u00fcr eine subtile Erh\u00f6hung sorgt, ohne die Stabilit\u00e4t oder Bewegungsfreiheit zu beeintr\u00e4chtigen.<\/p>\n<p>Das durchdachte Design der Sohle sorgt au\u00dferdem f\u00fcr zuverl\u00e4ssigen Halt und bietet Vertrauen auf verschiedenen Untergr\u00fcnden. Diese <strong>Marineblaue Leder-Slipper f\u00fcr M\u00e4nner<\/strong> wurden f\u00fcr M\u00e4nner entwickelt, die von ihrem Schuhwerk sowohl eine anspruchsvolle \u00c4sthetik als auch praktische Funktionalit\u00e4t erwarten.<\/p>\n<p><h3>Vielseitigkeit f\u00fcr jede Gelegenheit<\/h3>\n<\/p>\n<p>Der tiefe marineblaue Farbton dieser au\u00dfergew\u00f6hnlichen <strong>Marineblaue Leder-Slipper f\u00fcr M\u00e4nner<\/strong> bietet eine unglaubliche Vielseitigkeit, so dass sie mit einer Vielzahl von Outfits kombiniert werden k\u00f6nnen. Von knackigen Chinos und einem Sportmantel bis hin zu ma\u00dfgeschneiderten Jeans und einem l\u00e4ssigen Hemd - unsere <strong>Marineblaue Leder-Slipper f\u00fcr M\u00e4nner<\/strong> werten jedes Ensemble m\u00fchelos auf. Erh\u00e4ltlich in den Gr\u00f6\u00dfen 39 bis 45, ist es einfach, die perfekte Passform zu finden.<\/p>\n<p>Werten Sie Ihre Schuhkollektion mit diesen unverzichtbaren Loafers auf, die sowohl Stil als auch dauerhafte Qualit\u00e4t versprechen. F\u00fcr Unternehmen und Einzelh\u00e4ndler: Bitte beachten Sie, dass diese Premium <strong>Marineblaue Leder-Slipper f\u00fcr M\u00e4nner<\/strong> sind bei einer Mindestbestellmenge von 8 Paaren f\u00fcr den Gro\u00dfeinkauf erh\u00e4ltlich, mit einer gesch\u00e4tzten Lieferzeit von 12 Tagen plus Versand.<\/p>","protected":false},"excerpt":{"rendered":"<ul>\n<li>Gefertigt aus hochwertigem Kalbsleder au\u00dfen und weichem Ziegenleder innen f\u00fcr ultimativen Komfort.<\/li>\n<li>Die strapazierf\u00e4hige EVA-Sohle bietet leichte Flexibilit\u00e4t und hervorragenden Halt.<\/li>\n<li>Klassisches Loafer-Design mit dezentem 1-3 cm hohen Absatz f\u00fcr zeitlose Eleganz.<\/li>\n<li>Erh\u00e4ltlich in einer breiten Palette von Gr\u00f6\u00dfen: 39, 40, 41, 42, 43, 44, 45.<\/li>\n<li>Ideal f\u00fcr Gro\u00dfbestellungen: Mindestbestellmenge von 8 Paaren.<\/li>\n<li>Gesch\u00e4tzte Lieferzeit: 12 Tage plus Versandzeit.<\/li>\n<\/ul>","protected":false},"featured_media":3801,"template":"","meta":{"_acf_changed":false,"_uag_custom_page_level_css":"","site-sidebar-layout":"default","site-content-layout":"","ast-site-content-layout":"default","site-content-style":"default","site-sidebar-style":"default","ast-global-header-display":"","ast-banner-title-visibility":"","ast-main-header-display":"","ast-hfb-above-header-display":"","ast-hfb-below-header-display":"","ast-hfb-mobile-header-display":"","site-post-title":"","ast-breadcrumbs-content":"","ast-featured-img":"","footer-sml-layout":"","ast-disable-related-posts":"","theme-transparent-header-meta":"","adv-header-id-meta":"","stick-header-meta":"","header-above-stick-meta":"","header-main-stick-meta":"","header-below-stick-meta":"","astra-migrate-meta-layouts":"default","ast-page-background-enabled":"default","ast-page-background-meta":{"desktop":{"background-color":"var(--ast-global-color-4)","background-image":"","background-repeat":"repeat","background-position":"center center","background-size":"auto","background-attachment":"scroll","background-type":"","background-media":"","overlay-type":"","overlay-color":"","overlay-opacity":"","overlay-gradient":""},"tablet":{"background-color":"","background-image":"","background-repeat":"repeat","background-position":"center center","background-size":"auto","background-attachment":"scroll","background-type":"","background-media":"","overlay-type":"","overlay-color":"","overlay-opacity":"","overlay-gradient":""},"mobile":{"background-color":"","background-image":"","background-repeat":"repeat","background-position":"center center","background-size":"auto","background-attachment":"scroll","background-type":"","background-media":"","overlay-type":"","overlay-color":"","overlay-opacity":"","overlay-gradient":""}},"ast-content-background-meta":{"desktop":{"background-color":"var(--ast-global-color-5)","background-image":"","background-repeat":"repeat","background-position":"center center","background-size":"auto","background-attachment":"scroll","background-type":"","background-media":"","overlay-type":"","overlay-color":"","overlay-opacity":"","overlay-gradient":""},"tablet":{"background-color":"var(--ast-global-color-5)","background-image":"","background-repeat":"repeat","background-position":"center center","background-size":"auto","background-attachment":"scroll","background-type":"","background-media":"","overlay-type":"","overlay-color":"","overlay-opacity":"","overlay-gradient":""},"mobile":{"background-color":"var(--ast-global-color-5)","background-image":"","background-repeat":"repeat","background-position":"center center","background-size":"auto","background-attachment":"scroll","background-type":"","background-media":"","overlay-type":"","overlay-color":"","overlay-opacity":"","overlay-gradient":""}}},"product_brand":[],"product_cat":[47,430,40],"product_tag":[453,202,512,220,978,438,437,215,186,397,184,280,456],"class_list":{"0":"post-5664","1":"product","2":"type-product","3":"status-publish","4":"has-post-thumbnail","6":"product_cat-classic","7":"product_cat-men","8":"product_cat-mens-shoes","9":"product_tag-bulk-footwear","10":"product_tag-calf-leather","11":"product_tag-casual-loafers","12":"product_tag-comfortable-loafers","13":"product_tag-dress-casual-shoes","14":"product_tag-eva-sole","15":"product_tag-goat-leather","16":"product_tag-leather-loafers","17":"product_tag-mens-loafers","18":"product_tag-navy-leather-shoes","19":"product_tag-slip-on-shoes","20":"product_tag-smart-casual-shoes","21":"product_tag-wholesale-loafers","22":"desktop-align-center","23":"tablet-align-center","24":"mobile-align-center","26":"first","27":"instock","28":"shipping-taxable","29":"purchasable","30":"product-type-variable","31":"has-default-attributes"},"acf":[],"uagb_featured_image_src":{"full":["https:\/\/turkishtrade.co\/wp-content\/uploads\/2026\/01\/2400EJOMN00479-DARK-BLUE-DKS_02.png",453,250,false],"thumbnail":["https:\/\/turkishtrade.co\/wp-content\/uploads\/2026\/01\/2400EJOMN00479-DARK-BLUE-DKS_02-150x150.png",150,150,true],"medium":["https:\/\/turkishtrade.co\/wp-content\/uploads\/2026\/01\/2400EJOMN00479-DARK-BLUE-DKS_02-300x166.png",300,166,true],"medium_large":["https:\/\/turkishtrade.co\/wp-content\/uploads\/2026\/01\/2400EJOMN00479-DARK-BLUE-DKS_02.png",453,250,false],"large":["https:\/\/turkishtrade.co\/wp-content\/uploads\/2026\/01\/2400EJOMN00479-DARK-BLUE-DKS_02.png",453,250,false],"1536x1536":["https:\/\/turkishtrade.co\/wp-content\/uploads\/2026\/01\/2400EJOMN00479-DARK-BLUE-DKS_02.png",453,250,false],"2048x2048":["https:\/\/turkishtrade.co\/wp-content\/uploads\/2026\/01\/2400EJOMN00479-DARK-BLUE-DKS_02.png",453,250,false],"trp-custom-language-flag":["https:\/\/turkishtrade.co\/wp-content\/uploads\/2026\/01\/2400EJOMN00479-DARK-BLUE-DKS_02-18x10.png",18,10,true],"woocommerce_thumbnail":["https:\/\/turkishtrade.co\/wp-content\/uploads\/2026\/01\/2400EJOMN00479-DARK-BLUE-DKS_02-400x250.png",400,250,true],"woocommerce_single":["https:\/\/turkishtrade.co\/wp-content\/uploads\/2026\/01\/2400EJOMN00479-DARK-BLUE-DKS_02.png",453,250,false],"woocommerce_gallery_thumbnail":["https:\/\/turkishtrade.co\/wp-content\/uploads\/2026\/01\/2400EJOMN00479-DARK-BLUE-DKS_02-100x100.png",100,100,true]},"uagb_author_info":{"display_name":"yaser olabi","author_link":"https:\/\/turkishtrade.co\/de\/author\/"},"uagb_comment_info":0,"uagb_excerpt":"Crafted from premium calf leather exterior and soft goat leather interior for ultimate comfort. Durable EVA sole provides lightweight flexibility and excellent grip. Classic loafer design with a subtle 1-3 cm heel height for timeless elegance. Available in a wide range of sizes: 39, 40, 41, 42, 43, 44, 45. Ideal for bulk orders: Minimum&hellip;","_links":{"self":[{"href":"https:\/\/turkishtrade.co\/de\/wp-json\/wp\/v2\/product\/5664","targetHints":{"allow":["GET"]}}],"collection":[{"href":"https:\/\/turkishtrade.co\/de\/wp-json\/wp\/v2\/product"}],"about":[{"href":"https:\/\/turkishtrade.co\/de\/wp-json\/wp\/v2\/types\/product"}],"wp:featuredmedia":[{"embeddable":true,"href":"https:\/\/turkishtrade.co\/de\/wp-json\/wp\/v2\/media\/3801"}],"wp:attachment":[{"href":"https:\/\/turkishtrade.co\/de\/wp-json\/wp\/v2\/media?parent=5664"}],"wp:term":[{"taxonomy":"product_brand","embeddable":true,"href":"https:\/\/turkishtrade.co\/de\/wp-json\/wp\/v2\/product_brand?post=5664"},{"taxonomy":"product_cat","embeddable":true,"href":"https:\/\/turkishtrade.co\/de\/wp-json\/wp\/v2\/product_cat?post=5664"},{"taxonomy":"product_tag","embeddable":true,"href":"https:\/\/turkishtrade.co\/de\/wp-json\/wp\/v2\/product_tag?post=5664"}],"curies":[{"name":"wp","href":"https:\/\/api.w.org\/{rel}","templated":true}]}}