{"id":5649,"date":"2026-01-14T12:49:13","date_gmt":"2026-01-14T12:49:13","guid":{"rendered":"https:\/\/turkishtrade.co\/product\/mens-black-leather-loafers-8\/"},"modified":"2026-04-09T19:28:06","modified_gmt":"2026-04-09T19:28:06","slug":"mens-black-leather-loafers-8","status":"publish","type":"product","link":"https:\/\/turkishtrade.co\/de\/shop\/mens-black-leather-loafers-8\/","title":{"rendered":"Premium Herren Loafers aus schwarzem Leder mit EVA-Sohle"},"content":{"rendered":"<p><strong>Herren Loafers aus schwarzem Leder<\/strong><\/p>\n<p>Entdecken Sie den Inbegriff von klassischem Stil und modernem Komfort mit unserem Premium <strong>Herren Loafers aus schwarzem Leder<\/strong>. Diese exquisiten Loafer wurden f\u00fcr anspruchsvolle Menschen entworfen und verbinden nahtlos anspruchsvolle \u00c4sthetik mit unvergleichlicher Strapazierf\u00e4higkeit, was sie zu einer unverzichtbaren Erg\u00e4nzung f\u00fcr jede Garderobe macht. Egal, ob Sie ins B\u00fcro, zu einem legeren Ausflug oder zu einer halb-formellen Veranstaltung gehen, diese <strong>Herren Loafers aus schwarzem Leder<\/strong> bieten das perfekte Gleichgewicht zwischen Eleganz und Zweckm\u00e4\u00dfigkeit.<\/p>\n<p><h3>Hervorragende Handwerkskunst und hochwertige Materialien<\/h3>\n<\/p>\n<p>Jedes Paar unserer <strong>Herren Loafers aus schwarzem Leder<\/strong> ist ein Zeugnis h\u00f6chster Handwerkskunst. Das \u00c4u\u00dfere ist sorgf\u00e4ltig aus echtem Kalbsleder gefertigt, das f\u00fcr seine glatte Oberfl\u00e4che, luxuri\u00f6se Haptik und au\u00dfergew\u00f6hnliche Widerstandsf\u00e4higkeit bekannt ist. Dieses hochwertige Kalbsleder sorgt nicht nur f\u00fcr einen edlen Look, sondern auch f\u00fcr eine einzigartige Patina, die mit der Zeit altert.<\/p>\n<p>Innen werden Ihre F\u00fc\u00dfe von echtem Ziegenleder umh\u00fcllt, das den ganzen Tag \u00fcber f\u00fcr Atmungsaktivit\u00e4t und h\u00f6chsten Komfort sorgt. Diese Kombination aus hochwertigem Leder spricht B\u00e4nde \u00fcber die Qualit\u00e4t und die Liebe zum Detail, die in jede Naht investiert wird, und schafft wirklich au\u00dfergew\u00f6hnliche <strong>Herren Loafers aus schwarzem Leder<\/strong>.<\/p>\n<p><h3>Un\u00fcbertroffener Komfort und moderne Langlebigkeit<\/h3>\n<\/p>\n<p>Erleben Sie ganzt\u00e4gigen Komfort mit der leichten und dennoch robusten EVA-Sohle. Die EVA-Sohle wurde f\u00fcr Flexibilit\u00e4t und hervorragende Sto\u00dfd\u00e4mpfung entwickelt und sorgt f\u00fcr einen gepolsterten Schritt, sodass diese <strong>Herren Loafers aus schwarzem Leder<\/strong> ideal f\u00fcr l\u00e4ngeres Tragen. Die klassische Absatzh\u00f6he von 1-3 cm bietet eine dezente Erh\u00f6hung, ohne den Komfort zu beeintr\u00e4chtigen, und bietet bei jedem Schritt stabilen Halt.<\/p>\n<p>Die strapazierf\u00e4hige Sohle sorgt f\u00fcr Langlebigkeit und widersteht der Abnutzung durch den t\u00e4glichen Gebrauch, so dass Sie sich auf diese eleganten <strong>Herren Loafers aus schwarzem Leder<\/strong> f\u00fcr die kommenden Jahre.<\/p>\n<p><h3>Vielseitiger Stil f\u00fcr jede Gelegenheit<\/h3>\n<\/p>\n<p>Das zeitlose schwarze Design dieser Loafers macht sie unglaublich vielseitig. Sie sind die perfekte Erg\u00e4nzung sowohl zu l\u00e4ssig-eleganten Ensembles wie Chinos und einem Blazer als auch zu entspannten Looks mit Jeans oder ma\u00dfgeschneiderten Shorts. Von legeren Gesch\u00e4ftstreffen bis zu Wochenendveranstaltungen, diese <strong>Herren Loafers aus schwarzem Leder<\/strong> sind so konzipiert, dass sie Ihren pers\u00f6nlichen Stil m\u00fchelos unterstreichen.<\/p>\n<p>Erh\u00e4ltlich in einer umfassenden Gr\u00f6\u00dfenauswahl von 39 bis 45, finden Sie Ihre perfekte Passform f\u00fcr diese stilvollen <strong>Herren Loafers aus schwarzem Leder<\/strong> ist einfach.<\/p>\n<p><h3>Gelegenheit f\u00fcr den Gro\u00dfhandel: Gro\u00dfbestellungen verf\u00fcgbar<\/h3>\n<\/p>\n<p>F\u00fcr Einzelh\u00e4ndler und Unternehmen, die ihren Kunden qualitativ hochwertige und modische Schuhe anbieten m\u00f6chten, ist unser <strong>Herren Loafers aus schwarzem Leder<\/strong> sind f\u00fcr den Gro\u00dfeinkauf erh\u00e4ltlich. Mit einer Mindestbestellmenge von nur 8 Paaren k\u00f6nnen Sie sich problemlos mit diesem beliebten Design eindecken. Wir sorgen f\u00fcr eine effiziente Abwicklung mit einer gesch\u00e4tzten Lieferzeit von 12 Tagen plus Versand, damit Sie Ihren Bestand effektiv verwalten k\u00f6nnen.<\/p>\n<p>Investieren Sie in ein Produkt, das Luxus, Komfort und dauerhaften Stil vereint und bei Ihren Kunden mit Sicherheit sehr beliebt sein wird.<\/p>\n<p>Lassen Sie sich von der Mischung aus Tradition und Moderne begeistern. Bestellen Sie Ihre Kollektion von <strong>Herren Loafers aus schwarzem Leder<\/strong> und treten Sie ein in eine Welt von anspruchsvollem Komfort und dauerhafter Qualit\u00e4t.<\/p>","protected":false},"excerpt":{"rendered":"<ul>\n<li>Gefertigt aus echtem Kalbsleder f\u00fcr ein luxuri\u00f6ses Gef\u00fchl.<\/li>\n<li>Weiches, atmungsaktives Innenfutter aus Ziegenleder sorgt f\u00fcr ganzt\u00e4gigen Komfort.<\/li>\n<li>Die leichte und strapazierf\u00e4hige EVA-Sohle sorgt f\u00fcr eine hervorragende Sto\u00dfd\u00e4mpfung.<\/li>\n<li>Klassische Absatzh\u00f6he von 1-3cm, geeignet f\u00fcr das t\u00e4gliche Tragen.<\/li>\n<li>Erh\u00e4ltlich in einer umfangreichen Gr\u00f6\u00dfenpalette: 39, 40, 41, 42, 43, 44, 45.<\/li>\n<li><strong>Bulk-Verf\u00fcgbarkeit:<\/strong> Mindestbestellmenge von 8 Paaren.<\/li>\n<li><strong>Voraussichtliche Lieferung:<\/strong> 12 Tage plus Versand.<\/li>\n<\/ul>","protected":false},"featured_media":3794,"template":"","meta":{"_acf_changed":false,"_uag_custom_page_level_css":"","site-sidebar-layout":"default","site-content-layout":"","ast-site-content-layout":"default","site-content-style":"default","site-sidebar-style":"default","ast-global-header-display":"","ast-banner-title-visibility":"","ast-main-header-display":"","ast-hfb-above-header-display":"","ast-hfb-below-header-display":"","ast-hfb-mobile-header-display":"","site-post-title":"","ast-breadcrumbs-content":"","ast-featured-img":"","footer-sml-layout":"","ast-disable-related-posts":"","theme-transparent-header-meta":"","adv-header-id-meta":"","stick-header-meta":"","header-above-stick-meta":"","header-main-stick-meta":"","header-below-stick-meta":"","astra-migrate-meta-layouts":"default","ast-page-background-enabled":"default","ast-page-background-meta":{"desktop":{"background-color":"var(--ast-global-color-4)","background-image":"","background-repeat":"repeat","background-position":"center center","background-size":"auto","background-attachment":"scroll","background-type":"","background-media":"","overlay-type":"","overlay-color":"","overlay-opacity":"","overlay-gradient":""},"tablet":{"background-color":"","background-image":"","background-repeat":"repeat","background-position":"center center","background-size":"auto","background-attachment":"scroll","background-type":"","background-media":"","overlay-type":"","overlay-color":"","overlay-opacity":"","overlay-gradient":""},"mobile":{"background-color":"","background-image":"","background-repeat":"repeat","background-position":"center center","background-size":"auto","background-attachment":"scroll","background-type":"","background-media":"","overlay-type":"","overlay-color":"","overlay-opacity":"","overlay-gradient":""}},"ast-content-background-meta":{"desktop":{"background-color":"var(--ast-global-color-5)","background-image":"","background-repeat":"repeat","background-position":"center center","background-size":"auto","background-attachment":"scroll","background-type":"","background-media":"","overlay-type":"","overlay-color":"","overlay-opacity":"","overlay-gradient":""},"tablet":{"background-color":"var(--ast-global-color-5)","background-image":"","background-repeat":"repeat","background-position":"center center","background-size":"auto","background-attachment":"scroll","background-type":"","background-media":"","overlay-type":"","overlay-color":"","overlay-opacity":"","overlay-gradient":""},"mobile":{"background-color":"var(--ast-global-color-5)","background-image":"","background-repeat":"repeat","background-position":"center center","background-size":"auto","background-attachment":"scroll","background-type":"","background-media":"","overlay-type":"","overlay-color":"","overlay-opacity":"","overlay-gradient":""}}},"product_brand":[],"product_cat":[47,430,40],"product_tag":[196,555,512,457,220,909,287,352,189,384,186,279,281],"class_list":{"0":"post-5649","1":"product","2":"type-product","3":"status-publish","4":"has-post-thumbnail","6":"product_cat-classic","7":"product_cat-men","8":"product_cat-mens-shoes","9":"product_tag-black-leather-shoes","10":"product_tag-calfskin-loafers","11":"product_tag-casual-loafers","12":"product_tag-classic-loafers","13":"product_tag-comfortable-loafers","14":"product_tag-durable-loafers","15":"product_tag-eva-sole-shoes","16":"product_tag-formal-loafers","17":"product_tag-goat-leather-lining","18":"product_tag-luxury-loafers","19":"product_tag-mens-loafers","20":"product_tag-penny-loafers","21":"product_tag-wholesale-shoes","22":"desktop-align-center","23":"tablet-align-center","24":"mobile-align-center","26":"first","27":"instock","28":"shipping-taxable","29":"purchasable","30":"product-type-variable","31":"has-default-attributes"},"acf":[],"uagb_featured_image_src":{"full":["https:\/\/turkishtrade.co\/wp-content\/uploads\/2026\/01\/2400EJOMN00418-BLACK-C_449.png",453,250,false],"thumbnail":["https:\/\/turkishtrade.co\/wp-content\/uploads\/2026\/01\/2400EJOMN00418-BLACK-C_449-150x150.png",150,150,true],"medium":["https:\/\/turkishtrade.co\/wp-content\/uploads\/2026\/01\/2400EJOMN00418-BLACK-C_449-300x166.png",300,166,true],"medium_large":["https:\/\/turkishtrade.co\/wp-content\/uploads\/2026\/01\/2400EJOMN00418-BLACK-C_449.png",453,250,false],"large":["https:\/\/turkishtrade.co\/wp-content\/uploads\/2026\/01\/2400EJOMN00418-BLACK-C_449.png",453,250,false],"1536x1536":["https:\/\/turkishtrade.co\/wp-content\/uploads\/2026\/01\/2400EJOMN00418-BLACK-C_449.png",453,250,false],"2048x2048":["https:\/\/turkishtrade.co\/wp-content\/uploads\/2026\/01\/2400EJOMN00418-BLACK-C_449.png",453,250,false],"trp-custom-language-flag":["https:\/\/turkishtrade.co\/wp-content\/uploads\/2026\/01\/2400EJOMN00418-BLACK-C_449-18x10.png",18,10,true],"woocommerce_thumbnail":["https:\/\/turkishtrade.co\/wp-content\/uploads\/2026\/01\/2400EJOMN00418-BLACK-C_449-400x250.png",400,250,true],"woocommerce_single":["https:\/\/turkishtrade.co\/wp-content\/uploads\/2026\/01\/2400EJOMN00418-BLACK-C_449.png",453,250,false],"woocommerce_gallery_thumbnail":["https:\/\/turkishtrade.co\/wp-content\/uploads\/2026\/01\/2400EJOMN00418-BLACK-C_449-100x100.png",100,100,true]},"uagb_author_info":{"display_name":"yaser olabi","author_link":"https:\/\/turkishtrade.co\/de\/author\/"},"uagb_comment_info":0,"uagb_excerpt":"Crafted from genuine calfskin leather exterior for a luxurious feel. Soft, breathable goat leather interior lining ensures all-day comfort. Features a lightweight and durable EVA sole for superior shock absorption. Classic heel height of 1-3cm, suitable for everyday wear. Available in a comprehensive size range: 39, 40, 41, 42, 43, 44, 45. Bulk Availability: Minimum&hellip;","_links":{"self":[{"href":"https:\/\/turkishtrade.co\/de\/wp-json\/wp\/v2\/product\/5649","targetHints":{"allow":["GET"]}}],"collection":[{"href":"https:\/\/turkishtrade.co\/de\/wp-json\/wp\/v2\/product"}],"about":[{"href":"https:\/\/turkishtrade.co\/de\/wp-json\/wp\/v2\/types\/product"}],"wp:featuredmedia":[{"embeddable":true,"href":"https:\/\/turkishtrade.co\/de\/wp-json\/wp\/v2\/media\/3794"}],"wp:attachment":[{"href":"https:\/\/turkishtrade.co\/de\/wp-json\/wp\/v2\/media?parent=5649"}],"wp:term":[{"taxonomy":"product_brand","embeddable":true,"href":"https:\/\/turkishtrade.co\/de\/wp-json\/wp\/v2\/product_brand?post=5649"},{"taxonomy":"product_cat","embeddable":true,"href":"https:\/\/turkishtrade.co\/de\/wp-json\/wp\/v2\/product_cat?post=5649"},{"taxonomy":"product_tag","embeddable":true,"href":"https:\/\/turkishtrade.co\/de\/wp-json\/wp\/v2\/product_tag?post=5649"}],"curies":[{"name":"wp","href":"https:\/\/api.w.org\/{rel}","templated":true}]}}