{"id":5639,"date":"2026-01-14T12:48:05","date_gmt":"2026-01-14T12:48:05","guid":{"rendered":"https:\/\/turkishtrade.co\/product\/mens-calf-leather-loafers-4\/"},"modified":"2026-04-09T19:28:28","modified_gmt":"2026-04-09T19:28:28","slug":"mens-calf-leather-loafers-4","status":"publish","type":"product","link":"https:\/\/turkishtrade.co\/de\/shop\/mens-calf-leather-loafers-4\/","title":{"rendered":"Hochwertige Herren Loafers aus Kalbsleder mit EVA-Sohle"},"content":{"rendered":"<p><strong>Herren Kalbsleder Loafers<\/strong><\/p>\n<p>Erh\u00f6hen Sie Ihr Inventar mit unseren exquisiten <strong>Herren Kalbsleder Loafers<\/strong>, Diese Schuhe wurden f\u00fcr den modernen Gentleman entworfen, der Stil und Komfort zu sch\u00e4tzen wei\u00df. Dieser Klassiker <strong>Herren Kalbsleder Loafers<\/strong> werden sorgf\u00e4ltig aus feinstem, vollnarbigem Kalbsleder als Obermaterial gefertigt und bieten eine luxuri\u00f6se Textur, reiches Patina-Potenzial und dauerhafte Attraktivit\u00e4t. Das elegante, zeitlose Design und die tadellose Verarbeitung machen diese Premium <strong>Herren Kalbsleder Loafers<\/strong> eine vielseitige Erg\u00e4nzung f\u00fcr jede Garderobe, die sich sowohl f\u00fcr anspruchsvolle formelle Anl\u00e4sse als auch f\u00fcr entspannte Freizeitveranstaltungen eignet.<\/p>\n<p>Wir wissen, wie wichtig es ist, unvergleichliche Qualit\u00e4t und Stil zu bieten, und genau deshalb ist unser <strong>Herren Kalbsleder Loafers<\/strong> sich als erstklassige Wahl f\u00fcr anspruchsvolle Kunden hervorheben.<\/p>\n<p><h3>Unerreichte Qualit\u00e4t und Handwerkskunst<\/h3>\n<\/p>\n<p>Die \u00fcberlegene Innenkonstruktion dieser herausragenden Schuhe bietet unvergleichlichen Komfort. <strong>Herren Kalbsleder Loafers<\/strong>. Das Innenfutter besteht aus au\u00dfergew\u00f6hnlich weichem, atmungsaktivem Ziegenleder, das sich angenehm an den Fu\u00df anschmiegt und \u00fcberragende feuchtigkeitsableitende Eigenschaften f\u00fcr ganzt\u00e4gige Frische und Hygiene bietet. Gepaart mit einer leichten und dennoch bemerkenswert haltbaren EVA-Sohle bieten diese klassischen Loafer eine au\u00dfergew\u00f6hnliche D\u00e4mpfung, Sto\u00dfd\u00e4mpfung und Flexibilit\u00e4t, die jeden Schritt zu einem Vergn\u00fcgen machen.<\/p>\n<p>Die klassische Penny-Loafer-Silhouette, kombiniert mit robuster Handwerkskunst und einem dezenten Absatz von 1-3 cm, garantiert einen <strong>Herren-Slipper aus Kalbsleder<\/strong> die langlebig ist und auch nach jahrelangem Tragen ihre elegante Form beh\u00e4lt.<\/p>\n<p>Jedes Paar ist ein Beweis f\u00fcr die Kunst der Schuhmacherei und bietet eine perfekte Mischung aus Tradition und moderner Innovation.<\/p>\n<p><h3>H\u00f6chster Komfort und dauerhafter Stil<\/h3>\n<\/p>\n<p>Diese vielseitigen <strong>Kalbsleder-Slipper<\/strong> sind in einer raffinierten Palette erh\u00e4ltlich, die klassisches Schwarz, sattes Braun und tiefes Dunkelbraun umfasst, so dass Ihre Kunden den perfekten Farbton f\u00fcr jedes Outfit w\u00e4hlen k\u00f6nnen.<\/p>\n<p>Ob mit einem scharfen Anzug f\u00fcr ein wichtiges Gesch\u00e4ftstreffen, einer eleganten Hose f\u00fcr ein halb-formelles Treffen oder mit einer hochwertigen Chinohose f\u00fcr einen raffinierten Wochenendausflug, diese <strong>Herren Leder Slipper<\/strong> vereinen m\u00fchelos Raffinesse und Zweckm\u00e4\u00dfigkeit.<\/p>\n<p>Das elegante Profil und die raffinierten Details sorgen daf\u00fcr, dass diese Loafer ein zeitloses Grundelement in der Schuhsammlung eines jeden anspruchsvollen Gentleman bleiben und \u00fcber Jahre hinweg dauerhaften Stil versprechen.<\/p>\n<p><h3>Gro\u00dfhandelschance f\u00fcr Premium-Schuhe<\/h3>\n<\/p>\n<p>Erh\u00e4ltlich in einer breiten Palette von Gr\u00f6\u00dfen von 39 bis 45, diese <strong>Herren Kalbsleder Loafers<\/strong> einen breiten Kundenstamm ansprechen. Als Gro\u00dfhandelspartner k\u00f6nnen Sie Ihrer Kundschaft vertrauensvoll Premiumprodukte anbieten. <strong>Herren Kalbsleder Loafers<\/strong> die f\u00fcr hervorragende Qualit\u00e4t, zeitloses Design und au\u00dfergew\u00f6hnlichen Wert stehen. Mit einer Mindestbestellmenge von nur 8 Paaren und einer effizienten Lieferzeit von ca. 12 Tagen plus Versand ist die Bevorratung mit diesen au\u00dfergew\u00f6hnlichen Schuhen sowohl bequem als auch \u00e4u\u00dferst lohnend.<\/p>\n<p>Erweitern Sie Ihre Schuhsammlung mit diesen unverzichtbaren Klassikern <strong>Herren-Slipper aus Kalbsleder<\/strong> und sprechen Kunden an, die Luxus, Langlebigkeit und ein edles Aussehen suchen.<\/p>","protected":false},"excerpt":{"rendered":"<ul>\n<li>Hochwertiges Kalbsleder sorgt f\u00fcr ein ansprechendes \u00c4u\u00dferes.<\/li>\n<li>Die Innenausstattung aus luxuri\u00f6sem Ziegenleder garantiert ultimativen Komfort und Atmungsaktivit\u00e4t.<\/li>\n<li>Leichte und flexible EVA-Sohle f\u00fcr ganzt\u00e4gigen Tragekomfort und hervorragende D\u00e4mpfung.<\/li>\n<li>Klassisches Loafer-Design, geeignet f\u00fcr gesch\u00e4ftliche, halb-formelle oder legere Anl\u00e4sse.<\/li>\n<li>Volle Gr\u00f6\u00dfenauswahl von 39 bis 45 f\u00fcr eine perfekte Passform.<\/li>\n<li>Mindestbestellmenge: 8 Paar, ideal f\u00fcr Einzelh\u00e4ndler, die hochwertige Herrenschuhe suchen.<\/li>\n<\/ul>","protected":false},"featured_media":3789,"template":"","meta":{"_acf_changed":false,"_uag_custom_page_level_css":"","site-sidebar-layout":"default","site-content-layout":"","ast-site-content-layout":"default","site-content-style":"default","site-sidebar-style":"default","ast-global-header-display":"","ast-banner-title-visibility":"","ast-main-header-display":"","ast-hfb-above-header-display":"","ast-hfb-below-header-display":"","ast-hfb-mobile-header-display":"","site-post-title":"","ast-breadcrumbs-content":"","ast-featured-img":"","footer-sml-layout":"","ast-disable-related-posts":"","theme-transparent-header-meta":"","adv-header-id-meta":"","stick-header-meta":"","header-above-stick-meta":"","header-main-stick-meta":"","header-below-stick-meta":"","astra-migrate-meta-layouts":"default","ast-page-background-enabled":"default","ast-page-background-meta":{"desktop":{"background-color":"var(--ast-global-color-4)","background-image":"","background-repeat":"repeat","background-position":"center center","background-size":"auto","background-attachment":"scroll","background-type":"","background-media":"","overlay-type":"","overlay-color":"","overlay-opacity":"","overlay-gradient":""},"tablet":{"background-color":"","background-image":"","background-repeat":"repeat","background-position":"center center","background-size":"auto","background-attachment":"scroll","background-type":"","background-media":"","overlay-type":"","overlay-color":"","overlay-opacity":"","overlay-gradient":""},"mobile":{"background-color":"","background-image":"","background-repeat":"repeat","background-position":"center center","background-size":"auto","background-attachment":"scroll","background-type":"","background-media":"","overlay-type":"","overlay-color":"","overlay-opacity":"","overlay-gradient":""}},"ast-content-background-meta":{"desktop":{"background-color":"var(--ast-global-color-5)","background-image":"","background-repeat":"repeat","background-position":"center center","background-size":"auto","background-attachment":"scroll","background-type":"","background-media":"","overlay-type":"","overlay-color":"","overlay-opacity":"","overlay-gradient":""},"tablet":{"background-color":"var(--ast-global-color-5)","background-image":"","background-repeat":"repeat","background-position":"center center","background-size":"auto","background-attachment":"scroll","background-type":"","background-media":"","overlay-type":"","overlay-color":"","overlay-opacity":"","overlay-gradient":""},"mobile":{"background-color":"var(--ast-global-color-5)","background-image":"","background-repeat":"repeat","background-position":"center center","background-size":"auto","background-attachment":"scroll","background-type":"","background-media":"","overlay-type":"","overlay-color":"","overlay-opacity":"","overlay-gradient":""}}},"product_brand":[],"product_cat":[47,430,40],"product_tag":[370,147,405,185,512,457,725,737,287,189,215,324,186,279,374,380,254],"class_list":{"0":"post-5639","1":"product","2":"type-product","3":"status-publish","4":"has-post-thumbnail","6":"product_cat-classic","7":"product_cat-men","8":"product_cat-mens-shoes","9":"product_tag-black-loafers","10":"product_tag-brown-loafers","11":"product_tag-business-shoes","12":"product_tag-calf-leather-shoes","13":"product_tag-casual-loafers","14":"product_tag-classic-loafers","15":"product_tag-dark-brown-loafers","16":"product_tag-dress-loafers","17":"product_tag-eva-sole-shoes","18":"product_tag-goat-leather-lining","19":"product_tag-leather-loafers","20":"product_tag-mens-dress-shoes","21":"product_tag-mens-loafers","22":"product_tag-penny-loafers","23":"product_tag-premium-loafers","24":"product_tag-smart-casual-footwear","25":"product_tag-wholesale-footwear","26":"desktop-align-center","27":"tablet-align-center","28":"mobile-align-center","30":"first","31":"instock","32":"shipping-taxable","33":"purchasable","34":"product-type-variable","35":"has-default-attributes"},"acf":[],"uagb_featured_image_src":{"full":["https:\/\/turkishtrade.co\/wp-content\/uploads\/2026\/01\/2400EJOMN00372-DARK-BROWN-Y_300-2-USD.png",453,250,false],"thumbnail":["https:\/\/turkishtrade.co\/wp-content\/uploads\/2026\/01\/2400EJOMN00372-DARK-BROWN-Y_300-2-USD-150x150.png",150,150,true],"medium":["https:\/\/turkishtrade.co\/wp-content\/uploads\/2026\/01\/2400EJOMN00372-DARK-BROWN-Y_300-2-USD-300x166.png",300,166,true],"medium_large":["https:\/\/turkishtrade.co\/wp-content\/uploads\/2026\/01\/2400EJOMN00372-DARK-BROWN-Y_300-2-USD.png",453,250,false],"large":["https:\/\/turkishtrade.co\/wp-content\/uploads\/2026\/01\/2400EJOMN00372-DARK-BROWN-Y_300-2-USD.png",453,250,false],"1536x1536":["https:\/\/turkishtrade.co\/wp-content\/uploads\/2026\/01\/2400EJOMN00372-DARK-BROWN-Y_300-2-USD.png",453,250,false],"2048x2048":["https:\/\/turkishtrade.co\/wp-content\/uploads\/2026\/01\/2400EJOMN00372-DARK-BROWN-Y_300-2-USD.png",453,250,false],"trp-custom-language-flag":["https:\/\/turkishtrade.co\/wp-content\/uploads\/2026\/01\/2400EJOMN00372-DARK-BROWN-Y_300-2-USD-18x10.png",18,10,true],"woocommerce_thumbnail":["https:\/\/turkishtrade.co\/wp-content\/uploads\/2026\/01\/2400EJOMN00372-DARK-BROWN-Y_300-2-USD-400x250.png",400,250,true],"woocommerce_single":["https:\/\/turkishtrade.co\/wp-content\/uploads\/2026\/01\/2400EJOMN00372-DARK-BROWN-Y_300-2-USD.png",453,250,false],"woocommerce_gallery_thumbnail":["https:\/\/turkishtrade.co\/wp-content\/uploads\/2026\/01\/2400EJOMN00372-DARK-BROWN-Y_300-2-USD-100x100.png",100,100,true]},"uagb_author_info":{"display_name":"yaser olabi","author_link":"https:\/\/turkishtrade.co\/de\/author\/"},"uagb_comment_info":0,"uagb_excerpt":"High-quality calf leather exterior for sophisticated appeal. Luxurious goat leather interior ensures ultimate comfort and breathability. Lightweight and flexible EVA sole for all-day wear and superior cushioning. Classic loafer design suitable for business, semi-formal, or casual occasions. Full size range from 39 to 45 for a perfect fit. Minimum order quantity: 8 pairs, ideal for&hellip;","_links":{"self":[{"href":"https:\/\/turkishtrade.co\/de\/wp-json\/wp\/v2\/product\/5639","targetHints":{"allow":["GET"]}}],"collection":[{"href":"https:\/\/turkishtrade.co\/de\/wp-json\/wp\/v2\/product"}],"about":[{"href":"https:\/\/turkishtrade.co\/de\/wp-json\/wp\/v2\/types\/product"}],"wp:featuredmedia":[{"embeddable":true,"href":"https:\/\/turkishtrade.co\/de\/wp-json\/wp\/v2\/media\/3789"}],"wp:attachment":[{"href":"https:\/\/turkishtrade.co\/de\/wp-json\/wp\/v2\/media?parent=5639"}],"wp:term":[{"taxonomy":"product_brand","embeddable":true,"href":"https:\/\/turkishtrade.co\/de\/wp-json\/wp\/v2\/product_brand?post=5639"},{"taxonomy":"product_cat","embeddable":true,"href":"https:\/\/turkishtrade.co\/de\/wp-json\/wp\/v2\/product_cat?post=5639"},{"taxonomy":"product_tag","embeddable":true,"href":"https:\/\/turkishtrade.co\/de\/wp-json\/wp\/v2\/product_tag?post=5639"}],"curies":[{"name":"wp","href":"https:\/\/api.w.org\/{rel}","templated":true}]}}