{"id":5628,"date":"2026-01-14T12:45:03","date_gmt":"2026-01-14T12:45:03","guid":{"rendered":"https:\/\/turkishtrade.co\/product\/men-cap-toe-derby-shoes\/"},"modified":"2026-04-09T19:28:46","modified_gmt":"2026-04-09T19:28:46","slug":"mens-cap-toe-derby-shoes-4","status":"publish","type":"product","link":"https:\/\/turkishtrade.co\/de\/shop\/mens-cap-toe-derby-shoes-4\/","title":{"rendered":"Premium-Derby-Schuhe mit Kappe f\u00fcr Herren | Kalbs- und Ziegenleder"},"content":{"rendered":"<p><strong>Herren Cap Toe Derby Schuhe<\/strong><\/p>\n<p>Erweitern Sie Ihre Alltagsgarderobe und die Garderobe f\u00fcr besondere Anl\u00e4sse mit unserer hervorragenden Kollektion von <strong>Herren Cap Toe Derby Schuhe<\/strong>. Diese Schuhe sind nicht einfach nur Schuhe, sie sind ein Statement an Raffinesse und Komfort, sorgf\u00e4ltig entworfen f\u00fcr den modernen Gentleman. Gefertigt aus den feinsten Materialien und f\u00fcr dauerhafte Attraktivit\u00e4t gebaut, unsere Premium <strong>Herren Cap Toe Derby Schuhe<\/strong> verbinden nahtlos klassische Eleganz mit modernem Komfort. Erleben Sie Schuhe, die B\u00e4nde \u00fcber Ihren Stil und Ihre Wertsch\u00e4tzung f\u00fcr Qualit\u00e4t sprechen.<\/p>\n<p><h3>Unerreichte Handwerkskunst und hochwertige Materialien<\/h3>\n<\/p>\n<p>Jedes Paar dieser au\u00dfergew\u00f6hnlichen <strong>Herren Cap Toe Derby Schuhe<\/strong> beginnt mit der Auswahl von hochwertigem, echtem Kalbsleder f\u00fcr die Au\u00dfenfl\u00e4che. Diese Wahl sorgt f\u00fcr ein reichhaltiges, luxuri\u00f6ses Aussehen, das mit der Zeit eine sch\u00f6ne Patina entwickelt, die Langlebigkeit und eine beeindruckende \u00c4sthetik garantiert, die hervorsticht. Das robuste und dennoch geschmeidige Kalbsleder ist widerstandsf\u00e4hig und macht diese Schuhe zu einer klugen Investition f\u00fcr jeden anspruchsvollen K\u00e4ufer, der auf der Suche nach hochwertigen Schuhen ist. <strong>Herren Cap Toe Derby Schuhe<\/strong>.<\/p>\n<p>Dar\u00fcber hinaus ist der Innenraum mit weichem Ziegenleder gef\u00fcttert, das ein unvergleichliches Ma\u00df an Komfort und Atmungsaktivit\u00e4t bietet. Diese durchdachte Materialkombination sorgt daf\u00fcr, dass sich Ihre F\u00fc\u00dfe auch bei l\u00e4ngerem Tragen wohlf\u00fchlen und macht diese Schuhe zum idealen Begleiter. <strong>Herren Cap Toe Derby Schuhe<\/strong> f\u00fcr Gesch\u00e4fte, Veranstaltungen oder stilvolle Freizeitausfl\u00fcge.<\/p>\n<p><h3>Zeitloses Design trifft auf modernen Komfort<\/h3>\n<\/p>\n<p>Unser <strong>Herren Cap Toe Derby Schuhe<\/strong> zeichnen sich durch ein zeitloses Kappendesign aus, ein Markenzeichen f\u00fcr klassisches Schuhwerk, das Professionalit\u00e4t und Raffinesse ausstrahlt. Der Schn\u00fcrverschluss bietet eine sichere und verstellbare Passform und sorgt daf\u00fcr, dass sich diese Schuhe perfekt an Ihren Fu\u00df anpassen. Erh\u00e4ltlich in satten Braun- und eleganten Blaut\u00f6nen, bieten diese vielseitigen Schuhe endlose Stylingm\u00f6glichkeiten und erg\u00e4nzen eine breite Palette von Outfits, von scharfen Anz\u00fcgen bis hin zu eleganten Freizeithosen und Blazern.<\/p>\n<p>Die unverwechselbare EVA-Sohle ist ein Novum, das sich von den traditionellen, schwereren Sohlen abhebt. Sie sorgt f\u00fcr au\u00dfergew\u00f6hnliche Leichtigkeit, Flexibilit\u00e4t und D\u00e4mpfung, so dass Sie sich den ganzen Tag lang m\u00fchelos bewegen k\u00f6nnen. Mit einer dezenten Absatzh\u00f6he von 1-3 cm sind diese bequemen <strong>Herren Cap Toe Derby Schuhe<\/strong> behalten ein klassisches Profil bei und bieten gleichzeitig modernen Komfort f\u00fcr den modernen Mann.<\/p>\n<p><h3>Ideal f\u00fcr Gro\u00dfeink\u00e4ufer<\/h3>\n<\/p>\n<p>F\u00fcr Gro\u00dfhandelskunden entwickelt, sind diese hochwertigen <strong>Herren Cap Toe Derby Schuhe<\/strong> sind f\u00fcr Gro\u00dfbestellungen erh\u00e4ltlich. Bei einer Mindestbestellmenge von 8 Paar k\u00f6nnen sich Unternehmen problemlos mit hochwertigen Schuhen eindecken, die ihre Kunden begeistern werden. Wir bieten wettbewerbsf\u00e4hige Preise, die ein ausgezeichnetes Preis-Leistungs-Verh\u00e4ltnis f\u00fcr ein Produkt gew\u00e4hrleisten, das sowohl Luxus als auch Haltbarkeit verspricht.<\/p>\n<p>Unser effizienter Produktionsprozess garantiert eine Lieferung innerhalb von 12 Tagen plus Versand, so dass Sie Ihren Lagerbestand schnell wieder auff\u00fcllen k\u00f6nnen. Bieten Sie Ihrer Kundschaft das Beste an Herrenschuhen - anspruchsvoll, bequem und langlebig. Diese au\u00dfergew\u00f6hnlichen <strong>Herren Cap Toe Derby Schuhe<\/strong> sind mehr als nur ein Produkt; sie sind eine Erfahrung in Qualit\u00e4t und Stil und damit ein Muss f\u00fcr die Kollektion jedes anspruchsvollen H\u00e4ndlers.<\/p>","protected":false},"excerpt":{"rendered":"<ul>\n<li>Fachm\u00e4nnisch gefertigt aus echtem Kalbsleder f\u00fcr dauerhaften Stil und Qualit\u00e4t.<\/li>\n<li>Ein luxuri\u00f6ses Innenfutter aus Ziegenleder sorgt f\u00fcr au\u00dfergew\u00f6hnlichen Komfort und Atmungsaktivit\u00e4t.<\/li>\n<li>Mit zeitlosem Zehentrenner-Design und sicherem Schn\u00fcrverschluss.<\/li>\n<li>Ausgestattet mit einer leichten und flexiblen EVA-Sohle, die hervorragende D\u00e4mpfung und Griffigkeit mit einem dezenten 1-3 cm hohen Absatz bietet.<\/li>\n<li>Erh\u00e4ltlich in einer umfangreichen Gr\u00f6\u00dfenpalette: EU 39, 40, 41, 42, 43, 44, 45.<\/li>\n<li>Mindestbestellmenge: 8 Paar, ideal f\u00fcr den Gro\u00dfhandel und Gro\u00dfeink\u00e4ufe.<\/li>\n<li>Gro\u00dfhandelspreise und Vorlaufzeit (12 Tage + Versand) werden auf Anfrage mitgeteilt.<\/li>\n<\/ul>","protected":false},"featured_media":3781,"template":"","meta":{"_acf_changed":false,"_uag_custom_page_level_css":"","site-sidebar-layout":"default","site-content-layout":"","ast-site-content-layout":"default","site-content-style":"default","site-sidebar-style":"default","ast-global-header-display":"","ast-banner-title-visibility":"","ast-main-header-display":"","ast-hfb-above-header-display":"","ast-hfb-below-header-display":"","ast-hfb-mobile-header-display":"","site-post-title":"","ast-breadcrumbs-content":"","ast-featured-img":"","footer-sml-layout":"","ast-disable-related-posts":"","theme-transparent-header-meta":"","adv-header-id-meta":"","stick-header-meta":"","header-above-stick-meta":"","header-main-stick-meta":"","header-below-stick-meta":"","astra-migrate-meta-layouts":"default","ast-page-background-enabled":"default","ast-page-background-meta":{"desktop":{"background-color":"var(--ast-global-color-4)","background-image":"","background-repeat":"repeat","background-position":"center center","background-size":"auto","background-attachment":"scroll","background-type":"","background-media":"","overlay-type":"","overlay-color":"","overlay-opacity":"","overlay-gradient":""},"tablet":{"background-color":"","background-image":"","background-repeat":"repeat","background-position":"center center","background-size":"auto","background-attachment":"scroll","background-type":"","background-media":"","overlay-type":"","overlay-color":"","overlay-opacity":"","overlay-gradient":""},"mobile":{"background-color":"","background-image":"","background-repeat":"repeat","background-position":"center center","background-size":"auto","background-attachment":"scroll","background-type":"","background-media":"","overlay-type":"","overlay-color":"","overlay-opacity":"","overlay-gradient":""}},"ast-content-background-meta":{"desktop":{"background-color":"var(--ast-global-color-5)","background-image":"","background-repeat":"repeat","background-position":"center center","background-size":"auto","background-attachment":"scroll","background-type":"","background-media":"","overlay-type":"","overlay-color":"","overlay-opacity":"","overlay-gradient":""},"tablet":{"background-color":"var(--ast-global-color-5)","background-image":"","background-repeat":"repeat","background-position":"center center","background-size":"auto","background-attachment":"scroll","background-type":"","background-media":"","overlay-type":"","overlay-color":"","overlay-opacity":"","overlay-gradient":""},"mobile":{"background-color":"var(--ast-global-color-5)","background-image":"","background-repeat":"repeat","background-position":"center center","background-size":"auto","background-attachment":"scroll","background-type":"","background-media":"","overlay-type":"","overlay-color":"","overlay-opacity":"","overlay-gradient":""}}},"product_brand":[],"product_cat":[47,430,40],"product_tag":[604,561,405,185,458,213,754,944,982,438,251,189,239,981,310,210,281],"class_list":{"0":"post-5628","1":"product","2":"type-product","3":"status-publish","4":"has-post-thumbnail","6":"product_cat-classic","7":"product_cat-men","8":"product_cat-mens-shoes","9":"product_tag-blue-derby","10":"product_tag-brown-derby","11":"product_tag-business-shoes","12":"product_tag-calf-leather-shoes","13":"product_tag-cap-toe-shoes","14":"product_tag-casual-dress-shoes","15":"product_tag-classic-mens-shoes","16":"product_tag-dress-casual","17":"product_tag-durable-footwear","18":"product_tag-eva-sole","19":"product_tag-formal-shoes","20":"product_tag-goat-leather-lining","21":"product_tag-lace-up-shoes","22":"product_tag-leather-derby","23":"product_tag-mens-derby-shoes","24":"product_tag-smart-casual","25":"product_tag-wholesale-shoes","26":"desktop-align-center","27":"tablet-align-center","28":"mobile-align-center","30":"first","31":"instock","32":"shipping-taxable","33":"purchasable","34":"product-type-variable","35":"has-default-attributes"},"acf":[],"uagb_featured_image_src":{"full":["https:\/\/turkishtrade.co\/wp-content\/uploads\/2026\/01\/2400EJOMN00353-DARK-BLUE-X_7820-4-USD.png",453,250,false],"thumbnail":["https:\/\/turkishtrade.co\/wp-content\/uploads\/2026\/01\/2400EJOMN00353-DARK-BLUE-X_7820-4-USD-150x150.png",150,150,true],"medium":["https:\/\/turkishtrade.co\/wp-content\/uploads\/2026\/01\/2400EJOMN00353-DARK-BLUE-X_7820-4-USD-300x166.png",300,166,true],"medium_large":["https:\/\/turkishtrade.co\/wp-content\/uploads\/2026\/01\/2400EJOMN00353-DARK-BLUE-X_7820-4-USD.png",453,250,false],"large":["https:\/\/turkishtrade.co\/wp-content\/uploads\/2026\/01\/2400EJOMN00353-DARK-BLUE-X_7820-4-USD.png",453,250,false],"1536x1536":["https:\/\/turkishtrade.co\/wp-content\/uploads\/2026\/01\/2400EJOMN00353-DARK-BLUE-X_7820-4-USD.png",453,250,false],"2048x2048":["https:\/\/turkishtrade.co\/wp-content\/uploads\/2026\/01\/2400EJOMN00353-DARK-BLUE-X_7820-4-USD.png",453,250,false],"trp-custom-language-flag":["https:\/\/turkishtrade.co\/wp-content\/uploads\/2026\/01\/2400EJOMN00353-DARK-BLUE-X_7820-4-USD-18x10.png",18,10,true],"woocommerce_thumbnail":["https:\/\/turkishtrade.co\/wp-content\/uploads\/2026\/01\/2400EJOMN00353-DARK-BLUE-X_7820-4-USD-400x250.png",400,250,true],"woocommerce_single":["https:\/\/turkishtrade.co\/wp-content\/uploads\/2026\/01\/2400EJOMN00353-DARK-BLUE-X_7820-4-USD.png",453,250,false],"woocommerce_gallery_thumbnail":["https:\/\/turkishtrade.co\/wp-content\/uploads\/2026\/01\/2400EJOMN00353-DARK-BLUE-X_7820-4-USD-100x100.png",100,100,true]},"uagb_author_info":{"display_name":"yaser olabi","author_link":"https:\/\/turkishtrade.co\/de\/author\/"},"uagb_comment_info":0,"uagb_excerpt":"Expertly crafted with a genuine calf leather exterior for enduring style and quality. Luxurious goat leather interior lining ensures exceptional comfort and breathability. Features a timeless cap-toe design paired with a secure lace-up closure. Equipped with a lightweight and flexible EVA sole, providing superior cushioning and grip with a subtle 1-3cm heel. Available in a&hellip;","_links":{"self":[{"href":"https:\/\/turkishtrade.co\/de\/wp-json\/wp\/v2\/product\/5628","targetHints":{"allow":["GET"]}}],"collection":[{"href":"https:\/\/turkishtrade.co\/de\/wp-json\/wp\/v2\/product"}],"about":[{"href":"https:\/\/turkishtrade.co\/de\/wp-json\/wp\/v2\/types\/product"}],"wp:featuredmedia":[{"embeddable":true,"href":"https:\/\/turkishtrade.co\/de\/wp-json\/wp\/v2\/media\/3781"}],"wp:attachment":[{"href":"https:\/\/turkishtrade.co\/de\/wp-json\/wp\/v2\/media?parent=5628"}],"wp:term":[{"taxonomy":"product_brand","embeddable":true,"href":"https:\/\/turkishtrade.co\/de\/wp-json\/wp\/v2\/product_brand?post=5628"},{"taxonomy":"product_cat","embeddable":true,"href":"https:\/\/turkishtrade.co\/de\/wp-json\/wp\/v2\/product_cat?post=5628"},{"taxonomy":"product_tag","embeddable":true,"href":"https:\/\/turkishtrade.co\/de\/wp-json\/wp\/v2\/product_tag?post=5628"}],"curies":[{"name":"wp","href":"https:\/\/api.w.org\/{rel}","templated":true}]}}