{"id":5625,"date":"2026-01-14T12:44:40","date_gmt":"2026-01-14T12:44:40","guid":{"rendered":"https:\/\/turkishtrade.co\/product\/mens-leather-brogue-shoes-2\/"},"modified":"2026-04-09T19:28:51","modified_gmt":"2026-04-09T19:28:51","slug":"mens-leather-brogue-shoes-2","status":"publish","type":"product","link":"https:\/\/turkishtrade.co\/de\/shop\/mens-leather-brogue-shoes-2\/","title":{"rendered":"Premium Herren Leder Brogue Schuhe mit EVA Sohle"},"content":{"rendered":"<p><strong>Brogue-Schuhe aus Leder f\u00fcr M\u00e4nner<\/strong><\/p>\n<p>Erleben Sie unvergleichlichen Stil und Komfort mit unserer exquisiten Kollektion von <strong>Brogue-Schuhe aus Leder f\u00fcr M\u00e4nner<\/strong>. Diese hochwertigen Brogues wurden speziell f\u00fcr den modernen Gentleman entworfen und vereinen nahtlos klassische Raffinesse mit zeitgem\u00e4\u00dfer Leichtigkeit. Gefertigt aus den feinsten Materialien, verspricht jedes Paar au\u00dfergew\u00f6hnliche Haltbarkeit, Atmungsaktivit\u00e4t und eine elegante \u00c4sthetik f\u00fcr jede Gelegenheit, von l\u00e4ssigen Ausfl\u00fcgen bis hin zu formelleren Gesch\u00e4ftssituationen.<\/p>\n<p><h3>Hervorragende Handwerkskunst und Materialien<\/h3>\n<\/p>\n<p>Unser <strong>Brogue-Schuhe aus Leder f\u00fcr M\u00e4nner<\/strong> verf\u00fcgen \u00fcber ein luxuri\u00f6ses Obermaterial aus echtem Kalbsleder. Kalbsleder ist f\u00fcr seine glatte Textur, sein reichhaltiges Aussehen und seine robuste Qualit\u00e4t bekannt und sorgt daf\u00fcr, dass diese Schuhe nicht nur edel aussehen, sondern auch dem Test der Zeit standhalten. Die sorgf\u00e4ltigen Fl\u00fcgelspitzen-Details und die klassischen Perforationen zeugen von unserem Engagement f\u00fcr traditionelle Schuhmacherkunst und Liebe zum Detail.<\/p>\n<p>Im Inneren werden Ihre F\u00fc\u00dfe dank des weichen und geschmeidigen Ziegenlederfutters h\u00f6chsten Komfort erleben. Ziegenleder ist bekannt f\u00fcr seine Atmungsaktivit\u00e4t und seine feuchtigkeitsableitenden Eigenschaften, sodass Ihre F\u00fc\u00dfe den ganzen Tag \u00fcber frisch und bequem bleiben, so dass diese <strong>Brogue-Schuhe aus Leder f\u00fcr M\u00e4nner<\/strong> eine ideale Wahl f\u00fcr langes Tragen.<\/p>\n<p><h3>Leichter Komfort mit EVA-Sohle<\/h3>\n<\/p>\n<p>Komfort steht in unserer Designphilosophie an erster Stelle, weshalb diese eleganten <strong>Brogue-Schuhe aus Leder f\u00fcr M\u00e4nner<\/strong> stehen auf einer modernen, leistungsstarken EVA-Sohle (Ethylen-Vinylacetat). Dieses innovative Sohlenmaterial bietet hervorragende D\u00e4mpfung und Flexibilit\u00e4t und ist gleichzeitig bemerkenswert leicht. Verabschieden Sie sich von schwerem, klobigem Schuhwerk. Unsere EVA-Sohle bietet eine hervorragende Sto\u00dfd\u00e4mpfung und sorgt f\u00fcr einen bequemen, energiegeladenen Schritt, ganz gleich, ob Sie sich durch belebte Stra\u00dfen bewegen oder lange stehen.<\/p>\n<p>Die niedrige, klassische Absatzh\u00f6he erg\u00e4nzt den Gesamtstil perfekt und bietet stabilen Halt, ohne die dem Schuh innewohnende Eleganz und Vielseitigkeit zu beeintr\u00e4chtigen.<\/p>\n<p><h3>Vielseitiger Stil f\u00fcr jede Garderobe<\/h3>\n<\/p>\n<p>Das zeitlose Brogue-Design macht diese <strong>Brogue-Schuhe aus Leder f\u00fcr M\u00e4nner<\/strong> Sie sind unglaublich vielseitig und ein Muss in jeder anspruchsvollen Garderobe. Sie sind die perfekte Wahl, um ein legeres Ensemble aufzuwerten, der Business-Casual-Kleidung einen Hauch von Klasse zu verleihen oder einen eleganten, halb-formellen Look zu vervollst\u00e4ndigen. Erh\u00e4ltlich in einer Vielzahl von satten, raffinierten Farben, darunter elegante Blaut\u00f6ne, tiefe Braunt\u00f6ne und stilvolle zweifarbige Varianten, finden Sie leicht das ideale Paar, das zu Ihrem pers\u00f6nlichen Stil und Ihren Anforderungen an die Garderobe passt.<\/p>\n<p>Diese <strong>Brogue-Schuhe aus Leder f\u00fcr M\u00e4nner<\/strong> sind mehr als nur Schuhe; sie sind eine Investition in dauerhaften Stil, Komfort und handwerkliche Qualit\u00e4t.<\/p>\n<p><h3>Gro\u00dfhandelsvorteile f\u00fcr Ihr Unternehmen<\/h3>\n<\/p>\n<p>Wir sind stolz darauf, Ihnen diese hochwertigen <strong>Brogue-Schuhe aus Leder f\u00fcr M\u00e4nner<\/strong> f\u00fcr den Gro\u00dfhandelsvertrieb. Unternehmen, die hochwertige Herrenschuhe auf Lager haben m\u00f6chten, werden unsere wettbewerbsf\u00e4higen Preise (auf Anfrage erh\u00e4ltlich) und unsere zuverl\u00e4ssige Lieferkette sehr zu sch\u00e4tzen wissen. Mit einer Mindestbestellmenge von nur 8 Paaren ist es einfach, diese begehrten Brogues in Ihren Bestand aufzunehmen.<\/p>\n<p>Erwarten Sie eine effiziente Lieferung innerhalb von 12 Tagen plus Versand, damit Ihre Kunden nicht lange warten m\u00fcssen, um die unvergleichliche Mischung aus Tradition und modernem Komfort zu erleben, die diese Schuhe bieten. Bieten Sie Ihrer Kundschaft die ultimative Auswahl an Premium-Herrenschuhen, die sich sowohl durch Qualit\u00e4t als auch durch Design auszeichnen.<\/p>","protected":false},"excerpt":{"rendered":"<ul>\n<li>Gefertigt aus echtem Kalbsleder mit weichem, atmungsaktivem Ziegenlederfutter.<\/li>\n<li>Leichte, flexible und bequeme EVA-Sohle f\u00fcr ganzt\u00e4gigen Tragekomfort.<\/li>\n<li>Klassischer Brogue-Schuh im Fl\u00fcgelspitzen-Design, perfekt f\u00fcr den l\u00e4ssigen Casual- und Business-Look.<\/li>\n<li>Erh\u00e4ltlich in einer Reihe von raffinierten Farben (wie auf den Produktbildern zu sehen).<\/li>\n<li>Angebotene Gr\u00f6\u00dfen: EU 39, 40, 41, 42, 43, 44, 45.<\/li>\n<li><strong>Gelegenheit f\u00fcr den Gro\u00dfhandel:<\/strong> Mindestbestellmenge von 8 Paaren.<\/li>\n<li>Lieferzeit: 12 Tage + Versand.<\/li>\n<\/ul>","protected":false},"featured_media":3779,"template":"","meta":{"_acf_changed":false,"_uag_custom_page_level_css":"","site-sidebar-layout":"default","site-content-layout":"","ast-site-content-layout":"default","site-content-style":"default","site-sidebar-style":"default","ast-global-header-display":"","ast-banner-title-visibility":"","ast-main-header-display":"","ast-hfb-above-header-display":"","ast-hfb-below-header-display":"","ast-hfb-mobile-header-display":"","site-post-title":"","ast-breadcrumbs-content":"","ast-featured-img":"","footer-sml-layout":"","ast-disable-related-posts":"","theme-transparent-header-meta":"","adv-header-id-meta":"","stick-header-meta":"","header-above-stick-meta":"","header-main-stick-meta":"","header-below-stick-meta":"","astra-migrate-meta-layouts":"default","ast-page-background-enabled":"default","ast-page-background-meta":{"desktop":{"background-color":"var(--ast-global-color-4)","background-image":"","background-repeat":"repeat","background-position":"center center","background-size":"auto","background-attachment":"scroll","background-type":"","background-media":"","overlay-type":"","overlay-color":"","overlay-opacity":"","overlay-gradient":""},"tablet":{"background-color":"","background-image":"","background-repeat":"repeat","background-position":"center center","background-size":"auto","background-attachment":"scroll","background-type":"","background-media":"","overlay-type":"","overlay-color":"","overlay-opacity":"","overlay-gradient":""},"mobile":{"background-color":"","background-image":"","background-repeat":"repeat","background-position":"center center","background-size":"auto","background-attachment":"scroll","background-type":"","background-media":"","overlay-type":"","overlay-color":"","overlay-opacity":"","overlay-gradient":""}},"ast-content-background-meta":{"desktop":{"background-color":"var(--ast-global-color-5)","background-image":"","background-repeat":"repeat","background-position":"center center","background-size":"auto","background-attachment":"scroll","background-type":"","background-media":"","overlay-type":"","overlay-color":"","overlay-opacity":"","overlay-gradient":""},"tablet":{"background-color":"var(--ast-global-color-5)","background-image":"","background-repeat":"repeat","background-position":"center center","background-size":"auto","background-attachment":"scroll","background-type":"","background-media":"","overlay-type":"","overlay-color":"","overlay-opacity":"","overlay-gradient":""},"mobile":{"background-color":"var(--ast-global-color-5)","background-image":"","background-repeat":"repeat","background-position":"center center","background-size":"auto","background-attachment":"scroll","background-type":"","background-media":"","overlay-type":"","overlay-color":"","overlay-opacity":"","overlay-gradient":""}}},"product_brand":[],"product_cat":[47,430,40],"product_tag":[654,257,200,202,449,944,438,437,450,227,204,406,281,702],"class_list":{"0":"post-5625","1":"product","2":"type-product","3":"status-publish","4":"has-post-thumbnail","6":"product_cat-classic","7":"product_cat-men","8":"product_cat-mens-shoes","9":"product_tag-brogue-shoes","10":"product_tag-bulk-order-footwear","11":"product_tag-business-casual","12":"product_tag-calf-leather","13":"product_tag-casual-shoes","14":"product_tag-dress-casual","15":"product_tag-eva-sole","16":"product_tag-goat-leather","17":"product_tag-handcrafted-shoes","18":"product_tag-leather-shoes","19":"product_tag-oxford-shoes","20":"product_tag-premium-shoes","21":"product_tag-wholesale-shoes","22":"product_tag-wingtip-shoes","23":"desktop-align-center","24":"tablet-align-center","25":"mobile-align-center","27":"first","28":"instock","29":"shipping-taxable","30":"purchasable","31":"product-type-variable","32":"has-default-attributes"},"acf":[],"uagb_featured_image_src":{"full":["https:\/\/turkishtrade.co\/wp-content\/uploads\/2026\/01\/2400EJOMN00351-BROWN-X_6321-4-USD-1.png",453,250,false],"thumbnail":["https:\/\/turkishtrade.co\/wp-content\/uploads\/2026\/01\/2400EJOMN00351-BROWN-X_6321-4-USD-1-150x150.png",150,150,true],"medium":["https:\/\/turkishtrade.co\/wp-content\/uploads\/2026\/01\/2400EJOMN00351-BROWN-X_6321-4-USD-1-300x166.png",300,166,true],"medium_large":["https:\/\/turkishtrade.co\/wp-content\/uploads\/2026\/01\/2400EJOMN00351-BROWN-X_6321-4-USD-1.png",453,250,false],"large":["https:\/\/turkishtrade.co\/wp-content\/uploads\/2026\/01\/2400EJOMN00351-BROWN-X_6321-4-USD-1.png",453,250,false],"1536x1536":["https:\/\/turkishtrade.co\/wp-content\/uploads\/2026\/01\/2400EJOMN00351-BROWN-X_6321-4-USD-1.png",453,250,false],"2048x2048":["https:\/\/turkishtrade.co\/wp-content\/uploads\/2026\/01\/2400EJOMN00351-BROWN-X_6321-4-USD-1.png",453,250,false],"trp-custom-language-flag":["https:\/\/turkishtrade.co\/wp-content\/uploads\/2026\/01\/2400EJOMN00351-BROWN-X_6321-4-USD-1-18x10.png",18,10,true],"woocommerce_thumbnail":["https:\/\/turkishtrade.co\/wp-content\/uploads\/2026\/01\/2400EJOMN00351-BROWN-X_6321-4-USD-1-400x250.png",400,250,true],"woocommerce_single":["https:\/\/turkishtrade.co\/wp-content\/uploads\/2026\/01\/2400EJOMN00351-BROWN-X_6321-4-USD-1.png",453,250,false],"woocommerce_gallery_thumbnail":["https:\/\/turkishtrade.co\/wp-content\/uploads\/2026\/01\/2400EJOMN00351-BROWN-X_6321-4-USD-1-100x100.png",100,100,true]},"uagb_author_info":{"display_name":"yaser olabi","author_link":"https:\/\/turkishtrade.co\/de\/author\/"},"uagb_comment_info":0,"uagb_excerpt":"Crafted from genuine calf leather upper with soft, breathable goat leather lining. Lightweight, flexible, and comfortable EVA sole for all-day wear. Classic wingtip brogue design, perfect for smart-casual and business casual styles. Available in a range of sophisticated colors (as seen in product images). Sizes offered: EU 39, 40, 41, 42, 43, 44, 45. Wholesale&hellip;","_links":{"self":[{"href":"https:\/\/turkishtrade.co\/de\/wp-json\/wp\/v2\/product\/5625","targetHints":{"allow":["GET"]}}],"collection":[{"href":"https:\/\/turkishtrade.co\/de\/wp-json\/wp\/v2\/product"}],"about":[{"href":"https:\/\/turkishtrade.co\/de\/wp-json\/wp\/v2\/types\/product"}],"wp:featuredmedia":[{"embeddable":true,"href":"https:\/\/turkishtrade.co\/de\/wp-json\/wp\/v2\/media\/3779"}],"wp:attachment":[{"href":"https:\/\/turkishtrade.co\/de\/wp-json\/wp\/v2\/media?parent=5625"}],"wp:term":[{"taxonomy":"product_brand","embeddable":true,"href":"https:\/\/turkishtrade.co\/de\/wp-json\/wp\/v2\/product_brand?post=5625"},{"taxonomy":"product_cat","embeddable":true,"href":"https:\/\/turkishtrade.co\/de\/wp-json\/wp\/v2\/product_cat?post=5625"},{"taxonomy":"product_tag","embeddable":true,"href":"https:\/\/turkishtrade.co\/de\/wp-json\/wp\/v2\/product_tag?post=5625"}],"curies":[{"name":"wp","href":"https:\/\/api.w.org\/{rel}","templated":true}]}}